{"id":45293,"date":"2021-01-26T21:00:11","date_gmt":"2021-01-26T20:00:11","guid":{"rendered":"https:\/\/redeacampa.org\/acampa-recognition\/"},"modified":"2025-05-01T19:37:46","modified_gmt":"2025-05-01T17:37:46","slug":"acampa-recognition","status":"publish","type":"page","link":"https:\/\/redeacampa.org\/en\/acampa-recognition\/","title":{"rendered":"I Acampa Reco Rules 2021"},"content":{"rendered":"<p>[et_pb_section fb_built=&#8221;1&#8243; fullwidth=&#8221;on&#8221; custom_padding_last_edited=&#8221;on|desktop&#8221; admin_label=&#8221;section&#8221; _builder_version=&#8221;3.22&#8243; background_color=&#8221;#cd1619&#8243; custom_padding_tablet=&#8221;50px|0|50px|0&#8243; custom_padding_phone=&#8221;&#8221; transparent_background=&#8221;off&#8221; padding_mobile=&#8221;off&#8221; locked=&#8221;off&#8221; global_colors_info=&#8221;{}&#8221;][et_pb_fullwidth_header title=&#8221;I Acampa International Recognition 2021&#8243; subhead=&#8221;For peace and the right to refuge&#8221; admin_label=&#8221;T\u00edtulo de anchura completa&#8221; _builder_version=&#8221;4.11.2&#8243; title_font=&#8221;|on|||&#8221; subhead_font=&#8221;||on||&#8221; background_color=&#8221;rgba(255, 255, 255, 0)&#8221; hover_enabled=&#8221;0&#8243; button_one_letter_spacing_hover=&#8221;0&#8243; button_two_letter_spacing_hover=&#8221;0&#8243; global_colors_info=&#8221;{}&#8221; button_one_text_size__hover_enabled=&#8221;off&#8221; button_two_text_size__hover_enabled=&#8221;off&#8221; button_one_text_color__hover_enabled=&#8221;off&#8221; button_two_text_color__hover_enabled=&#8221;off&#8221; button_one_border_width__hover_enabled=&#8221;off&#8221; button_two_border_width__hover_enabled=&#8221;off&#8221; button_one_border_color__hover_enabled=&#8221;off&#8221; button_two_border_color__hover_enabled=&#8221;off&#8221; button_one_border_radius__hover_enabled=&#8221;off&#8221; button_two_border_radius__hover_enabled=&#8221;off&#8221; button_one_letter_spacing__hover_enabled=&#8221;on&#8221; button_one_letter_spacing__hover=&#8221;0&#8243; button_two_letter_spacing__hover_enabled=&#8221;on&#8221; button_two_letter_spacing__hover=&#8221;0&#8243; button_one_bg_color__hover_enabled=&#8221;off&#8221; button_two_bg_color__hover_enabled=&#8221;off&#8221; sticky_enabled=&#8221;0&#8243;][\/et_pb_fullwidth_header][\/et_pb_section][et_pb_section fb_built=&#8221;1&#8243; _builder_version=&#8221;4.8.1&#8243; _module_preset=&#8221;default&#8221; background_enable_color=&#8221;off&#8221; custom_padding=&#8221;||0px|||&#8221; global_colors_info=&#8221;{}&#8221;][et_pb_row _builder_version=&#8221;4.8.1&#8243; _module_preset=&#8221;default&#8221; global_colors_info=&#8221;{}&#8221;][et_pb_column type=&#8221;4_4&#8243; _builder_version=&#8221;4.8.1&#8243; _module_preset=&#8221;default&#8221; global_colors_info=&#8221;{}&#8221;][et_pb_text _builder_version=&#8221;4.11.2&#8243; _module_preset=&#8221;default&#8221; text_font=&#8221;|||||on|||&#8221; header_font=&#8221;|||||on|||&#8221; header_2_font=&#8221;|||||on|||&#8221; custom_margin=&#8221;||-3px|||&#8221; custom_padding=&#8221;||0px|||&#8221; hover_enabled=&#8221;0&#8243; global_colors_info=&#8221;{}&#8221; sticky_enabled=&#8221;0&#8243;]<\/p>\n<h1 style=\"text-align: center;\">I International recognition for the defence of human rights<\/h1>\n<p style=\"text-align: center;\">\n<h2 style=\"text-align: center;\"><strong>\u201cAcampa for peace and the right to refuge\u201d<\/strong><\/h2>\n<p>&nbsp;<\/p>\n<p>[\/et_pb_text][et_pb_text _builder_version=&#8221;4.11.2&#8243; _module_preset=&#8221;default&#8221; background_enable_color=&#8221;off&#8221; hover_enabled=&#8221;0&#8243; global_colors_info=&#8221;{}&#8221; sticky_enabled=&#8221;0&#8243;]<\/p>\n<p>This is an annual recognition to entities or individuals who stand out in the defence of Human Rights, especially in Acampa&#8217;s fields of action: the defence of Human Rights, the Right to Refuge and the defence of Peace and dialogue as a formula for conflict resolution. <strong><span style=\"color: #cd1619;\">Acampa<\/span> <\/strong>&#8216;s fields of action: the defence of Human Rights, the Right to Refuge and the defence of Peace and dialogue as a formula for conflict resolution.<\/p>\n<p>The aim is to highlight the need to defend Human Rights by presenting the work carried out by organisations and individuals who are a reference and an example for society as a whole. We intend to put the media spotlight on the situation of regression of Human Rights around the world and the importance of recovering and defending them with the strength and resilience of the organisations and people who receive this recognition, which will be proposed and voted by all the organisations and people who make up the <strong><span style=\"color: #cd1619;\">Acampa International Network.<\/span><\/strong>.<\/p>\n<p>[\/et_pb_text][et_pb_divider admin_label=&#8221;Separador&#8221; _builder_version=&#8221;4.8.1&#8243; _module_preset=&#8221;default&#8221; global_colors_info=&#8221;{}&#8221;][\/et_pb_divider][\/et_pb_column][\/et_pb_row][\/et_pb_section][et_pb_section fb_built=&#8221;1&#8243; _builder_version=&#8221;4.8.1&#8243; _module_preset=&#8221;default&#8221; custom_padding=&#8221;0px|||||&#8221; global_colors_info=&#8221;{}&#8221;][et_pb_row column_structure=&#8221;3_5,2_5&#8243; _builder_version=&#8221;4.8.1&#8243; _module_preset=&#8221;default&#8221; global_colors_info=&#8221;{}&#8221;][et_pb_column type=&#8221;3_5&#8243; _builder_version=&#8221;4.8.1&#8243; _module_preset=&#8221;default&#8221; global_colors_info=&#8221;{}&#8221;][et_pb_text _builder_version=&#8221;4.11.2&#8243; _module_preset=&#8221;default&#8221; text_font=&#8221;|||||on|||&#8221; custom_margin=&#8221;||-3px|||&#8221; custom_padding=&#8221;||0px|||&#8221; hover_enabled=&#8221;0&#8243; global_colors_info=&#8221;{}&#8221; sticky_enabled=&#8221;0&#8243;]<\/p>\n<h2 style=\"text-align: center;\">RULES<\/h2>\n<p>&nbsp;<\/p>\n<p>[\/et_pb_text][et_pb_text _builder_version=&#8221;4.9.0&#8243; _module_preset=&#8221;default&#8221; global_colors_info=&#8221;{}&#8221;]<\/p>\n<p><strong>1.- What does recognition consist of?<\/strong><\/p>\n<p>It is an international mention presented simultaneously in all the cities where the <strong><span style=\"color: #cd1619;\">Acampa Network<\/span><\/strong> is present, consisting of the delivery of a letter of recognition highlighting the work carried out by the person or entity recognised and a sculpture representative of <strong><span style=\"color: #cd1619;\">Acampa<\/span><\/strong>, created by the sculptor <strong>Pilar Sub\u00edas<\/strong>.<\/p>\n<p><strong>2.- Who can submit proposals for recognition?<\/strong><\/p>\n<ul>\n<li>&#8211; All organisations that are part of the <strong><span style=\"color: #cd1619;\">Acampa International Network<\/span><\/strong> with a letter of adhesion to the <strong><span style=\"color: #cd1619;\">Acampa Network<\/span><\/strong>.<\/li>\n<li>&#8211; All members of the <strong><span style=\"color: #cd1619;\">Acampa Network<\/span><\/strong> who are registered as associates.<\/li>\n<li>&#8211; All the local coordination teams of <strong><span style=\"color: #cd1619;\">Acampa International<\/span>.<\/strong><\/li>\n<\/ul>\n<p><strong>3.- How to apply?<\/strong><\/p>\n<p>In order to propose a candidature, the following documentation must be attached:<\/p>\n<p>If it is a person:<\/p>\n<ul>\n<li>&#8211; Digital photo of the proposed person measuring 1800 pixels on the longest side and at a resolution of 300 dpi.<br \/>(If you do not have access to the person and for the first proposal, any photo of recognisable quality can be used).<\/li>\n<\/ul>\n<p>If it is an organisation:<\/p>\n<ul>\n<li>&#8211; Vector logo.<\/li>\n<\/ul>\n<p>In both cases they must also attach:<\/p>\n<ul>\n<li>&#8211; Short description of the reasons for the proposal (approx. 200 characters).<\/li>\n<li>&#8211; Short biography of the person or organisation proposed (approx. 400 characters).<\/li>\n<li>&#8211; Contact details, email, telephone, website and social media of the organisation or person nominated for recognition.<\/li>\n<li>&#8211; Details of the organisation or person making the proposal.<\/li>\n<\/ul>\n<p>All documentation must be provided in the form of electronic files in PDF format and no larger than 4 megabytes of information.<\/p>\n<p>Nominations should be sent to the following e-mail address: <a href=\"mailto:acampa@redeacampa.org\">acampa@redeacampa.org.<\/a><\/p>\n<p><strong>4.- Deadline for applications<\/strong><\/p>\n<p>The deadline for applications is 28 February each year.<\/p>\n<p><strong>5.- How many awards are presented each year?. <\/strong><\/p>\n<p>The following <strong><span style=\"color: #cd1619;\">Acampa<\/span><\/strong> awards will be presented each year:<\/p>\n<ul>\n<li><strong>&#8211; A<\/strong> single <strong>International Award,<\/strong> qwhich will be presented on a rotating basis in each country, in the city that holds the annual international meeting of more than two days, or in the city decided by the <strong><span style=\"color: #cd1619;\">Acampa<\/span><\/strong> management of each country.<\/li>\n<li><strong>&#8211; One<\/strong> <strong>Local Award, <\/strong>in each city with an <strong><span style=\"color: #cd1619;\">Acampa, <\/span><\/strong>organisation that chooses to do so, regardless of the number of cities that want to present the Local Award. <strong>In the specific case of Galicia, it is permitted to extend the Recognition to organisations and individuals throughout the Galician territory<\/strong>.<\/li>\n<\/ul>\n<p>The international management of <strong><span style=\"color: #cd1619;\">Acampa<\/span><\/strong>, for strategic reasons, may decide the city in which the International Award is presented. This decision will take precedence over any other decision.<\/p>\n<p><strong>6.- How is the annual recognition selected?<\/strong><\/p>\n<p>Once the deadline for nominations has closed, a fifteen-day voting period will begin on 30 March 2021, in which all persons accredited as members of one of the <strong><span style=\"color: #cd1619;\">Acampa<\/span><\/strong> organisations and all the organisations of the <strong><span style=\"color: #cd1619;\">Acampa Network <\/span><\/strong>can participate, with one vote per organisation<strong>.<\/strong><\/p>\n<p>Two nominations may be submitted per organisation or individual: one for International Recognition:<\/p>\n<ul>\n<li>&#8211; One for International Recognition.<\/li>\n<li>&#8211; another for Local Recognition to an organisation or person from A Coru\u00f1a or any other city with an <strong><span style=\"color: #cd1619;\">Acampa<\/span><\/strong> organisation that decides to present the Local Recognition and announces it publicly.<\/li>\n<\/ul>\n<p>voting for the International Recognition and Local Recognition will be carried out through the <strong><span style=\"color: #cd1619;\">Acampa International<\/span><\/strong> website in the link that will be provided for this purpose.<\/p>\n<p>All <strong><span style=\"color: #cd1619;\">Acampa Network<\/span><\/strong> organisations and all people registered or associated to the <strong><span style=\"color: #cd1619;\">Acampa Network<\/span><\/strong> are eligible to vote.<\/p>\n<p>[\/et_pb_text][\/et_pb_column][et_pb_column type=&#8221;2_5&#8243; _builder_version=&#8221;4.8.1&#8243; _module_preset=&#8221;default&#8221; global_colors_info=&#8221;{}&#8221;][et_pb_image src=&#8221;https:\/\/redeacampa.org\/wp-content\/uploads\/Escultura-Reconocimiento-Acampa.png&#8221; title_text=&#8221;Sculpture-Recognition Acampa&#8221; align=&#8221;center&#8221; _builder_version=&#8221;4.8.1&#8243; _module_preset=&#8221;default&#8221; background_enable_color=&#8221;off&#8221; module_alignment=&#8221;center&#8221; custom_margin=&#8221;||17px|||&#8221; custom_padding=&#8221;15.1%||||false|false&#8221; border_color_all=&#8221;#CD1619&#8243; box_shadow_style=&#8221;preset3&#8243; box_shadow_color=&#8221;#CD1619&#8243; global_colors_info=&#8221;{}&#8221;][\/et_pb_image][et_pb_text _builder_version=&#8221;4.8.1&#8243; _module_preset=&#8221;default&#8221; text_orientation=&#8221;center&#8221; min_height=&#8221;22.8px&#8221; custom_margin=&#8221;11px||15%||false|false&#8221; custom_padding=&#8221;0px||||false|false&#8221; global_colors_info=&#8221;{}&#8221;]<\/p>\n<p>Sculpture by: <strong>Pilar Sub\u00edas.<\/strong><\/p>\n<p>[\/et_pb_text][et_pb_button button_url=&#8221;https:\/\/coruna.redeacampa.org\/es\/sumate-a-la-red\/&#8221; button_text=&#8221;Register and Join Here&#8221; button_alignment=&#8221;center&#8221; _builder_version=&#8221;4.8.1&#8243; _module_preset=&#8221;default&#8221; background_layout=&#8221;dark&#8221; global_colors_info=&#8221;{}&#8221;][\/et_pb_button][et_pb_text _builder_version=&#8221;4.8.1&#8243; _module_preset=&#8221;default&#8221; custom_margin=&#8221;15%||||false|false&#8221; global_colors_info=&#8221;{}&#8221;]<\/p>\n<p><strong>PilarSub\u00edas<\/strong> donated the work and the rights of use to <span style=\"color: #cd1619;\"><strong>Acampa<\/strong> for peace and the right to refuge<\/span>.<\/p>\n<p><a href=\"https:\/\/quintodeebro.com\/gallery2\/index.php\/Artesanos_y_Artistas\/Pilar_P_rez_Sub_as_Escultora\">https:\/\/quintodeebro.com\/gallery2\/index.php\/Artesanos_y_Artistas\/Pilar_P_rez_Sub_as_Escultora<\/a><\/p>\n<p>[\/et_pb_text][\/et_pb_column][\/et_pb_row][\/et_pb_section]<\/p>\n","protected":false},"excerpt":{"rendered":"<p>I International recognition for the defence of human rights \u201cAcampa for peace and the right to refuge\u201d &nbsp;This is an annual recognition to entities or individuals who stand out in the defence of Human Rights, especially in Acampa&#8217;s fields of action: the defence of Human Rights, the Right to Refuge and the defence of Peace [&hellip;]<\/p>\n","protected":false},"author":1,"featured_media":0,"parent":0,"menu_order":0,"comment_status":"closed","ping_status":"closed","template":"","meta":{"_et_pb_use_builder":"on","_et_pb_old_content":"","_et_gb_content_width":"","footnotes":""},"categories":[52],"tags":[],"class_list":["post-45293","page","type-page","status-publish","hentry","category-recognition-en"],"yoast_head":"<!-- This site is optimized with the Yoast SEO plugin v26.4 - https:\/\/yoast.com\/wordpress\/plugins\/seo\/ -->\n<title>I Acampa Reco Rules 2021 - Acampa - Pola paz e o dereito a refuxio<\/title>\n<meta name=\"robots\" content=\"index, follow, max-snippet:-1, max-image-preview:large, max-video-preview:-1\" \/>\n<link rel=\"canonical\" href=\"https:\/\/redeacampa.org\/en\/acampa-recognition\/\" \/>\n<meta property=\"og:locale\" content=\"en_US\" \/>\n<meta property=\"og:type\" content=\"article\" \/>\n<meta property=\"og:title\" content=\"I Acampa Reco Rules 2021 - Acampa - Pola paz e o dereito a refuxio\" \/>\n<meta property=\"og:description\" content=\"I International recognition for the defence of human rights \u201cAcampa for peace and the right to refuge\u201d &nbsp;This is an annual recognition to entities or individuals who stand out in the defence of Human Rights, especially in Acampa&#039;s fields of action: the defence of Human Rights, the Right to Refuge and the defence of Peace [&hellip;]\" \/>\n<meta property=\"og:url\" content=\"https:\/\/redeacampa.org\/en\/acampa-recognition\/\" \/>\n<meta property=\"og:site_name\" content=\"Acampa - Pola paz e o dereito a refuxio\" \/>\n<meta property=\"article:publisher\" content=\"https:\/\/www.facebook.com\/acampapolapazeodereitoarefuxio\" \/>\n<meta property=\"article:modified_time\" content=\"2025-05-01T17:37:46+00:00\" \/>\n<meta name=\"twitter:card\" content=\"summary_large_image\" \/>\n<meta name=\"twitter:site\" content=\"@Acampa_polapaz\" \/>\n<meta name=\"twitter:label1\" content=\"Est. reading time\" \/>\n\t<meta name=\"twitter:data1\" content=\"7 minutes\" \/>\n<script type=\"application\/ld+json\" class=\"yoast-schema-graph\">{\"@context\":\"https:\/\/schema.org\",\"@graph\":[{\"@type\":\"WebPage\",\"@id\":\"https:\/\/redeacampa.org\/en\/acampa-recognition\/\",\"url\":\"https:\/\/redeacampa.org\/en\/acampa-recognition\/\",\"name\":\"I Acampa Reco Rules 2021 - Acampa - Pola paz e o dereito a refuxio\",\"isPartOf\":{\"@id\":\"https:\/\/redeacampa.org\/en\/#website\"},\"datePublished\":\"2021-01-26T20:00:11+00:00\",\"dateModified\":\"2025-05-01T17:37:46+00:00\",\"breadcrumb\":{\"@id\":\"https:\/\/redeacampa.org\/en\/acampa-recognition\/#breadcrumb\"},\"inLanguage\":\"en-US\",\"potentialAction\":[{\"@type\":\"ReadAction\",\"target\":[\"https:\/\/redeacampa.org\/en\/acampa-recognition\/\"]}]},{\"@type\":\"BreadcrumbList\",\"@id\":\"https:\/\/redeacampa.org\/en\/acampa-recognition\/#breadcrumb\",\"itemListElement\":[{\"@type\":\"ListItem\",\"position\":1,\"name\":\"Portada\",\"item\":\"https:\/\/redeacampa.org\/en\/\"},{\"@type\":\"ListItem\",\"position\":2,\"name\":\"I Acampa Reco Rules 2021\"}]},{\"@type\":\"WebSite\",\"@id\":\"https:\/\/redeacampa.org\/en\/#website\",\"url\":\"https:\/\/redeacampa.org\/en\/\",\"name\":\"Acampa - Pola paz e o dereito a refuxio\",\"description\":\"Unha iniciativa cidad\u00e1 sen fins de lucro integrada por colectivos sociais, culturais, educativos, veci\u00f1ais, pol\u00edticos, sindicais, art\u00edsticos, de persoas solidarias, de instituci\u00f3ns e empresas con responsabilidade social que te\u00f1en como obxectivo a defensa dos dereitos humanos, o Dereito Internacional Humanitario e o Dereito a Refuxio.\",\"publisher\":{\"@id\":\"https:\/\/redeacampa.org\/en\/#organization\"},\"potentialAction\":[{\"@type\":\"SearchAction\",\"target\":{\"@type\":\"EntryPoint\",\"urlTemplate\":\"https:\/\/redeacampa.org\/en\/?s={search_term_string}\"},\"query-input\":{\"@type\":\"PropertyValueSpecification\",\"valueRequired\":true,\"valueName\":\"search_term_string\"}}],\"inLanguage\":\"en-US\"},{\"@type\":\"Organization\",\"@id\":\"https:\/\/redeacampa.org\/en\/#organization\",\"name\":\"Acampa\",\"url\":\"https:\/\/redeacampa.org\/en\/\",\"logo\":{\"@type\":\"ImageObject\",\"inLanguage\":\"en-US\",\"@id\":\"https:\/\/redeacampa.org\/en\/#\/schema\/logo\/image\/\",\"url\":\"https:\/\/redeacampa.org\/wp-content\/uploads\/2019\/01\/acampaConRojo_es.png\",\"contentUrl\":\"https:\/\/redeacampa.org\/wp-content\/uploads\/2019\/01\/acampaConRojo_es.png\",\"width\":612,\"height\":204,\"caption\":\"Acampa\"},\"image\":{\"@id\":\"https:\/\/redeacampa.org\/en\/#\/schema\/logo\/image\/\"},\"sameAs\":[\"https:\/\/www.facebook.com\/acampapolapazeodereitoarefuxio\",\"https:\/\/x.com\/Acampa_polapaz\",\"https:\/\/www.instagram.com\/Acampa_polapaz\/\",\"https:\/\/www.youtube.com\/channel\/UChk1mSCHVEHmjq9e8PLb-mw\"]}]}<\/script>\n<!-- \/ Yoast SEO plugin. -->","yoast_head_json":{"title":"I Acampa Reco Rules 2021 - Acampa - Pola paz e o dereito a refuxio","robots":{"index":"index","follow":"follow","max-snippet":"max-snippet:-1","max-image-preview":"max-image-preview:large","max-video-preview":"max-video-preview:-1"},"canonical":"https:\/\/redeacampa.org\/en\/acampa-recognition\/","og_locale":"en_US","og_type":"article","og_title":"I Acampa Reco Rules 2021 - Acampa - Pola paz e o dereito a refuxio","og_description":"I International recognition for the defence of human rights \u201cAcampa for peace and the right to refuge\u201d &nbsp;This is an annual recognition to entities or individuals who stand out in the defence of Human Rights, especially in Acampa's fields of action: the defence of Human Rights, the Right to Refuge and the defence of Peace [&hellip;]","og_url":"https:\/\/redeacampa.org\/en\/acampa-recognition\/","og_site_name":"Acampa - Pola paz e o dereito a refuxio","article_publisher":"https:\/\/www.facebook.com\/acampapolapazeodereitoarefuxio","article_modified_time":"2025-05-01T17:37:46+00:00","twitter_card":"summary_large_image","twitter_site":"@Acampa_polapaz","twitter_misc":{"Est. reading time":"7 minutes"},"schema":{"@context":"https:\/\/schema.org","@graph":[{"@type":"WebPage","@id":"https:\/\/redeacampa.org\/en\/acampa-recognition\/","url":"https:\/\/redeacampa.org\/en\/acampa-recognition\/","name":"I Acampa Reco Rules 2021 - Acampa - Pola paz e o dereito a refuxio","isPartOf":{"@id":"https:\/\/redeacampa.org\/en\/#website"},"datePublished":"2021-01-26T20:00:11+00:00","dateModified":"2025-05-01T17:37:46+00:00","breadcrumb":{"@id":"https:\/\/redeacampa.org\/en\/acampa-recognition\/#breadcrumb"},"inLanguage":"en-US","potentialAction":[{"@type":"ReadAction","target":["https:\/\/redeacampa.org\/en\/acampa-recognition\/"]}]},{"@type":"BreadcrumbList","@id":"https:\/\/redeacampa.org\/en\/acampa-recognition\/#breadcrumb","itemListElement":[{"@type":"ListItem","position":1,"name":"Portada","item":"https:\/\/redeacampa.org\/en\/"},{"@type":"ListItem","position":2,"name":"I Acampa Reco Rules 2021"}]},{"@type":"WebSite","@id":"https:\/\/redeacampa.org\/en\/#website","url":"https:\/\/redeacampa.org\/en\/","name":"Acampa - Pola paz e o dereito a refuxio","description":"Unha iniciativa cidad\u00e1 sen fins de lucro integrada por colectivos sociais, culturais, educativos, veci\u00f1ais, pol\u00edticos, sindicais, art\u00edsticos, de persoas solidarias, de instituci\u00f3ns e empresas con responsabilidade social que te\u00f1en como obxectivo a defensa dos dereitos humanos, o Dereito Internacional Humanitario e o Dereito a Refuxio.","publisher":{"@id":"https:\/\/redeacampa.org\/en\/#organization"},"potentialAction":[{"@type":"SearchAction","target":{"@type":"EntryPoint","urlTemplate":"https:\/\/redeacampa.org\/en\/?s={search_term_string}"},"query-input":{"@type":"PropertyValueSpecification","valueRequired":true,"valueName":"search_term_string"}}],"inLanguage":"en-US"},{"@type":"Organization","@id":"https:\/\/redeacampa.org\/en\/#organization","name":"Acampa","url":"https:\/\/redeacampa.org\/en\/","logo":{"@type":"ImageObject","inLanguage":"en-US","@id":"https:\/\/redeacampa.org\/en\/#\/schema\/logo\/image\/","url":"https:\/\/redeacampa.org\/wp-content\/uploads\/2019\/01\/acampaConRojo_es.png","contentUrl":"https:\/\/redeacampa.org\/wp-content\/uploads\/2019\/01\/acampaConRojo_es.png","width":612,"height":204,"caption":"Acampa"},"image":{"@id":"https:\/\/redeacampa.org\/en\/#\/schema\/logo\/image\/"},"sameAs":["https:\/\/www.facebook.com\/acampapolapazeodereitoarefuxio","https:\/\/x.com\/Acampa_polapaz","https:\/\/www.instagram.com\/Acampa_polapaz\/","https:\/\/www.youtube.com\/channel\/UChk1mSCHVEHmjq9e8PLb-mw"]}]}},"_links":{"self":[{"href":"https:\/\/redeacampa.org\/en\/wp-json\/wp\/v2\/pages\/45293","targetHints":{"allow":["GET"]}}],"collection":[{"href":"https:\/\/redeacampa.org\/en\/wp-json\/wp\/v2\/pages"}],"about":[{"href":"https:\/\/redeacampa.org\/en\/wp-json\/wp\/v2\/types\/page"}],"author":[{"embeddable":true,"href":"https:\/\/redeacampa.org\/en\/wp-json\/wp\/v2\/users\/1"}],"replies":[{"embeddable":true,"href":"https:\/\/redeacampa.org\/en\/wp-json\/wp\/v2\/comments?post=45293"}],"version-history":[{"count":30,"href":"https:\/\/redeacampa.org\/en\/wp-json\/wp\/v2\/pages\/45293\/revisions"}],"predecessor-version":[{"id":46937,"href":"https:\/\/redeacampa.org\/en\/wp-json\/wp\/v2\/pages\/45293\/revisions\/46937"}],"wp:attachment":[{"href":"https:\/\/redeacampa.org\/en\/wp-json\/wp\/v2\/media?parent=45293"}],"wp:term":[{"taxonomy":"category","embeddable":true,"href":"https:\/\/redeacampa.org\/en\/wp-json\/wp\/v2\/categories?post=45293"},{"taxonomy":"post_tag","embeddable":true,"href":"https:\/\/redeacampa.org\/en\/wp-json\/wp\/v2\/tags?post=45293"}],"curies":[{"name":"wp","href":"https:\/\/api.w.org\/{rel}","templated":true}]}}