{"id":49628,"date":"2024-04-02T21:09:19","date_gmt":"2024-04-02T19:09:19","guid":{"rendered":"https:\/\/redeacampa.org\/a-asociacion\/"},"modified":"2025-05-01T19:41:04","modified_gmt":"2025-05-01T17:41:04","slug":"the-asociation","status":"publish","type":"page","link":"https:\/\/redeacampa.org\/en\/the-asociation\/","title":{"rendered":"The Asociation"},"content":{"rendered":"<p>[et_pb_section fb_built=&#8221;1&#8243; fullwidth=&#8221;on&#8221; custom_padding_last_edited=&#8221;on|desktop&#8221; admin_label=&#8221;section&#8221; _builder_version=&#8221;4.23.1&#8243; background_color=&#8221;#cd1619&#8243; custom_padding_tablet=&#8221;50px|0|50px|0&#8243; custom_padding_phone=&#8221;&#8221; hover_enabled=&#8221;0&#8243; transparent_background=&#8221;off&#8221; padding_mobile=&#8221;off&#8221; locked=&#8221;off&#8221; collapsed=&#8221;off&#8221; global_colors_info=&#8221;{}&#8221; sticky_enabled=&#8221;0&#8243;][et_pb_fullwidth_header title=&#8221;The Asociation&#8221; admin_label=&#8221;T\u00edtulo de anchura completa&#8221; _builder_version=&#8221;4.23.1&#8243; title_font=&#8221;|on|||&#8221; subhead_font=&#8221;||on||&#8221; background_color=&#8221;rgba(255, 255, 255, 0)&#8221; hover_enabled=&#8221;0&#8243; button_one_letter_spacing_hover=&#8221;0&#8243; button_two_letter_spacing_hover=&#8221;0&#8243; global_colors_info=&#8221;{}&#8221; button_one_text_size__hover_enabled=&#8221;off&#8221; button_two_text_size__hover_enabled=&#8221;off&#8221; button_one_text_color__hover_enabled=&#8221;off&#8221; button_two_text_color__hover_enabled=&#8221;off&#8221; button_one_border_width__hover_enabled=&#8221;off&#8221; button_two_border_width__hover_enabled=&#8221;off&#8221; button_one_border_color__hover_enabled=&#8221;off&#8221; button_two_border_color__hover_enabled=&#8221;off&#8221; button_one_border_radius__hover_enabled=&#8221;off&#8221; button_two_border_radius__hover_enabled=&#8221;off&#8221; button_one_letter_spacing__hover_enabled=&#8221;on&#8221; button_one_letter_spacing__hover=&#8221;0&#8243; button_two_letter_spacing__hover_enabled=&#8221;on&#8221; button_two_letter_spacing__hover=&#8221;0&#8243; button_one_bg_color__hover_enabled=&#8221;off&#8221; button_two_bg_color__hover_enabled=&#8221;off&#8221; sticky_enabled=&#8221;0&#8243;][\/et_pb_fullwidth_header][\/et_pb_section][et_pb_section fb_built=&#8221;1&#8243; admin_label=&#8221;Secci\u00f3n Rosa Cabecera&#8221; _builder_version=&#8221;4.23.1&#8243; _module_preset=&#8221;default&#8221; background_color=&#8221;#ffedea&#8221; custom_margin=&#8221;||||false|false&#8221; custom_padding=&#8221;||||false|false&#8221; locked=&#8221;off&#8221; collapsed=&#8221;off&#8221; global_colors_info=&#8221;{}&#8221;][et_pb_row column_structure=&#8221;1_2,1_2&#8243; use_custom_gutter=&#8221;on&#8221; make_equal=&#8221;on&#8221; admin_label=&#8221;Cabeceira&#8221; _builder_version=&#8221;4.23.1&#8243; _module_preset=&#8221;default&#8221; min_height=&#8221;462.2px&#8221; custom_margin=&#8221;5px|auto|-40px|auto||&#8221; custom_padding=&#8221;||0px|||&#8221; collapsed=&#8221;off&#8221; global_colors_info=&#8221;{}&#8221;][et_pb_column type=&#8221;1_2&#8243; _builder_version=&#8221;4.16&#8243; _module_preset=&#8221;default&#8221; global_colors_info=&#8221;{}&#8221;][et_pb_text _builder_version=&#8221;4.23.1&#8243; _module_preset=&#8221;default&#8221; hover_enabled=&#8221;0&#8243; global_colors_info=&#8221;{}&#8221; sticky_enabled=&#8221;0&#8243;]<\/p>\n<p><span style=\"color: #cd1619;\">ACAMPA FOR PEACE AND THE RIGHT TO REFUGE<\/span> is a non-profit city initiative made up of social, cultural, educational, neighborhood, political, union, artistic groups, solidarity people, and institutions and companies with social responsibility.<\/p>\n<p><span style=\"color: #cd1619;\">Objetives:<\/span><\/p>\n<ul>\n<li>To defend two Human Rights, or International Humanitarian Law and or Right to Refuge.<\/li>\n<li>Open a meeting space to collectively seek answers.<\/li>\n<li>Delve into the causes of two events to compare the information.<\/li>\n<\/ul>\n<p><span style=\"color: #cd1619;\">ACAMPA NETWORK<\/span>:<\/p>\n<ul>\n<li>An expression of commitment to Peace and the Right to Refuge.<\/li>\n<li>Promotes participation and involvement.<\/li>\n<li>It is an active citizen meeting in which we have the participation of the protagonists, the victims, the NGOs, two activists, specialists and journalists who work within the framework of humanitarian journalism.<\/li>\n<li>Let&#8217;s add projections, photography, music, theater&#8230; artistic events of all kinds.<\/li>\n<li>We also set up simulated refugee camps and organize guided tours so that citizens can experience what a camp is like, and get close, for a little while, to the feeling that they live there.<\/li>\n<\/ul>\n<p>[\/et_pb_text][\/et_pb_column][et_pb_column type=&#8221;1_2&#8243; _builder_version=&#8221;4.16&#8243; _module_preset=&#8221;default&#8221; global_colors_info=&#8221;{}&#8221;][et_pb_text _builder_version=&#8221;4.23.1&#8243; _module_preset=&#8221;default&#8221; hover_enabled=&#8221;0&#8243; global_colors_info=&#8221;{}&#8221; sticky_enabled=&#8221;0&#8243;]<\/p>\n<p>The final objective of <span style=\"color: #cd1619;\">ACAMPA NETWORK<\/span> is to better understand the true causes of wars, two conflicts, and two effects that the plundering of resources and the most atrocious greed of capitalism have on the lives of millions of people.<\/p>\n<p><span style=\"color: #cd1619;\">ACAMPA<\/span> facilitates citizen participation, in our reflective proposals, each person commits to his or her energy, to his or her capacity and to his or her opinion at the time that the NGOs, associations, political organizations, unions, institutions, informal groups, companies with social responsibility, professional groups, and other professionals involved in the defense of Human Rights.<\/p>\n<p><span style=\"color: #cd1619;\">ACAMPA NETWORK FOR PEACE AND THE RIGHT TO REFUGE<\/span> was born in Coru\u00f1a (Galicia-Spain) in 2016 with the aim of expanding and replicating itself in other cities and countries. It currently operates at <span style=\"color: #cd1619;\">ACAMPA NETWORK BRASIL<\/span> and is forming its new branch at <span style=\"color: #cd1619;\">ACAMPA NETWORK PORTUGAL<\/span>.<\/p>\n<p>[\/et_pb_text][\/et_pb_column][\/et_pb_row][\/et_pb_section]<\/p>\n","protected":false},"excerpt":{"rendered":"<p>ACAMPA FOR PEACE AND THE RIGHT TO REFUGE is a non-profit city initiative made up of social, cultural, educational, neighborhood, political, union, artistic groups, solidarity people, and institutions and companies with social responsibility. Objetives: To defend two Human Rights, or International Humanitarian Law and or Right to Refuge. Open a meeting space to collectively seek [&hellip;]<\/p>\n","protected":false},"author":4,"featured_media":45155,"parent":0,"menu_order":0,"comment_status":"closed","ping_status":"closed","template":"","meta":{"_et_pb_use_builder":"on","_et_pb_old_content":"","_et_gb_content_width":"","footnotes":""},"categories":[4],"tags":[],"class_list":["post-49628","page","type-page","status-publish","has-post-thumbnail","hentry","category-uncategorized-en"],"yoast_head":"<!-- This site is optimized with the Yoast SEO plugin v26.4 - https:\/\/yoast.com\/wordpress\/plugins\/seo\/ -->\n<title>The Asociation - Acampa - Pola paz e o dereito a refuxio<\/title>\n<meta name=\"description\" content=\"Get to know the association ACAMPA NETWORK FOR PEACE AND THE RIGHT TO REFUGE, currently based in Coru\u00f1a, Brazil and soon in Portugal.\" \/>\n<meta name=\"robots\" content=\"index, follow, max-snippet:-1, max-image-preview:large, max-video-preview:-1\" \/>\n<link rel=\"canonical\" href=\"https:\/\/redeacampa.org\/en\/the-asociation\/\" \/>\n<meta property=\"og:locale\" content=\"en_US\" \/>\n<meta property=\"og:type\" content=\"article\" \/>\n<meta property=\"og:title\" content=\"The Asociation - Acampa - Pola paz e o dereito a refuxio\" \/>\n<meta property=\"og:description\" content=\"Get to know the association ACAMPA NETWORK FOR PEACE AND THE RIGHT TO REFUGE, currently based in Coru\u00f1a, Brazil and soon in Portugal.\" \/>\n<meta property=\"og:url\" content=\"https:\/\/redeacampa.org\/en\/the-asociation\/\" \/>\n<meta property=\"og:site_name\" content=\"Acampa - Pola paz e o dereito a refuxio\" \/>\n<meta property=\"article:publisher\" content=\"https:\/\/www.facebook.com\/acampapolapazeodereitoarefuxio\" \/>\n<meta property=\"article:modified_time\" content=\"2025-05-01T17:41:04+00:00\" \/>\n<meta property=\"og:image\" content=\"https:\/\/redeacampa.org\/wp-content\/uploads\/Acampa_gl.png\" \/>\n\t<meta property=\"og:image:width\" content=\"497\" \/>\n\t<meta property=\"og:image:height\" content=\"167\" \/>\n\t<meta property=\"og:image:type\" content=\"image\/png\" \/>\n<meta name=\"twitter:card\" content=\"summary_large_image\" \/>\n<meta name=\"twitter:site\" content=\"@Acampa_polapaz\" \/>\n<meta name=\"twitter:label1\" content=\"Est. reading time\" \/>\n\t<meta name=\"twitter:data1\" content=\"2 minutes\" \/>\n<script type=\"application\/ld+json\" class=\"yoast-schema-graph\">{\"@context\":\"https:\/\/schema.org\",\"@graph\":[{\"@type\":\"WebPage\",\"@id\":\"https:\/\/redeacampa.org\/en\/the-asociation\/\",\"url\":\"https:\/\/redeacampa.org\/en\/the-asociation\/\",\"name\":\"The Asociation - Acampa - Pola paz e o dereito a refuxio\",\"isPartOf\":{\"@id\":\"https:\/\/redeacampa.org\/en\/#website\"},\"primaryImageOfPage\":{\"@id\":\"https:\/\/redeacampa.org\/en\/the-asociation\/#primaryimage\"},\"image\":{\"@id\":\"https:\/\/redeacampa.org\/en\/the-asociation\/#primaryimage\"},\"thumbnailUrl\":\"https:\/\/redeacampa.org\/wp-content\/uploads\/Acampa_gl.png\",\"datePublished\":\"2024-04-02T19:09:19+00:00\",\"dateModified\":\"2025-05-01T17:41:04+00:00\",\"description\":\"Get to know the association ACAMPA NETWORK FOR PEACE AND THE RIGHT TO REFUGE, currently based in Coru\u00f1a, Brazil and soon in Portugal.\",\"breadcrumb\":{\"@id\":\"https:\/\/redeacampa.org\/en\/the-asociation\/#breadcrumb\"},\"inLanguage\":\"en-US\",\"potentialAction\":[{\"@type\":\"ReadAction\",\"target\":[\"https:\/\/redeacampa.org\/en\/the-asociation\/\"]}]},{\"@type\":\"ImageObject\",\"inLanguage\":\"en-US\",\"@id\":\"https:\/\/redeacampa.org\/en\/the-asociation\/#primaryimage\",\"url\":\"https:\/\/redeacampa.org\/wp-content\/uploads\/Acampa_gl.png\",\"contentUrl\":\"https:\/\/redeacampa.org\/wp-content\/uploads\/Acampa_gl.png\",\"width\":497,\"height\":167,\"caption\":\"Acampa, Pola Paz e o Dereito a Refuxio\"},{\"@type\":\"BreadcrumbList\",\"@id\":\"https:\/\/redeacampa.org\/en\/the-asociation\/#breadcrumb\",\"itemListElement\":[{\"@type\":\"ListItem\",\"position\":1,\"name\":\"Portada\",\"item\":\"https:\/\/redeacampa.org\/en\/\"},{\"@type\":\"ListItem\",\"position\":2,\"name\":\"The Asociation\"}]},{\"@type\":\"WebSite\",\"@id\":\"https:\/\/redeacampa.org\/en\/#website\",\"url\":\"https:\/\/redeacampa.org\/en\/\",\"name\":\"Acampa - Pola paz e o dereito a refuxio\",\"description\":\"Unha iniciativa cidad\u00e1 sen fins de lucro integrada por colectivos sociais, culturais, educativos, veci\u00f1ais, pol\u00edticos, sindicais, art\u00edsticos, de persoas solidarias, de instituci\u00f3ns e empresas con responsabilidade social que te\u00f1en como obxectivo a defensa dos dereitos humanos, o Dereito Internacional Humanitario e o Dereito a Refuxio.\",\"publisher\":{\"@id\":\"https:\/\/redeacampa.org\/en\/#organization\"},\"potentialAction\":[{\"@type\":\"SearchAction\",\"target\":{\"@type\":\"EntryPoint\",\"urlTemplate\":\"https:\/\/redeacampa.org\/en\/?s={search_term_string}\"},\"query-input\":{\"@type\":\"PropertyValueSpecification\",\"valueRequired\":true,\"valueName\":\"search_term_string\"}}],\"inLanguage\":\"en-US\"},{\"@type\":\"Organization\",\"@id\":\"https:\/\/redeacampa.org\/en\/#organization\",\"name\":\"Acampa\",\"url\":\"https:\/\/redeacampa.org\/en\/\",\"logo\":{\"@type\":\"ImageObject\",\"inLanguage\":\"en-US\",\"@id\":\"https:\/\/redeacampa.org\/en\/#\/schema\/logo\/image\/\",\"url\":\"https:\/\/redeacampa.org\/wp-content\/uploads\/2019\/01\/acampaConRojo_es.png\",\"contentUrl\":\"https:\/\/redeacampa.org\/wp-content\/uploads\/2019\/01\/acampaConRojo_es.png\",\"width\":612,\"height\":204,\"caption\":\"Acampa\"},\"image\":{\"@id\":\"https:\/\/redeacampa.org\/en\/#\/schema\/logo\/image\/\"},\"sameAs\":[\"https:\/\/www.facebook.com\/acampapolapazeodereitoarefuxio\",\"https:\/\/x.com\/Acampa_polapaz\",\"https:\/\/www.instagram.com\/Acampa_polapaz\/\",\"https:\/\/www.youtube.com\/channel\/UChk1mSCHVEHmjq9e8PLb-mw\"]}]}<\/script>\n<!-- \/ Yoast SEO plugin. -->","yoast_head_json":{"title":"The Asociation - Acampa - Pola paz e o dereito a refuxio","description":"Get to know the association ACAMPA NETWORK FOR PEACE AND THE RIGHT TO REFUGE, currently based in Coru\u00f1a, Brazil and soon in Portugal.","robots":{"index":"index","follow":"follow","max-snippet":"max-snippet:-1","max-image-preview":"max-image-preview:large","max-video-preview":"max-video-preview:-1"},"canonical":"https:\/\/redeacampa.org\/en\/the-asociation\/","og_locale":"en_US","og_type":"article","og_title":"The Asociation - Acampa - Pola paz e o dereito a refuxio","og_description":"Get to know the association ACAMPA NETWORK FOR PEACE AND THE RIGHT TO REFUGE, currently based in Coru\u00f1a, Brazil and soon in Portugal.","og_url":"https:\/\/redeacampa.org\/en\/the-asociation\/","og_site_name":"Acampa - Pola paz e o dereito a refuxio","article_publisher":"https:\/\/www.facebook.com\/acampapolapazeodereitoarefuxio","article_modified_time":"2025-05-01T17:41:04+00:00","og_image":[{"width":497,"height":167,"url":"https:\/\/redeacampa.org\/wp-content\/uploads\/Acampa_gl.png","type":"image\/png"}],"twitter_card":"summary_large_image","twitter_site":"@Acampa_polapaz","twitter_misc":{"Est. reading time":"2 minutes"},"schema":{"@context":"https:\/\/schema.org","@graph":[{"@type":"WebPage","@id":"https:\/\/redeacampa.org\/en\/the-asociation\/","url":"https:\/\/redeacampa.org\/en\/the-asociation\/","name":"The Asociation - Acampa - Pola paz e o dereito a refuxio","isPartOf":{"@id":"https:\/\/redeacampa.org\/en\/#website"},"primaryImageOfPage":{"@id":"https:\/\/redeacampa.org\/en\/the-asociation\/#primaryimage"},"image":{"@id":"https:\/\/redeacampa.org\/en\/the-asociation\/#primaryimage"},"thumbnailUrl":"https:\/\/redeacampa.org\/wp-content\/uploads\/Acampa_gl.png","datePublished":"2024-04-02T19:09:19+00:00","dateModified":"2025-05-01T17:41:04+00:00","description":"Get to know the association ACAMPA NETWORK FOR PEACE AND THE RIGHT TO REFUGE, currently based in Coru\u00f1a, Brazil and soon in Portugal.","breadcrumb":{"@id":"https:\/\/redeacampa.org\/en\/the-asociation\/#breadcrumb"},"inLanguage":"en-US","potentialAction":[{"@type":"ReadAction","target":["https:\/\/redeacampa.org\/en\/the-asociation\/"]}]},{"@type":"ImageObject","inLanguage":"en-US","@id":"https:\/\/redeacampa.org\/en\/the-asociation\/#primaryimage","url":"https:\/\/redeacampa.org\/wp-content\/uploads\/Acampa_gl.png","contentUrl":"https:\/\/redeacampa.org\/wp-content\/uploads\/Acampa_gl.png","width":497,"height":167,"caption":"Acampa, Pola Paz e o Dereito a Refuxio"},{"@type":"BreadcrumbList","@id":"https:\/\/redeacampa.org\/en\/the-asociation\/#breadcrumb","itemListElement":[{"@type":"ListItem","position":1,"name":"Portada","item":"https:\/\/redeacampa.org\/en\/"},{"@type":"ListItem","position":2,"name":"The Asociation"}]},{"@type":"WebSite","@id":"https:\/\/redeacampa.org\/en\/#website","url":"https:\/\/redeacampa.org\/en\/","name":"Acampa - Pola paz e o dereito a refuxio","description":"Unha iniciativa cidad\u00e1 sen fins de lucro integrada por colectivos sociais, culturais, educativos, veci\u00f1ais, pol\u00edticos, sindicais, art\u00edsticos, de persoas solidarias, de instituci\u00f3ns e empresas con responsabilidade social que te\u00f1en como obxectivo a defensa dos dereitos humanos, o Dereito Internacional Humanitario e o Dereito a Refuxio.","publisher":{"@id":"https:\/\/redeacampa.org\/en\/#organization"},"potentialAction":[{"@type":"SearchAction","target":{"@type":"EntryPoint","urlTemplate":"https:\/\/redeacampa.org\/en\/?s={search_term_string}"},"query-input":{"@type":"PropertyValueSpecification","valueRequired":true,"valueName":"search_term_string"}}],"inLanguage":"en-US"},{"@type":"Organization","@id":"https:\/\/redeacampa.org\/en\/#organization","name":"Acampa","url":"https:\/\/redeacampa.org\/en\/","logo":{"@type":"ImageObject","inLanguage":"en-US","@id":"https:\/\/redeacampa.org\/en\/#\/schema\/logo\/image\/","url":"https:\/\/redeacampa.org\/wp-content\/uploads\/2019\/01\/acampaConRojo_es.png","contentUrl":"https:\/\/redeacampa.org\/wp-content\/uploads\/2019\/01\/acampaConRojo_es.png","width":612,"height":204,"caption":"Acampa"},"image":{"@id":"https:\/\/redeacampa.org\/en\/#\/schema\/logo\/image\/"},"sameAs":["https:\/\/www.facebook.com\/acampapolapazeodereitoarefuxio","https:\/\/x.com\/Acampa_polapaz","https:\/\/www.instagram.com\/Acampa_polapaz\/","https:\/\/www.youtube.com\/channel\/UChk1mSCHVEHmjq9e8PLb-mw"]}]}},"_links":{"self":[{"href":"https:\/\/redeacampa.org\/en\/wp-json\/wp\/v2\/pages\/49628","targetHints":{"allow":["GET"]}}],"collection":[{"href":"https:\/\/redeacampa.org\/en\/wp-json\/wp\/v2\/pages"}],"about":[{"href":"https:\/\/redeacampa.org\/en\/wp-json\/wp\/v2\/types\/page"}],"author":[{"embeddable":true,"href":"https:\/\/redeacampa.org\/en\/wp-json\/wp\/v2\/users\/4"}],"replies":[{"embeddable":true,"href":"https:\/\/redeacampa.org\/en\/wp-json\/wp\/v2\/comments?post=49628"}],"version-history":[{"count":3,"href":"https:\/\/redeacampa.org\/en\/wp-json\/wp\/v2\/pages\/49628\/revisions"}],"predecessor-version":[{"id":49746,"href":"https:\/\/redeacampa.org\/en\/wp-json\/wp\/v2\/pages\/49628\/revisions\/49746"}],"wp:featuredmedia":[{"embeddable":true,"href":"https:\/\/redeacampa.org\/en\/wp-json\/wp\/v2\/media\/45155"}],"wp:attachment":[{"href":"https:\/\/redeacampa.org\/en\/wp-json\/wp\/v2\/media?parent=49628"}],"wp:term":[{"taxonomy":"category","embeddable":true,"href":"https:\/\/redeacampa.org\/en\/wp-json\/wp\/v2\/categories?post=49628"},{"taxonomy":"post_tag","embeddable":true,"href":"https:\/\/redeacampa.org\/en\/wp-json\/wp\/v2\/tags?post=49628"}],"curies":[{"name":"wp","href":"https:\/\/api.w.org\/{rel}","templated":true}]}}