{"id":49708,"date":"2024-04-09T21:26:00","date_gmt":"2024-04-09T19:26:00","guid":{"rendered":"https:\/\/redeacampa.org\/?page_id=49708"},"modified":"2025-05-01T20:34:10","modified_gmt":"2025-05-01T18:34:10","slug":"prologue-2024-en","status":"publish","type":"page","link":"https:\/\/redeacampa.org\/en\/prologue-2024-en\/","title":{"rendered":"Prologue 2024"},"content":{"rendered":"<p>[et_pb_section fb_built=&#8221;1&#8243; fullwidth=&#8221;on&#8221; custom_padding_last_edited=&#8221;on|desktop&#8221; admin_label=&#8221;section&#8221; _builder_version=&#8221;4.16&#8243; background_color=&#8221;#cd1619&#8243; custom_padding_tablet=&#8221;50px|0|50px|0&#8243; custom_padding_phone=&#8221;&#8221; transparent_background=&#8221;off&#8221; padding_mobile=&#8221;off&#8221; locked=&#8221;off&#8221; collapsed=&#8221;off&#8221; global_colors_info=&#8221;{}&#8221;][et_pb_fullwidth_header title=&#8221;Prologue&#8221; admin_label=&#8221;T\u00edtulo de anchura completa&#8221; _builder_version=&#8221;4.23.1&#8243; title_font=&#8221;|on|||&#8221; subhead_font=&#8221;||on||&#8221; background_color=&#8221;rgba(255, 255, 255, 0)&#8221; button_one_letter_spacing_hover=&#8221;0&#8243; button_two_letter_spacing_hover=&#8221;0&#8243; global_colors_info=&#8221;{}&#8221; button_one_text_size__hover_enabled=&#8221;off&#8221; button_two_text_size__hover_enabled=&#8221;off&#8221; button_one_text_color__hover_enabled=&#8221;off&#8221; button_two_text_color__hover_enabled=&#8221;off&#8221; button_one_border_width__hover_enabled=&#8221;off&#8221; button_two_border_width__hover_enabled=&#8221;off&#8221; button_one_border_color__hover_enabled=&#8221;off&#8221; button_two_border_color__hover_enabled=&#8221;off&#8221; button_one_border_radius__hover_enabled=&#8221;off&#8221; button_two_border_radius__hover_enabled=&#8221;off&#8221; button_one_letter_spacing__hover_enabled=&#8221;on&#8221; button_one_letter_spacing__hover=&#8221;0&#8243; button_two_letter_spacing__hover_enabled=&#8221;on&#8221; button_two_letter_spacing__hover=&#8221;0&#8243; button_one_bg_color__hover_enabled=&#8221;off&#8221; button_two_bg_color__hover_enabled=&#8221;off&#8221;][\/et_pb_fullwidth_header][\/et_pb_section][et_pb_section fb_built=&#8221;1&#8243; admin_label=&#8221;Secci\u00f3n Rosa Cabecera&#8221; _builder_version=&#8221;4.23.1&#8243; _module_preset=&#8221;default&#8221; background_color=&#8221;#ffedea&#8221; custom_margin=&#8221;||||false|false&#8221; custom_padding=&#8221;||||false|false&#8221; locked=&#8221;off&#8221; collapsed=&#8221;off&#8221; global_colors_info=&#8221;{}&#8221;][et_pb_row column_structure=&#8221;1_2,1_2&#8243; use_custom_gutter=&#8221;on&#8221; make_equal=&#8221;on&#8221; admin_label=&#8221;Cabeceira&#8221; _builder_version=&#8221;4.23.1&#8243; _module_preset=&#8221;default&#8221; min_height=&#8221;462.2px&#8221; custom_margin=&#8221;5px|auto|-40px|auto||&#8221; custom_padding=&#8221;||0px|||&#8221; collapsed=&#8221;off&#8221; global_colors_info=&#8221;{}&#8221;][et_pb_column type=&#8221;1_2&#8243; _builder_version=&#8221;4.16&#8243; _module_preset=&#8221;default&#8221; global_colors_info=&#8221;{}&#8221;][et_pb_text _builder_version=&#8221;4.23.1&#8243; _module_preset=&#8221;default&#8221; global_colors_info=&#8221;{}&#8221;]<\/p>\n<p>In this<span style=\"color: #cd1619;\"><strong> VIII Acampa International Meeting for Peace and the Right to Refuge<\/strong><\/span>, we want to address the delicate situation of children and youth, especially those who, for different reasons, are forced to relocate and claim refuge.<\/p>\n<p>According to alarming data from UNHCR for the year 2023, the number of forcibly displaced people due to human rights violations already exceeds 114 million people. Boys and girls under 18 years of age make up half of the refugee population in the world due to wars, the climate crisis, natural disasters, hunger, and violence of all kinds. It\u2019s a vulnerable childhood of being constantly in transit. In many cases, they arrive without family members, or lose them in the migration process; they are sick, in emotional shock; they are criminalized; for years, they lose their right to schooling, to learn, to a healthy life, to culture&#8230; in short, to grow up as all boys and girls ought to.<\/p>\n<p>The dangers multiply exponentially. Humanitarian organizations that work with children and young people warn of the growing risks in those uncontrolled scenarios: kidnapping, sexual exploitation, organ trafficking, the deterioration of mental and physical health.<\/p>\n<p>Thousands of boys and girls are murdered before the eyes of the international community. For months, we have been witnessing, in shock, the massacre that Israel is carrying out on the Palestinian people in the Gaza Strip, littering the entire territory with dead and orphaned boys and girls. But it&#8217;s not just Gaza. Fifty conflicts are currently active in the world and, in each of them, the essential rights or the very existence of childhood and youth are being permanently threatened: Yemen, South Sudan, Mali, Democratic Republic of the Congo, Ukraine&#8230;<\/p>\n<p>The<span style=\"color: #cd1619;\"><strong> Acampa Network for Peace and the Right to Refuge<\/strong><\/span> wants to be a loudspeaker, at an international level, for the collective voice that demands urgent and necessary action; that minimizes damage and eases the inclusion of children and young people, as soon as possible, into a dignified, respectful and healthy life to which they have a right, regardless of their origin&#8230; Every day, in each receiving country, we see how unaccompanied minors become bargaining chips, cornerstones, problems that nobody wants to solve seriously via the necessary and urgent public policies.<\/p>\n<p>As a society, we must demand that governments guarantee specific legislation that ensures the protection of the rights of children and adolescents, within the legal and regulatory framework of Human Rights. We cannot allow illegal on-the-spot deportations or the externalization of borders by paying taxes to undemocratic and thuggish governments who violate Human Rights every day.<\/p>\n<p><strong><span style=\"color: #cd1619;\">Acampa<\/span> <\/strong>in Galicia and Brazil consider it essential to bring this discussion to an international level, as these refugee minors are starting their lives and need to be welcomed and integrated, requiring all social, legal and political justice in their favor.<\/p>\n<p><span style=\"color: #cd1619;\"><strong>Acampa for Peace<\/strong><\/span> prioritizes reflection, learning and knowledge of local people wherever it operates, so that it is they who seek the path within the framework of the Rule of Law and of Social Justice. Moreover, so they can do so regardless of social class, race, gender, creed, culture, or age; without denying the Other, embracing plurality without violence, xenophobia or hatred, in the permanent construction of peace.<\/p>\n<p>[\/et_pb_text][\/et_pb_column][et_pb_column type=&#8221;1_2&#8243; _builder_version=&#8221;4.16&#8243; _module_preset=&#8221;default&#8221; global_colors_info=&#8221;{}&#8221;][et_pb_text _builder_version=&#8221;4.23.1&#8243; _module_preset=&#8221;default&#8221; global_colors_info=&#8221;{}&#8221;]<\/p>\n<p>The objective of this <span style=\"color: #cd1619;\"><strong>VIII International Meeting<\/strong><\/span> \u2013held in June in A Coru\u00f1a (Galicia, Spain) and in October in Piracicaba (S\u00e3o Paulo, Brazil)\u2013 is none other than to open a broad debate on the causes that give rise to the vulnerable situation of forcibly displaced children, as well as how their process of reception and local integration should be approached within the framework of social, legal and political justice, public policies and fundamental rights.<\/p>\n<p>The fact is that we increasingly face a greater amount of inequalities, resulting from the social, economic and political transformations of contemporary capitalism, which have aggravated the \u2018social question\u2019 and its manifestations, forcing more and more people into a situation of necessary refuge. Let\u2019s not forget, aswell, that we take on this challenge at a complicated time, as Yanis Varoufakis,economist and former finance minister of Greece, \u00a0addresses when he states that \u201ccapitalism died, devoured by capitalism itself; and a new techno-feudal world is opening up where large technological platforms are the ones that dominate global economy because they manage data, information, and therefore have control over individuals. The concentration of power in the hands of a few companies, very similar to that of feudalism in the Middle Ages, means that nation-states matter very little.\u201d A global problem that will have particular impact on childhood and youth.<\/p>\n<p>In this context, from the <span style=\"color: #cd1619;\"><strong>Acampa<\/strong> <strong>Network<\/strong><\/span>, we believe in unity as the only effective way to face these challenges, with the certainty that, sooner or later, our world\u2019s societies will wake up, for the sake of our own survival, with an unstoppable force capable of changing the course of a planet which as of today is sailing adrift.<\/p>\n<p>[\/et_pb_text][et_pb_image src=&#8221;https:\/\/redeacampa.org\/wp-content\/uploads\/CartelAcampa2024_def.jpeg&#8221; alt=&#8221;CartelAcampa2024_def&#8221; title_text=&#8221;CartelAcampa2024_def&#8221; _builder_version=&#8221;4.23.1&#8243; _module_preset=&#8221;default&#8221; global_colors_info=&#8221;{}&#8221;][\/et_pb_image][\/et_pb_column][\/et_pb_row][\/et_pb_section]<\/p>\n","protected":false},"excerpt":{"rendered":"<p>In this VIII Acampa International Meeting for Peace and the Right to Refuge, we want to address the delicate situation of children and youth, especially those who, for different reasons, are forced to relocate and claim refuge. According to alarming data from UNHCR for the year 2023, the number of forcibly displaced people due to [&hellip;]<\/p>\n","protected":false},"author":4,"featured_media":0,"parent":0,"menu_order":0,"comment_status":"closed","ping_status":"closed","template":"","meta":{"_et_pb_use_builder":"on","_et_pb_old_content":"","_et_gb_content_width":"","footnotes":""},"categories":[46],"tags":[],"class_list":["post-49708","page","type-page","status-publish","hentry","category-acampa-2024-en"],"yoast_head":"<!-- This site is optimized with the Yoast SEO plugin v27.4 - https:\/\/yoast.com\/product\/yoast-seo-wordpress\/ -->\n<title>Prologue 2024 - Acampa - Pola paz e o dereito a refuxio<\/title>\n<meta name=\"description\" content=\"Prologue of the VIII International Meeting ACAMPA POLA PAZ E O DEREITO AO REFUXIO (A Coru\u00f1a, 7,8 and 9 June 2024)\" \/>\n<meta name=\"robots\" content=\"index, follow, max-snippet:-1, max-image-preview:large, max-video-preview:-1\" \/>\n<link rel=\"canonical\" href=\"https:\/\/redeacampa.org\/en\/prologue-2024-en\/\" \/>\n<meta property=\"og:locale\" content=\"en_US\" \/>\n<meta property=\"og:type\" content=\"article\" \/>\n<meta property=\"og:title\" content=\"Prologue 2024 - Acampa - Pola paz e o dereito a refuxio\" \/>\n<meta property=\"og:description\" content=\"Prologue of the VIII International Meeting ACAMPA POLA PAZ E O DEREITO AO REFUXIO (A Coru\u00f1a, 7,8 and 9 June 2024)\" \/>\n<meta property=\"og:url\" content=\"https:\/\/redeacampa.org\/en\/prologue-2024-en\/\" \/>\n<meta property=\"og:site_name\" content=\"Acampa - Pola paz e o dereito a refuxio\" \/>\n<meta property=\"article:publisher\" content=\"https:\/\/www.facebook.com\/acampapolapazeodereitoarefuxio\" \/>\n<meta property=\"article:modified_time\" content=\"2025-05-01T18:34:10+00:00\" \/>\n<meta name=\"twitter:card\" content=\"summary_large_image\" \/>\n<meta name=\"twitter:site\" content=\"@Acampa_polapaz\" \/>\n<meta name=\"twitter:label1\" content=\"Est. reading time\" \/>\n\t<meta name=\"twitter:data1\" content=\"4 minutes\" \/>\n<script type=\"application\/ld+json\" class=\"yoast-schema-graph\">{\"@context\":\"https:\\\/\\\/schema.org\",\"@graph\":[{\"@type\":\"WebPage\",\"@id\":\"https:\\\/\\\/redeacampa.org\\\/en\\\/prologue-2024-en\\\/\",\"url\":\"https:\\\/\\\/redeacampa.org\\\/en\\\/prologue-2024-en\\\/\",\"name\":\"Prologue 2024 - Acampa - Pola paz e o dereito a refuxio\",\"isPartOf\":{\"@id\":\"https:\\\/\\\/redeacampa.org\\\/en\\\/#website\"},\"datePublished\":\"2024-04-09T19:26:00+00:00\",\"dateModified\":\"2025-05-01T18:34:10+00:00\",\"description\":\"Prologue of the VIII International Meeting ACAMPA POLA PAZ E O DEREITO AO REFUXIO (A Coru\u00f1a, 7,8 and 9 June 2024)\",\"breadcrumb\":{\"@id\":\"https:\\\/\\\/redeacampa.org\\\/en\\\/prologue-2024-en\\\/#breadcrumb\"},\"inLanguage\":\"en-US\",\"potentialAction\":[{\"@type\":\"ReadAction\",\"target\":[\"https:\\\/\\\/redeacampa.org\\\/en\\\/prologue-2024-en\\\/\"]}]},{\"@type\":\"BreadcrumbList\",\"@id\":\"https:\\\/\\\/redeacampa.org\\\/en\\\/prologue-2024-en\\\/#breadcrumb\",\"itemListElement\":[{\"@type\":\"ListItem\",\"position\":1,\"name\":\"Portada\",\"item\":\"https:\\\/\\\/redeacampa.org\\\/en\\\/\"},{\"@type\":\"ListItem\",\"position\":2,\"name\":\"Prologue 2024\"}]},{\"@type\":\"WebSite\",\"@id\":\"https:\\\/\\\/redeacampa.org\\\/en\\\/#website\",\"url\":\"https:\\\/\\\/redeacampa.org\\\/en\\\/\",\"name\":\"Acampa - Pola paz e o dereito a refuxio\",\"description\":\"Unha iniciativa cidad\u00e1 sen fins de lucro integrada por colectivos sociais, culturais, educativos, veci\u00f1ais, pol\u00edticos, sindicais, art\u00edsticos, de persoas solidarias, de instituci\u00f3ns e empresas con responsabilidade social que te\u00f1en como obxectivo a defensa dos dereitos humanos, o Dereito Internacional Humanitario e o Dereito a Refuxio.\",\"publisher\":{\"@id\":\"https:\\\/\\\/redeacampa.org\\\/en\\\/#organization\"},\"potentialAction\":[{\"@type\":\"SearchAction\",\"target\":{\"@type\":\"EntryPoint\",\"urlTemplate\":\"https:\\\/\\\/redeacampa.org\\\/en\\\/?s={search_term_string}\"},\"query-input\":{\"@type\":\"PropertyValueSpecification\",\"valueRequired\":true,\"valueName\":\"search_term_string\"}}],\"inLanguage\":\"en-US\"},{\"@type\":\"Organization\",\"@id\":\"https:\\\/\\\/redeacampa.org\\\/en\\\/#organization\",\"name\":\"Acampa\",\"url\":\"https:\\\/\\\/redeacampa.org\\\/en\\\/\",\"logo\":{\"@type\":\"ImageObject\",\"inLanguage\":\"en-US\",\"@id\":\"https:\\\/\\\/redeacampa.org\\\/en\\\/#\\\/schema\\\/logo\\\/image\\\/\",\"url\":\"https:\\\/\\\/redeacampa.org\\\/wp-content\\\/uploads\\\/2019\\\/01\\\/acampaConRojo_es.png\",\"contentUrl\":\"https:\\\/\\\/redeacampa.org\\\/wp-content\\\/uploads\\\/2019\\\/01\\\/acampaConRojo_es.png\",\"width\":612,\"height\":204,\"caption\":\"Acampa\"},\"image\":{\"@id\":\"https:\\\/\\\/redeacampa.org\\\/en\\\/#\\\/schema\\\/logo\\\/image\\\/\"},\"sameAs\":[\"https:\\\/\\\/www.facebook.com\\\/acampapolapazeodereitoarefuxio\",\"https:\\\/\\\/x.com\\\/Acampa_polapaz\",\"https:\\\/\\\/www.instagram.com\\\/Acampa_polapaz\\\/\",\"https:\\\/\\\/www.youtube.com\\\/channel\\\/UChk1mSCHVEHmjq9e8PLb-mw\"]}]}<\/script>\n<!-- \/ Yoast SEO plugin. -->","yoast_head_json":{"title":"Prologue 2024 - Acampa - Pola paz e o dereito a refuxio","description":"Prologue of the VIII International Meeting ACAMPA POLA PAZ E O DEREITO AO REFUXIO (A Coru\u00f1a, 7,8 and 9 June 2024)","robots":{"index":"index","follow":"follow","max-snippet":"max-snippet:-1","max-image-preview":"max-image-preview:large","max-video-preview":"max-video-preview:-1"},"canonical":"https:\/\/redeacampa.org\/en\/prologue-2024-en\/","og_locale":"en_US","og_type":"article","og_title":"Prologue 2024 - Acampa - Pola paz e o dereito a refuxio","og_description":"Prologue of the VIII International Meeting ACAMPA POLA PAZ E O DEREITO AO REFUXIO (A Coru\u00f1a, 7,8 and 9 June 2024)","og_url":"https:\/\/redeacampa.org\/en\/prologue-2024-en\/","og_site_name":"Acampa - Pola paz e o dereito a refuxio","article_publisher":"https:\/\/www.facebook.com\/acampapolapazeodereitoarefuxio","article_modified_time":"2025-05-01T18:34:10+00:00","twitter_card":"summary_large_image","twitter_site":"@Acampa_polapaz","twitter_misc":{"Est. reading time":"4 minutes"},"schema":{"@context":"https:\/\/schema.org","@graph":[{"@type":"WebPage","@id":"https:\/\/redeacampa.org\/en\/prologue-2024-en\/","url":"https:\/\/redeacampa.org\/en\/prologue-2024-en\/","name":"Prologue 2024 - Acampa - Pola paz e o dereito a refuxio","isPartOf":{"@id":"https:\/\/redeacampa.org\/en\/#website"},"datePublished":"2024-04-09T19:26:00+00:00","dateModified":"2025-05-01T18:34:10+00:00","description":"Prologue of the VIII International Meeting ACAMPA POLA PAZ E O DEREITO AO REFUXIO (A Coru\u00f1a, 7,8 and 9 June 2024)","breadcrumb":{"@id":"https:\/\/redeacampa.org\/en\/prologue-2024-en\/#breadcrumb"},"inLanguage":"en-US","potentialAction":[{"@type":"ReadAction","target":["https:\/\/redeacampa.org\/en\/prologue-2024-en\/"]}]},{"@type":"BreadcrumbList","@id":"https:\/\/redeacampa.org\/en\/prologue-2024-en\/#breadcrumb","itemListElement":[{"@type":"ListItem","position":1,"name":"Portada","item":"https:\/\/redeacampa.org\/en\/"},{"@type":"ListItem","position":2,"name":"Prologue 2024"}]},{"@type":"WebSite","@id":"https:\/\/redeacampa.org\/en\/#website","url":"https:\/\/redeacampa.org\/en\/","name":"Acampa - Pola paz e o dereito a refuxio","description":"Unha iniciativa cidad\u00e1 sen fins de lucro integrada por colectivos sociais, culturais, educativos, veci\u00f1ais, pol\u00edticos, sindicais, art\u00edsticos, de persoas solidarias, de instituci\u00f3ns e empresas con responsabilidade social que te\u00f1en como obxectivo a defensa dos dereitos humanos, o Dereito Internacional Humanitario e o Dereito a Refuxio.","publisher":{"@id":"https:\/\/redeacampa.org\/en\/#organization"},"potentialAction":[{"@type":"SearchAction","target":{"@type":"EntryPoint","urlTemplate":"https:\/\/redeacampa.org\/en\/?s={search_term_string}"},"query-input":{"@type":"PropertyValueSpecification","valueRequired":true,"valueName":"search_term_string"}}],"inLanguage":"en-US"},{"@type":"Organization","@id":"https:\/\/redeacampa.org\/en\/#organization","name":"Acampa","url":"https:\/\/redeacampa.org\/en\/","logo":{"@type":"ImageObject","inLanguage":"en-US","@id":"https:\/\/redeacampa.org\/en\/#\/schema\/logo\/image\/","url":"https:\/\/redeacampa.org\/wp-content\/uploads\/2019\/01\/acampaConRojo_es.png","contentUrl":"https:\/\/redeacampa.org\/wp-content\/uploads\/2019\/01\/acampaConRojo_es.png","width":612,"height":204,"caption":"Acampa"},"image":{"@id":"https:\/\/redeacampa.org\/en\/#\/schema\/logo\/image\/"},"sameAs":["https:\/\/www.facebook.com\/acampapolapazeodereitoarefuxio","https:\/\/x.com\/Acampa_polapaz","https:\/\/www.instagram.com\/Acampa_polapaz\/","https:\/\/www.youtube.com\/channel\/UChk1mSCHVEHmjq9e8PLb-mw"]}]}},"_links":{"self":[{"href":"https:\/\/redeacampa.org\/en\/wp-json\/wp\/v2\/pages\/49708","targetHints":{"allow":["GET"]}}],"collection":[{"href":"https:\/\/redeacampa.org\/en\/wp-json\/wp\/v2\/pages"}],"about":[{"href":"https:\/\/redeacampa.org\/en\/wp-json\/wp\/v2\/types\/page"}],"author":[{"embeddable":true,"href":"https:\/\/redeacampa.org\/en\/wp-json\/wp\/v2\/users\/4"}],"replies":[{"embeddable":true,"href":"https:\/\/redeacampa.org\/en\/wp-json\/wp\/v2\/comments?post=49708"}],"version-history":[{"count":6,"href":"https:\/\/redeacampa.org\/en\/wp-json\/wp\/v2\/pages\/49708\/revisions"}],"predecessor-version":[{"id":54644,"href":"https:\/\/redeacampa.org\/en\/wp-json\/wp\/v2\/pages\/49708\/revisions\/54644"}],"wp:attachment":[{"href":"https:\/\/redeacampa.org\/en\/wp-json\/wp\/v2\/media?parent=49708"}],"wp:term":[{"taxonomy":"category","embeddable":true,"href":"https:\/\/redeacampa.org\/en\/wp-json\/wp\/v2\/categories?post=49708"},{"taxonomy":"post_tag","embeddable":true,"href":"https:\/\/redeacampa.org\/en\/wp-json\/wp\/v2\/tags?post=49708"}],"curies":[{"name":"wp","href":"https:\/\/api.w.org\/{rel}","templated":true}]}}