{"id":45239,"date":"2021-01-26T21:00:11","date_gmt":"2021-01-26T20:00:11","guid":{"rendered":"https:\/\/redeacampa.org\/?page_id=45239"},"modified":"2025-04-29T23:07:06","modified_gmt":"2025-04-29T21:07:06","slug":"i-reco-bases-acampa-2021","status":"publish","type":"page","link":"https:\/\/redeacampa.org\/es\/i-reco-bases-acampa-2021\/","title":{"rendered":"I Reco Bases Acampa 2021"},"content":{"rendered":"<p>[et_pb_section fb_built=\u00bb1&#8243; fullwidth=\u00bbon\u00bb custom_padding_last_edited=\u00bbon|desktop\u00bb admin_label=\u00bbsection\u00bb _builder_version=\u00bb3.22&#8243; background_color=\u00bb#cd1619&#8243; custom_padding_tablet=\u00bb50px|0|50px|0&#8243; custom_padding_phone=\u00bb\u00bb transparent_background=\u00bboff\u00bb padding_mobile=\u00bboff\u00bb locked=\u00bboff\u00bb global_colors_info=\u00bb{}\u00bb][et_pb_fullwidth_header title=\u00bbI Reconocimiento Internacional Acampa 2021&#8243; subhead=\u00bbPor la paz y el derecho a refugio\u00bb admin_label=\u00bbT\u00edtulo de anchura completa\u00bb _builder_version=\u00bb4.11.2&#8243; title_font=\u00bb|on|||\u00bb subhead_font=\u00bb||on||\u00bb background_color=\u00bbrgba(255, 255, 255, 0)\u00bb hover_enabled=\u00bb0&#8243; button_one_letter_spacing_hover=\u00bb0&#8243; button_two_letter_spacing_hover=\u00bb0&#8243; global_colors_info=\u00bb{}\u00bb button_one_text_size__hover_enabled=\u00bboff\u00bb button_two_text_size__hover_enabled=\u00bboff\u00bb button_one_text_color__hover_enabled=\u00bboff\u00bb button_two_text_color__hover_enabled=\u00bboff\u00bb button_one_border_width__hover_enabled=\u00bboff\u00bb button_two_border_width__hover_enabled=\u00bboff\u00bb button_one_border_color__hover_enabled=\u00bboff\u00bb button_two_border_color__hover_enabled=\u00bboff\u00bb button_one_border_radius__hover_enabled=\u00bboff\u00bb button_two_border_radius__hover_enabled=\u00bboff\u00bb button_one_letter_spacing__hover_enabled=\u00bbon\u00bb button_one_letter_spacing__hover=\u00bb0&#8243; button_two_letter_spacing__hover_enabled=\u00bbon\u00bb button_two_letter_spacing__hover=\u00bb0&#8243; button_one_bg_color__hover_enabled=\u00bboff\u00bb button_two_bg_color__hover_enabled=\u00bboff\u00bb sticky_enabled=\u00bb0&#8243;][\/et_pb_fullwidth_header][\/et_pb_section][et_pb_section fb_built=\u00bb1&#8243; _builder_version=\u00bb4.8.1&#8243; _module_preset=\u00bbdefault\u00bb background_enable_color=\u00bboff\u00bb custom_padding=\u00bb||0px|||\u00bb global_colors_info=\u00bb{}\u00bb][et_pb_row _builder_version=\u00bb4.8.1&#8243; _module_preset=\u00bbdefault\u00bb global_colors_info=\u00bb{}\u00bb][et_pb_column type=\u00bb4_4&#8243; _builder_version=\u00bb4.8.1&#8243; _module_preset=\u00bbdefault\u00bb global_colors_info=\u00bb{}\u00bb][et_pb_text _builder_version=\u00bb4.11.2&#8243; _module_preset=\u00bbdefault\u00bb text_font=\u00bb|||||on|||\u00bb header_font=\u00bb|||||on|||\u00bb header_2_font=\u00bb|||||on|||\u00bb custom_margin=\u00bb||-3px|||\u00bb custom_padding=\u00bb||0px|||\u00bb hover_enabled=\u00bb0&#8243; global_colors_info=\u00bb{}\u00bb sticky_enabled=\u00bb0&#8243;]<\/p>\n<h1 style=\"text-align: center;\">I Reconocimiento internacional a la defensa de los derechos humanos<\/h1>\n<h2 style=\"text-align: center;\">\u201c<strong>Acampa pola paz y el derecho a refugio\u201d<\/strong><\/h2>\n<p>&nbsp;<\/p>\n<p>[\/et_pb_text][et_pb_text _builder_version=\u00bb4.11.2&#8243; _module_preset=\u00bbdefault\u00bb background_enable_color=\u00bboff\u00bb hover_enabled=\u00bb0&#8243; global_colors_info=\u00bb{}\u00bb sticky_enabled=\u00bb0&#8243;]<\/p>\n<p>Se trata de un reconocimiento anual a entidades o personas que destaquen en la defensa de los Derechos Humanos, especialmente en los campos de actuaci\u00f3n de <strong><span style=\"color: #cd1619;\">Acampa<\/span>: <\/strong>defensa de los Derechos Humanos, el Derecho a Refugio y la defensa de la Paz y el di\u00e1logo como f\u00f3rmula para resoluci\u00f3n de conflictos.<\/p>\n<p>El objetivo es poner en valor la necesidad de la defensa de los Derechos Humanos presentando el trabajo realizado por organizaciones y personas que son un referente y un ejemplo para toda la sociedad. Pretendemos poner el foco medi\u00e1tico en la situaci\u00f3n de retroceso de los Derechos Humanos en todo el mundo y la importancia de recuperarlos y defenderlos con la fuerza y resiliencia de las organizaciones y personas que reciben este reconocimiento que ser\u00e1 propuesto y votado por todas las organizaciones y personas que conforman la <strong><span style=\"color: #cd1619;\">Red Acampa Internacional<\/span><\/strong>.<\/p>\n<p>[\/et_pb_text][et_pb_divider admin_label=\u00bbSeparador\u00bb _builder_version=\u00bb4.8.1&#8243; _module_preset=\u00bbdefault\u00bb global_colors_info=\u00bb{}\u00bb][\/et_pb_divider][\/et_pb_column][\/et_pb_row][\/et_pb_section][et_pb_section fb_built=\u00bb1&#8243; _builder_version=\u00bb4.8.1&#8243; _module_preset=\u00bbdefault\u00bb custom_padding=\u00bb0px|||||\u00bb global_colors_info=\u00bb{}\u00bb][et_pb_row column_structure=\u00bb3_5,2_5&#8243; _builder_version=\u00bb4.8.1&#8243; _module_preset=\u00bbdefault\u00bb global_colors_info=\u00bb{}\u00bb][et_pb_column type=\u00bb3_5&#8243; _builder_version=\u00bb4.8.1&#8243; _module_preset=\u00bbdefault\u00bb global_colors_info=\u00bb{}\u00bb][et_pb_text _builder_version=\u00bb4.11.2&#8243; _module_preset=\u00bbdefault\u00bb text_font=\u00bb|||||on|||\u00bb custom_margin=\u00bb||-3px|||\u00bb custom_padding=\u00bb||0px|||\u00bb hover_enabled=\u00bb0&#8243; global_colors_info=\u00bb{}\u00bb sticky_enabled=\u00bb0&#8243;]<\/p>\n<h2 style=\"text-align: center;\">Bases<\/h2>\n<p>&nbsp;<\/p>\n<p>[\/et_pb_text][et_pb_text _builder_version=\u00bb4.9.0&#8243; _module_preset=\u00bbdefault\u00bb global_colors_info=\u00bb{}\u00bb]<\/p>\n<p><strong>1.- \u00bfEn qu\u00e9 consiste el reconocimiento?.<\/strong><\/p>\n<p>Es una menci\u00f3n internacional presentada simult\u00e1neamente en todas las ciudades con presencia de la <strong><span style=\"color: #cd1619;\">Red Acampa<\/span><\/strong>, consistente en la entrega de una carta de reconocimiento destacando la labor realizada por la persona o entidad reconocida y de una escultura representativa de <strong><span style=\"color: #cd1619;\">Acampa<\/span><\/strong>, realizada por la escultora <strong>Pilar Sub\u00edas<\/strong>.<\/p>\n<p><strong>2.- \u00bfQui\u00e9n puede presentar propuestas para el reconocimiento?<\/strong><\/p>\n<ul>\n<li>-Todas las organizaciones que forman parte de la <strong><span style=\"color: #cd1619;\">Red Acampa Internacional<\/span><\/strong> con carta de adhesi\u00f3n a la <strong><span style=\"color: #cd1619;\">Red Acampa<\/span><\/strong>.<\/li>\n<li>-Todas las personas que conforman la <strong><span style=\"color: #cd1619;\">Red Acampa<\/span> <\/strong>y que consten inscritas como asociadas.<\/li>\n<li>-Todos los equipos de coordinaci\u00f3n locales de\u00a0<strong><span style=\"color: #cd1619;\">Acampa Internacional<\/span>.<\/strong><\/li>\n<\/ul>\n<p><strong>3.- \u00bfC\u00f3mo presentar una candidatura?<\/strong><\/p>\n<p>Para proponer una candidatura se debe adjuntar la siguiente documentaci\u00f3n:<\/p>\n<p>Si se trata de una persona:<\/p>\n<ul>\n<li>&#8211; Foto digital de la persona propuesta con unas medidas de 1800 p\u00edxeles el lado m\u00e1s largo y a 300 ppp de resoluci\u00f3n.<br \/>(Si no se tiene acceso a la persona y para la primera propuesta puede servir cualquier foto con calidad reconocible.)<\/li>\n<\/ul>\n<p>Si se trata de una organizaci\u00f3n:<\/p>\n<ul>\n<li>&#8211; Logotipo vectorial.<\/li>\n<\/ul>\n<p>En ambos casos tambi\u00e9n deben adjuntar:<\/p>\n<ul>\n<li>&#8211; Breve descripci\u00f3n de los motivos de la propuesta (aprox. 200 caracteres).<\/li>\n<li>&#8211; Breve biograf\u00eda de la persona o de la organizaci\u00f3n propuesta (aprox. 400 caracteres).<\/li>\n<li>&#8211; Datos de contacto, correo electr\u00f3nico, tel\u00e9fono, web y redes sociales de la organizaci\u00f3n\u00a0o persona propuesta para recibir el reconocimiento.<\/li>\n<li>&#8211; Datos de la organizaci\u00f3n o persona que hace la propuesta.<\/li>\n<\/ul>\n<p>Toda la documentaci\u00f3n deber\u00e1 aportarse necesariamente mediante ficheros electr\u00f3nicos en formato PDF y de tama\u00f1o no superior a 4 megabytes de informaci\u00f3n.<\/p>\n<p>Las propuestas con las candidaturas deben enviarse al correo electr\u00f3nico: <a href=\"mailto:acampa@redeacampa.org\">acampa@redeacampa.org.<\/a><\/p>\n<p><strong>4.- Plazo de presentaci\u00f3n de candidaturas.<\/strong><\/p>\n<p>El plazo para presentar candidaturas finaliza el 28 de febrero de cada a\u00f1o.<\/p>\n<p><strong>5.- \u00bfCu\u00e1ntos reconocimientos se entregan cada a\u00f1o?. <\/strong><\/p>\n<p><strong>\u00a0<\/strong>Cada a\u00f1o se entregar\u00e1n los siguientes Reconocimientos <strong><span style=\"color: #cd1619;\">Acampa<\/span><\/strong>:<\/p>\n<ul>\n<li><strong>&#8211; Un<\/strong> \u00fanico <strong>Reconocimiento Internacional,<\/strong> que se entregar\u00e1 rotatoriamente en cada pa\u00eds, en la ciudad que realice antes el encuentro internacional anual de m\u00e1s de dos d\u00edas, o bien; en la ciudad que decida la direcci\u00f3n\u00a0<strong><span style=\"color: #cd1619;\">Acampa<\/span> <\/strong>de cada pa\u00eds.<\/li>\n<li><strong>&#8211; Un<\/strong> <strong>Reconocimiento Local en cada ciudad <\/strong>con organizaci\u00f3n\u00a0<strong><span style=\"color: #cd1619;\">Acampa<\/span><\/strong> que as\u00ed lo decida, sin importar el n\u00famero de ciudades que quieran entregar el Reconocimiento Local. <strong>En el caso concreto de Galicia se admite ampliar el Reconocimiento a organizaciones y personas de todo el territorio gallego<\/strong>.<\/li>\n<\/ul>\n<p>La direcci\u00f3n internacional de <strong><span style=\"color: #cd1619;\">Acampa<\/span><\/strong>, por razones estrat\u00e9gicas, podr\u00e1 decidir la ciudad en la que se entrega el Reconocimiento Internacional. Est\u00e1 decisi\u00f3n tendr\u00e1 prioridad sobre cualquier otra.<\/p>\n<p><strong>6.- \u00bfC\u00f3mo se selecciona el reconocimiento anual?<\/strong><\/p>\n<p>Una vez cerrado el plazo para presentar candidaturas, se abre un plazo de votaci\u00f3n de quince d\u00edas que se iniciar\u00e1 el 30 de marzo de 2021, en el que pueden participar todas las personas acreditadas como asociadas a una de las organizaciones <strong><span style=\"color: #cd1619;\">Acampa<\/span> <\/strong>y todas las organizaciones de la <strong><span style=\"color: #cd1619;\">Red Acampa<\/span><\/strong>, con un voto por organizaci\u00f3n<strong>.<\/strong><\/p>\n<p>Se pueden presentar dos candidaturas por organizaci\u00f3n o persona particular:<\/p>\n<ul>\n<li>&#8211; Una para el Reconocimiento Internacional.<\/li>\n<li>&#8211; Otra para el Reconocimiento Local a una organizaci\u00f3n o persona de A Coru\u00f1a o de cualquier otra ciudad con organizaci\u00f3n <strong><span style=\"color: #cd1619;\">Acampa<\/span><\/strong> que decida entregar el Reconocimiento Local y as\u00ed lo anuncie p\u00fablicamente.<\/li>\n<\/ul>\n<p>La votaci\u00f3n del Reconocimiento Internacional y del Reconocimiento Local se realizar\u00e1 a trav\u00e9s de la web <strong><span style=\"color: #cd1619;\">Acampa Internacional<\/span><\/strong> en el enlace que se facilitar\u00e1 para tal fin.<\/p>\n<p>Podr\u00e1n votar todas las organizaciones de la <strong><span style=\"color: #cd1619;\">Red Acampa<\/span><\/strong> y todas las personas registradas o asociadas a la <strong><span style=\"color: #cd1619;\">Red Acampa<\/span><\/strong>.<\/p>\n<p>[\/et_pb_text][\/et_pb_column][et_pb_column type=\u00bb2_5&#8243; _builder_version=\u00bb4.8.1&#8243; _module_preset=\u00bbdefault\u00bb global_colors_info=\u00bb{}\u00bb][et_pb_image src=\u00bbhttps:\/\/redeacampa.org\/wp-content\/uploads\/Escultura-Reconocimiento-Acampa.png\u00bb title_text=\u00bbEscultura-Reconocimiento Acampa\u00bb align=\u00bbcenter\u00bb _builder_version=\u00bb4.8.1&#8243; _module_preset=\u00bbdefault\u00bb background_enable_color=\u00bboff\u00bb module_alignment=\u00bbcenter\u00bb custom_margin=\u00bb||17px|||\u00bb custom_padding=\u00bb15.1%||||false|false\u00bb border_color_all=\u00bb#CD1619&#8243; box_shadow_style=\u00bbpreset3&#8243; box_shadow_color=\u00bb#CD1619&#8243; global_colors_info=\u00bb{}\u00bb][\/et_pb_image][et_pb_text _builder_version=\u00bb4.8.1&#8243; _module_preset=\u00bbdefault\u00bb text_orientation=\u00bbcenter\u00bb min_height=\u00bb22.8px\u00bb custom_margin=\u00bb11px||15%||false|false\u00bb custom_padding=\u00bb0px||||false|false\u00bb global_colors_info=\u00bb{}\u00bb]<\/p>\n<p>Escultura realizada por: <strong>Pilar Sub\u00edas.<\/strong><\/p>\n<p>[\/et_pb_text][et_pb_button button_url=\u00bbhttps:\/\/coruna.redeacampa.org\/es\/sumate-a-la-red\/\u00bb button_text=\u00bbRegistrate y Asociate Aqu\u00ed\u00bb button_alignment=\u00bbcenter\u00bb _builder_version=\u00bb4.8.1&#8243; _module_preset=\u00bbdefault\u00bb background_layout=\u00bbdark\u00bb global_colors_info=\u00bb{}\u00bb][\/et_pb_button][et_pb_text _builder_version=\u00bb4.8.1&#8243; _module_preset=\u00bbdefault\u00bb custom_margin=\u00bb15%||||false|false\u00bb global_colors_info=\u00bb{}\u00bb]<\/p>\n<p><strong>PilarSub\u00edas<\/strong> don\u00f3 solidariamente la obra y los derechos de uso a <span style=\"color: #cd1619;\"><strong>Acampa<\/strong> por la Paz y el Derecho a Refugio<\/span>.<\/p>\n<p><a href=\"https:\/\/quintodeebro.com\/gallery2\/index.php\/Artesanos_y_Artistas\/Pilar_P_rez_Sub_as_Escultora\">https:\/\/quintodeebro.com\/gallery2\/index.php\/Artesanos_y_Artistas\/Pilar_P_rez_Sub_as_Escultora<\/a><\/p>\n<p>[\/et_pb_text][\/et_pb_column][\/et_pb_row][\/et_pb_section]<\/p>\n","protected":false},"excerpt":{"rendered":"<p>I Reconocimiento internacional a la defensa de los derechos humanos \u201cAcampa pola paz y el derecho a refugio\u201d &nbsp;Se trata de un reconocimiento anual a entidades o personas que destaquen en la defensa de los Derechos Humanos, especialmente en los campos de actuaci\u00f3n de Acampa: defensa de los Derechos Humanos, el Derecho a Refugio y [&hellip;]<\/p>\n","protected":false},"author":1,"featured_media":0,"parent":0,"menu_order":0,"comment_status":"closed","ping_status":"closed","template":"","meta":{"_et_pb_use_builder":"on","_et_pb_old_content":"","_et_gb_content_width":"","footnotes":""},"categories":[49],"tags":[],"class_list":["post-45239","page","type-page","status-publish","hentry","category-reconocimiento-es"],"yoast_head":"<!-- This site is optimized with the Yoast SEO plugin v26.4 - https:\/\/yoast.com\/wordpress\/plugins\/seo\/ -->\n<title>I Reco Bases Acampa 2021 - Acampa - Pola paz e o dereito a refuxio<\/title>\n<meta name=\"robots\" content=\"index, follow, max-snippet:-1, max-image-preview:large, max-video-preview:-1\" \/>\n<link rel=\"canonical\" href=\"https:\/\/redeacampa.org\/es\/i-reco-bases-acampa-2021\/\" \/>\n<meta property=\"og:locale\" content=\"es_ES\" \/>\n<meta property=\"og:type\" content=\"article\" \/>\n<meta property=\"og:title\" content=\"I Reco Bases Acampa 2021 - Acampa - Pola paz e o dereito a refuxio\" \/>\n<meta property=\"og:description\" content=\"I Reconocimiento internacional a la defensa de los derechos humanos \u201cAcampa pola paz y el derecho a refugio\u201d &nbsp;Se trata de un reconocimiento anual a entidades o personas que destaquen en la defensa de los Derechos Humanos, especialmente en los campos de actuaci\u00f3n de Acampa: defensa de los Derechos Humanos, el Derecho a Refugio y [&hellip;]\" \/>\n<meta property=\"og:url\" content=\"https:\/\/redeacampa.org\/es\/i-reco-bases-acampa-2021\/\" \/>\n<meta property=\"og:site_name\" content=\"Acampa - Pola paz e o dereito a refuxio\" \/>\n<meta property=\"article:publisher\" content=\"https:\/\/www.facebook.com\/acampapolapazeodereitoarefuxio\" \/>\n<meta property=\"article:modified_time\" content=\"2025-04-29T21:07:06+00:00\" \/>\n<meta name=\"twitter:card\" content=\"summary_large_image\" \/>\n<meta name=\"twitter:site\" content=\"@Acampa_polapaz\" \/>\n<meta name=\"twitter:label1\" content=\"Tiempo de lectura\" \/>\n\t<meta name=\"twitter:data1\" content=\"7 minutos\" \/>\n<script type=\"application\/ld+json\" class=\"yoast-schema-graph\">{\"@context\":\"https:\/\/schema.org\",\"@graph\":[{\"@type\":\"WebPage\",\"@id\":\"https:\/\/redeacampa.org\/es\/i-reco-bases-acampa-2021\/\",\"url\":\"https:\/\/redeacampa.org\/es\/i-reco-bases-acampa-2021\/\",\"name\":\"I Reco Bases Acampa 2021 - Acampa - Pola paz e o dereito a refuxio\",\"isPartOf\":{\"@id\":\"https:\/\/redeacampa.org\/es\/#website\"},\"datePublished\":\"2021-01-26T20:00:11+00:00\",\"dateModified\":\"2025-04-29T21:07:06+00:00\",\"breadcrumb\":{\"@id\":\"https:\/\/redeacampa.org\/es\/i-reco-bases-acampa-2021\/#breadcrumb\"},\"inLanguage\":\"es\",\"potentialAction\":[{\"@type\":\"ReadAction\",\"target\":[\"https:\/\/redeacampa.org\/es\/i-reco-bases-acampa-2021\/\"]}]},{\"@type\":\"BreadcrumbList\",\"@id\":\"https:\/\/redeacampa.org\/es\/i-reco-bases-acampa-2021\/#breadcrumb\",\"itemListElement\":[{\"@type\":\"ListItem\",\"position\":1,\"name\":\"Portada\",\"item\":\"https:\/\/redeacampa.org\/es\/\"},{\"@type\":\"ListItem\",\"position\":2,\"name\":\"I Reco Bases Acampa 2021\"}]},{\"@type\":\"WebSite\",\"@id\":\"https:\/\/redeacampa.org\/es\/#website\",\"url\":\"https:\/\/redeacampa.org\/es\/\",\"name\":\"Acampa - Pola paz e o dereito a refuxio\",\"description\":\"Unha iniciativa cidad\u00e1 sen fins de lucro integrada por colectivos sociais, culturais, educativos, veci\u00f1ais, pol\u00edticos, sindicais, art\u00edsticos, de persoas solidarias, de instituci\u00f3ns e empresas con responsabilidade social que te\u00f1en como obxectivo a defensa dos dereitos humanos, o Dereito Internacional Humanitario e o Dereito a Refuxio.\",\"publisher\":{\"@id\":\"https:\/\/redeacampa.org\/es\/#organization\"},\"potentialAction\":[{\"@type\":\"SearchAction\",\"target\":{\"@type\":\"EntryPoint\",\"urlTemplate\":\"https:\/\/redeacampa.org\/es\/?s={search_term_string}\"},\"query-input\":{\"@type\":\"PropertyValueSpecification\",\"valueRequired\":true,\"valueName\":\"search_term_string\"}}],\"inLanguage\":\"es\"},{\"@type\":\"Organization\",\"@id\":\"https:\/\/redeacampa.org\/es\/#organization\",\"name\":\"Acampa\",\"url\":\"https:\/\/redeacampa.org\/es\/\",\"logo\":{\"@type\":\"ImageObject\",\"inLanguage\":\"es\",\"@id\":\"https:\/\/redeacampa.org\/es\/#\/schema\/logo\/image\/\",\"url\":\"https:\/\/redeacampa.org\/wp-content\/uploads\/2019\/01\/acampaConRojo_es.png\",\"contentUrl\":\"https:\/\/redeacampa.org\/wp-content\/uploads\/2019\/01\/acampaConRojo_es.png\",\"width\":612,\"height\":204,\"caption\":\"Acampa\"},\"image\":{\"@id\":\"https:\/\/redeacampa.org\/es\/#\/schema\/logo\/image\/\"},\"sameAs\":[\"https:\/\/www.facebook.com\/acampapolapazeodereitoarefuxio\",\"https:\/\/x.com\/Acampa_polapaz\",\"https:\/\/www.instagram.com\/Acampa_polapaz\/\",\"https:\/\/www.youtube.com\/channel\/UChk1mSCHVEHmjq9e8PLb-mw\"]}]}<\/script>\n<!-- \/ Yoast SEO plugin. -->","yoast_head_json":{"title":"I Reco Bases Acampa 2021 - Acampa - Pola paz e o dereito a refuxio","robots":{"index":"index","follow":"follow","max-snippet":"max-snippet:-1","max-image-preview":"max-image-preview:large","max-video-preview":"max-video-preview:-1"},"canonical":"https:\/\/redeacampa.org\/es\/i-reco-bases-acampa-2021\/","og_locale":"es_ES","og_type":"article","og_title":"I Reco Bases Acampa 2021 - Acampa - Pola paz e o dereito a refuxio","og_description":"I Reconocimiento internacional a la defensa de los derechos humanos \u201cAcampa pola paz y el derecho a refugio\u201d &nbsp;Se trata de un reconocimiento anual a entidades o personas que destaquen en la defensa de los Derechos Humanos, especialmente en los campos de actuaci\u00f3n de Acampa: defensa de los Derechos Humanos, el Derecho a Refugio y [&hellip;]","og_url":"https:\/\/redeacampa.org\/es\/i-reco-bases-acampa-2021\/","og_site_name":"Acampa - Pola paz e o dereito a refuxio","article_publisher":"https:\/\/www.facebook.com\/acampapolapazeodereitoarefuxio","article_modified_time":"2025-04-29T21:07:06+00:00","twitter_card":"summary_large_image","twitter_site":"@Acampa_polapaz","twitter_misc":{"Tiempo de lectura":"7 minutos"},"schema":{"@context":"https:\/\/schema.org","@graph":[{"@type":"WebPage","@id":"https:\/\/redeacampa.org\/es\/i-reco-bases-acampa-2021\/","url":"https:\/\/redeacampa.org\/es\/i-reco-bases-acampa-2021\/","name":"I Reco Bases Acampa 2021 - Acampa - Pola paz e o dereito a refuxio","isPartOf":{"@id":"https:\/\/redeacampa.org\/es\/#website"},"datePublished":"2021-01-26T20:00:11+00:00","dateModified":"2025-04-29T21:07:06+00:00","breadcrumb":{"@id":"https:\/\/redeacampa.org\/es\/i-reco-bases-acampa-2021\/#breadcrumb"},"inLanguage":"es","potentialAction":[{"@type":"ReadAction","target":["https:\/\/redeacampa.org\/es\/i-reco-bases-acampa-2021\/"]}]},{"@type":"BreadcrumbList","@id":"https:\/\/redeacampa.org\/es\/i-reco-bases-acampa-2021\/#breadcrumb","itemListElement":[{"@type":"ListItem","position":1,"name":"Portada","item":"https:\/\/redeacampa.org\/es\/"},{"@type":"ListItem","position":2,"name":"I Reco Bases Acampa 2021"}]},{"@type":"WebSite","@id":"https:\/\/redeacampa.org\/es\/#website","url":"https:\/\/redeacampa.org\/es\/","name":"Acampa - Pola paz e o dereito a refuxio","description":"Unha iniciativa cidad\u00e1 sen fins de lucro integrada por colectivos sociais, culturais, educativos, veci\u00f1ais, pol\u00edticos, sindicais, art\u00edsticos, de persoas solidarias, de instituci\u00f3ns e empresas con responsabilidade social que te\u00f1en como obxectivo a defensa dos dereitos humanos, o Dereito Internacional Humanitario e o Dereito a Refuxio.","publisher":{"@id":"https:\/\/redeacampa.org\/es\/#organization"},"potentialAction":[{"@type":"SearchAction","target":{"@type":"EntryPoint","urlTemplate":"https:\/\/redeacampa.org\/es\/?s={search_term_string}"},"query-input":{"@type":"PropertyValueSpecification","valueRequired":true,"valueName":"search_term_string"}}],"inLanguage":"es"},{"@type":"Organization","@id":"https:\/\/redeacampa.org\/es\/#organization","name":"Acampa","url":"https:\/\/redeacampa.org\/es\/","logo":{"@type":"ImageObject","inLanguage":"es","@id":"https:\/\/redeacampa.org\/es\/#\/schema\/logo\/image\/","url":"https:\/\/redeacampa.org\/wp-content\/uploads\/2019\/01\/acampaConRojo_es.png","contentUrl":"https:\/\/redeacampa.org\/wp-content\/uploads\/2019\/01\/acampaConRojo_es.png","width":612,"height":204,"caption":"Acampa"},"image":{"@id":"https:\/\/redeacampa.org\/es\/#\/schema\/logo\/image\/"},"sameAs":["https:\/\/www.facebook.com\/acampapolapazeodereitoarefuxio","https:\/\/x.com\/Acampa_polapaz","https:\/\/www.instagram.com\/Acampa_polapaz\/","https:\/\/www.youtube.com\/channel\/UChk1mSCHVEHmjq9e8PLb-mw"]}]}},"_links":{"self":[{"href":"https:\/\/redeacampa.org\/es\/wp-json\/wp\/v2\/pages\/45239","targetHints":{"allow":["GET"]}}],"collection":[{"href":"https:\/\/redeacampa.org\/es\/wp-json\/wp\/v2\/pages"}],"about":[{"href":"https:\/\/redeacampa.org\/es\/wp-json\/wp\/v2\/types\/page"}],"author":[{"embeddable":true,"href":"https:\/\/redeacampa.org\/es\/wp-json\/wp\/v2\/users\/1"}],"replies":[{"embeddable":true,"href":"https:\/\/redeacampa.org\/es\/wp-json\/wp\/v2\/comments?post=45239"}],"version-history":[{"count":57,"href":"https:\/\/redeacampa.org\/es\/wp-json\/wp\/v2\/pages\/45239\/revisions"}],"predecessor-version":[{"id":46919,"href":"https:\/\/redeacampa.org\/es\/wp-json\/wp\/v2\/pages\/45239\/revisions\/46919"}],"wp:attachment":[{"href":"https:\/\/redeacampa.org\/es\/wp-json\/wp\/v2\/media?parent=45239"}],"wp:term":[{"taxonomy":"category","embeddable":true,"href":"https:\/\/redeacampa.org\/es\/wp-json\/wp\/v2\/categories?post=45239"},{"taxonomy":"post_tag","embeddable":true,"href":"https:\/\/redeacampa.org\/es\/wp-json\/wp\/v2\/tags?post=45239"}],"curies":[{"name":"wp","href":"https:\/\/api.w.org\/{rel}","templated":true}]}}