{"id":47697,"date":"2022-03-20T21:40:51","date_gmt":"2022-03-20T20:40:51","guid":{"rendered":"https:\/\/redeacampa.org\/?page_id=47697"},"modified":"2025-04-29T23:09:40","modified_gmt":"2025-04-29T21:09:40","slug":"ii-reco-resultados-acampa-2022","status":"publish","type":"page","link":"https:\/\/redeacampa.org\/es\/ii-reco-resultados-acampa-2022\/","title":{"rendered":"II Reco Resultados Acampa 2022"},"content":{"rendered":"<p>[et_pb_section fb_built=\u00bb1&#8243; fullwidth=\u00bbon\u00bb custom_padding_last_edited=\u00bbon|desktop\u00bb admin_label=\u00bbsection\u00bb _builder_version=\u00bb4.16&#8243; background_color=\u00bb#cd1619&#8243; custom_padding_tablet=\u00bb50px|0|50px|0&#8243; custom_padding_phone=\u00bb\u00bb transparent_background=\u00bboff\u00bb padding_mobile=\u00bboff\u00bb locked=\u00bboff\u00bb collapsed=\u00bbon\u00bb global_colors_info=\u00bb{}\u00bb][et_pb_fullwidth_header title=\u00bbResultados del II Reconocimiento Internacional Acampa 2022&#8243; subhead=\u00bbPor la paz y el derecho a refugio\u00bb admin_label=\u00bbT\u00edtulo de anchura completa\u00bb _builder_version=\u00bb4.16&#8243; title_font=\u00bb|on|||\u00bb subhead_font=\u00bb||on||\u00bb background_color=\u00bbrgba(255, 255, 255, 0)\u00bb button_one_letter_spacing_hover=\u00bb0&#8243; button_two_letter_spacing_hover=\u00bb0&#8243; global_colors_info=\u00bb{}\u00bb button_one_text_size__hover_enabled=\u00bboff\u00bb button_two_text_size__hover_enabled=\u00bboff\u00bb button_one_text_color__hover_enabled=\u00bboff\u00bb button_two_text_color__hover_enabled=\u00bboff\u00bb button_one_border_width__hover_enabled=\u00bboff\u00bb button_two_border_width__hover_enabled=\u00bboff\u00bb button_one_border_color__hover_enabled=\u00bboff\u00bb button_two_border_color__hover_enabled=\u00bboff\u00bb button_one_border_radius__hover_enabled=\u00bboff\u00bb button_two_border_radius__hover_enabled=\u00bboff\u00bb button_one_letter_spacing__hover_enabled=\u00bbon\u00bb button_one_letter_spacing__hover=\u00bb0&#8243; button_two_letter_spacing__hover_enabled=\u00bbon\u00bb button_two_letter_spacing__hover=\u00bb0&#8243; button_one_bg_color__hover_enabled=\u00bboff\u00bb button_two_bg_color__hover_enabled=\u00bboff\u00bb][\/et_pb_fullwidth_header][\/et_pb_section][et_pb_section fb_built=\u00bb1&#8243; _builder_version=\u00bb4.17.4&#8243; _module_preset=\u00bbdefault\u00bb hover_enabled=\u00bb0&#8243; collapsed=\u00bboff\u00bb global_colors_info=\u00bb{}\u00bb sticky_enabled=\u00bb0&#8243;][et_pb_row _builder_version=\u00bb4.16&#8243; _module_preset=\u00bbdefault\u00bb collapsed=\u00bboff\u00bb global_colors_info=\u00bb{}\u00bb][et_pb_column type=\u00bb4_4&#8243; _builder_version=\u00bb4.16&#8243; _module_preset=\u00bbdefault\u00bb global_colors_info=\u00bb{}\u00bb][et_pb_image src=\u00bbhttps:\/\/redeacampa.org\/wp-content\/uploads\/Res-Rec-2022.jpg\u00bb title_text=\u00bbRes-Rec-2022&#8243; _builder_version=\u00bb4.16&#8243; _module_preset=\u00bbdefault\u00bb global_colors_info=\u00bb{}\u00bb][\/et_pb_image][et_pb_text _builder_version=\u00bb4.16&#8243; _module_preset=\u00bbdefault\u00bb global_colors_info=\u00bb{}\u00bb]<\/p>\n<p>la Ong <strong>Caminado Fronteras<\/strong> y la Ong <strong>Ecodesarrollo Gaia<\/strong> fueron los m\u00e1s votados en el <strong>II Reconocimiento Internacional a la Defensa de los Derechos Humanos Acampa 2022<\/strong>.<\/p>\n<p>Las votaciones en cada una de las dos categor\u00edas \u2013 internacional y gallega &#8211; fueron secretas, verificables y abiertas, las personas asociadas al movimiento Acampa, decidieron que sean la Ong <strong>Caminando Fronteras<\/strong>, con un<strong> 27,00%<\/strong> de los votos, y la ong de la coru\u00f1a <strong>Ecodesarrollo Gaia<\/strong>, con el <strong>36,10%<\/strong>, los que recibiran el II Reconocimiento de Acampa, que toma forma en una aleg\u00f3rica escultura de la artista <strong>Pilar Sub\u00edas<\/strong>.<\/p>\n<p>Cualquiera de las candidaturas presentadas era clara merecedora de nuestro aplauso colectivo por su labor y su trabajo en el tejido de una sociedad m\u00e1s justa y humana. Pero los votos de las organizaciones, particulares asociados a la red y la ciudadan\u00eda implicada con Acampa eligieron al <strong>Caminando Fronteras<\/strong> y <strong>Ecodesarrollo Gaia<\/strong>.<\/p>\n<p>[\/et_pb_text][\/et_pb_column][\/et_pb_row][\/et_pb_section][et_pb_section fb_built=\u00bb1&#8243; _builder_version=\u00bb4.16&#8243; _module_preset=\u00bbdefault\u00bb background_color=\u00bb#cac2af\u00bb collapsed=\u00bbon\u00bb global_colors_info=\u00bb{}\u00bb][et_pb_row _builder_version=\u00bb4.16&#8243; _module_preset=\u00bbdefault\u00bb collapsed=\u00bboff\u00bb global_colors_info=\u00bb{}\u00bb][et_pb_column type=\u00bb4_4&#8243; _builder_version=\u00bb4.16&#8243; _module_preset=\u00bbdefault\u00bb global_colors_info=\u00bb{}\u00bb][et_pb_text _builder_version=\u00bb4.16&#8243; _module_preset=\u00bbdefault\u00bb global_colors_info=\u00bb{}\u00bb]<\/p>\n<h3 style=\"text-align: center;\">II Reconocimiento Internacional<\/h3>\n<h3 style=\"text-align: center;\">a la Defensa de los Derechos Humanos Acampa 2022<\/h3>\n<p>[\/et_pb_text][\/et_pb_column][\/et_pb_row][et_pb_row column_structure=\u00bb1_3,2_3&#8243; _builder_version=\u00bb4.16&#8243; _module_preset=\u00bbdefault\u00bb collapsed=\u00bboff\u00bb global_colors_info=\u00bb{}\u00bb][et_pb_column type=\u00bb1_3&#8243; _builder_version=\u00bb4.16&#8243; _module_preset=\u00bbdefault\u00bb global_colors_info=\u00bb{}\u00bb][et_pb_text _builder_version=\u00bb4.16&#8243; _module_preset=\u00bbdefault\u00bb global_colors_info=\u00bb{}\u00bb]<\/p>\n<p><strong>Caminando Fronteras<\/strong> es un colectivo de defensa de los derechos de las personas y comunidades migrantes. Nacida en el a\u00f1o 2002, es fruto de la sinergia y el encuentro de diversos defensores y defensoras de Derechos Humanos situados en diferentes territorios de la <strong>Frontera Occidental Euroafricana<\/strong>.<\/p>\n<p>Esta ONG act\u00faa desde una perspectiva transnacional, transcultural, antirracista y feminista mediante la cual denuncian las fronteras como espacios de impunidad. Luchan por el restablecimiento de los derechos en estos \u201cno lugares\u201d, tejiendo redes con las personas y comunidades en movimiento. Su objetivo, minar la necropol\u00edtica que destruye los derechos de las personas y comunidades migrantes. Lo hacen resistiendo y resiliendo en colectivo a las violencias estatales, empresariales y criminales que habitan el espacio fronterizo.<\/p>\n<p>Confiamos en que sea su m\u00e1xima representante <strong>Helena Maleno Garz\u00f3n<\/strong> quien recoja el reconocimiento en A Coru\u00f1a durante la celebraci\u00f3n del <strong>VI Encuentro Internacional Acampa por la Paz y el Derecho a Refugio 2022<\/strong> que se celebrar\u00e1 el <strong>9,10 y 11 de junio<\/strong>.<\/p>\n<p>[\/et_pb_text][\/et_pb_column][et_pb_column type=\u00bb2_3&#8243; _builder_version=\u00bb4.16&#8243; _module_preset=\u00bbdefault\u00bb global_colors_info=\u00bb{}\u00bb][et_pb_image src=\u00bbhttps:\/\/redeacampa.org\/wp-content\/uploads\/Caminando.png\u00bb alt=\u00bbCaminando Fronteras\u00bb title_text=\u00bbCaminando Fronteras\u00bb show_in_lightbox=\u00bbon\u00bb _builder_version=\u00bb4.16&#8243; _module_preset=\u00bbdefault\u00bb global_colors_info=\u00bb{}\u00bb][\/et_pb_image][\/et_pb_column][\/et_pb_row][et_pb_row _builder_version=\u00bb4.16&#8243; _module_preset=\u00bbdefault\u00bb collapsed=\u00bboff\u00bb global_colors_info=\u00bb{}\u00bb][et_pb_column type=\u00bb4_4&#8243; _builder_version=\u00bb4.16&#8243; _module_preset=\u00bbdefault\u00bb global_colors_info=\u00bb{}\u00bb][et_pb_text _builder_version=\u00bb4.16&#8243; _module_preset=\u00bbdefault\u00bb global_colors_info=\u00bb{}\u00bb]<\/p>\n<h3 style=\"text-align: center;\">II Reconocimiento Local (Galicia)<\/h3>\n<h3 style=\"text-align: center;\">a la Defensa de los Derechos Humanos Acampa 2022<\/h3>\n<p>[\/et_pb_text][\/et_pb_column][\/et_pb_row][et_pb_row column_structure=\u00bb2_3,1_3&#8243; _builder_version=\u00bb4.16&#8243; _module_preset=\u00bbdefault\u00bb collapsed=\u00bboff\u00bb global_colors_info=\u00bb{}\u00bb][et_pb_column type=\u00bb2_3&#8243; _builder_version=\u00bb4.16&#8243; _module_preset=\u00bbdefault\u00bb global_colors_info=\u00bb{}\u00bb][et_pb_image src=\u00bbhttps:\/\/redeacampa.org\/wp-content\/uploads\/ecodesarrollo-2022.png\u00bb alt=\u00bbEcodesarrollo Gaia\u00bb title_text=\u00bbEcodesarrollo Gaia\u00bb show_in_lightbox=\u00bbon\u00bb _builder_version=\u00bb4.16&#8243; _module_preset=\u00bbdefault\u00bb global_colors_info=\u00bb{}\u00bb][\/et_pb_image][\/et_pb_column][et_pb_column type=\u00bb1_3&#8243; _builder_version=\u00bb4.16&#8243; _module_preset=\u00bbdefault\u00bb global_colors_info=\u00bb{}\u00bb][et_pb_text _builder_version=\u00bb4.16&#8243; _module_preset=\u00bbdefault\u00bb global_colors_info=\u00bb{}\u00bb]<\/p>\n<p><strong>Ecodesarrollo Gaia<\/strong> es una ong nacida en 1992 que debe su nombre a la palabra griega \u201cMadre Tierra\u201d. Trabaja en el marco de los Derechos Humanos, la Paz-NoViolencia, la Igualdad de Oportunidades de G\u00e9nero, la Defensa del Medio Ambiente, la Sostenibilidad, la Equidad Norte-Sur y la Equidad Intergeneracional con la inmigraci\u00f3n y en proyectos de codesarrollo- cooperaci\u00f3n internacional.<\/p>\n<p>Colabora con otras ongs ecologistas, sociales,culturales y de Defensa de los Derechos Humanos a nivel espa\u00f1ol e internacional y con el CITE \u2013 CCOO. Trabaja con el Movimiento GreenBelt y su lideresa, la Dra.Wangari Maathai (Kenia), Premio Nobel de la Paz 2004.<\/p>\n<p>Coru\u00f1a Cura es una iniciativa de <strong>Ecodesarrollo Gaia<\/strong> que naci\u00f3 en 2007. Es un programa de atenci\u00f3n m\u00e9dico-sanitaria dirigido prioritariamente a los ni\u00f1os y mujeres de Yoff (Senegal), realizado por personal sanitario voluntario y con la aportaci\u00f3n de medicamentos y material por parte de la ONG. Adem\u00e1s, en la Escuela Coru\u00f1a, situada en la misma localidad, desarrollan diversas actividades formativas para ni\u00f1os, mujeres y j\u00f3venes para que consigan ser independientes.<\/p>\n<p>Su m\u00e1ximo representante, <strong>Guillermo Fern\u00e1ndez-Obanza (Mito)<\/strong> ser\u00e1 quien recoja el reconocimiento en A Coru\u00f1a durante la celebraci\u00f3n del <strong>VI Encuentro Internacional Acampa por la Paz y el Derecho a Refugio 2022<\/strong> que se celebrar\u00e1 el <strong>9,10 y 11 de junio.<\/strong><\/p>\n<p>[\/et_pb_text][\/et_pb_column][\/et_pb_row][\/et_pb_section][et_pb_section fb_built=\u00bb1&#8243; _builder_version=\u00bb4.16&#8243; _module_preset=\u00bbdefault\u00bb collapsed=\u00bbon\u00bb global_colors_info=\u00bb{}\u00bb][et_pb_row _builder_version=\u00bb4.16&#8243; _module_preset=\u00bbdefault\u00bb collapsed=\u00bbon\u00bb global_colors_info=\u00bb{}\u00bb][et_pb_column type=\u00bb4_4&#8243; _builder_version=\u00bb4.16&#8243; _module_preset=\u00bbdefault\u00bb global_colors_info=\u00bb{}\u00bb][et_pb_text _builder_version=\u00bb4.16&#8243; _module_preset=\u00bbdefault\u00bb global_colors_info=\u00bb{}\u00bb]<\/p>\n<p>Desde el movimiento <strong>Acampa<\/strong> nos congratulamos del resultado. El objetivo del reconocimiento, poner en valor la necesidad de la defensa de los Derechos Humanos, destacando la labor de organizaciones o personas referentes en ese campo y que sean un ejemplo para toda la sociedad, est\u00e1 m\u00e1s que cumplido con los resultados de la votaci\u00f3n.<\/p>\n<p>Aqu\u00ed os dejamos, en dos roscos, los resultados alcanzados por cada una de las candidaturas que concurrieron a nuestro <strong>II Reconocimiento Internacional Acampa 2022 por la Paz<\/strong> <strong>y el Derecho a Refugio:<\/strong><\/p>\n<p>[\/et_pb_text][\/et_pb_column][\/et_pb_row][et_pb_row column_structure=\u00bb1_2,1_2&#8243; _builder_version=\u00bb4.16&#8243; _module_preset=\u00bbdefault\u00bb collapsed=\u00bbon\u00bb global_colors_info=\u00bb{}\u00bb][et_pb_column type=\u00bb1_2&#8243; _builder_version=\u00bb4.16&#8243; _module_preset=\u00bbdefault\u00bb global_colors_info=\u00bb{}\u00bb][et_pb_image src=\u00bbhttps:\/\/redeacampa.org\/wp-content\/uploads\/RecoInter2022.jpg\u00bb title_text=\u00bbRecoInter2022&#8243; show_in_lightbox=\u00bbon\u00bb _builder_version=\u00bb4.16&#8243; _module_preset=\u00bbdefault\u00bb global_colors_info=\u00bb{}\u00bb][\/et_pb_image][\/et_pb_column][et_pb_column type=\u00bb1_2&#8243; _builder_version=\u00bb4.16&#8243; _module_preset=\u00bbdefault\u00bb global_colors_info=\u00bb{}\u00bb][et_pb_image src=\u00bbhttps:\/\/redeacampa.org\/wp-content\/uploads\/RecoLoc2022.jpg\u00bb title_text=\u00bbRecoLoc2022&#8243; show_in_lightbox=\u00bbon\u00bb _builder_version=\u00bb4.16&#8243; _module_preset=\u00bbdefault\u00bb global_colors_info=\u00bb{}\u00bb][\/et_pb_image][\/et_pb_column][\/et_pb_row][\/et_pb_section][et_pb_section fb_built=\u00bb1&#8243; _builder_version=\u00bb4.16&#8243; _module_preset=\u00bbdefault\u00bb background_color=\u00bb#74997b\u00bb custom_padding=\u00bb||0px|||\u00bb collapsed=\u00bbon\u00bb global_colors_info=\u00bb{}\u00bb][et_pb_row column_structure=\u00bb1_4,1_4,1_4,1_4&#8243; make_equal=\u00bbon\u00bb _builder_version=\u00bb4.16&#8243; _module_preset=\u00bbdefault\u00bb custom_padding=\u00bb6px||4px|||\u00bb collapsed=\u00bboff\u00bb global_colors_info=\u00bb{}\u00bb][et_pb_column type=\u00bb1_4&#8243; _builder_version=\u00bb4.16&#8243; _module_preset=\u00bbdefault\u00bb global_colors_info=\u00bb{}\u00bb][\/et_pb_column][et_pb_column type=\u00bb1_4&#8243; _builder_version=\u00bb4.16&#8243; _module_preset=\u00bbdefault\u00bb global_colors_info=\u00bb{}\u00bb][et_pb_image src=\u00bbhttps:\/\/redeacampa.org\/wp-content\/uploads\/estatuilla.png\u00bb title_text=\u00bbestatuilla\u00bb _builder_version=\u00bb4.16&#8243; _module_preset=\u00bbdefault\u00bb height=\u00bb80%\u00bb global_colors_info=\u00bb{}\u00bb][\/et_pb_image][\/et_pb_column][et_pb_column type=\u00bb1_4&#8243; _builder_version=\u00bb4.16&#8243; _module_preset=\u00bbdefault\u00bb global_colors_info=\u00bb{}\u00bb][et_pb_image src=\u00bbhttps:\/\/redeacampa.org\/wp-content\/uploads\/Reconocimiento_2021_5.jpg\u00bb show_in_lightbox=\u00bbon\u00bb _builder_version=\u00bb4.16&#8243; _module_preset=\u00bbdefault\u00bb custom_margin=\u00bb-1px|||||\u00bb global_colors_info=\u00bb{}\u00bb][\/et_pb_image][et_pb_text _builder_version=\u00bb4.16&#8243; _module_preset=\u00bbdefault\u00bb text_text_color=\u00bb#FFFFFF\u00bb global_colors_info=\u00bb{}\u00bb]<\/p>\n<p>La pieza escult\u00f3rica que da forma al Reconocimiento fue creada, para esta iniciativa, por la artista <strong>Pilar Sub\u00edas<\/strong>, a qui\u00e9n agradecemos p\u00fablicamente la donaci\u00f3n y la cesi\u00f3n del derechos de uso de la misma.<\/p>\n<p>[\/et_pb_text][\/et_pb_column][et_pb_column type=\u00bb1_4&#8243; _builder_version=\u00bb4.16&#8243; _module_preset=\u00bbdefault\u00bb global_colors_info=\u00bb{}\u00bb][\/et_pb_column][\/et_pb_row][\/et_pb_section]<\/p>\n","protected":false},"excerpt":{"rendered":"<p>la Ong Caminado Fronteras y la Ong Ecodesarrollo Gaia fueron los m\u00e1s votados en el II Reconocimiento Internacional a la Defensa de los Derechos Humanos Acampa 2022. Las votaciones en cada una de las dos categor\u00edas \u2013 internacional y gallega &#8211; fueron secretas, verificables y abiertas, las personas asociadas al movimiento Acampa, decidieron que sean [&hellip;]<\/p>\n","protected":false},"author":1,"featured_media":0,"parent":0,"menu_order":0,"comment_status":"closed","ping_status":"closed","template":"","meta":{"_et_pb_use_builder":"on","_et_pb_old_content":"","_et_gb_content_width":"","footnotes":""},"categories":[49],"tags":[],"class_list":["post-47697","page","type-page","status-publish","hentry","category-reconocimiento-es"],"yoast_head":"<!-- This site is optimized with the Yoast SEO plugin v26.4 - https:\/\/yoast.com\/wordpress\/plugins\/seo\/ -->\n<title>II Reco Resultados Acampa 2022 - Acampa - Pola paz e o dereito a refuxio<\/title>\n<meta name=\"robots\" content=\"index, follow, max-snippet:-1, max-image-preview:large, max-video-preview:-1\" \/>\n<link rel=\"canonical\" href=\"https:\/\/redeacampa.org\/es\/ii-reco-resultados-acampa-2022\/\" \/>\n<meta property=\"og:locale\" content=\"es_ES\" \/>\n<meta property=\"og:type\" content=\"article\" \/>\n<meta property=\"og:title\" content=\"II Reco Resultados Acampa 2022 - Acampa - Pola paz e o dereito a refuxio\" \/>\n<meta property=\"og:description\" content=\"la Ong Caminado Fronteras y la Ong Ecodesarrollo Gaia fueron los m\u00e1s votados en el II Reconocimiento Internacional a la Defensa de los Derechos Humanos Acampa 2022. Las votaciones en cada una de las dos categor\u00edas \u2013 internacional y gallega - fueron secretas, verificables y abiertas, las personas asociadas al movimiento Acampa, decidieron que sean [&hellip;]\" \/>\n<meta property=\"og:url\" content=\"https:\/\/redeacampa.org\/es\/ii-reco-resultados-acampa-2022\/\" \/>\n<meta property=\"og:site_name\" content=\"Acampa - Pola paz e o dereito a refuxio\" \/>\n<meta property=\"article:publisher\" content=\"https:\/\/www.facebook.com\/acampapolapazeodereitoarefuxio\" \/>\n<meta property=\"article:modified_time\" content=\"2025-04-29T21:09:40+00:00\" \/>\n<meta name=\"twitter:card\" content=\"summary_large_image\" \/>\n<meta name=\"twitter:site\" content=\"@Acampa_polapaz\" \/>\n<meta name=\"twitter:label1\" content=\"Tiempo de lectura\" \/>\n\t<meta name=\"twitter:data1\" content=\"8 minutos\" \/>\n<script type=\"application\/ld+json\" class=\"yoast-schema-graph\">{\"@context\":\"https:\/\/schema.org\",\"@graph\":[{\"@type\":\"WebPage\",\"@id\":\"https:\/\/redeacampa.org\/es\/ii-reco-resultados-acampa-2022\/\",\"url\":\"https:\/\/redeacampa.org\/es\/ii-reco-resultados-acampa-2022\/\",\"name\":\"II Reco Resultados Acampa 2022 - Acampa - Pola paz e o dereito a refuxio\",\"isPartOf\":{\"@id\":\"https:\/\/redeacampa.org\/es\/#website\"},\"datePublished\":\"2022-03-20T20:40:51+00:00\",\"dateModified\":\"2025-04-29T21:09:40+00:00\",\"breadcrumb\":{\"@id\":\"https:\/\/redeacampa.org\/es\/ii-reco-resultados-acampa-2022\/#breadcrumb\"},\"inLanguage\":\"es\",\"potentialAction\":[{\"@type\":\"ReadAction\",\"target\":[\"https:\/\/redeacampa.org\/es\/ii-reco-resultados-acampa-2022\/\"]}]},{\"@type\":\"BreadcrumbList\",\"@id\":\"https:\/\/redeacampa.org\/es\/ii-reco-resultados-acampa-2022\/#breadcrumb\",\"itemListElement\":[{\"@type\":\"ListItem\",\"position\":1,\"name\":\"Portada\",\"item\":\"https:\/\/redeacampa.org\/es\/\"},{\"@type\":\"ListItem\",\"position\":2,\"name\":\"II Reco Resultados Acampa 2022\"}]},{\"@type\":\"WebSite\",\"@id\":\"https:\/\/redeacampa.org\/es\/#website\",\"url\":\"https:\/\/redeacampa.org\/es\/\",\"name\":\"Acampa - Pola paz e o dereito a refuxio\",\"description\":\"Unha iniciativa cidad\u00e1 sen fins de lucro integrada por colectivos sociais, culturais, educativos, veci\u00f1ais, pol\u00edticos, sindicais, art\u00edsticos, de persoas solidarias, de instituci\u00f3ns e empresas con responsabilidade social que te\u00f1en como obxectivo a defensa dos dereitos humanos, o Dereito Internacional Humanitario e o Dereito a Refuxio.\",\"publisher\":{\"@id\":\"https:\/\/redeacampa.org\/es\/#organization\"},\"potentialAction\":[{\"@type\":\"SearchAction\",\"target\":{\"@type\":\"EntryPoint\",\"urlTemplate\":\"https:\/\/redeacampa.org\/es\/?s={search_term_string}\"},\"query-input\":{\"@type\":\"PropertyValueSpecification\",\"valueRequired\":true,\"valueName\":\"search_term_string\"}}],\"inLanguage\":\"es\"},{\"@type\":\"Organization\",\"@id\":\"https:\/\/redeacampa.org\/es\/#organization\",\"name\":\"Acampa\",\"url\":\"https:\/\/redeacampa.org\/es\/\",\"logo\":{\"@type\":\"ImageObject\",\"inLanguage\":\"es\",\"@id\":\"https:\/\/redeacampa.org\/es\/#\/schema\/logo\/image\/\",\"url\":\"https:\/\/redeacampa.org\/wp-content\/uploads\/2019\/01\/acampaConRojo_es.png\",\"contentUrl\":\"https:\/\/redeacampa.org\/wp-content\/uploads\/2019\/01\/acampaConRojo_es.png\",\"width\":612,\"height\":204,\"caption\":\"Acampa\"},\"image\":{\"@id\":\"https:\/\/redeacampa.org\/es\/#\/schema\/logo\/image\/\"},\"sameAs\":[\"https:\/\/www.facebook.com\/acampapolapazeodereitoarefuxio\",\"https:\/\/x.com\/Acampa_polapaz\",\"https:\/\/www.instagram.com\/Acampa_polapaz\/\",\"https:\/\/www.youtube.com\/channel\/UChk1mSCHVEHmjq9e8PLb-mw\"]}]}<\/script>\n<!-- \/ Yoast SEO plugin. -->","yoast_head_json":{"title":"II Reco Resultados Acampa 2022 - Acampa - Pola paz e o dereito a refuxio","robots":{"index":"index","follow":"follow","max-snippet":"max-snippet:-1","max-image-preview":"max-image-preview:large","max-video-preview":"max-video-preview:-1"},"canonical":"https:\/\/redeacampa.org\/es\/ii-reco-resultados-acampa-2022\/","og_locale":"es_ES","og_type":"article","og_title":"II Reco Resultados Acampa 2022 - Acampa - Pola paz e o dereito a refuxio","og_description":"la Ong Caminado Fronteras y la Ong Ecodesarrollo Gaia fueron los m\u00e1s votados en el II Reconocimiento Internacional a la Defensa de los Derechos Humanos Acampa 2022. Las votaciones en cada una de las dos categor\u00edas \u2013 internacional y gallega - fueron secretas, verificables y abiertas, las personas asociadas al movimiento Acampa, decidieron que sean [&hellip;]","og_url":"https:\/\/redeacampa.org\/es\/ii-reco-resultados-acampa-2022\/","og_site_name":"Acampa - Pola paz e o dereito a refuxio","article_publisher":"https:\/\/www.facebook.com\/acampapolapazeodereitoarefuxio","article_modified_time":"2025-04-29T21:09:40+00:00","twitter_card":"summary_large_image","twitter_site":"@Acampa_polapaz","twitter_misc":{"Tiempo de lectura":"8 minutos"},"schema":{"@context":"https:\/\/schema.org","@graph":[{"@type":"WebPage","@id":"https:\/\/redeacampa.org\/es\/ii-reco-resultados-acampa-2022\/","url":"https:\/\/redeacampa.org\/es\/ii-reco-resultados-acampa-2022\/","name":"II Reco Resultados Acampa 2022 - Acampa - Pola paz e o dereito a refuxio","isPartOf":{"@id":"https:\/\/redeacampa.org\/es\/#website"},"datePublished":"2022-03-20T20:40:51+00:00","dateModified":"2025-04-29T21:09:40+00:00","breadcrumb":{"@id":"https:\/\/redeacampa.org\/es\/ii-reco-resultados-acampa-2022\/#breadcrumb"},"inLanguage":"es","potentialAction":[{"@type":"ReadAction","target":["https:\/\/redeacampa.org\/es\/ii-reco-resultados-acampa-2022\/"]}]},{"@type":"BreadcrumbList","@id":"https:\/\/redeacampa.org\/es\/ii-reco-resultados-acampa-2022\/#breadcrumb","itemListElement":[{"@type":"ListItem","position":1,"name":"Portada","item":"https:\/\/redeacampa.org\/es\/"},{"@type":"ListItem","position":2,"name":"II Reco Resultados Acampa 2022"}]},{"@type":"WebSite","@id":"https:\/\/redeacampa.org\/es\/#website","url":"https:\/\/redeacampa.org\/es\/","name":"Acampa - Pola paz e o dereito a refuxio","description":"Unha iniciativa cidad\u00e1 sen fins de lucro integrada por colectivos sociais, culturais, educativos, veci\u00f1ais, pol\u00edticos, sindicais, art\u00edsticos, de persoas solidarias, de instituci\u00f3ns e empresas con responsabilidade social que te\u00f1en como obxectivo a defensa dos dereitos humanos, o Dereito Internacional Humanitario e o Dereito a Refuxio.","publisher":{"@id":"https:\/\/redeacampa.org\/es\/#organization"},"potentialAction":[{"@type":"SearchAction","target":{"@type":"EntryPoint","urlTemplate":"https:\/\/redeacampa.org\/es\/?s={search_term_string}"},"query-input":{"@type":"PropertyValueSpecification","valueRequired":true,"valueName":"search_term_string"}}],"inLanguage":"es"},{"@type":"Organization","@id":"https:\/\/redeacampa.org\/es\/#organization","name":"Acampa","url":"https:\/\/redeacampa.org\/es\/","logo":{"@type":"ImageObject","inLanguage":"es","@id":"https:\/\/redeacampa.org\/es\/#\/schema\/logo\/image\/","url":"https:\/\/redeacampa.org\/wp-content\/uploads\/2019\/01\/acampaConRojo_es.png","contentUrl":"https:\/\/redeacampa.org\/wp-content\/uploads\/2019\/01\/acampaConRojo_es.png","width":612,"height":204,"caption":"Acampa"},"image":{"@id":"https:\/\/redeacampa.org\/es\/#\/schema\/logo\/image\/"},"sameAs":["https:\/\/www.facebook.com\/acampapolapazeodereitoarefuxio","https:\/\/x.com\/Acampa_polapaz","https:\/\/www.instagram.com\/Acampa_polapaz\/","https:\/\/www.youtube.com\/channel\/UChk1mSCHVEHmjq9e8PLb-mw"]}]}},"_links":{"self":[{"href":"https:\/\/redeacampa.org\/es\/wp-json\/wp\/v2\/pages\/47697","targetHints":{"allow":["GET"]}}],"collection":[{"href":"https:\/\/redeacampa.org\/es\/wp-json\/wp\/v2\/pages"}],"about":[{"href":"https:\/\/redeacampa.org\/es\/wp-json\/wp\/v2\/types\/page"}],"author":[{"embeddable":true,"href":"https:\/\/redeacampa.org\/es\/wp-json\/wp\/v2\/users\/1"}],"replies":[{"embeddable":true,"href":"https:\/\/redeacampa.org\/es\/wp-json\/wp\/v2\/comments?post=47697"}],"version-history":[{"count":22,"href":"https:\/\/redeacampa.org\/es\/wp-json\/wp\/v2\/pages\/47697\/revisions"}],"predecessor-version":[{"id":47919,"href":"https:\/\/redeacampa.org\/es\/wp-json\/wp\/v2\/pages\/47697\/revisions\/47919"}],"wp:attachment":[{"href":"https:\/\/redeacampa.org\/es\/wp-json\/wp\/v2\/media?parent=47697"}],"wp:term":[{"taxonomy":"category","embeddable":true,"href":"https:\/\/redeacampa.org\/es\/wp-json\/wp\/v2\/categories?post=47697"},{"taxonomy":"post_tag","embeddable":true,"href":"https:\/\/redeacampa.org\/es\/wp-json\/wp\/v2\/tags?post=47697"}],"curies":[{"name":"wp","href":"https:\/\/api.w.org\/{rel}","templated":true}]}}