{"id":48611,"date":"2023-04-19T12:43:02","date_gmt":"2023-04-19T10:43:02","guid":{"rendered":"https:\/\/redeacampa.org\/?page_id=48611"},"modified":"2025-04-29T23:11:35","modified_gmt":"2025-04-29T21:11:35","slug":"iii-reco-resultados-acampa-2023","status":"publish","type":"page","link":"https:\/\/redeacampa.org\/es\/iii-reco-resultados-acampa-2023\/","title":{"rendered":"III Reco Resultados Acampa 2023"},"content":{"rendered":"<p>[et_pb_section fb_built=\u00bb1&#8243; fullwidth=\u00bbon\u00bb custom_padding_last_edited=\u00bbon|desktop\u00bb admin_label=\u00bbsection\u00bb _builder_version=\u00bb4.16&#8243; background_color=\u00bb#cd1619&#8243; custom_padding_tablet=\u00bb50px|0|50px|0&#8243; custom_padding_phone=\u00bb\u00bb transparent_background=\u00bboff\u00bb padding_mobile=\u00bboff\u00bb locked=\u00bboff\u00bb collapsed=\u00bbon\u00bb global_colors_info=\u00bb{}\u00bb][et_pb_fullwidth_header title=\u00bbResultados del III Reconocimiento Internacional Acampa 2023&#8243; subhead=\u00bbPor la paz y el derecho a refugio\u00bb admin_label=\u00bbT\u00edtulo de anchura completa\u00bb _builder_version=\u00bb4.20.4&#8243; title_font=\u00bb|on|||\u00bb subhead_font=\u00bb||on||\u00bb background_color=\u00bbrgba(255, 255, 255, 0)\u00bb button_one_letter_spacing_hover=\u00bb0&#8243; button_two_letter_spacing_hover=\u00bb0&#8243; global_colors_info=\u00bb{}\u00bb button_one_text_size__hover_enabled=\u00bboff\u00bb button_two_text_size__hover_enabled=\u00bboff\u00bb button_one_text_color__hover_enabled=\u00bboff\u00bb button_two_text_color__hover_enabled=\u00bboff\u00bb button_one_border_width__hover_enabled=\u00bboff\u00bb button_two_border_width__hover_enabled=\u00bboff\u00bb button_one_border_color__hover_enabled=\u00bboff\u00bb button_two_border_color__hover_enabled=\u00bboff\u00bb button_one_border_radius__hover_enabled=\u00bboff\u00bb button_two_border_radius__hover_enabled=\u00bboff\u00bb button_one_letter_spacing__hover_enabled=\u00bbon\u00bb button_one_letter_spacing__hover=\u00bb0&#8243; button_two_letter_spacing__hover_enabled=\u00bbon\u00bb button_two_letter_spacing__hover=\u00bb0&#8243; button_one_bg_color__hover_enabled=\u00bboff\u00bb button_two_bg_color__hover_enabled=\u00bboff\u00bb][\/et_pb_fullwidth_header][\/et_pb_section][et_pb_section fb_built=\u00bb1&#8243; _builder_version=\u00bb4.17.4&#8243; _module_preset=\u00bbdefault\u00bb collapsed=\u00bbon\u00bb global_colors_info=\u00bb{}\u00bb][et_pb_row _builder_version=\u00bb4.16&#8243; _module_preset=\u00bbdefault\u00bb collapsed=\u00bbon\u00bb global_colors_info=\u00bb{}\u00bb][et_pb_column type=\u00bb4_4&#8243; _builder_version=\u00bb4.16&#8243; _module_preset=\u00bbdefault\u00bb global_colors_info=\u00bb{}\u00bb][et_pb_image src=\u00bbhttps:\/\/redeacampa.org\/wp-content\/uploads\/Res-Rec-2023.jpg\u00bb title_text=\u00bbRes-Rec-2023&#8243; _builder_version=\u00bb4.20.4&#8243; _module_preset=\u00bbdefault\u00bb global_colors_info=\u00bb{}\u00bb][\/et_pb_image][et_pb_text _builder_version=\u00bb4.20.4&#8243; _module_preset=\u00bbdefault\u00bb global_colors_info=\u00bb{}\u00bb]<strong>Pepe Mujica<\/strong> y <strong>Rafael Pillado<\/strong> fueron los m\u00e1s votados en el <strong>III Reconocimiento Internacional a la Defensa de los Derechos Humanos Acampa 2023<\/strong>.<\/p>\n<p>Las votaciones en cada una de las dos categor\u00edas \u2013 internacional y gallega &#8211; fueron secretas, verificables y abiertas, las personas asociadas al movimiento <strong>Acampa<\/strong>, decidieron que sean <strong>Pepe Mujica<\/strong>, con un<strong> 48,48%<\/strong> de los votos, y <strong>Rafael Pillado<\/strong>, con el <strong>40,91%<\/strong>, los que recibiran el <strong>III Reconocimiento de Acampa<\/strong>, que toma forma en una aleg\u00f3rica escultura de la artista <strong>Pilar Sub\u00edas<\/strong>.<\/p>\n<p>Cualquiera de las candidaturas presentadas era clara merecedora de nuestro aplauso colectivo por su labor y su trabajo en el tejido de una sociedad m\u00e1s justa y humana. Pero los votos de las organizaciones, particulares asociados a la red y la ciudadan\u00eda implicada con Acampa eligieron a <strong>Pepe Mujica<\/strong> y <strong>Rafael Pillado<\/strong>.<br \/>\n[\/et_pb_text][\/et_pb_column][\/et_pb_row][\/et_pb_section][et_pb_section fb_built=\u00bb1&#8243; _builder_version=\u00bb4.16&#8243; _module_preset=\u00bbdefault\u00bb background_color=\u00bb#cac2af\u00bb collapsed=\u00bbon\u00bb global_colors_info=\u00bb{}\u00bb][et_pb_row _builder_version=\u00bb4.16&#8243; _module_preset=\u00bbdefault\u00bb collapsed=\u00bbon\u00bb global_colors_info=\u00bb{}\u00bb][et_pb_column type=\u00bb4_4&#8243; _builder_version=\u00bb4.16&#8243; _module_preset=\u00bbdefault\u00bb global_colors_info=\u00bb{}\u00bb][et_pb_text _builder_version=\u00bb4.20.4&#8243; _module_preset=\u00bbdefault\u00bb global_colors_info=\u00bb{}\u00bb]<\/p>\n<h3 style=\"text-align: center;\">III Reconocimiento Internacional<\/h3>\n<h3 style=\"text-align: center;\">a la Defensa de los Derechos Humanos Acampa 2023<\/h3>\n<p>[\/et_pb_text][\/et_pb_column][\/et_pb_row][et_pb_row column_structure=\u00bb1_3,2_3&#8243; _builder_version=\u00bb4.16&#8243; _module_preset=\u00bbdefault\u00bb collapsed=\u00bbon\u00bb global_colors_info=\u00bb{}\u00bb][et_pb_column type=\u00bb1_3&#8243; _builder_version=\u00bb4.16&#8243; _module_preset=\u00bbdefault\u00bb global_colors_info=\u00bb{}\u00bb][et_pb_text _builder_version=\u00bb4.20.4&#8243; _module_preset=\u00bbdefault\u00bb global_colors_info=\u00bb{}\u00bb]<strong>Jos\u00e9 Alberto Mujica Cordano<\/strong>, presidente del Uruguay entre el 2010 y el 2015, fue senador en su pa\u00eds del 2014 a 2018, retir\u00e1ndose de la actividad pol\u00edtica para dedicarse a la militancia popular. Es <strong>l\u00edder del Movimiento de Participaci\u00f3n Popular<\/strong>, el sector mayoritario del partido de izquierda Frente Amplio.<\/p>\n<p>Con un pasado guerrillero en el que ingres\u00f3 en el Movimiento Nacional de Liberaci\u00f3n-Tupamaros, Mujica vivi\u00f3 en la clandestinidad, fue herido de bala y estuvo m\u00e1s de quince a\u00f1os en la c\u00e1rcel, siendo brutalmente torturado. La llegada de la democracia, que decret\u00f3 la amnist\u00eda para los delitos pol\u00edticos, comunes y militares, le devolvi\u00f3 la libertad en 1985. Pese la esa dura experiencia, su voz nunca call\u00f3. En palabras suyas, <strong><em>\u201cvivir con causa es la \u00fanica manera de vivir\u201d.<\/em><\/strong><\/p>\n<p><strong>Pepe Mujica<\/strong> es uno de los m\u00e1s genuinos <strong>ejemplos de militancia en la defensa de los Derechos Humanos<\/strong>, <strong><em>\u201cuna lucha que no se acaba nunca, una lucha permanente marcada por las desigualdades y las limitaciones de nuestra pobre humanidad\u201d.<\/em><\/strong><br \/>\n[\/et_pb_text][\/et_pb_column][et_pb_column type=\u00bb2_3&#8243; _builder_version=\u00bb4.16&#8243; _module_preset=\u00bbdefault\u00bb global_colors_info=\u00bb{}\u00bb][et_pb_image src=\u00bbhttps:\/\/redeacampa.org\/wp-content\/uploads\/Pepe-Mujica.png\u00bb alt=\u00bbPepe Mujica\u00bb title_text=\u00bbPepe Mujica\u00bb show_in_lightbox=\u00bbon\u00bb _builder_version=\u00bb4.20.4&#8243; _module_preset=\u00bbdefault\u00bb global_colors_info=\u00bb{}\u00bb][\/et_pb_image][\/et_pb_column][\/et_pb_row][et_pb_row _builder_version=\u00bb4.16&#8243; _module_preset=\u00bbdefault\u00bb collapsed=\u00bbon\u00bb global_colors_info=\u00bb{}\u00bb][et_pb_column type=\u00bb4_4&#8243; _builder_version=\u00bb4.16&#8243; _module_preset=\u00bbdefault\u00bb global_colors_info=\u00bb{}\u00bb][et_pb_text _builder_version=\u00bb4.20.4&#8243; _module_preset=\u00bbdefault\u00bb global_colors_info=\u00bb{}\u00bb]<\/p>\n<h3 style=\"text-align: center;\">III Reconocimiento Local (Galicia)<\/h3>\n<h3 style=\"text-align: center;\">a la Defensa de los Derechos Humanos Acampa 2023<\/h3>\n<p>[\/et_pb_text][\/et_pb_column][\/et_pb_row][et_pb_row column_structure=\u00bb2_3,1_3&#8243; _builder_version=\u00bb4.16&#8243; _module_preset=\u00bbdefault\u00bb collapsed=\u00bbon\u00bb global_colors_info=\u00bb{}\u00bb][et_pb_column type=\u00bb2_3&#8243; _builder_version=\u00bb4.16&#8243; _module_preset=\u00bbdefault\u00bb global_colors_info=\u00bb{}\u00bb][et_pb_image src=\u00bbhttps:\/\/redeacampa.org\/wp-content\/uploads\/Rafael-Pillado.png\u00bb alt=\u00bbRafael Pillado\u00bb title_text=\u00bbRafael Pillado\u00bb show_in_lightbox=\u00bbon\u00bb _builder_version=\u00bb4.20.4&#8243; _module_preset=\u00bbdefault\u00bb global_colors_info=\u00bb{}\u00bb][\/et_pb_image][\/et_pb_column][et_pb_column type=\u00bb1_3&#8243; _builder_version=\u00bb4.16&#8243; _module_preset=\u00bbdefault\u00bb global_colors_info=\u00bb{}\u00bb][et_pb_text _builder_version=\u00bb4.20.4&#8243; _module_preset=\u00bbdefault\u00bb global_colors_info=\u00bb{}\u00bb]<strong>Rafael Pillado Lista<\/strong> (San Cibrao, 1942 &#8211; Ferrol 2023). <strong>Ejemplo de incansable lucha por los derechos socias y pol\u00edticos de la clase trabajadora.<\/strong><\/p>\n<p>Residente en Ferrol desde los dos a\u00f1os, a donde llega la familia siguiendo a su padre, preso en el Castillo de San Felipe por su militancia antifranquista. A los 15 a\u00f1os se incorpora a la Escuela de Aprendices de la E.N.Baz\u00e1n, empresa donde transcurre toda su vida laboral. En 1960 se afilia al PCE, desarrollando una intensa actividad pol\u00edtica y sindical, participando en la fundaci\u00f3n de las CCOO. <strong>Fue detenido y encarcelado en varias ocasiones y por los sucesos de 10 de marzo de 1972 fue procesado por el TOP en el conocido Juicio de los 23, siendo condenado a 7 a\u00f1os de c\u00e1rcel<\/strong>, de los que cumple 4 al ser amnistiado en la transici\u00f3n. Fue confundador del PCG, milit\u00f3 en la Asamblea para Unidad de los Comunistas, Partido de los Trabajadores y PSOE. Actualmente y hasta su reciente fallecimiento, colaboraba como inscrito en PODEMOS.<\/p>\n<p>Fue <strong>cofundador del Comit\u00e9 Ciudadano de Emergencia para la R\u00eda de Ferrol, de la asociaci\u00f3n cultural Fuco Bux\u00e1n y de la Asociaci\u00f3n Gallega de V\u00edctimas del Amianto (AGAVIDA).<\/strong><br \/>\n[\/et_pb_text][\/et_pb_column][\/et_pb_row][\/et_pb_section][et_pb_section fb_built=\u00bb1&#8243; _builder_version=\u00bb4.16&#8243; _module_preset=\u00bbdefault\u00bb collapsed=\u00bbon\u00bb global_colors_info=\u00bb{}\u00bb][et_pb_row _builder_version=\u00bb4.16&#8243; _module_preset=\u00bbdefault\u00bb collapsed=\u00bboff\u00bb global_colors_info=\u00bb{}\u00bb][et_pb_column type=\u00bb4_4&#8243; _builder_version=\u00bb4.16&#8243; _module_preset=\u00bbdefault\u00bb global_colors_info=\u00bb{}\u00bb][et_pb_text _builder_version=\u00bb4.20.4&#8243; _module_preset=\u00bbdefault\u00bb global_colors_info=\u00bb{}\u00bb]Desde el movimiento <strong>Acampa<\/strong> nos congratulamos del resultado. El objetivo del reconocimiento, poner en valor la necesidad de la defensa de los Derechos Humanos, destacando la labor de organizaciones o personas referentes en ese campo y que sean un ejemplo para toda la sociedad, est\u00e1 m\u00e1s que cumplido con los resultados de la votaci\u00f3n.<\/p>\n<p>Aqu\u00ed os dejamos, en dos roscos, los resultados alcanzados por cada una de las candidaturas que concurrieron a nuestro <strong>III Reconocimiento Internacional Acampa 2022 por la Paz<\/strong> <strong>y el Derecho a Refugio:<\/strong><br \/>\n[\/et_pb_text][\/et_pb_column][\/et_pb_row][et_pb_row column_structure=\u00bb1_2,1_2&#8243; _builder_version=\u00bb4.16&#8243; _module_preset=\u00bbdefault\u00bb collapsed=\u00bboff\u00bb global_colors_info=\u00bb{}\u00bb][et_pb_column type=\u00bb1_2&#8243; _builder_version=\u00bb4.16&#8243; _module_preset=\u00bbdefault\u00bb global_colors_info=\u00bb{}\u00bb][et_pb_image src=\u00bbhttps:\/\/redeacampa.org\/wp-content\/uploads\/RecoInter2023.png\u00bb title_text=\u00bbRecoInter2023&#8243; show_in_lightbox=\u00bbon\u00bb _builder_version=\u00bb4.20.4&#8243; _module_preset=\u00bbdefault\u00bb global_colors_info=\u00bb{}\u00bb][\/et_pb_image][\/et_pb_column][et_pb_column type=\u00bb1_2&#8243; _builder_version=\u00bb4.16&#8243; _module_preset=\u00bbdefault\u00bb global_colors_info=\u00bb{}\u00bb][et_pb_image src=\u00bbhttps:\/\/redeacampa.org\/wp-content\/uploads\/RecoLoc2023.png\u00bb title_text=\u00bbRecoLoc2023&#8243; show_in_lightbox=\u00bbon\u00bb _builder_version=\u00bb4.20.4&#8243; _module_preset=\u00bbdefault\u00bb global_colors_info=\u00bb{}\u00bb][\/et_pb_image][\/et_pb_column][\/et_pb_row][\/et_pb_section][et_pb_section fb_built=\u00bb1&#8243; _builder_version=\u00bb4.16&#8243; _module_preset=\u00bbdefault\u00bb background_color=\u00bb#74997b\u00bb custom_padding=\u00bb||0px|||\u00bb collapsed=\u00bbon\u00bb global_colors_info=\u00bb{}\u00bb][et_pb_row column_structure=\u00bb1_4,1_4,1_4,1_4&#8243; make_equal=\u00bbon\u00bb _builder_version=\u00bb4.16&#8243; _module_preset=\u00bbdefault\u00bb custom_padding=\u00bb6px||4px|||\u00bb collapsed=\u00bboff\u00bb global_colors_info=\u00bb{}\u00bb][et_pb_column type=\u00bb1_4&#8243; _builder_version=\u00bb4.16&#8243; _module_preset=\u00bbdefault\u00bb global_colors_info=\u00bb{}\u00bb][\/et_pb_column][et_pb_column type=\u00bb1_4&#8243; _builder_version=\u00bb4.16&#8243; _module_preset=\u00bbdefault\u00bb global_colors_info=\u00bb{}\u00bb][et_pb_image src=\u00bbhttps:\/\/redeacampa.org\/wp-content\/uploads\/estatuilla.png\u00bb title_text=\u00bbestatuilla\u00bb _builder_version=\u00bb4.20.4&#8243; _module_preset=\u00bbdefault\u00bb height=\u00bb80%\u00bb global_colors_info=\u00bb{}\u00bb][\/et_pb_image][\/et_pb_column][et_pb_column type=\u00bb1_4&#8243; _builder_version=\u00bb4.16&#8243; _module_preset=\u00bbdefault\u00bb global_colors_info=\u00bb{}\u00bb][et_pb_image src=\u00bbhttps:\/\/redeacampa.org\/wp-content\/uploads\/Reconocimiento_2021_5.jpg\u00bb show_in_lightbox=\u00bbon\u00bb _builder_version=\u00bb4.20.4&#8243; _module_preset=\u00bbdefault\u00bb custom_margin=\u00bb-1px|||||\u00bb global_colors_info=\u00bb{}\u00bb][\/et_pb_image][et_pb_text _builder_version=\u00bb4.20.4&#8243; _module_preset=\u00bbdefault\u00bb text_text_color=\u00bb#FFFFFF\u00bb global_colors_info=\u00bb{}\u00bb]La pieza escult\u00f3rica que da forma al Reconocimiento fue creada, para esta iniciativa, por la artista <strong>Pilar Sub\u00edas<\/strong>, a qui\u00e9n agradecemos p\u00fablicamente la donaci\u00f3n y la cesi\u00f3n del derechos de uso de la misma.<br \/>\n[\/et_pb_text][\/et_pb_column][et_pb_column type=\u00bb1_4&#8243; _builder_version=\u00bb4.16&#8243; _module_preset=\u00bbdefault\u00bb global_colors_info=\u00bb{}\u00bb][\/et_pb_column][\/et_pb_row][\/et_pb_section]<\/p>\n","protected":false},"excerpt":{"rendered":"<p>Pepe Mujica y Rafael Pillado fueron los m\u00e1s votados en el III Reconocimiento Internacional a la Defensa de los Derechos Humanos Acampa 2023. Las votaciones en cada una de las dos categor\u00edas \u2013 internacional y gallega &#8211; fueron secretas, verificables y abiertas, las personas asociadas al movimiento Acampa, decidieron que sean Pepe Mujica, con un [&hellip;]<\/p>\n","protected":false},"author":1,"featured_media":0,"parent":0,"menu_order":0,"comment_status":"closed","ping_status":"closed","template":"","meta":{"_et_pb_use_builder":"on","_et_pb_old_content":"","_et_gb_content_width":"","footnotes":""},"categories":[49],"tags":[],"class_list":["post-48611","page","type-page","status-publish","hentry","category-reconocimiento-es"],"yoast_head":"<!-- This site is optimized with the Yoast SEO plugin v26.4 - https:\/\/yoast.com\/wordpress\/plugins\/seo\/ -->\n<title>III Reco Resultados Acampa 2023 - Acampa - Pola paz e o dereito a refuxio<\/title>\n<meta name=\"robots\" content=\"index, follow, max-snippet:-1, max-image-preview:large, max-video-preview:-1\" \/>\n<link rel=\"canonical\" href=\"https:\/\/redeacampa.org\/es\/iii-reco-resultados-acampa-2023\/\" \/>\n<meta property=\"og:locale\" content=\"es_ES\" \/>\n<meta property=\"og:type\" content=\"article\" \/>\n<meta property=\"og:title\" content=\"III Reco Resultados Acampa 2023 - Acampa - Pola paz e o dereito a refuxio\" \/>\n<meta property=\"og:description\" content=\"Pepe Mujica y Rafael Pillado fueron los m\u00e1s votados en el III Reconocimiento Internacional a la Defensa de los Derechos Humanos Acampa 2023. Las votaciones en cada una de las dos categor\u00edas \u2013 internacional y gallega - fueron secretas, verificables y abiertas, las personas asociadas al movimiento Acampa, decidieron que sean Pepe Mujica, con un [&hellip;]\" \/>\n<meta property=\"og:url\" content=\"https:\/\/redeacampa.org\/es\/iii-reco-resultados-acampa-2023\/\" \/>\n<meta property=\"og:site_name\" content=\"Acampa - Pola paz e o dereito a refuxio\" \/>\n<meta property=\"article:publisher\" content=\"https:\/\/www.facebook.com\/acampapolapazeodereitoarefuxio\" \/>\n<meta property=\"article:modified_time\" content=\"2025-04-29T21:11:35+00:00\" \/>\n<meta name=\"twitter:card\" content=\"summary_large_image\" \/>\n<meta name=\"twitter:site\" content=\"@Acampa_polapaz\" \/>\n<meta name=\"twitter:label1\" content=\"Tiempo de lectura\" \/>\n\t<meta name=\"twitter:data1\" content=\"5 minutos\" \/>\n<script type=\"application\/ld+json\" class=\"yoast-schema-graph\">{\"@context\":\"https:\/\/schema.org\",\"@graph\":[{\"@type\":\"WebPage\",\"@id\":\"https:\/\/redeacampa.org\/es\/iii-reco-resultados-acampa-2023\/\",\"url\":\"https:\/\/redeacampa.org\/es\/iii-reco-resultados-acampa-2023\/\",\"name\":\"III Reco Resultados Acampa 2023 - Acampa - Pola paz e o dereito a refuxio\",\"isPartOf\":{\"@id\":\"https:\/\/redeacampa.org\/es\/#website\"},\"datePublished\":\"2023-04-19T10:43:02+00:00\",\"dateModified\":\"2025-04-29T21:11:35+00:00\",\"breadcrumb\":{\"@id\":\"https:\/\/redeacampa.org\/es\/iii-reco-resultados-acampa-2023\/#breadcrumb\"},\"inLanguage\":\"es\",\"potentialAction\":[{\"@type\":\"ReadAction\",\"target\":[\"https:\/\/redeacampa.org\/es\/iii-reco-resultados-acampa-2023\/\"]}]},{\"@type\":\"BreadcrumbList\",\"@id\":\"https:\/\/redeacampa.org\/es\/iii-reco-resultados-acampa-2023\/#breadcrumb\",\"itemListElement\":[{\"@type\":\"ListItem\",\"position\":1,\"name\":\"Portada\",\"item\":\"https:\/\/redeacampa.org\/es\/\"},{\"@type\":\"ListItem\",\"position\":2,\"name\":\"III Reco Resultados Acampa 2023\"}]},{\"@type\":\"WebSite\",\"@id\":\"https:\/\/redeacampa.org\/es\/#website\",\"url\":\"https:\/\/redeacampa.org\/es\/\",\"name\":\"Acampa - Pola paz e o dereito a refuxio\",\"description\":\"Unha iniciativa cidad\u00e1 sen fins de lucro integrada por colectivos sociais, culturais, educativos, veci\u00f1ais, pol\u00edticos, sindicais, art\u00edsticos, de persoas solidarias, de instituci\u00f3ns e empresas con responsabilidade social que te\u00f1en como obxectivo a defensa dos dereitos humanos, o Dereito Internacional Humanitario e o Dereito a Refuxio.\",\"publisher\":{\"@id\":\"https:\/\/redeacampa.org\/es\/#organization\"},\"potentialAction\":[{\"@type\":\"SearchAction\",\"target\":{\"@type\":\"EntryPoint\",\"urlTemplate\":\"https:\/\/redeacampa.org\/es\/?s={search_term_string}\"},\"query-input\":{\"@type\":\"PropertyValueSpecification\",\"valueRequired\":true,\"valueName\":\"search_term_string\"}}],\"inLanguage\":\"es\"},{\"@type\":\"Organization\",\"@id\":\"https:\/\/redeacampa.org\/es\/#organization\",\"name\":\"Acampa\",\"url\":\"https:\/\/redeacampa.org\/es\/\",\"logo\":{\"@type\":\"ImageObject\",\"inLanguage\":\"es\",\"@id\":\"https:\/\/redeacampa.org\/es\/#\/schema\/logo\/image\/\",\"url\":\"https:\/\/redeacampa.org\/wp-content\/uploads\/2019\/01\/acampaConRojo_es.png\",\"contentUrl\":\"https:\/\/redeacampa.org\/wp-content\/uploads\/2019\/01\/acampaConRojo_es.png\",\"width\":612,\"height\":204,\"caption\":\"Acampa\"},\"image\":{\"@id\":\"https:\/\/redeacampa.org\/es\/#\/schema\/logo\/image\/\"},\"sameAs\":[\"https:\/\/www.facebook.com\/acampapolapazeodereitoarefuxio\",\"https:\/\/x.com\/Acampa_polapaz\",\"https:\/\/www.instagram.com\/Acampa_polapaz\/\",\"https:\/\/www.youtube.com\/channel\/UChk1mSCHVEHmjq9e8PLb-mw\"]}]}<\/script>\n<!-- \/ Yoast SEO plugin. -->","yoast_head_json":{"title":"III Reco Resultados Acampa 2023 - Acampa - Pola paz e o dereito a refuxio","robots":{"index":"index","follow":"follow","max-snippet":"max-snippet:-1","max-image-preview":"max-image-preview:large","max-video-preview":"max-video-preview:-1"},"canonical":"https:\/\/redeacampa.org\/es\/iii-reco-resultados-acampa-2023\/","og_locale":"es_ES","og_type":"article","og_title":"III Reco Resultados Acampa 2023 - Acampa - Pola paz e o dereito a refuxio","og_description":"Pepe Mujica y Rafael Pillado fueron los m\u00e1s votados en el III Reconocimiento Internacional a la Defensa de los Derechos Humanos Acampa 2023. Las votaciones en cada una de las dos categor\u00edas \u2013 internacional y gallega - fueron secretas, verificables y abiertas, las personas asociadas al movimiento Acampa, decidieron que sean Pepe Mujica, con un [&hellip;]","og_url":"https:\/\/redeacampa.org\/es\/iii-reco-resultados-acampa-2023\/","og_site_name":"Acampa - Pola paz e o dereito a refuxio","article_publisher":"https:\/\/www.facebook.com\/acampapolapazeodereitoarefuxio","article_modified_time":"2025-04-29T21:11:35+00:00","twitter_card":"summary_large_image","twitter_site":"@Acampa_polapaz","twitter_misc":{"Tiempo de lectura":"5 minutos"},"schema":{"@context":"https:\/\/schema.org","@graph":[{"@type":"WebPage","@id":"https:\/\/redeacampa.org\/es\/iii-reco-resultados-acampa-2023\/","url":"https:\/\/redeacampa.org\/es\/iii-reco-resultados-acampa-2023\/","name":"III Reco Resultados Acampa 2023 - Acampa - Pola paz e o dereito a refuxio","isPartOf":{"@id":"https:\/\/redeacampa.org\/es\/#website"},"datePublished":"2023-04-19T10:43:02+00:00","dateModified":"2025-04-29T21:11:35+00:00","breadcrumb":{"@id":"https:\/\/redeacampa.org\/es\/iii-reco-resultados-acampa-2023\/#breadcrumb"},"inLanguage":"es","potentialAction":[{"@type":"ReadAction","target":["https:\/\/redeacampa.org\/es\/iii-reco-resultados-acampa-2023\/"]}]},{"@type":"BreadcrumbList","@id":"https:\/\/redeacampa.org\/es\/iii-reco-resultados-acampa-2023\/#breadcrumb","itemListElement":[{"@type":"ListItem","position":1,"name":"Portada","item":"https:\/\/redeacampa.org\/es\/"},{"@type":"ListItem","position":2,"name":"III Reco Resultados Acampa 2023"}]},{"@type":"WebSite","@id":"https:\/\/redeacampa.org\/es\/#website","url":"https:\/\/redeacampa.org\/es\/","name":"Acampa - Pola paz e o dereito a refuxio","description":"Unha iniciativa cidad\u00e1 sen fins de lucro integrada por colectivos sociais, culturais, educativos, veci\u00f1ais, pol\u00edticos, sindicais, art\u00edsticos, de persoas solidarias, de instituci\u00f3ns e empresas con responsabilidade social que te\u00f1en como obxectivo a defensa dos dereitos humanos, o Dereito Internacional Humanitario e o Dereito a Refuxio.","publisher":{"@id":"https:\/\/redeacampa.org\/es\/#organization"},"potentialAction":[{"@type":"SearchAction","target":{"@type":"EntryPoint","urlTemplate":"https:\/\/redeacampa.org\/es\/?s={search_term_string}"},"query-input":{"@type":"PropertyValueSpecification","valueRequired":true,"valueName":"search_term_string"}}],"inLanguage":"es"},{"@type":"Organization","@id":"https:\/\/redeacampa.org\/es\/#organization","name":"Acampa","url":"https:\/\/redeacampa.org\/es\/","logo":{"@type":"ImageObject","inLanguage":"es","@id":"https:\/\/redeacampa.org\/es\/#\/schema\/logo\/image\/","url":"https:\/\/redeacampa.org\/wp-content\/uploads\/2019\/01\/acampaConRojo_es.png","contentUrl":"https:\/\/redeacampa.org\/wp-content\/uploads\/2019\/01\/acampaConRojo_es.png","width":612,"height":204,"caption":"Acampa"},"image":{"@id":"https:\/\/redeacampa.org\/es\/#\/schema\/logo\/image\/"},"sameAs":["https:\/\/www.facebook.com\/acampapolapazeodereitoarefuxio","https:\/\/x.com\/Acampa_polapaz","https:\/\/www.instagram.com\/Acampa_polapaz\/","https:\/\/www.youtube.com\/channel\/UChk1mSCHVEHmjq9e8PLb-mw"]}]}},"_links":{"self":[{"href":"https:\/\/redeacampa.org\/es\/wp-json\/wp\/v2\/pages\/48611","targetHints":{"allow":["GET"]}}],"collection":[{"href":"https:\/\/redeacampa.org\/es\/wp-json\/wp\/v2\/pages"}],"about":[{"href":"https:\/\/redeacampa.org\/es\/wp-json\/wp\/v2\/types\/page"}],"author":[{"embeddable":true,"href":"https:\/\/redeacampa.org\/es\/wp-json\/wp\/v2\/users\/1"}],"replies":[{"embeddable":true,"href":"https:\/\/redeacampa.org\/es\/wp-json\/wp\/v2\/comments?post=48611"}],"version-history":[{"count":13,"href":"https:\/\/redeacampa.org\/es\/wp-json\/wp\/v2\/pages\/48611\/revisions"}],"predecessor-version":[{"id":48663,"href":"https:\/\/redeacampa.org\/es\/wp-json\/wp\/v2\/pages\/48611\/revisions\/48663"}],"wp:attachment":[{"href":"https:\/\/redeacampa.org\/es\/wp-json\/wp\/v2\/media?parent=48611"}],"wp:term":[{"taxonomy":"category","embeddable":true,"href":"https:\/\/redeacampa.org\/es\/wp-json\/wp\/v2\/categories?post=48611"},{"taxonomy":"post_tag","embeddable":true,"href":"https:\/\/redeacampa.org\/es\/wp-json\/wp\/v2\/tags?post=48611"}],"curies":[{"name":"wp","href":"https:\/\/api.w.org\/{rel}","templated":true}]}}