{"id":49707,"date":"2024-04-09T21:26:00","date_gmt":"2024-04-09T19:26:00","guid":{"rendered":"https:\/\/redeacampa.org\/?page_id=49707"},"modified":"2025-05-01T20:28:54","modified_gmt":"2025-05-01T18:28:54","slug":"prologo-2024-es","status":"publish","type":"page","link":"https:\/\/redeacampa.org\/es\/prologo-2024-es\/","title":{"rendered":"Pr\u00f3logo 2024"},"content":{"rendered":"<p>[et_pb_section fb_built=\u00bb1&#8243; fullwidth=\u00bbon\u00bb custom_padding_last_edited=\u00bbon|desktop\u00bb admin_label=\u00bbsection\u00bb _builder_version=\u00bb4.16&#8243; background_color=\u00bb#cd1619&#8243; custom_padding_tablet=\u00bb50px|0|50px|0&#8243; custom_padding_phone=\u00bb\u00bb transparent_background=\u00bboff\u00bb padding_mobile=\u00bboff\u00bb locked=\u00bboff\u00bb collapsed=\u00bboff\u00bb global_colors_info=\u00bb{}\u00bb][et_pb_fullwidth_header title=\u00bbPr\u00f3logo\u00bb admin_label=\u00bbT\u00edtulo de anchura completa\u00bb _builder_version=\u00bb4.23.1&#8243; title_font=\u00bb|on|||\u00bb subhead_font=\u00bb||on||\u00bb background_color=\u00bbrgba(255, 255, 255, 0)\u00bb button_one_letter_spacing_hover=\u00bb0&#8243; button_two_letter_spacing_hover=\u00bb0&#8243; global_colors_info=\u00bb{}\u00bb button_one_text_size__hover_enabled=\u00bboff\u00bb button_two_text_size__hover_enabled=\u00bboff\u00bb button_one_text_color__hover_enabled=\u00bboff\u00bb button_two_text_color__hover_enabled=\u00bboff\u00bb button_one_border_width__hover_enabled=\u00bboff\u00bb button_two_border_width__hover_enabled=\u00bboff\u00bb button_one_border_color__hover_enabled=\u00bboff\u00bb button_two_border_color__hover_enabled=\u00bboff\u00bb button_one_border_radius__hover_enabled=\u00bboff\u00bb button_two_border_radius__hover_enabled=\u00bboff\u00bb button_one_letter_spacing__hover_enabled=\u00bbon\u00bb button_one_letter_spacing__hover=\u00bb0&#8243; button_two_letter_spacing__hover_enabled=\u00bbon\u00bb button_two_letter_spacing__hover=\u00bb0&#8243; button_one_bg_color__hover_enabled=\u00bboff\u00bb button_two_bg_color__hover_enabled=\u00bboff\u00bb][\/et_pb_fullwidth_header][\/et_pb_section][et_pb_section fb_built=\u00bb1&#8243; admin_label=\u00bbSecci\u00f3n Rosa Cabecera\u00bb _builder_version=\u00bb4.23.1&#8243; _module_preset=\u00bbdefault\u00bb background_color=\u00bb#ffedea\u00bb custom_margin=\u00bb||||false|false\u00bb custom_padding=\u00bb||||false|false\u00bb locked=\u00bboff\u00bb collapsed=\u00bboff\u00bb global_colors_info=\u00bb{}\u00bb][et_pb_row column_structure=\u00bb1_2,1_2&#8243; use_custom_gutter=\u00bbon\u00bb make_equal=\u00bbon\u00bb admin_label=\u00bbCabecera\u00bb _builder_version=\u00bb4.23.1&#8243; _module_preset=\u00bbdefault\u00bb min_height=\u00bb462.2px\u00bb custom_margin=\u00bb5px|auto|-40px|auto||\u00bb custom_padding=\u00bb||0px|||\u00bb collapsed=\u00bboff\u00bb global_colors_info=\u00bb{}\u00bb][et_pb_column type=\u00bb1_2&#8243; _builder_version=\u00bb4.16&#8243; _module_preset=\u00bbdefault\u00bb global_colors_info=\u00bb{}\u00bb][et_pb_text _builder_version=\u00bb4.23.1&#8243; _module_preset=\u00bbdefault\u00bb global_colors_info=\u00bb{}\u00bb]<\/p>\n<p>En este <span style=\"color: #cd1619;\"><strong>VIII Encuentro Internacional Acampa por la Paz y el Derecho a Refugio<\/strong><\/span> queremos abordar la delicada situaci\u00f3n de la infancia y la juventud, especialmente aquella que por diferentes motivos se ve obligada a desplazarse y a solicitar refugio.<\/p>\n<p>Alarmantes los datos de ACNUR del a\u00f1o 2023, que fijan la cifra de desplazados forzosos por violaciones de DD.HH. por encima de los 114 millones de personas. La mitad de la poblaci\u00f3n refugiada en el mundo a causa de las guerras, crisis clim\u00e1tica, desastres naturales, hambre y violencias de toda \u00edndole son ni\u00f1os y ni\u00f1as menores de dieciocho a\u00f1os. Esto es, una infancia vulnerable constantemente en tr\u00e1nsito. En muchas ocasiones llegan sin familia, o la pierden en el proceso migratorio, est\u00e1n enfermos, en shock emocional, son criminalizados, tienen que renunciar durante a\u00f1os a su derecho a ir la escuela, a aprender, a acceder a la sanidad, a la cultura\u2026en definitiva, a crecer como les corresponder\u00eda.<\/p>\n<p>Los peligros se multiplican exponencialmente. Las organizaciones humanitarias que trabajan con la infancia y la juventud alertan de los riesgos crecientes en esos escenarios sin control: secuestros, explotaci\u00f3n sexual, tr\u00e1fico de \u00f3rganos, el deterioro de la salud mental y f\u00edsica&#8230;<\/p>\n<p>Miles de ni\u00f1os y ni\u00f1as son asesinados ante los ojos de la comunidad internacional. En la Franja\u00a0 de Gaza llevamos meses asistiendo, at\u00f3nitos, a la masacre que Israel est\u00e1 practicando sobre el pueblo palestino, sembrando de ni\u00f1os y\u00a0 ni\u00f1as muertos y hu\u00e9rfanos todo el territorio. Pero no es solo Gaza. Cincuenta conflictos est\u00e1n activos actualmente en el mundo y en ellos la propia existencia o los derechos esenciales de su infancia y juventud est\u00e1n siendo permanentemente amenazados: Yemen, Sud\u00e1n del Sur, Mali, Rep\u00fablica Democr\u00e1tica del Congo, Ucrania&#8230;<\/p>\n<p>La Red <span style=\"color: #cd1619;\"><strong>Acampa por la Paz y el Derecho a Refugio<\/strong><\/span> quiere ser altavoz para la reivindicaci\u00f3n colectiva que exija acciones urgentes y necesarias, a nivel internacional, que minimicen el da\u00f1o y faciliten la incorporaci\u00f3n de la infancia y la juventud, lo antes posible, a una vida digna, respetuosa y saludable, a la que tienen derecho independientemente de su origen&#8230; Cada d\u00eda vemos como los menores no acompa\u00f1ados se convierten en moneda de cambio, en piedra de toque, en un problema que dentro de cada pa\u00eds receptor nadie quiere resolver seriamente por medio de pol\u00edticas p\u00fablicas necesarias y urgentes.<\/p>\n<p>Como sociedad debemos exigir a los gobiernos que garanticen una legislaci\u00f3n espec\u00edfica que asegure la protecci\u00f3n de los derechos de la infancia y la adolescencia, en el marco legal y regulatorio de los Derechos Humanos. No podemos permitir las devoluciones ilegales (en caliente) o la externalizaci\u00f3n de fronteras pagando con nuestros impuestos a gobiernos antidemocr\u00e1ticos y <em>matones<\/em> que violan los Derechos Humanos a diario.<\/p>\n<p><span style=\"color: #cd1619;\"><strong>Acampa<\/strong> <\/span>en Galicia y Brasil considera fundamental llevar esta discusi\u00f3n al \u00e1mbito internacional, ya que esta poblaci\u00f3n de menores refugiados est\u00e1 comenzando sus vidas y necesita ser acogida e integrada, requiriendo de toda la justicia social, jur\u00eddica y pol\u00edtica a su favor.<\/p>\n<p><span style=\"color: #cd1619;\"><strong>Acampa por la Paz<\/strong><\/span> prioriza la reflexi\u00f3n, el aprendizaje y el conocimiento de la poblaci\u00f3n local all\u00e1 donde opera para que sea esta la que busque el camino integrador en el marco del Estado de Derecho y la Justicia Social. Para que lo haga, adem\u00e1s,\u00a0 independientemente de la clase social, raza, g\u00e9nero, credo, cultura o edad del que llega; sin negar al diferente, abrazando la pluralidad sin violencia, xenofobia u odio, en la construcci\u00f3n permanente de la paz.<\/p>\n<p>[\/et_pb_text][\/et_pb_column][et_pb_column type=\u00bb1_2&#8243; _builder_version=\u00bb4.16&#8243; _module_preset=\u00bbdefault\u00bb global_colors_info=\u00bb{}\u00bb][et_pb_text _builder_version=\u00bb4.23.1&#8243; _module_preset=\u00bbdefault\u00bb global_colors_info=\u00bb{}\u00bb]<\/p>\n<p>El objetivo de este <span style=\"color: #cd1619;\"><strong>VIII Encuentro Internacional<\/strong><\/span> \u2014que celebramos en junio en A Coru\u00f1a (Galicia-Espa\u00f1a) y en octubre en Piracicaba (S\u00e3o Paulo-Brasil)\u2014\u00a0 no es otro que abrir un amplio debate sobre las causas que provocan la situaci\u00f3n de vulnerabilidad de la infancia desplazada forzosamente, as\u00ed sobre c\u00f3mo se habr\u00e1 de abordar su proceso de acogimiento e integraci\u00f3n local teniendo seguridad jur\u00eddica y todas las pol\u00edticas p\u00fablicas y los derechos fundamentales como marco.<\/p>\n<p>El hecho cierto es que cada vez nos enfrentamos a un aumento mayor de las desigualdades, resultado de las transformaciones sociales, econ\u00f3micas y pol\u00edticas del capitalismo contempor\u00e1neo, que agravaron la \u00abcuesti\u00f3n social\u00bb y sus manifestaciones, excretando cada vez a m\u00e1s personas hacia una situaci\u00f3n de necesario refugio. Sin olvidar, adem\u00e1s, que este reto emerge en un momento complejo, como bien aborda Yanis Varoufakis, economista y ex ministro de finanzas griego, al asegurar que \u201cel capitalismo muri\u00f3 devorado por el propio capitalismo, abri\u00e9ndose un nuevo mundo tecnofeudal donde las grandes plataformas tecnol\u00f3gicas son las que dominan la econom\u00eda global porque manejan los datos, la informaci\u00f3n, y por tanto tienen el control sobre los individuos. La concentraci\u00f3n de poder en manos de unas pocas empresas, muy similar a la del feudalismo en la Edad Media, hace que los estados pinten\u00a0 muy poco\u201d.\u00a0 Un problema global que impactar\u00e1 especialmente en la infancia y la juventud vulnerable.<\/p>\n<p>En este contexto, desde\u00a0 <span style=\"color: #cd1619;\"><strong>Acampa<\/strong> <strong>por la Paz<\/strong><\/span>\u00a0 apostamos por la unidad como la \u00fanica f\u00f3rmula eficaz de enfrentarnos a estos retos, con la seguridad de que tarde o temprano las sociedades del mundo despertar\u00e1n, por su propia supervivencia, con la fuerza capaz de cambiar el rumbo de un planeta que hoy navega a la deriva.<\/p>\n<p>[\/et_pb_text][et_pb_image src=\u00bbhttps:\/\/redeacampa.org\/wp-content\/uploads\/CartelAcampa2024_def.jpeg\u00bb alt=\u00bbCartelAcampa2024_def\u00bb title_text=\u00bbCartelAcampa2024_def\u00bb _builder_version=\u00bb4.23.1&#8243; _module_preset=\u00bbdefault\u00bb global_colors_info=\u00bb{}\u00bb][\/et_pb_image][\/et_pb_column][\/et_pb_row][\/et_pb_section]<\/p>\n","protected":false},"excerpt":{"rendered":"<p>En este VIII Encuentro Internacional Acampa por la Paz y el Derecho a Refugio queremos abordar la delicada situaci\u00f3n de la infancia y la juventud, especialmente aquella que por diferentes motivos se ve obligada a desplazarse y a solicitar refugio. Alarmantes los datos de ACNUR del a\u00f1o 2023, que fijan la cifra de desplazados forzosos [&hellip;]<\/p>\n","protected":false},"author":4,"featured_media":0,"parent":0,"menu_order":0,"comment_status":"closed","ping_status":"closed","template":"","meta":{"_et_pb_use_builder":"on","_et_pb_old_content":"","_et_gb_content_width":"","footnotes":""},"categories":[45],"tags":[],"class_list":["post-49707","page","type-page","status-publish","hentry","category-acampa-2024-es"],"yoast_head":"<!-- This site is optimized with the Yoast SEO plugin v26.4 - https:\/\/yoast.com\/wordpress\/plugins\/seo\/ -->\n<title>Pr\u00f3logo 2024 - Acampa - Pola paz e o dereito a refuxio<\/title>\n<meta name=\"description\" content=\"Pr\u00f3logo del VIII Encuentro Internacional ACAMPA POR LA PAZ Y EL DERECHO A REFUGIO (A Coru\u00f1a, 7,8 y 9 de junio 2024)\" \/>\n<meta name=\"robots\" content=\"index, follow, max-snippet:-1, max-image-preview:large, max-video-preview:-1\" \/>\n<link rel=\"canonical\" href=\"https:\/\/redeacampa.org\/es\/prologo-2024-es\/\" \/>\n<meta property=\"og:locale\" content=\"es_ES\" \/>\n<meta property=\"og:type\" content=\"article\" \/>\n<meta property=\"og:title\" content=\"Pr\u00f3logo 2024 - Acampa - Pola paz e o dereito a refuxio\" \/>\n<meta property=\"og:description\" content=\"Pr\u00f3logo del VIII Encuentro Internacional ACAMPA POR LA PAZ Y EL DERECHO A REFUGIO (A Coru\u00f1a, 7,8 y 9 de junio 2024)\" \/>\n<meta property=\"og:url\" content=\"https:\/\/redeacampa.org\/es\/prologo-2024-es\/\" \/>\n<meta property=\"og:site_name\" content=\"Acampa - Pola paz e o dereito a refuxio\" \/>\n<meta property=\"article:publisher\" content=\"https:\/\/www.facebook.com\/acampapolapazeodereitoarefuxio\" \/>\n<meta property=\"article:modified_time\" content=\"2025-05-01T18:28:54+00:00\" \/>\n<meta name=\"twitter:card\" content=\"summary_large_image\" \/>\n<meta name=\"twitter:site\" content=\"@Acampa_polapaz\" \/>\n<meta name=\"twitter:label1\" content=\"Tiempo de lectura\" \/>\n\t<meta name=\"twitter:data1\" content=\"5 minutos\" \/>\n<script type=\"application\/ld+json\" class=\"yoast-schema-graph\">{\"@context\":\"https:\/\/schema.org\",\"@graph\":[{\"@type\":\"WebPage\",\"@id\":\"https:\/\/redeacampa.org\/es\/prologo-2024-es\/\",\"url\":\"https:\/\/redeacampa.org\/es\/prologo-2024-es\/\",\"name\":\"Pr\u00f3logo 2024 - Acampa - Pola paz e o dereito a refuxio\",\"isPartOf\":{\"@id\":\"https:\/\/redeacampa.org\/es\/#website\"},\"datePublished\":\"2024-04-09T19:26:00+00:00\",\"dateModified\":\"2025-05-01T18:28:54+00:00\",\"description\":\"Pr\u00f3logo del VIII Encuentro Internacional ACAMPA POR LA PAZ Y EL DERECHO A REFUGIO (A Coru\u00f1a, 7,8 y 9 de junio 2024)\",\"breadcrumb\":{\"@id\":\"https:\/\/redeacampa.org\/es\/prologo-2024-es\/#breadcrumb\"},\"inLanguage\":\"es\",\"potentialAction\":[{\"@type\":\"ReadAction\",\"target\":[\"https:\/\/redeacampa.org\/es\/prologo-2024-es\/\"]}]},{\"@type\":\"BreadcrumbList\",\"@id\":\"https:\/\/redeacampa.org\/es\/prologo-2024-es\/#breadcrumb\",\"itemListElement\":[{\"@type\":\"ListItem\",\"position\":1,\"name\":\"Portada\",\"item\":\"https:\/\/redeacampa.org\/es\/\"},{\"@type\":\"ListItem\",\"position\":2,\"name\":\"Pr\u00f3logo 2024\"}]},{\"@type\":\"WebSite\",\"@id\":\"https:\/\/redeacampa.org\/es\/#website\",\"url\":\"https:\/\/redeacampa.org\/es\/\",\"name\":\"Acampa - Pola paz e o dereito a refuxio\",\"description\":\"Unha iniciativa cidad\u00e1 sen fins de lucro integrada por colectivos sociais, culturais, educativos, veci\u00f1ais, pol\u00edticos, sindicais, art\u00edsticos, de persoas solidarias, de instituci\u00f3ns e empresas con responsabilidade social que te\u00f1en como obxectivo a defensa dos dereitos humanos, o Dereito Internacional Humanitario e o Dereito a Refuxio.\",\"publisher\":{\"@id\":\"https:\/\/redeacampa.org\/es\/#organization\"},\"potentialAction\":[{\"@type\":\"SearchAction\",\"target\":{\"@type\":\"EntryPoint\",\"urlTemplate\":\"https:\/\/redeacampa.org\/es\/?s={search_term_string}\"},\"query-input\":{\"@type\":\"PropertyValueSpecification\",\"valueRequired\":true,\"valueName\":\"search_term_string\"}}],\"inLanguage\":\"es\"},{\"@type\":\"Organization\",\"@id\":\"https:\/\/redeacampa.org\/es\/#organization\",\"name\":\"Acampa\",\"url\":\"https:\/\/redeacampa.org\/es\/\",\"logo\":{\"@type\":\"ImageObject\",\"inLanguage\":\"es\",\"@id\":\"https:\/\/redeacampa.org\/es\/#\/schema\/logo\/image\/\",\"url\":\"https:\/\/redeacampa.org\/wp-content\/uploads\/2019\/01\/acampaConRojo_es.png\",\"contentUrl\":\"https:\/\/redeacampa.org\/wp-content\/uploads\/2019\/01\/acampaConRojo_es.png\",\"width\":612,\"height\":204,\"caption\":\"Acampa\"},\"image\":{\"@id\":\"https:\/\/redeacampa.org\/es\/#\/schema\/logo\/image\/\"},\"sameAs\":[\"https:\/\/www.facebook.com\/acampapolapazeodereitoarefuxio\",\"https:\/\/x.com\/Acampa_polapaz\",\"https:\/\/www.instagram.com\/Acampa_polapaz\/\",\"https:\/\/www.youtube.com\/channel\/UChk1mSCHVEHmjq9e8PLb-mw\"]}]}<\/script>\n<!-- \/ Yoast SEO plugin. -->","yoast_head_json":{"title":"Pr\u00f3logo 2024 - Acampa - Pola paz e o dereito a refuxio","description":"Pr\u00f3logo del VIII Encuentro Internacional ACAMPA POR LA PAZ Y EL DERECHO A REFUGIO (A Coru\u00f1a, 7,8 y 9 de junio 2024)","robots":{"index":"index","follow":"follow","max-snippet":"max-snippet:-1","max-image-preview":"max-image-preview:large","max-video-preview":"max-video-preview:-1"},"canonical":"https:\/\/redeacampa.org\/es\/prologo-2024-es\/","og_locale":"es_ES","og_type":"article","og_title":"Pr\u00f3logo 2024 - Acampa - Pola paz e o dereito a refuxio","og_description":"Pr\u00f3logo del VIII Encuentro Internacional ACAMPA POR LA PAZ Y EL DERECHO A REFUGIO (A Coru\u00f1a, 7,8 y 9 de junio 2024)","og_url":"https:\/\/redeacampa.org\/es\/prologo-2024-es\/","og_site_name":"Acampa - Pola paz e o dereito a refuxio","article_publisher":"https:\/\/www.facebook.com\/acampapolapazeodereitoarefuxio","article_modified_time":"2025-05-01T18:28:54+00:00","twitter_card":"summary_large_image","twitter_site":"@Acampa_polapaz","twitter_misc":{"Tiempo de lectura":"5 minutos"},"schema":{"@context":"https:\/\/schema.org","@graph":[{"@type":"WebPage","@id":"https:\/\/redeacampa.org\/es\/prologo-2024-es\/","url":"https:\/\/redeacampa.org\/es\/prologo-2024-es\/","name":"Pr\u00f3logo 2024 - Acampa - Pola paz e o dereito a refuxio","isPartOf":{"@id":"https:\/\/redeacampa.org\/es\/#website"},"datePublished":"2024-04-09T19:26:00+00:00","dateModified":"2025-05-01T18:28:54+00:00","description":"Pr\u00f3logo del VIII Encuentro Internacional ACAMPA POR LA PAZ Y EL DERECHO A REFUGIO (A Coru\u00f1a, 7,8 y 9 de junio 2024)","breadcrumb":{"@id":"https:\/\/redeacampa.org\/es\/prologo-2024-es\/#breadcrumb"},"inLanguage":"es","potentialAction":[{"@type":"ReadAction","target":["https:\/\/redeacampa.org\/es\/prologo-2024-es\/"]}]},{"@type":"BreadcrumbList","@id":"https:\/\/redeacampa.org\/es\/prologo-2024-es\/#breadcrumb","itemListElement":[{"@type":"ListItem","position":1,"name":"Portada","item":"https:\/\/redeacampa.org\/es\/"},{"@type":"ListItem","position":2,"name":"Pr\u00f3logo 2024"}]},{"@type":"WebSite","@id":"https:\/\/redeacampa.org\/es\/#website","url":"https:\/\/redeacampa.org\/es\/","name":"Acampa - Pola paz e o dereito a refuxio","description":"Unha iniciativa cidad\u00e1 sen fins de lucro integrada por colectivos sociais, culturais, educativos, veci\u00f1ais, pol\u00edticos, sindicais, art\u00edsticos, de persoas solidarias, de instituci\u00f3ns e empresas con responsabilidade social que te\u00f1en como obxectivo a defensa dos dereitos humanos, o Dereito Internacional Humanitario e o Dereito a Refuxio.","publisher":{"@id":"https:\/\/redeacampa.org\/es\/#organization"},"potentialAction":[{"@type":"SearchAction","target":{"@type":"EntryPoint","urlTemplate":"https:\/\/redeacampa.org\/es\/?s={search_term_string}"},"query-input":{"@type":"PropertyValueSpecification","valueRequired":true,"valueName":"search_term_string"}}],"inLanguage":"es"},{"@type":"Organization","@id":"https:\/\/redeacampa.org\/es\/#organization","name":"Acampa","url":"https:\/\/redeacampa.org\/es\/","logo":{"@type":"ImageObject","inLanguage":"es","@id":"https:\/\/redeacampa.org\/es\/#\/schema\/logo\/image\/","url":"https:\/\/redeacampa.org\/wp-content\/uploads\/2019\/01\/acampaConRojo_es.png","contentUrl":"https:\/\/redeacampa.org\/wp-content\/uploads\/2019\/01\/acampaConRojo_es.png","width":612,"height":204,"caption":"Acampa"},"image":{"@id":"https:\/\/redeacampa.org\/es\/#\/schema\/logo\/image\/"},"sameAs":["https:\/\/www.facebook.com\/acampapolapazeodereitoarefuxio","https:\/\/x.com\/Acampa_polapaz","https:\/\/www.instagram.com\/Acampa_polapaz\/","https:\/\/www.youtube.com\/channel\/UChk1mSCHVEHmjq9e8PLb-mw"]}]}},"_links":{"self":[{"href":"https:\/\/redeacampa.org\/es\/wp-json\/wp\/v2\/pages\/49707","targetHints":{"allow":["GET"]}}],"collection":[{"href":"https:\/\/redeacampa.org\/es\/wp-json\/wp\/v2\/pages"}],"about":[{"href":"https:\/\/redeacampa.org\/es\/wp-json\/wp\/v2\/types\/page"}],"author":[{"embeddable":true,"href":"https:\/\/redeacampa.org\/es\/wp-json\/wp\/v2\/users\/4"}],"replies":[{"embeddable":true,"href":"https:\/\/redeacampa.org\/es\/wp-json\/wp\/v2\/comments?post=49707"}],"version-history":[{"count":9,"href":"https:\/\/redeacampa.org\/es\/wp-json\/wp\/v2\/pages\/49707\/revisions"}],"predecessor-version":[{"id":54641,"href":"https:\/\/redeacampa.org\/es\/wp-json\/wp\/v2\/pages\/49707\/revisions\/54641"}],"wp:attachment":[{"href":"https:\/\/redeacampa.org\/es\/wp-json\/wp\/v2\/media?parent=49707"}],"wp:term":[{"taxonomy":"category","embeddable":true,"href":"https:\/\/redeacampa.org\/es\/wp-json\/wp\/v2\/categories?post=49707"},{"taxonomy":"post_tag","embeddable":true,"href":"https:\/\/redeacampa.org\/es\/wp-json\/wp\/v2\/tags?post=49707"}],"curies":[{"name":"wp","href":"https:\/\/api.w.org\/{rel}","templated":true}]}}