{"id":53656,"date":"2025-01-24T18:02:09","date_gmt":"2025-01-24T17:02:09","guid":{"rendered":"https:\/\/redeacampa.org\/?page_id=53656"},"modified":"2025-04-29T23:27:27","modified_gmt":"2025-04-29T21:27:27","slug":"v-reco-bases-acampa-2025","status":"publish","type":"page","link":"https:\/\/redeacampa.org\/es\/v-reco-bases-acampa-2025\/","title":{"rendered":"V Reco Bases Acampa 2025"},"content":{"rendered":"<p>[et_pb_section fb_built=\u00bb1&#8243; fullwidth=\u00bbon\u00bb custom_padding_last_edited=\u00bbon|desktop\u00bb admin_label=\u00bbsection\u00bb _builder_version=\u00bb4.16&#8243; background_color=\u00bb#cd1619&#8243; custom_padding_tablet=\u00bb50px|0|50px|0&#8243; custom_padding_phone=\u00bb\u00bb transparent_background=\u00bboff\u00bb padding_mobile=\u00bboff\u00bb locked=\u00bboff\u00bb collapsed=\u00bboff\u00bb global_colors_info=\u00bb{}\u00bb][et_pb_fullwidth_header title=\u00bbV Reconocimiento Internacional Acampa 2025&#8243; subhead=\u00bbPor la paz y el derecho a refugio\u00bb admin_label=\u00bbT\u00edtulo de anchura completa\u00bb _builder_version=\u00bb4.27.4&#8243; title_font=\u00bb|on|||\u00bb subhead_font=\u00bb||on||\u00bb background_color=\u00bbrgba(255, 255, 255, 0)\u00bb button_one_letter_spacing_hover=\u00bb0&#8243; button_two_letter_spacing_hover=\u00bb0&#8243; global_colors_info=\u00bb{}\u00bb button_one_text_size__hover_enabled=\u00bboff\u00bb button_two_text_size__hover_enabled=\u00bboff\u00bb button_one_text_color__hover_enabled=\u00bboff\u00bb button_two_text_color__hover_enabled=\u00bboff\u00bb button_one_border_width__hover_enabled=\u00bboff\u00bb button_two_border_width__hover_enabled=\u00bboff\u00bb button_one_border_color__hover_enabled=\u00bboff\u00bb button_two_border_color__hover_enabled=\u00bboff\u00bb button_one_border_radius__hover_enabled=\u00bboff\u00bb button_two_border_radius__hover_enabled=\u00bboff\u00bb button_one_letter_spacing__hover_enabled=\u00bbon\u00bb button_one_letter_spacing__hover=\u00bb0&#8243; button_two_letter_spacing__hover_enabled=\u00bbon\u00bb button_two_letter_spacing__hover=\u00bb0&#8243; button_one_bg_color__hover_enabled=\u00bboff\u00bb button_two_bg_color__hover_enabled=\u00bboff\u00bb][\/et_pb_fullwidth_header][\/et_pb_section][et_pb_section fb_built=\u00bb1&#8243; _builder_version=\u00bb4.16&#8243; _module_preset=\u00bbdefault\u00bb background_enable_color=\u00bboff\u00bb custom_padding=\u00bb||0px|||\u00bb collapsed=\u00bboff\u00bb global_colors_info=\u00bb{}\u00bb][et_pb_row _builder_version=\u00bb4.16&#8243; _module_preset=\u00bbdefault\u00bb global_colors_info=\u00bb{}\u00bb][et_pb_column type=\u00bb4_4&#8243; _builder_version=\u00bb4.16&#8243; _module_preset=\u00bbdefault\u00bb global_colors_info=\u00bb{}\u00bb][et_pb_text _builder_version=\u00bb4.27.4&#8243; _module_preset=\u00bbdefault\u00bb text_font=\u00bb|||||on|||\u00bb header_font=\u00bb|||||on|||\u00bb header_2_font=\u00bb|||||on|||\u00bb custom_margin=\u00bb||-3px|||\u00bb custom_padding=\u00bb||0px|||\u00bb global_colors_info=\u00bb{}\u00bb]<\/p>\n<h1 style=\"text-align: center;\">V Reconocimiento internacional Acampa<br \/>a la defensa de los derechos humanos<\/h1>\n<h4 style=\"text-align: center;\">\u201c<strong>Acampa por la paz y el derecho a refugio\u201d<\/strong><\/h4>\n<p>&nbsp;<\/p>\n<p>[\/et_pb_text][et_pb_text _builder_version=\u00bb4.27.4&#8243; _module_preset=\u00bbdefault\u00bb background_enable_color=\u00bboff\u00bb global_colors_info=\u00bb{}\u00bb]<\/p>\n<p>Se abre el proceso para la elecci\u00f3n del <span style=\"color: #cd1619;\">Reconocimiento Internacional Acampa a la Defensa de los Derechos Humanos<\/span> en su quinta edici\u00f3n, dirigido a <span style=\"color: #cd1619;\">entidades o personas que destaquen en la defensa de los Derechos Humanos<\/span>, especialmente en los campos de actuaci\u00f3n de <strong><span style=\"color: #cd1619;\">Acampa,<\/span><\/strong> esto es la defensa de los Derechos Humanos, el Derecho a Refugio y la defensa de la Paz y el di\u00e1logo como f\u00f3rmula para resoluci\u00f3n de conflictos.<\/p>\n<p>El Reconocimiento, en sus dos categor\u00edas, internacional y local, pretende evidenciar la situaci\u00f3n de <span style=\"color: #cd1619;\">retroceso de los Derechos Humanos en todo el mundo<\/span> y la importancia de recuperarlos y defenderlos con la fuerza y resiliencia de las personas receptoras que ser\u00e1n propuestas y votadas por toda la <strong><span style=\"color: #cd1619;\">Red Acampa Internacional<\/span><\/strong>.<\/p>\n<p>[\/et_pb_text][et_pb_divider admin_label=\u00bbSeparador\u00bb _builder_version=\u00bb4.19.4&#8243; _module_preset=\u00bbdefault\u00bb global_colors_info=\u00bb{}\u00bb][\/et_pb_divider][\/et_pb_column][\/et_pb_row][\/et_pb_section][et_pb_section fb_built=\u00bb1&#8243; _builder_version=\u00bb4.16&#8243; _module_preset=\u00bbdefault\u00bb custom_padding=\u00bb0px|||||\u00bb collapsed=\u00bboff\u00bb global_colors_info=\u00bb{}\u00bb][et_pb_row column_structure=\u00bb3_5,2_5&#8243; _builder_version=\u00bb4.16&#8243; _module_preset=\u00bbdefault\u00bb global_colors_info=\u00bb{}\u00bb][et_pb_column type=\u00bb3_5&#8243; _builder_version=\u00bb4.16&#8243; _module_preset=\u00bbdefault\u00bb global_colors_info=\u00bb{}\u00bb][et_pb_text _builder_version=\u00bb4.27.4&#8243; _module_preset=\u00bbdefault\u00bb text_font=\u00bb|||||on|||\u00bb custom_margin=\u00bb||-3px|||\u00bb custom_padding=\u00bb||0px|||\u00bb global_colors_info=\u00bb{}\u00bb]<\/p>\n<h2 style=\"text-align: center;\">Bases<\/h2>\n<p>[\/et_pb_text][et_pb_text _builder_version=\u00bb4.27.4&#8243; _module_preset=\u00bbdefault\u00bb global_colors_info=\u00bb{}\u00bb]<\/p>\n<blockquote>\n<p><strong>1.- \u00bfEn qu\u00e9 consiste el Reconocimiento?<\/strong><\/p>\n<\/blockquote>\n<p>Se trata de una menci\u00f3n internacional que es presentada simult\u00e1neamente en todas las ciudades con una <strong><span style=\"color: #cd1619;\">Red Acampa<\/span><\/strong> \u00a0en funcionamiento. A las organizaciones o personas elegidas se les hace entrega de una Carta de Reconocimiento destacando la labor que se pone en valor y de una pieza representativa del Reconocimiento <strong><span style=\"color: #cd1619;\">Acampa<\/span><\/strong>, obra de la escultora <strong>Pilar Sub\u00edas<\/strong>.<\/p>\n<blockquote>\n<p><strong>2.- \u00bfQui\u00e9n puede presentar propuestas para el Reconocimiento?<\/strong><\/p>\n<\/blockquote>\n<ul>\n<li>&#8211; Todas las organizaciones que forman parte de la <strong><span style=\"color: #cd1619;\">Red Acampa Internacional<\/span><\/strong> con carta de adhesi\u00f3n.<\/li>\n<li>&#8211; Todas las personas que conforman la <strong><span style=\"color: #cd1619;\">Red Acampa<\/span> <\/strong>y que consten inscritas como asociadas.<\/li>\n<li>&#8211; Todos los equipos de coordinaci\u00f3n locales de <strong><span style=\"color: #cd1619;\">Acampa Internacional<\/span>.<\/strong><\/li>\n<\/ul>\n<blockquote>\n<p><strong>3.- \u00bfC\u00f3mo presentar una candidatura?<\/strong><\/p>\n<\/blockquote>\n<p>Se podr\u00e1n presentar hasta dos candidaturas por organizaci\u00f3n o persona particular:<\/p>\n<ul>\n<li>Una para el Reconocimiento Internacional.<\/li>\n<li>Otra para el Reconocimiento Local.<\/li>\n<\/ul>\n<p>Para proponer una candidatura, se debe cubrir este <a href=\"https:\/\/docs.google.com\/forms\/d\/e\/1FAIpQLSftUNyyqRGuydqIs7HvBWinCZ1y5wszHyOjDRJMZsQs_YfSiA\/viewform\" target=\"_blank\" rel=\"noopener\">formulario en l\u00ednea<\/a>.<\/p>\n<p>[\/et_pb_text][et_pb_button button_url=\u00bbhttps:\/\/docs.google.com\/forms\/d\/e\/1FAIpQLSftUNyyqRGuydqIs7HvBWinCZ1y5wszHyOjDRJMZsQs_YfSiA\/viewform\u00bb button_text=\u00bbPresenta una candidatura aqu\u00ed\u00bb button_alignment=\u00bbcenter\u00bb _builder_version=\u00bb4.27.4&#8243; _module_preset=\u00bbdefault\u00bb background_layout=\u00bbdark\u00bb global_colors_info=\u00bb{}\u00bb][\/et_pb_button][et_pb_text _builder_version=\u00bb4.27.4&#8243; _module_preset=\u00bbdefault\u00bb global_colors_info=\u00bb{}\u00bb]<\/p>\n<blockquote>\n<p><strong>4.- Plazo de presentaci\u00f3n de candidaturas.<\/strong><\/p>\n<\/blockquote>\n<div style=\"background: #eeeeee; border: 1px solid #cccccc; padding: 5px 10px;\">El plazo para presentar candidaturas para el <span style=\"color: #cd1619;\">V Reconocimiento Acampa 2025<\/span>\u00a0<strong>finaliza el viernes 31 de enero de 2025<\/strong>.<\/div>\n<blockquote>\n<p><strong>5.- \u00bfC\u00f3mo se selecciona el Reconocimiento anual?<\/strong><\/p>\n<\/blockquote>\n<p>Una vez cerrado el plazo de presentacio\u0301n de candidaturas, y despu\u00e9s de comprobar que todas ellas se ajusten a los principios y valores por los que se concede este Reconocimiento, se abrir\u00e1 un plazo de votacio\u0301n a trave\u0301s de la web de <span style=\"color: #cd1619;\">Acampa<\/span>, en el que podra\u0301 participar el pu\u0301blico en general adem\u00e1s de las personas y organizaciones asociadas a la Red Acampa.<\/p>\n<p>&nbsp;<\/p>\n<div style=\"background: #eeeeee; border: 1px solid #cccccc; padding: 5px 10px;\">El plazo de votaci\u00f3n para el <span style=\"color: #cd1619;\">V Reconocimiento Acampa 2025<\/span>\u00a0ser\u00e1 <strong>del 1 al 31 de marzo de 2025.<\/strong><\/div>\n<p>[\/et_pb_text][et_pb_button button_url=\u00bbhttps:\/\/redeacampa.org\/es\/votacion-votacao-2025\/\u00bb button_text=\u00bb\u00a1Participa en la votaci\u00f3n!\u00bb button_alignment=\u00bbcenter\u00bb _builder_version=\u00bb4.27.4&#8243; _module_preset=\u00bbdefault\u00bb background_layout=\u00bbdark\u00bb hover_enabled=\u00bb0&#8243; global_colors_info=\u00bb{}\u00bb sticky_enabled=\u00bb0&#8243;][\/et_pb_button][et_pb_button button_url=\u00bbhttps:\/\/redeacampa.org\/es\/sumate-a-la-red\/\u00bb button_text=\u00bbAs\u00f3ciate Aqu\u00ed\u00bb button_alignment=\u00bbcenter\u00bb _builder_version=\u00bb4.27.4&#8243; _module_preset=\u00bbdefault\u00bb background_layout=\u00bbdark\u00bb hover_enabled=\u00bb0&#8243; global_colors_info=\u00bb{}\u00bb sticky_enabled=\u00bb0&#8243;][\/et_pb_button][\/et_pb_column][et_pb_column type=\u00bb2_5&#8243; _builder_version=\u00bb4.16&#8243; _module_preset=\u00bbdefault\u00bb global_colors_info=\u00bb{}\u00bb][et_pb_image src=\u00bbhttps:\/\/redeacampa.org\/wp-content\/uploads\/Escultura-Reconocimiento-Acampa.png\u00bb title_text=\u00bbEscultura-Reconocimiento Acampa\u00bb align=\u00bbcenter\u00bb _builder_version=\u00bb4.27.4&#8243; _module_preset=\u00bbdefault\u00bb background_enable_color=\u00bboff\u00bb module_alignment=\u00bbcenter\u00bb custom_margin=\u00bb||17px|||\u00bb custom_padding=\u00bb15.1%||||false|false\u00bb border_color_all=\u00bb#CD1619&#8243; box_shadow_style=\u00bbpreset3&#8243; box_shadow_color=\u00bb#CD1619&#8243; global_colors_info=\u00bb{}\u00bb][\/et_pb_image][et_pb_text _builder_version=\u00bb4.16&#8243; _module_preset=\u00bbdefault\u00bb text_orientation=\u00bbcenter\u00bb min_height=\u00bb22.8px\u00bb custom_margin=\u00bb11px||15%||false|false\u00bb custom_padding=\u00bb0px||||false|false\u00bb link_option_url=\u00bbhttps:\/\/quintodeebro.com\/gallery2\/index.php\/Artesanos_y_Artistas\/Pilar_P_rez_Sub_as_Escultora\u00bb link_option_url_new_window=\u00bbon\u00bb global_colors_info=\u00bb{}\u00bb]<\/p>\n<p>Pieza escult\u00f3rica obra de <strong>Pilar Sub\u00edas.<\/strong><\/p>\n<p>[\/et_pb_text][et_pb_text _builder_version=\u00bb4.16&#8243; _module_preset=\u00bbdefault\u00bb custom_margin=\u00bb15%||||false|false\u00bb link_option_url=\u00bbhttps:\/\/quintodeebro.com\/gallery2\/index.php\/Artesanos_y_Artistas\/Pilar_P_rez_Sub_as_Escultora\u00bb link_option_url_new_window=\u00bbon\u00bb global_colors_info=\u00bb{}\u00bb]<\/p>\n<p><strong>Pilar Sub\u00edas<\/strong> cedi\u00f3 desinteresadamente la obra y sus derechos de uso a <span style=\"color: #cd1619;\"><strong>Acampa<\/strong> por la Paz y el Derecho a Refugio<\/span>.<\/p>\n<p>[\/et_pb_text][\/et_pb_column][\/et_pb_row][\/et_pb_section]<\/p>\n","protected":false},"excerpt":{"rendered":"<p>V Reconocimiento internacional Acampaa la defensa de los derechos humanos \u201cAcampa por la paz y el derecho a refugio\u201d &nbsp;Se abre el proceso para la elecci\u00f3n del Reconocimiento Internacional Acampa a la Defensa de los Derechos Humanos en su quinta edici\u00f3n, dirigido a entidades o personas que destaquen en la defensa de los Derechos Humanos, [&hellip;]<\/p>\n","protected":false},"author":4,"featured_media":53727,"parent":0,"menu_order":0,"comment_status":"closed","ping_status":"closed","template":"","meta":{"_et_pb_use_builder":"on","_et_pb_old_content":"","_et_gb_content_width":"","footnotes":""},"categories":[49],"tags":[],"class_list":["post-53656","page","type-page","status-publish","has-post-thumbnail","hentry","category-reconocimiento-es"],"yoast_head":"<!-- This site is optimized with the Yoast SEO plugin v26.4 - https:\/\/yoast.com\/wordpress\/plugins\/seo\/ -->\n<title>V Reco Bases Acampa 2025 - Acampa - Pola paz e o dereito a refuxio<\/title>\n<meta name=\"robots\" content=\"index, follow, max-snippet:-1, max-image-preview:large, max-video-preview:-1\" \/>\n<link rel=\"canonical\" href=\"https:\/\/redeacampa.org\/es\/v-reco-bases-acampa-2025\/\" \/>\n<meta property=\"og:locale\" content=\"es_ES\" \/>\n<meta property=\"og:type\" content=\"article\" \/>\n<meta property=\"og:title\" content=\"V Reco Bases Acampa 2025 - Acampa - Pola paz e o dereito a refuxio\" \/>\n<meta property=\"og:description\" content=\"V Reconocimiento internacional Acampaa la defensa de los derechos humanos \u201cAcampa por la paz y el derecho a refugio\u201d &nbsp;Se abre el proceso para la elecci\u00f3n del Reconocimiento Internacional Acampa a la Defensa de los Derechos Humanos en su quinta edici\u00f3n, dirigido a entidades o personas que destaquen en la defensa de los Derechos Humanos, [&hellip;]\" \/>\n<meta property=\"og:url\" content=\"https:\/\/redeacampa.org\/es\/v-reco-bases-acampa-2025\/\" \/>\n<meta property=\"og:site_name\" content=\"Acampa - Pola paz e o dereito a refuxio\" \/>\n<meta property=\"article:publisher\" content=\"https:\/\/www.facebook.com\/acampapolapazeodereitoarefuxio\" \/>\n<meta property=\"article:modified_time\" content=\"2025-04-29T21:27:27+00:00\" \/>\n<meta property=\"og:image\" content=\"https:\/\/redeacampa.org\/wp-content\/uploads\/Acampa2025_reco_esp.jpeg\" \/>\n\t<meta property=\"og:image:width\" content=\"1600\" \/>\n\t<meta property=\"og:image:height\" content=\"1600\" \/>\n\t<meta property=\"og:image:type\" content=\"image\/jpeg\" \/>\n<meta name=\"twitter:card\" content=\"summary_large_image\" \/>\n<meta name=\"twitter:site\" content=\"@Acampa_polapaz\" \/>\n<meta name=\"twitter:label1\" content=\"Tiempo de lectura\" \/>\n\t<meta name=\"twitter:data1\" content=\"3 minutos\" \/>\n<script type=\"application\/ld+json\" class=\"yoast-schema-graph\">{\"@context\":\"https:\/\/schema.org\",\"@graph\":[{\"@type\":\"WebPage\",\"@id\":\"https:\/\/redeacampa.org\/es\/v-reco-bases-acampa-2025\/\",\"url\":\"https:\/\/redeacampa.org\/es\/v-reco-bases-acampa-2025\/\",\"name\":\"V Reco Bases Acampa 2025 - Acampa - Pola paz e o dereito a refuxio\",\"isPartOf\":{\"@id\":\"https:\/\/redeacampa.org\/es\/#website\"},\"primaryImageOfPage\":{\"@id\":\"https:\/\/redeacampa.org\/es\/v-reco-bases-acampa-2025\/#primaryimage\"},\"image\":{\"@id\":\"https:\/\/redeacampa.org\/es\/v-reco-bases-acampa-2025\/#primaryimage\"},\"thumbnailUrl\":\"https:\/\/redeacampa.org\/wp-content\/uploads\/Acampa2025_reco_esp.jpeg\",\"datePublished\":\"2025-01-24T17:02:09+00:00\",\"dateModified\":\"2025-04-29T21:27:27+00:00\",\"breadcrumb\":{\"@id\":\"https:\/\/redeacampa.org\/es\/v-reco-bases-acampa-2025\/#breadcrumb\"},\"inLanguage\":\"es\",\"potentialAction\":[{\"@type\":\"ReadAction\",\"target\":[\"https:\/\/redeacampa.org\/es\/v-reco-bases-acampa-2025\/\"]}]},{\"@type\":\"ImageObject\",\"inLanguage\":\"es\",\"@id\":\"https:\/\/redeacampa.org\/es\/v-reco-bases-acampa-2025\/#primaryimage\",\"url\":\"https:\/\/redeacampa.org\/wp-content\/uploads\/Acampa2025_reco_esp.jpeg\",\"contentUrl\":\"https:\/\/redeacampa.org\/wp-content\/uploads\/Acampa2025_reco_esp.jpeg\",\"width\":1600,\"height\":1600},{\"@type\":\"BreadcrumbList\",\"@id\":\"https:\/\/redeacampa.org\/es\/v-reco-bases-acampa-2025\/#breadcrumb\",\"itemListElement\":[{\"@type\":\"ListItem\",\"position\":1,\"name\":\"Portada\",\"item\":\"https:\/\/redeacampa.org\/es\/\"},{\"@type\":\"ListItem\",\"position\":2,\"name\":\"V Reco Bases Acampa 2025\"}]},{\"@type\":\"WebSite\",\"@id\":\"https:\/\/redeacampa.org\/es\/#website\",\"url\":\"https:\/\/redeacampa.org\/es\/\",\"name\":\"Acampa - Pola paz e o dereito a refuxio\",\"description\":\"Unha iniciativa cidad\u00e1 sen fins de lucro integrada por colectivos sociais, culturais, educativos, veci\u00f1ais, pol\u00edticos, sindicais, art\u00edsticos, de persoas solidarias, de instituci\u00f3ns e empresas con responsabilidade social que te\u00f1en como obxectivo a defensa dos dereitos humanos, o Dereito Internacional Humanitario e o Dereito a Refuxio.\",\"publisher\":{\"@id\":\"https:\/\/redeacampa.org\/es\/#organization\"},\"potentialAction\":[{\"@type\":\"SearchAction\",\"target\":{\"@type\":\"EntryPoint\",\"urlTemplate\":\"https:\/\/redeacampa.org\/es\/?s={search_term_string}\"},\"query-input\":{\"@type\":\"PropertyValueSpecification\",\"valueRequired\":true,\"valueName\":\"search_term_string\"}}],\"inLanguage\":\"es\"},{\"@type\":\"Organization\",\"@id\":\"https:\/\/redeacampa.org\/es\/#organization\",\"name\":\"Acampa\",\"url\":\"https:\/\/redeacampa.org\/es\/\",\"logo\":{\"@type\":\"ImageObject\",\"inLanguage\":\"es\",\"@id\":\"https:\/\/redeacampa.org\/es\/#\/schema\/logo\/image\/\",\"url\":\"https:\/\/redeacampa.org\/wp-content\/uploads\/2019\/01\/acampaConRojo_es.png\",\"contentUrl\":\"https:\/\/redeacampa.org\/wp-content\/uploads\/2019\/01\/acampaConRojo_es.png\",\"width\":612,\"height\":204,\"caption\":\"Acampa\"},\"image\":{\"@id\":\"https:\/\/redeacampa.org\/es\/#\/schema\/logo\/image\/\"},\"sameAs\":[\"https:\/\/www.facebook.com\/acampapolapazeodereitoarefuxio\",\"https:\/\/x.com\/Acampa_polapaz\",\"https:\/\/www.instagram.com\/Acampa_polapaz\/\",\"https:\/\/www.youtube.com\/channel\/UChk1mSCHVEHmjq9e8PLb-mw\"]}]}<\/script>\n<!-- \/ Yoast SEO plugin. -->","yoast_head_json":{"title":"V Reco Bases Acampa 2025 - Acampa - Pola paz e o dereito a refuxio","robots":{"index":"index","follow":"follow","max-snippet":"max-snippet:-1","max-image-preview":"max-image-preview:large","max-video-preview":"max-video-preview:-1"},"canonical":"https:\/\/redeacampa.org\/es\/v-reco-bases-acampa-2025\/","og_locale":"es_ES","og_type":"article","og_title":"V Reco Bases Acampa 2025 - Acampa - Pola paz e o dereito a refuxio","og_description":"V Reconocimiento internacional Acampaa la defensa de los derechos humanos \u201cAcampa por la paz y el derecho a refugio\u201d &nbsp;Se abre el proceso para la elecci\u00f3n del Reconocimiento Internacional Acampa a la Defensa de los Derechos Humanos en su quinta edici\u00f3n, dirigido a entidades o personas que destaquen en la defensa de los Derechos Humanos, [&hellip;]","og_url":"https:\/\/redeacampa.org\/es\/v-reco-bases-acampa-2025\/","og_site_name":"Acampa - Pola paz e o dereito a refuxio","article_publisher":"https:\/\/www.facebook.com\/acampapolapazeodereitoarefuxio","article_modified_time":"2025-04-29T21:27:27+00:00","og_image":[{"width":1600,"height":1600,"url":"https:\/\/redeacampa.org\/wp-content\/uploads\/Acampa2025_reco_esp.jpeg","type":"image\/jpeg"}],"twitter_card":"summary_large_image","twitter_site":"@Acampa_polapaz","twitter_misc":{"Tiempo de lectura":"3 minutos"},"schema":{"@context":"https:\/\/schema.org","@graph":[{"@type":"WebPage","@id":"https:\/\/redeacampa.org\/es\/v-reco-bases-acampa-2025\/","url":"https:\/\/redeacampa.org\/es\/v-reco-bases-acampa-2025\/","name":"V Reco Bases Acampa 2025 - Acampa - Pola paz e o dereito a refuxio","isPartOf":{"@id":"https:\/\/redeacampa.org\/es\/#website"},"primaryImageOfPage":{"@id":"https:\/\/redeacampa.org\/es\/v-reco-bases-acampa-2025\/#primaryimage"},"image":{"@id":"https:\/\/redeacampa.org\/es\/v-reco-bases-acampa-2025\/#primaryimage"},"thumbnailUrl":"https:\/\/redeacampa.org\/wp-content\/uploads\/Acampa2025_reco_esp.jpeg","datePublished":"2025-01-24T17:02:09+00:00","dateModified":"2025-04-29T21:27:27+00:00","breadcrumb":{"@id":"https:\/\/redeacampa.org\/es\/v-reco-bases-acampa-2025\/#breadcrumb"},"inLanguage":"es","potentialAction":[{"@type":"ReadAction","target":["https:\/\/redeacampa.org\/es\/v-reco-bases-acampa-2025\/"]}]},{"@type":"ImageObject","inLanguage":"es","@id":"https:\/\/redeacampa.org\/es\/v-reco-bases-acampa-2025\/#primaryimage","url":"https:\/\/redeacampa.org\/wp-content\/uploads\/Acampa2025_reco_esp.jpeg","contentUrl":"https:\/\/redeacampa.org\/wp-content\/uploads\/Acampa2025_reco_esp.jpeg","width":1600,"height":1600},{"@type":"BreadcrumbList","@id":"https:\/\/redeacampa.org\/es\/v-reco-bases-acampa-2025\/#breadcrumb","itemListElement":[{"@type":"ListItem","position":1,"name":"Portada","item":"https:\/\/redeacampa.org\/es\/"},{"@type":"ListItem","position":2,"name":"V Reco Bases Acampa 2025"}]},{"@type":"WebSite","@id":"https:\/\/redeacampa.org\/es\/#website","url":"https:\/\/redeacampa.org\/es\/","name":"Acampa - Pola paz e o dereito a refuxio","description":"Unha iniciativa cidad\u00e1 sen fins de lucro integrada por colectivos sociais, culturais, educativos, veci\u00f1ais, pol\u00edticos, sindicais, art\u00edsticos, de persoas solidarias, de instituci\u00f3ns e empresas con responsabilidade social que te\u00f1en como obxectivo a defensa dos dereitos humanos, o Dereito Internacional Humanitario e o Dereito a Refuxio.","publisher":{"@id":"https:\/\/redeacampa.org\/es\/#organization"},"potentialAction":[{"@type":"SearchAction","target":{"@type":"EntryPoint","urlTemplate":"https:\/\/redeacampa.org\/es\/?s={search_term_string}"},"query-input":{"@type":"PropertyValueSpecification","valueRequired":true,"valueName":"search_term_string"}}],"inLanguage":"es"},{"@type":"Organization","@id":"https:\/\/redeacampa.org\/es\/#organization","name":"Acampa","url":"https:\/\/redeacampa.org\/es\/","logo":{"@type":"ImageObject","inLanguage":"es","@id":"https:\/\/redeacampa.org\/es\/#\/schema\/logo\/image\/","url":"https:\/\/redeacampa.org\/wp-content\/uploads\/2019\/01\/acampaConRojo_es.png","contentUrl":"https:\/\/redeacampa.org\/wp-content\/uploads\/2019\/01\/acampaConRojo_es.png","width":612,"height":204,"caption":"Acampa"},"image":{"@id":"https:\/\/redeacampa.org\/es\/#\/schema\/logo\/image\/"},"sameAs":["https:\/\/www.facebook.com\/acampapolapazeodereitoarefuxio","https:\/\/x.com\/Acampa_polapaz","https:\/\/www.instagram.com\/Acampa_polapaz\/","https:\/\/www.youtube.com\/channel\/UChk1mSCHVEHmjq9e8PLb-mw"]}]}},"_links":{"self":[{"href":"https:\/\/redeacampa.org\/es\/wp-json\/wp\/v2\/pages\/53656","targetHints":{"allow":["GET"]}}],"collection":[{"href":"https:\/\/redeacampa.org\/es\/wp-json\/wp\/v2\/pages"}],"about":[{"href":"https:\/\/redeacampa.org\/es\/wp-json\/wp\/v2\/types\/page"}],"author":[{"embeddable":true,"href":"https:\/\/redeacampa.org\/es\/wp-json\/wp\/v2\/users\/4"}],"replies":[{"embeddable":true,"href":"https:\/\/redeacampa.org\/es\/wp-json\/wp\/v2\/comments?post=53656"}],"version-history":[{"count":7,"href":"https:\/\/redeacampa.org\/es\/wp-json\/wp\/v2\/pages\/53656\/revisions"}],"predecessor-version":[{"id":54140,"href":"https:\/\/redeacampa.org\/es\/wp-json\/wp\/v2\/pages\/53656\/revisions\/54140"}],"wp:featuredmedia":[{"embeddable":true,"href":"https:\/\/redeacampa.org\/es\/wp-json\/wp\/v2\/media\/53727"}],"wp:attachment":[{"href":"https:\/\/redeacampa.org\/es\/wp-json\/wp\/v2\/media?parent=53656"}],"wp:term":[{"taxonomy":"category","embeddable":true,"href":"https:\/\/redeacampa.org\/es\/wp-json\/wp\/v2\/categories?post=53656"},{"taxonomy":"post_tag","embeddable":true,"href":"https:\/\/redeacampa.org\/es\/wp-json\/wp\/v2\/tags?post=53656"}],"curies":[{"name":"wp","href":"https:\/\/api.w.org\/{rel}","templated":true}]}}