{"id":45285,"date":"2021-01-26T21:00:11","date_gmt":"2021-01-26T20:00:11","guid":{"rendered":"https:\/\/redeacampa.org\/reconecemento-acampa\/"},"modified":"2025-05-01T18:44:01","modified_gmt":"2025-05-01T16:44:01","slug":"reconecemento-acampa","status":"publish","type":"page","link":"https:\/\/redeacampa.org\/gl\/reconecemento-acampa\/","title":{"rendered":"I Reco Bases Acampa 2021"},"content":{"rendered":"<p>[et_pb_section fb_built=&#8221;1&#8243; fullwidth=&#8221;on&#8221; custom_padding_last_edited=&#8221;on|desktop&#8221; admin_label=&#8221;section&#8221; _builder_version=&#8221;3.22&#8243; background_color=&#8221;#cd1619&#8243; custom_padding_tablet=&#8221;50px|0|50px|0&#8243; custom_padding_phone=&#8221;&#8221; transparent_background=&#8221;off&#8221; padding_mobile=&#8221;off&#8221; locked=&#8221;off&#8221; global_colors_info=&#8221;{}&#8221;][et_pb_fullwidth_header title=&#8221;I Reco\u00f1ecemento Internacional Acampa 2021&#8243; subhead=&#8221;Pola paz e o dereito a refuxio&#8221; admin_label=&#8221;T\u00edtulo de anchura completa&#8221; _builder_version=&#8221;4.11.2&#8243; title_font=&#8221;|on|||&#8221; subhead_font=&#8221;||on||&#8221; background_color=&#8221;rgba(255, 255, 255, 0)&#8221; hover_enabled=&#8221;0&#8243; button_one_letter_spacing_hover=&#8221;0&#8243; button_two_letter_spacing_hover=&#8221;0&#8243; global_colors_info=&#8221;{}&#8221; button_one_text_size__hover_enabled=&#8221;off&#8221; button_two_text_size__hover_enabled=&#8221;off&#8221; button_one_text_color__hover_enabled=&#8221;off&#8221; button_two_text_color__hover_enabled=&#8221;off&#8221; button_one_border_width__hover_enabled=&#8221;off&#8221; button_two_border_width__hover_enabled=&#8221;off&#8221; button_one_border_color__hover_enabled=&#8221;off&#8221; button_two_border_color__hover_enabled=&#8221;off&#8221; button_one_border_radius__hover_enabled=&#8221;off&#8221; button_two_border_radius__hover_enabled=&#8221;off&#8221; button_one_letter_spacing__hover_enabled=&#8221;on&#8221; button_one_letter_spacing__hover=&#8221;0&#8243; button_two_letter_spacing__hover_enabled=&#8221;on&#8221; button_two_letter_spacing__hover=&#8221;0&#8243; button_one_bg_color__hover_enabled=&#8221;off&#8221; button_two_bg_color__hover_enabled=&#8221;off&#8221; sticky_enabled=&#8221;0&#8243;][\/et_pb_fullwidth_header][\/et_pb_section][et_pb_section fb_built=&#8221;1&#8243; _builder_version=&#8221;4.8.1&#8243; _module_preset=&#8221;default&#8221; background_enable_color=&#8221;off&#8221; custom_padding=&#8221;||0px|||&#8221; global_colors_info=&#8221;{}&#8221;][et_pb_row _builder_version=&#8221;4.8.1&#8243; _module_preset=&#8221;default&#8221; global_colors_info=&#8221;{}&#8221;][et_pb_column type=&#8221;4_4&#8243; _builder_version=&#8221;4.8.1&#8243; _module_preset=&#8221;default&#8221; global_colors_info=&#8221;{}&#8221;][et_pb_text _builder_version=&#8221;4.11.2&#8243; _module_preset=&#8221;default&#8221; text_font=&#8221;|||||on|||&#8221; header_font=&#8221;|||||on|||&#8221; header_2_font=&#8221;|||||on|||&#8221; custom_margin=&#8221;||-3px|||&#8221; custom_padding=&#8221;||0px|||&#8221; hover_enabled=&#8221;0&#8243; global_colors_info=&#8221;{}&#8221; sticky_enabled=&#8221;0&#8243;]<\/p>\n<h1 style=\"text-align: center;\">I Reco\u00f1ecemento internacional \u00e1 defensa dos dereitos humanos<\/h1>\n<h2 style=\"text-align: center;\">&#8220;<strong>Acampa pola paz e o dereito ao refuxio&#8221;<\/strong><\/h2>\n<p>&nbsp;<\/p>\n<p>[\/et_pb_text][et_pb_text _builder_version=&#8221;4.11.2&#8243; _module_preset=&#8221;default&#8221; background_enable_color=&#8221;off&#8221; hover_enabled=&#8221;0&#8243; global_colors_info=&#8221;{}&#8221; sticky_enabled=&#8221;0&#8243;]<\/p>\n<p>Tr\u00e1tase dun reco\u00f1ecemento anual a entidades ou persoas que destaquen na defensa dos Dereitos Humanos, especialmente nas \u00e1reas de actuaci\u00f3n de <strong><span style=\"color: #cd1619;\">Acampa<\/span>: <\/strong>a defensa dos Dereitos Humanos, o Dereito a Refuxio e a defensa da Paz e o di\u00e1logo como f\u00f3rmula para a resoluci\u00f3n de conflitos.<\/p>\n<p>O obxectivo \u00e9 po\u00f1er en valor a necesidade de defender os Dereitos Humanos presentando o traballo realizado por organizaci\u00f3ns e persoas que son un referente e un exemplo para toda a sociedade. Pretendemos po\u00f1er o foco medi\u00e1tico na situaci\u00f3n de retroceso dos Dereitos Humanos en todo o mundo e a importancia de recuperalos e defendelos coa forza e a resiliencia das organizaci\u00f3ns e persoas que reciben este reco\u00f1ecemento, que ser\u00e1 proposto e votado por todas as organizaci\u00f3ns e persoas que conforman a <strong><span style=\"color: #cd1619;\">Rede Acampa Internacional<\/span><\/strong> .<\/p>\n<p>[\/et_pb_text][et_pb_divider admin_label=&#8221;Separador&#8221; _builder_version=&#8221;4.8.1&#8243; _module_preset=&#8221;default&#8221; global_colors_info=&#8221;{}&#8221;][\/et_pb_divider][\/et_pb_column][\/et_pb_row][\/et_pb_section][et_pb_section fb_built=&#8221;1&#8243; _builder_version=&#8221;4.8.1&#8243; _module_preset=&#8221;default&#8221; custom_padding=&#8221;0px|||||&#8221; global_colors_info=&#8221;{}&#8221;][et_pb_row column_structure=&#8221;3_5,2_5&#8243; _builder_version=&#8221;4.8.1&#8243; _module_preset=&#8221;default&#8221; global_colors_info=&#8221;{}&#8221;][et_pb_column type=&#8221;3_5&#8243; _builder_version=&#8221;4.8.1&#8243; _module_preset=&#8221;default&#8221; global_colors_info=&#8221;{}&#8221;][et_pb_text _builder_version=&#8221;4.11.2&#8243; _module_preset=&#8221;default&#8221; text_font=&#8221;|||||on|||&#8221; custom_margin=&#8221;||-3px|||&#8221; custom_padding=&#8221;||0px|||&#8221; hover_enabled=&#8221;0&#8243; global_colors_info=&#8221;{}&#8221; sticky_enabled=&#8221;0&#8243;]<\/p>\n<h2 style=\"text-align: center;\">Bases<\/h2>\n<p>&nbsp;<\/p>\n<p>[\/et_pb_text][et_pb_text _builder_version=&#8221;4.9.0&#8243; _module_preset=&#8221;default&#8221; global_colors_info=&#8221;{}&#8221;]<\/p>\n<p><strong>1.- En que consiste o reco\u00f1ecemento?<\/strong><\/p>\n<p>\u00c9 unha menci\u00f3n internacional presentada a un tempo en todas as cidades con presenza da<strong><span style=\"color: #cd1619;\"> Rede Acampa<\/span><\/strong> consistente na entrega dunha carta de reco\u00f1ecemento que destaque o labor realizado pola persoa ou entidade reco\u00f1ecida e dunha escultura representativa de <strong><span style=\"color: #cd1619;\">Acampa<\/span><\/strong>, realizada pola escultora <strong> Pilar Sub\u00edas<\/strong>.<\/p>\n<p><strong>2.- Quen pode presentar propostas para o reco\u00f1ecemento?<\/strong><\/p>\n<ul>\n<li>&#8211; Todas as organizaci\u00f3ns que forman parte da<strong><span style=\"color: #cd1619;\"> Rede Acampa Internacional<\/span><\/strong> con carta de adhesi\u00f3n \u00e1 <strong><span style=\"color: #cd1619;\"> Rede Acampa<\/span><\/strong>.<\/li>\n<li>&#8211; Todas as persoas que conforman a <strong><span style=\"color: #cd1619;\">Rede Acampa<\/span><\/strong> e que consten inscritas como asociadas.<\/li>\n<li>&#8211; Todos os equipos de coordinaci\u00f3n locais de <strong><span style=\"color: #cd1619;\">Acampa internacional<\/span>.<\/strong><\/li>\n<\/ul>\n<p><strong>3.- Como se presenta unha candidatura?<\/strong><\/p>\n<p>Para propo\u00f1er unha candidatura debe achegarse a seguinte documentaci\u00f3n:<\/p>\n<p>Se \u00e9 unha persoa:<\/p>\n<ul>\n<li>&#8211; Foto dixital da persoa proposta, cunhas medidas de 1800 p\u00edxeles no lado m\u00e1is longo e a 300 ppp de resoluci\u00f3n.<br \/>(Se non se ten acceso \u00e1 persoa, para a primeira proposta pode servir calquera foto con calidade reco\u00f1ecible).<\/li>\n<\/ul>\n<p>Se \u00e9 unha organizaci\u00f3n:<\/p>\n<ul>\n<li>&#8211; Logotipo vectorial.<\/li>\n<\/ul>\n<p>En ambos os casos tam\u00e9n deben xuntar:<\/p>\n<ul>\n<li>&#8211; Breve descrici\u00f3n dos motivos da proposta (aprox. 200 caracteres).<\/li>\n<li>&#8211; Breve biograf\u00eda da persoa ou da organizaci\u00f3n proposta (aprox. 400 caracteres).<\/li>\n<li>&#8211; Datos de contacto, correo electr\u00f3nico, tel\u00e9fono, web e redes sociais da organizaci\u00f3n ou persoa proposta para recibir o reco\u00f1ecemento.<\/li>\n<li>&#8211; Datos da organizaci\u00f3n ou persoa que fai a proposta.<\/li>\n<\/ul>\n<p>Toda a documentaci\u00f3n deber\u00e1 achegarse necesariamente mediante ficheiros electr\u00f3nicos en formato PDF e de tama\u00f1o non superior a 4 megabytes de informaci\u00f3n.<\/p>\n<p>As propostas coas candidaturas deben enviarse ao correo electr\u00f3nico:<a href=\"mailto:acampa@redeacampa.org\"> acampa@redeacampa.org.<\/a><\/p>\n<p><strong>4.- Prazo de presentaci\u00f3n de candidaturas<\/strong><\/p>\n<p>O prazo para presentar candidaturas remata o 28 de febreiro de cada ano.<\/p>\n<p><strong>5.- Cantos reco\u00f1ecementos se entregan cada ano? <\/strong><\/p>\n<p>Cada ano entregaranse os seguintes Reco\u00f1ecementos<strong><span style=\"color: #cd1619;\"> Acampa<\/span><\/strong>:<\/p>\n<ul>\n<li><strong>&#8211; Un<\/strong> \u00fanico <strong>Reco\u00f1ecemento internacional,<\/strong> que se entregar\u00e1 rotatoriamente en cada pa\u00eds, na cidade que antes organice o encontro internacional anual de m\u00e1is de dous d\u00edas, ou ben na cidade que decida a direcci\u00f3n <strong><span style=\"color: #cd1619;\">Acampa<\/span><\/strong> de cada pa\u00eds.<\/li>\n<li><strong>&#8211; Un<\/strong><strong> Reco\u00f1ecemento local en cada cidade<\/strong> con organizaci\u00f3n <strong><span style=\"color: #cd1619;\">Acampa<\/span><\/strong> que as\u00ed o decida, sen importar o n\u00famero de cidades que queiran entregar o reco\u00f1ecemento local. <strong>No caso concreto de Galicia adm\u00edtese ampliar o Reco\u00f1ecemento a organizaci\u00f3ns e persoas de todo o territorio galego<\/strong>.<\/li>\n<\/ul>\n<p>A direcci\u00f3n internacional de <strong><span style=\"color: #cd1619;\"> Acampa<\/span><\/strong>, por raz\u00f3ns estrat\u00e9xicas, poder\u00e1 decidir a cidade en que se entrega o Reco\u00f1ecemento Internacional. Esta decisi\u00f3n ter\u00e1 prioridade sobre calquera outra.<\/p>\n<p><strong>6.- Como se selecciona o reco\u00f1ecemento anual?<\/strong><\/p>\n<p>Unha vez pechado o prazo para presentar candidaturas, \u00e1brese un prazo de votaci\u00f3n de quince d\u00edas que se iniciar\u00e1 o 30 de marzo de 2021 no que poden participar todas as persoas acreditadas como asociadas a unha das organizaci\u00f3ns <strong><span style=\"color: #cd1619;\">Acampa<\/span><\/strong> e todas as organizaci\u00f3ns da <strong><span style=\"color: #cd1619;\"> Rede Acampa<\/span><\/strong>, con un voto por organizaci\u00f3n<strong>.<\/strong><\/p>\n<p>P\u00f3dense presentar d\u00faas candidaturas por organizaci\u00f3n ou persoa particular:<\/p>\n<ul>\n<li>&#8211; unha para o Reco\u00f1ecemento Internacional.<\/li>\n<li>&#8211; outra para o Reco\u00f1ecemento Local a unha organizaci\u00f3n ou persoa da Coru\u00f1a ou de calquera outra cidade con organizaci\u00f3n <strong><span style=\"color: #cd1619;\">Acampa<\/span><\/strong> que decida entregar o Reco\u00f1ecemento Local e as\u00ed o anuncie publicamente.<\/li>\n<\/ul>\n<p>A votaci\u00f3n do Reco\u00f1ecemento Internacional e do Reco\u00f1ecemento Local efect\u00faase a trav\u00e9s da web <strong><span style=\"color: #cd1619;\"> Acampa internacional<\/span><\/strong> na ligaz\u00f3n que se facilitar\u00e1 para tal fin.<\/p>\n<p>Poder\u00e1n votar todas as organizaci\u00f3ns da<strong><span style=\"color: #cd1619;\"> Rede Acampa<\/span><\/strong> e todas as persoas rexistradas ou asociadas \u00e1 <strong><span style=\"color: #cd1619;\">Rede Acampa<\/span><\/strong>.<\/p>\n<p>[\/et_pb_text][\/et_pb_column][et_pb_column type=&#8221;2_5&#8243; _builder_version=&#8221;4.8.1&#8243; _module_preset=&#8221;default&#8221; global_colors_info=&#8221;{}&#8221;][et_pb_image src=&#8221;https:\/\/redeacampa.org\/wp-content\/uploads\/Escultura-Reconocimiento-Acampa.png&#8221; title_text=&#8221;Escultura-Reco\u00f1ecemento Acampa&#8221; align=&#8221;center&#8221; _builder_version=&#8221;4.8.1&#8243; _module_preset=&#8221;default&#8221; background_enable_color=&#8221;off&#8221; module_alignment=&#8221;center&#8221; custom_margin=&#8221;||17px|||&#8221; custom_padding=&#8221;15.1%||||false|false&#8221; border_color_all=&#8221;#CD1619&#8243; box_shadow_style=&#8221;preset3&#8243; box_shadow_color=&#8221;#CD1619&#8243; global_colors_info=&#8221;{}&#8221;][\/et_pb_image][et_pb_text _builder_version=&#8221;4.8.1&#8243; _module_preset=&#8221;default&#8221; text_orientation=&#8221;center&#8221; min_height=&#8221;22.8px&#8221; custom_margin=&#8221;11px||15%||false|false&#8221; custom_padding=&#8221;0px||||false|false&#8221; global_colors_info=&#8221;{}&#8221;]<\/p>\n<p>Escultura feita por:<strong> Pilar Sub\u00edas.<\/strong><\/p>\n<p>[\/et_pb_text][et_pb_button button_url=&#8221;https:\/\/coruna.redeacampa.org\/gl\/sumate-a-rede\/&#8221; button_text=&#8221;Rex\u00edstrache e As\u00f3ciache Aqu\u00ed&#8221; button_alignment=&#8221;center&#8221; _builder_version=&#8221;4.8.1&#8243; _module_preset=&#8221;default&#8221; background_layout=&#8221;dark&#8221; global_colors_info=&#8221;{}&#8221;][\/et_pb_button][et_pb_text _builder_version=&#8221;4.8.1&#8243; _module_preset=&#8221;default&#8221; custom_margin=&#8221;15%||||false|false&#8221; global_colors_info=&#8221;{}&#8221;]<\/p>\n<p><strong>PilarSub\u00edas<\/strong> doou solidariamente a obra e os dereitos de uso a<span style=\"color: #cd1619;\"><strong> Acampa<\/strong> pola Paz e o Dereito a Refuxio<\/span> .<\/p>\n<p><a href=\"https:\/\/quintodeebro.com\/gallery2\/index.php\/Artesanos_y_Artistas\/Pilar_P_rez_Sub_as_Escultora\">https:\/\/quintodeebro.com\/gallery2\/index.php\/Artesanos_y_Artistas\/Pilar_P_rez_Sub_as_Escultora<\/a><\/p>\n<p>[\/et_pb_text][\/et_pb_column][\/et_pb_row][\/et_pb_section]<\/p>\n","protected":false},"excerpt":{"rendered":"<p>I Reco\u00f1ecemento internacional \u00e1 defensa dos dereitos humanos &#8220;Acampa pola paz e o dereito ao refuxio&#8221; &nbsp;Tr\u00e1tase dun reco\u00f1ecemento anual a entidades ou persoas que destaquen na defensa dos Dereitos Humanos, especialmente nas \u00e1reas de actuaci\u00f3n de Acampa: a defensa dos Dereitos Humanos, o Dereito a Refuxio e a defensa da Paz e o di\u00e1logo [&hellip;]<\/p>\n","protected":false},"author":1,"featured_media":0,"parent":0,"menu_order":0,"comment_status":"closed","ping_status":"closed","template":"","meta":{"_et_pb_use_builder":"on","_et_pb_old_content":"","_et_gb_content_width":"","footnotes":""},"categories":[50],"tags":[],"class_list":["post-45285","page","type-page","status-publish","hentry","category-reconecemento-gl"],"yoast_head":"<!-- This site is optimized with the Yoast SEO plugin v26.4 - https:\/\/yoast.com\/wordpress\/plugins\/seo\/ -->\n<title>I Reco Bases Acampa 2021 - Acampa - Pola paz e o dereito a refuxio<\/title>\n<meta name=\"robots\" content=\"index, follow, max-snippet:-1, max-image-preview:large, max-video-preview:-1\" \/>\n<link rel=\"canonical\" href=\"https:\/\/redeacampa.org\/gl\/reconecemento-acampa\/\" \/>\n<meta property=\"og:locale\" content=\"gl_ES\" \/>\n<meta property=\"og:type\" content=\"article\" \/>\n<meta property=\"og:title\" content=\"I Reco Bases Acampa 2021 - Acampa - Pola paz e o dereito a refuxio\" \/>\n<meta property=\"og:description\" content=\"I Reco\u00f1ecemento internacional \u00e1 defensa dos dereitos humanos &quot;Acampa pola paz e o dereito ao refuxio&quot; &nbsp;Tr\u00e1tase dun reco\u00f1ecemento anual a entidades ou persoas que destaquen na defensa dos Dereitos Humanos, especialmente nas \u00e1reas de actuaci\u00f3n de Acampa: a defensa dos Dereitos Humanos, o Dereito a Refuxio e a defensa da Paz e o di\u00e1logo [&hellip;]\" \/>\n<meta property=\"og:url\" content=\"https:\/\/redeacampa.org\/gl\/reconecemento-acampa\/\" \/>\n<meta property=\"og:site_name\" content=\"Acampa - Pola paz e o dereito a refuxio\" \/>\n<meta property=\"article:publisher\" content=\"https:\/\/www.facebook.com\/acampapolapazeodereitoarefuxio\" \/>\n<meta property=\"article:modified_time\" content=\"2025-05-01T16:44:01+00:00\" \/>\n<meta name=\"twitter:card\" content=\"summary_large_image\" \/>\n<meta name=\"twitter:site\" content=\"@Acampa_polapaz\" \/>\n<meta name=\"twitter:label1\" content=\"Tempo de lectura\" \/>\n\t<meta name=\"twitter:data1\" content=\"7 minutos\" \/>\n<script type=\"application\/ld+json\" class=\"yoast-schema-graph\">{\"@context\":\"https:\/\/schema.org\",\"@graph\":[{\"@type\":\"WebPage\",\"@id\":\"https:\/\/redeacampa.org\/gl\/reconecemento-acampa\/\",\"url\":\"https:\/\/redeacampa.org\/gl\/reconecemento-acampa\/\",\"name\":\"I Reco Bases Acampa 2021 - Acampa - Pola paz e o dereito a refuxio\",\"isPartOf\":{\"@id\":\"https:\/\/redeacampa.org\/gl\/#website\"},\"datePublished\":\"2021-01-26T20:00:11+00:00\",\"dateModified\":\"2025-05-01T16:44:01+00:00\",\"breadcrumb\":{\"@id\":\"https:\/\/redeacampa.org\/gl\/reconecemento-acampa\/#breadcrumb\"},\"inLanguage\":\"gl-ES\",\"potentialAction\":[{\"@type\":\"ReadAction\",\"target\":[\"https:\/\/redeacampa.org\/gl\/reconecemento-acampa\/\"]}]},{\"@type\":\"BreadcrumbList\",\"@id\":\"https:\/\/redeacampa.org\/gl\/reconecemento-acampa\/#breadcrumb\",\"itemListElement\":[{\"@type\":\"ListItem\",\"position\":1,\"name\":\"Portada\",\"item\":\"https:\/\/redeacampa.org\/gl\/\"},{\"@type\":\"ListItem\",\"position\":2,\"name\":\"I Reco Bases Acampa 2021\"}]},{\"@type\":\"WebSite\",\"@id\":\"https:\/\/redeacampa.org\/gl\/#website\",\"url\":\"https:\/\/redeacampa.org\/gl\/\",\"name\":\"Acampa - Pola paz e o dereito a refuxio\",\"description\":\"Unha iniciativa cidad\u00e1 sen fins de lucro integrada por colectivos sociais, culturais, educativos, veci\u00f1ais, pol\u00edticos, sindicais, art\u00edsticos, de persoas solidarias, de instituci\u00f3ns e empresas con responsabilidade social que te\u00f1en como obxectivo a defensa dos dereitos humanos, o Dereito Internacional Humanitario e o Dereito a Refuxio.\",\"publisher\":{\"@id\":\"https:\/\/redeacampa.org\/gl\/#organization\"},\"potentialAction\":[{\"@type\":\"SearchAction\",\"target\":{\"@type\":\"EntryPoint\",\"urlTemplate\":\"https:\/\/redeacampa.org\/gl\/?s={search_term_string}\"},\"query-input\":{\"@type\":\"PropertyValueSpecification\",\"valueRequired\":true,\"valueName\":\"search_term_string\"}}],\"inLanguage\":\"gl-ES\"},{\"@type\":\"Organization\",\"@id\":\"https:\/\/redeacampa.org\/gl\/#organization\",\"name\":\"Acampa\",\"url\":\"https:\/\/redeacampa.org\/gl\/\",\"logo\":{\"@type\":\"ImageObject\",\"inLanguage\":\"gl-ES\",\"@id\":\"https:\/\/redeacampa.org\/gl\/#\/schema\/logo\/image\/\",\"url\":\"https:\/\/redeacampa.org\/wp-content\/uploads\/2019\/01\/acampaConRojo_es.png\",\"contentUrl\":\"https:\/\/redeacampa.org\/wp-content\/uploads\/2019\/01\/acampaConRojo_es.png\",\"width\":612,\"height\":204,\"caption\":\"Acampa\"},\"image\":{\"@id\":\"https:\/\/redeacampa.org\/gl\/#\/schema\/logo\/image\/\"},\"sameAs\":[\"https:\/\/www.facebook.com\/acampapolapazeodereitoarefuxio\",\"https:\/\/x.com\/Acampa_polapaz\",\"https:\/\/www.instagram.com\/Acampa_polapaz\/\",\"https:\/\/www.youtube.com\/channel\/UChk1mSCHVEHmjq9e8PLb-mw\"]}]}<\/script>\n<!-- \/ Yoast SEO plugin. -->","yoast_head_json":{"title":"I Reco Bases Acampa 2021 - Acampa - Pola paz e o dereito a refuxio","robots":{"index":"index","follow":"follow","max-snippet":"max-snippet:-1","max-image-preview":"max-image-preview:large","max-video-preview":"max-video-preview:-1"},"canonical":"https:\/\/redeacampa.org\/gl\/reconecemento-acampa\/","og_locale":"gl_ES","og_type":"article","og_title":"I Reco Bases Acampa 2021 - Acampa - Pola paz e o dereito a refuxio","og_description":"I Reco\u00f1ecemento internacional \u00e1 defensa dos dereitos humanos \"Acampa pola paz e o dereito ao refuxio\" &nbsp;Tr\u00e1tase dun reco\u00f1ecemento anual a entidades ou persoas que destaquen na defensa dos Dereitos Humanos, especialmente nas \u00e1reas de actuaci\u00f3n de Acampa: a defensa dos Dereitos Humanos, o Dereito a Refuxio e a defensa da Paz e o di\u00e1logo [&hellip;]","og_url":"https:\/\/redeacampa.org\/gl\/reconecemento-acampa\/","og_site_name":"Acampa - Pola paz e o dereito a refuxio","article_publisher":"https:\/\/www.facebook.com\/acampapolapazeodereitoarefuxio","article_modified_time":"2025-05-01T16:44:01+00:00","twitter_card":"summary_large_image","twitter_site":"@Acampa_polapaz","twitter_misc":{"Tempo de lectura":"7 minutos"},"schema":{"@context":"https:\/\/schema.org","@graph":[{"@type":"WebPage","@id":"https:\/\/redeacampa.org\/gl\/reconecemento-acampa\/","url":"https:\/\/redeacampa.org\/gl\/reconecemento-acampa\/","name":"I Reco Bases Acampa 2021 - Acampa - Pola paz e o dereito a refuxio","isPartOf":{"@id":"https:\/\/redeacampa.org\/gl\/#website"},"datePublished":"2021-01-26T20:00:11+00:00","dateModified":"2025-05-01T16:44:01+00:00","breadcrumb":{"@id":"https:\/\/redeacampa.org\/gl\/reconecemento-acampa\/#breadcrumb"},"inLanguage":"gl-ES","potentialAction":[{"@type":"ReadAction","target":["https:\/\/redeacampa.org\/gl\/reconecemento-acampa\/"]}]},{"@type":"BreadcrumbList","@id":"https:\/\/redeacampa.org\/gl\/reconecemento-acampa\/#breadcrumb","itemListElement":[{"@type":"ListItem","position":1,"name":"Portada","item":"https:\/\/redeacampa.org\/gl\/"},{"@type":"ListItem","position":2,"name":"I Reco Bases Acampa 2021"}]},{"@type":"WebSite","@id":"https:\/\/redeacampa.org\/gl\/#website","url":"https:\/\/redeacampa.org\/gl\/","name":"Acampa - Pola paz e o dereito a refuxio","description":"Unha iniciativa cidad\u00e1 sen fins de lucro integrada por colectivos sociais, culturais, educativos, veci\u00f1ais, pol\u00edticos, sindicais, art\u00edsticos, de persoas solidarias, de instituci\u00f3ns e empresas con responsabilidade social que te\u00f1en como obxectivo a defensa dos dereitos humanos, o Dereito Internacional Humanitario e o Dereito a Refuxio.","publisher":{"@id":"https:\/\/redeacampa.org\/gl\/#organization"},"potentialAction":[{"@type":"SearchAction","target":{"@type":"EntryPoint","urlTemplate":"https:\/\/redeacampa.org\/gl\/?s={search_term_string}"},"query-input":{"@type":"PropertyValueSpecification","valueRequired":true,"valueName":"search_term_string"}}],"inLanguage":"gl-ES"},{"@type":"Organization","@id":"https:\/\/redeacampa.org\/gl\/#organization","name":"Acampa","url":"https:\/\/redeacampa.org\/gl\/","logo":{"@type":"ImageObject","inLanguage":"gl-ES","@id":"https:\/\/redeacampa.org\/gl\/#\/schema\/logo\/image\/","url":"https:\/\/redeacampa.org\/wp-content\/uploads\/2019\/01\/acampaConRojo_es.png","contentUrl":"https:\/\/redeacampa.org\/wp-content\/uploads\/2019\/01\/acampaConRojo_es.png","width":612,"height":204,"caption":"Acampa"},"image":{"@id":"https:\/\/redeacampa.org\/gl\/#\/schema\/logo\/image\/"},"sameAs":["https:\/\/www.facebook.com\/acampapolapazeodereitoarefuxio","https:\/\/x.com\/Acampa_polapaz","https:\/\/www.instagram.com\/Acampa_polapaz\/","https:\/\/www.youtube.com\/channel\/UChk1mSCHVEHmjq9e8PLb-mw"]}]}},"_links":{"self":[{"href":"https:\/\/redeacampa.org\/gl\/wp-json\/wp\/v2\/pages\/45285","targetHints":{"allow":["GET"]}}],"collection":[{"href":"https:\/\/redeacampa.org\/gl\/wp-json\/wp\/v2\/pages"}],"about":[{"href":"https:\/\/redeacampa.org\/gl\/wp-json\/wp\/v2\/types\/page"}],"author":[{"embeddable":true,"href":"https:\/\/redeacampa.org\/gl\/wp-json\/wp\/v2\/users\/1"}],"replies":[{"embeddable":true,"href":"https:\/\/redeacampa.org\/gl\/wp-json\/wp\/v2\/comments?post=45285"}],"version-history":[{"count":82,"href":"https:\/\/redeacampa.org\/gl\/wp-json\/wp\/v2\/pages\/45285\/revisions"}],"predecessor-version":[{"id":46930,"href":"https:\/\/redeacampa.org\/gl\/wp-json\/wp\/v2\/pages\/45285\/revisions\/46930"}],"wp:attachment":[{"href":"https:\/\/redeacampa.org\/gl\/wp-json\/wp\/v2\/media?parent=45285"}],"wp:term":[{"taxonomy":"category","embeddable":true,"href":"https:\/\/redeacampa.org\/gl\/wp-json\/wp\/v2\/categories?post=45285"},{"taxonomy":"post_tag","embeddable":true,"href":"https:\/\/redeacampa.org\/gl\/wp-json\/wp\/v2\/tags?post=45285"}],"curies":[{"name":"wp","href":"https:\/\/api.w.org\/{rel}","templated":true}]}}