{"id":46510,"date":"2021-05-22T13:29:51","date_gmt":"2021-05-22T11:29:51","guid":{"rendered":"https:\/\/redeacampa.org\/resultados-rec-acampa-2021\/"},"modified":"2025-05-01T18:44:55","modified_gmt":"2025-05-01T16:44:55","slug":"resultados-rec-acampa-2021","status":"publish","type":"page","link":"https:\/\/redeacampa.org\/gl\/resultados-rec-acampa-2021\/","title":{"rendered":"I Resultados Rec, Acampa 2021"},"content":{"rendered":"<p>[et_pb_section fb_built=&#8221;1&#8243; fullwidth=&#8221;on&#8221; custom_padding_last_edited=&#8221;on|desktop&#8221; admin_label=&#8221;section&#8221; _builder_version=&#8221;3.22.3&#8243; background_color=&#8221;#cd1619&#8243; custom_padding_tablet=&#8221;50px|0|50px|0&#8243; custom_padding_phone=&#8221;&#8221; transparent_background=&#8221;off&#8221; padding_mobile=&#8221;off&#8221; locked=&#8221;off&#8221; collapsed=&#8221;on&#8221; global_colors_info=&#8221;{}&#8221;][et_pb_fullwidth_header title=&#8221;Resultados do I Reco\u00f1ecemento Internacional Acampa 2021&#8243; subhead=&#8221;Pola paz e o dereito a refuxio&#8221; admin_label=&#8221;T\u00edtulo de anchura completa&#8221; _builder_version=&#8221;4.11.1&#8243; title_font=&#8221;|on|||&#8221; subhead_font=&#8221;||on||&#8221; background_color=&#8221;rgba(255, 255, 255, 0)&#8221; button_one_letter_spacing_hover=&#8221;0&#8243; button_two_letter_spacing_hover=&#8221;0&#8243; global_colors_info=&#8221;{}&#8221; button_one_text_size__hover_enabled=&#8221;off&#8221; button_two_text_size__hover_enabled=&#8221;off&#8221; button_one_text_color__hover_enabled=&#8221;off&#8221; button_two_text_color__hover_enabled=&#8221;off&#8221; button_one_border_width__hover_enabled=&#8221;off&#8221; button_two_border_width__hover_enabled=&#8221;off&#8221; button_one_border_color__hover_enabled=&#8221;off&#8221; button_two_border_color__hover_enabled=&#8221;off&#8221; button_one_border_radius__hover_enabled=&#8221;off&#8221; button_two_border_radius__hover_enabled=&#8221;off&#8221; button_one_letter_spacing__hover_enabled=&#8221;on&#8221; button_one_letter_spacing__hover=&#8221;0&#8243; button_two_letter_spacing__hover_enabled=&#8221;on&#8221; button_two_letter_spacing__hover=&#8221;0&#8243; button_one_bg_color__hover_enabled=&#8221;off&#8221; button_two_bg_color__hover_enabled=&#8221;off&#8221;][\/et_pb_fullwidth_header][\/et_pb_section][et_pb_section fb_built=&#8221;1&#8243; _builder_version=&#8221;4.9.4&#8243; _module_preset=&#8221;default&#8221; global_colors_info=&#8221;{}&#8221;][et_pb_row _builder_version=&#8221;4.9.4&#8243; _module_preset=&#8221;default&#8221; global_colors_info=&#8221;{}&#8221; collapsed=&#8221;on&#8221;][et_pb_column type=&#8221;4_4&#8243; _builder_version=&#8221;4.9.4&#8243; _module_preset=&#8221;default&#8221; global_colors_info=&#8221;{}&#8221;][et_pb_image src=&#8221;https:\/\/redeacampa.org\/wp-content\/uploads\/Res_Rec_2021.png&#8221; title_text=&#8221;Res_Rec_2021&#8243; _builder_version=&#8221;4.9.4&#8243; _module_preset=&#8221;default&#8221; global_colors_info=&#8221;{}&#8221;][\/et_pb_image][et_pb_text _builder_version=&#8221;4.9.4&#8243; _module_preset=&#8221;default&#8221; global_colors_info=&#8221;{}&#8221;]<\/p>\n<p>O <strong>Movimento dos Traballadores Sem Terra do Brasil, MST<\/strong> e o hist\u00f3rico activista <strong>Nicanor Acosta<\/strong> foron os m\u00e1is votados no <strong>I Reco\u00f1ecemento Internacional \u00e1 Defensa dos Dereitos Humanos<\/strong>.<\/p>\n<p>As votaci\u00f3ns en cada unha das d\u00faas categor\u00edas \u2013 internacional e galega &#8211; segretas, verificables e abertas non s\u00f3 as persoas asociadas ao movemento Acampa sen\u00f3n \u00e1 cidadan\u00eda, decidiron que sexan o <strong>MST<\/strong> brasileiro, con un <strong>22,73%<\/strong> dos votos, e o activista coru\u00f1\u00e9s <strong>Nicanor Acosta<\/strong>, co <strong>53,49%<\/strong>, os primeiros en recibir o Reco\u00f1ecemento de Acampa, que toma forma nunha aleg\u00f3rica escultura da artista <strong>Pilar Sub\u00edas.<\/strong> <\/p>\n<p>Calqueira das candidaturas presentadas era, abof\u00e9, merecedora do noso aplauso colectivo pola s\u00faa labor e o seu traballo no tecido dunha sociedade m\u00e1is xusta e humana. Pero os votos das organizaci\u00f3ns, particulares asociados \u00e1 rede e a cidadan\u00eda impricada con Acampa elixiron ao <strong>MST<\/strong> e a <strong>Nicanor Acosta<\/strong>.<\/p>\n<p>[\/et_pb_text][\/et_pb_column][\/et_pb_row][\/et_pb_section][et_pb_section fb_built=&#8221;1&#8243; _builder_version=&#8221;4.9.4&#8243; _module_preset=&#8221;default&#8221; background_color=&#8221;#cac2af&#8221; global_colors_info=&#8221;{}&#8221;][et_pb_row _builder_version=&#8221;4.9.4&#8243; _module_preset=&#8221;default&#8221; global_colors_info=&#8221;{}&#8221; collapsed=&#8221;on&#8221;][et_pb_column type=&#8221;4_4&#8243; _builder_version=&#8221;4.9.4&#8243; _module_preset=&#8221;default&#8221; global_colors_info=&#8221;{}&#8221;][et_pb_text _builder_version=&#8221;4.9.4&#8243; _module_preset=&#8221;default&#8221; global_colors_info=&#8221;{}&#8221;]<\/p>\n<h3 style=\"text-align: center;\">I Reco\u00f1ecemento Internacional \u00e1 Defensa dos Dereitos Humanos<\/h3>\n<h3 style=\"text-align: center;\">Acampa 2021<\/h3>\n<p>[\/et_pb_text][\/et_pb_column][\/et_pb_row][et_pb_row column_structure=&#8221;1_3,2_3&#8243; _builder_version=&#8221;4.9.4&#8243; _module_preset=&#8221;default&#8221; collapsed=&#8221;on&#8221; global_colors_info=&#8221;{}&#8221;][et_pb_column type=&#8221;1_3&#8243; _builder_version=&#8221;4.9.4&#8243; _module_preset=&#8221;default&#8221; global_colors_info=&#8221;{}&#8221;][et_pb_text _builder_version=&#8221;4.9.4&#8243; _module_preset=&#8221;default&#8221; global_colors_info=&#8221;{}&#8221;]<\/p>\n<p>O <strong>MST<\/strong> Tr\u00e1tase dun dos movementos sociais m\u00e1is potentes de Am\u00e9rica Latina. Leva desde 1984 defendendo o acceso dos brasileiros \u00e1 terra, tal e como se recolle na Constituci\u00f3n Federal e na Reforma Agraria incumprida, promovendo ocupaci\u00f3ns pac\u00edficas e impulsando estruturas c\u00edvicas e sociais funcionais nos seus campamentos ao longo de todo o pa\u00eds no que viven centos de miles de persoas.<\/p>\n<p>Confiamos en que, se a realidade pand\u00e9mica perm\u00edteo, sexa o seu Secretario Xeral, <strong>Jo\u00e3o Pedro Stedile<\/strong> quen recolla o reco\u00f1ecemento na Coru\u00f1a durante a celebraci\u00f3n do <strong>V Encontro Internacional Acampa pola Paz e o Dereito a Refuxio 2021<\/strong> que se celebrar\u00e1 o <strong>9,10 e 11 de setembro<\/strong>.<\/p>\n<p>[\/et_pb_text][\/et_pb_column][et_pb_column type=&#8221;2_3&#8243; _builder_version=&#8221;4.9.4&#8243; _module_preset=&#8221;default&#8221; global_colors_info=&#8221;{}&#8221;][et_pb_image src=&#8221;https:\/\/redeacampa.org\/wp-content\/uploads\/Reconocimiento_2021_3.png&#8221; title_text=&#8221;Reconocimiento_2021_3&#8243; show_in_lightbox=&#8221;on&#8221; _builder_version=&#8221;4.9.4&#8243; _module_preset=&#8221;default&#8221; global_colors_info=&#8221;{}&#8221;][\/et_pb_image][\/et_pb_column][\/et_pb_row][et_pb_row _builder_version=&#8221;4.9.4&#8243; _module_preset=&#8221;default&#8221; global_colors_info=&#8221;{}&#8221; collapsed=&#8221;on&#8221;][et_pb_column type=&#8221;4_4&#8243; _builder_version=&#8221;4.9.4&#8243; _module_preset=&#8221;default&#8221; global_colors_info=&#8221;{}&#8221;][et_pb_text _builder_version=&#8221;4.9.4&#8243; _module_preset=&#8221;default&#8221; global_colors_info=&#8221;{}&#8221;]<\/p>\n<h3 style=\"text-align: center;\">I Reco\u00f1ecemento Local (Galicia) \u00e1 Defensa dos Dereitos Humanos<\/h3>\n<h3 style=\"text-align: center;\">Acampa 2021<\/h3>\n<p>[\/et_pb_text][\/et_pb_column][\/et_pb_row][et_pb_row column_structure=&#8221;2_3,1_3&#8243; _builder_version=&#8221;4.9.4&#8243; _module_preset=&#8221;default&#8221; collapsed=&#8221;on&#8221; global_colors_info=&#8221;{}&#8221;][et_pb_column type=&#8221;2_3&#8243; _builder_version=&#8221;4.9.4&#8243; _module_preset=&#8221;default&#8221; global_colors_info=&#8221;{}&#8221;][et_pb_image src=&#8221;https:\/\/redeacampa.org\/wp-content\/uploads\/Reconocimiento_2021_4.png&#8221; title_text=&#8221;Reconocimiento_2021_4&#8243; show_in_lightbox=&#8221;on&#8221; _builder_version=&#8221;4.9.4&#8243; _module_preset=&#8221;default&#8221; global_colors_info=&#8221;{}&#8221;][\/et_pb_image][\/et_pb_column][et_pb_column type=&#8221;1_3&#8243; _builder_version=&#8221;4.9.4&#8243; _module_preset=&#8221;default&#8221; global_colors_info=&#8221;{}&#8221;][et_pb_text _builder_version=&#8221;4.9.4&#8243; _module_preset=&#8221;default&#8221; global_colors_info=&#8221;{}&#8221;]<\/p>\n<p><strong>Nicanor Acosta <\/strong>\u00e9 unha presenza coti\u00e1 en canta causa xusta sae \u00e1 r\u00faa na Coru\u00f1a e Galicia. A voz do activista <strong>Nicanor Acosta<\/strong> &#8211; 82 anos &#8211; sempre soa tras o altofalante da reivindicaci\u00f3n a prol dos m\u00e1is desfavorecidos.<\/p>\n<p>Militante antifranquista, \u00e9 o impulsor das <strong>Festas pola Diversidade Cultura<\/strong>l no barrio Agra do Orz\u00e1n, do <strong>Foro Galego de Inmigraci\u00f3n<\/strong> e das primeira e segunda <strong>Marcha Mundial pola Paz e a Noviolencia<\/strong> (2009-2010).<\/p>\n<p>Acampou no movemento <strong>15M<\/strong> e encabezou as s\u00faas manifestaci\u00f3ns. Participou en <strong>Stop Desafiuzamentos<\/strong> e organizou \u00e1s persoas afectadas pola estafa das preferentes. Ademais, \u00e9 o fundador da asociaci\u00f3n <strong>Forum Propolis<\/strong>, cuxo local sempre est\u00e1 a disposici\u00f3n para os encontros de moitos movementos sociais, e no que programa frecuentemente mesas redondas sobre os m\u00e1is diversos temas de actualidade.<\/p>\n<p><strong>Nicanor Acosta<\/strong> participa en <strong>Vanguardia Obreira<\/strong>, en <strong>Acampa pola Paz<\/strong> e noutras moitas causas. <\/p>\n<p>[\/et_pb_text][\/et_pb_column][\/et_pb_row][\/et_pb_section][et_pb_section fb_built=&#8221;1&#8243; _builder_version=&#8221;4.9.4&#8243; _module_preset=&#8221;default&#8221; global_colors_info=&#8221;{}&#8221;][et_pb_row _builder_version=&#8221;4.9.4&#8243; _module_preset=&#8221;default&#8221; global_colors_info=&#8221;{}&#8221; collapsed=&#8221;on&#8221;][et_pb_column type=&#8221;4_4&#8243; _builder_version=&#8221;4.9.4&#8243; _module_preset=&#8221;default&#8221; global_colors_info=&#8221;{}&#8221;][et_pb_text _builder_version=&#8221;4.9.4&#8243; _module_preset=&#8221;default&#8221; global_colors_info=&#8221;{}&#8221;]<\/p>\n<p>Desde o movemento <strong>Acampa<\/strong> congratul\u00e1monos do resultado. O obxectivo do reco\u00f1ecemento, p\u00f3r en valor a necesidade da defensa dos Dereitos Humanos, destacando o labor de organizaci\u00f3ns ou persoas referentes nese eido e que sexan un exemplo para toda a sociedade, est\u00e1 m\u00e1is que cumprido cos resultados da votaci\u00f3n.<\/p>\n<p>Aqu\u00ed vos deixamos, en dous roscos, os resultados acadados por cada unha das candidaturas que concorreron ao noso <strong>I Reco\u00f1ecemento Internacional Acampa pola Paz e o Dereito a Refuxio:<\/strong><\/p>\n<p>[\/et_pb_text][\/et_pb_column][\/et_pb_row][et_pb_row column_structure=&#8221;1_2,1_2&#8243; _builder_version=&#8221;4.9.4&#8243; _module_preset=&#8221;default&#8221; global_colors_info=&#8221;{}&#8221; collapsed=&#8221;on&#8221;][et_pb_column type=&#8221;1_2&#8243; _builder_version=&#8221;4.9.4&#8243; _module_preset=&#8221;default&#8221; global_colors_info=&#8221;{}&#8221;][et_pb_image src=&#8221;https:\/\/redeacampa.org\/wp-content\/uploads\/Grafica-RIA21.png&#8221; title_text=&#8221;Grafica RIA21&#8243; show_in_lightbox=&#8221;on&#8221; _builder_version=&#8221;4.9.4&#8243; _module_preset=&#8221;default&#8221; global_colors_info=&#8221;{}&#8221;][\/et_pb_image][\/et_pb_column][et_pb_column type=&#8221;1_2&#8243; _builder_version=&#8221;4.9.4&#8243; _module_preset=&#8221;default&#8221; global_colors_info=&#8221;{}&#8221;][et_pb_image src=&#8221;https:\/\/redeacampa.org\/wp-content\/uploads\/Grafica-RLA21.png&#8221; title_text=&#8221;Grafica RLA21&#8243; show_in_lightbox=&#8221;on&#8221; _builder_version=&#8221;4.9.4&#8243; _module_preset=&#8221;default&#8221; global_colors_info=&#8221;{}&#8221;][\/et_pb_image][\/et_pb_column][\/et_pb_row][\/et_pb_section][et_pb_section fb_built=&#8221;1&#8243; _builder_version=&#8221;4.9.4&#8243; _module_preset=&#8221;default&#8221; background_color=&#8221;#74997b&#8221; custom_padding=&#8221;||0px|||&#8221; global_colors_info=&#8221;{}&#8221;][et_pb_row column_structure=&#8221;1_4,1_4,1_4,1_4&#8243; make_equal=&#8221;on&#8221; _builder_version=&#8221;4.9.4&#8243; _module_preset=&#8221;default&#8221; custom_padding=&#8221;6px||4px|||&#8221; global_colors_info=&#8221;{}&#8221; collapsed=&#8221;on&#8221;][et_pb_column type=&#8221;1_4&#8243; _builder_version=&#8221;4.9.4&#8243; _module_preset=&#8221;default&#8221; global_colors_info=&#8221;{}&#8221;][\/et_pb_column][et_pb_column type=&#8221;1_4&#8243; _builder_version=&#8221;4.9.4&#8243; _module_preset=&#8221;default&#8221; global_colors_info=&#8221;{}&#8221;][et_pb_image src=&#8221;https:\/\/redeacampa.org\/wp-content\/uploads\/estatuilla.png&#8221; title_text=&#8221;estatuilla&#8221; _builder_version=&#8221;4.9.4&#8243; _module_preset=&#8221;default&#8221; height=&#8221;80%&#8221; global_colors_info=&#8221;{}&#8221;][\/et_pb_image][\/et_pb_column][et_pb_column type=&#8221;1_4&#8243; _builder_version=&#8221;4.9.4&#8243; _module_preset=&#8221;default&#8221; global_colors_info=&#8221;{}&#8221;][et_pb_image src=&#8221;https:\/\/redeacampa.org\/wp-content\/uploads\/Reconocimiento_2021_5.jpg&#8221; show_in_lightbox=&#8221;on&#8221; _builder_version=&#8221;4.9.4&#8243; _module_preset=&#8221;default&#8221; custom_margin=&#8221;-1px|||||&#8221; global_colors_info=&#8221;{}&#8221;][\/et_pb_image][et_pb_text _builder_version=&#8221;4.9.4&#8243; _module_preset=&#8221;default&#8221; text_text_color=&#8221;#FFFFFF&#8221; global_colors_info=&#8221;{}&#8221;]<\/p>\n<p>A peza escult\u00f3rica que da forma ao Reco\u00f1ecemento foi creada para esta iniciativa pola artista <strong>Pilar Sub\u00edas<\/strong>, a quen agradecemos p\u00fablicamente a doaz\u00f3n e a cesi\u00f3n do dereitos de uso da mesma.<\/p>\n<p>[\/et_pb_text][\/et_pb_column][et_pb_column type=&#8221;1_4&#8243; _builder_version=&#8221;4.9.4&#8243; _module_preset=&#8221;default&#8221; global_colors_info=&#8221;{}&#8221;][\/et_pb_column][\/et_pb_row][\/et_pb_section]<\/p>\n","protected":false},"excerpt":{"rendered":"<p>O Movimento dos Traballadores Sem Terra do Brasil, MST e o hist\u00f3rico activista Nicanor Acosta foron os m\u00e1is votados no I Reco\u00f1ecemento Internacional \u00e1 Defensa dos Dereitos Humanos. As votaci\u00f3ns en cada unha das d\u00faas categor\u00edas \u2013 internacional e galega &#8211; segretas, verificables e abertas non s\u00f3 as persoas asociadas ao movemento Acampa sen\u00f3n \u00e1 [&hellip;]<\/p>\n","protected":false},"author":1,"featured_media":0,"parent":0,"menu_order":0,"comment_status":"closed","ping_status":"closed","template":"","meta":{"_et_pb_use_builder":"on","_et_pb_old_content":"","_et_gb_content_width":"","footnotes":""},"categories":[50],"tags":[],"class_list":["post-46510","page","type-page","status-publish","hentry","category-reconecemento-gl"],"yoast_head":"<!-- This site is optimized with the Yoast SEO plugin v26.4 - https:\/\/yoast.com\/wordpress\/plugins\/seo\/ -->\n<title>I Resultados Rec, Acampa 2021 - Acampa - Pola paz e o dereito a refuxio<\/title>\n<meta name=\"robots\" content=\"index, follow, max-snippet:-1, max-image-preview:large, max-video-preview:-1\" \/>\n<link rel=\"canonical\" href=\"https:\/\/redeacampa.org\/gl\/resultados-rec-acampa-2021\/\" \/>\n<meta property=\"og:locale\" content=\"gl_ES\" \/>\n<meta property=\"og:type\" content=\"article\" \/>\n<meta property=\"og:title\" content=\"I Resultados Rec, Acampa 2021 - Acampa - Pola paz e o dereito a refuxio\" \/>\n<meta property=\"og:description\" content=\"O Movimento dos Traballadores Sem Terra do Brasil, MST e o hist\u00f3rico activista Nicanor Acosta foron os m\u00e1is votados no I Reco\u00f1ecemento Internacional \u00e1 Defensa dos Dereitos Humanos. As votaci\u00f3ns en cada unha das d\u00faas categor\u00edas \u2013 internacional e galega - segretas, verificables e abertas non s\u00f3 as persoas asociadas ao movemento Acampa sen\u00f3n \u00e1 [&hellip;]\" \/>\n<meta property=\"og:url\" content=\"https:\/\/redeacampa.org\/gl\/resultados-rec-acampa-2021\/\" \/>\n<meta property=\"og:site_name\" content=\"Acampa - Pola paz e o dereito a refuxio\" \/>\n<meta property=\"article:publisher\" content=\"https:\/\/www.facebook.com\/acampapolapazeodereitoarefuxio\" \/>\n<meta property=\"article:modified_time\" content=\"2025-05-01T16:44:55+00:00\" \/>\n<meta name=\"twitter:card\" content=\"summary_large_image\" \/>\n<meta name=\"twitter:site\" content=\"@Acampa_polapaz\" \/>\n<meta name=\"twitter:label1\" content=\"Tempo de lectura\" \/>\n\t<meta name=\"twitter:data1\" content=\"7 minutos\" \/>\n<script type=\"application\/ld+json\" class=\"yoast-schema-graph\">{\"@context\":\"https:\/\/schema.org\",\"@graph\":[{\"@type\":\"WebPage\",\"@id\":\"https:\/\/redeacampa.org\/gl\/resultados-rec-acampa-2021\/\",\"url\":\"https:\/\/redeacampa.org\/gl\/resultados-rec-acampa-2021\/\",\"name\":\"I Resultados Rec, Acampa 2021 - Acampa - Pola paz e o dereito a refuxio\",\"isPartOf\":{\"@id\":\"https:\/\/redeacampa.org\/gl\/#website\"},\"datePublished\":\"2021-05-22T11:29:51+00:00\",\"dateModified\":\"2025-05-01T16:44:55+00:00\",\"breadcrumb\":{\"@id\":\"https:\/\/redeacampa.org\/gl\/resultados-rec-acampa-2021\/#breadcrumb\"},\"inLanguage\":\"gl-ES\",\"potentialAction\":[{\"@type\":\"ReadAction\",\"target\":[\"https:\/\/redeacampa.org\/gl\/resultados-rec-acampa-2021\/\"]}]},{\"@type\":\"BreadcrumbList\",\"@id\":\"https:\/\/redeacampa.org\/gl\/resultados-rec-acampa-2021\/#breadcrumb\",\"itemListElement\":[{\"@type\":\"ListItem\",\"position\":1,\"name\":\"Portada\",\"item\":\"https:\/\/redeacampa.org\/gl\/\"},{\"@type\":\"ListItem\",\"position\":2,\"name\":\"I Resultados Rec, Acampa 2021\"}]},{\"@type\":\"WebSite\",\"@id\":\"https:\/\/redeacampa.org\/gl\/#website\",\"url\":\"https:\/\/redeacampa.org\/gl\/\",\"name\":\"Acampa - Pola paz e o dereito a refuxio\",\"description\":\"Unha iniciativa cidad\u00e1 sen fins de lucro integrada por colectivos sociais, culturais, educativos, veci\u00f1ais, pol\u00edticos, sindicais, art\u00edsticos, de persoas solidarias, de instituci\u00f3ns e empresas con responsabilidade social que te\u00f1en como obxectivo a defensa dos dereitos humanos, o Dereito Internacional Humanitario e o Dereito a Refuxio.\",\"publisher\":{\"@id\":\"https:\/\/redeacampa.org\/gl\/#organization\"},\"potentialAction\":[{\"@type\":\"SearchAction\",\"target\":{\"@type\":\"EntryPoint\",\"urlTemplate\":\"https:\/\/redeacampa.org\/gl\/?s={search_term_string}\"},\"query-input\":{\"@type\":\"PropertyValueSpecification\",\"valueRequired\":true,\"valueName\":\"search_term_string\"}}],\"inLanguage\":\"gl-ES\"},{\"@type\":\"Organization\",\"@id\":\"https:\/\/redeacampa.org\/gl\/#organization\",\"name\":\"Acampa\",\"url\":\"https:\/\/redeacampa.org\/gl\/\",\"logo\":{\"@type\":\"ImageObject\",\"inLanguage\":\"gl-ES\",\"@id\":\"https:\/\/redeacampa.org\/gl\/#\/schema\/logo\/image\/\",\"url\":\"https:\/\/redeacampa.org\/wp-content\/uploads\/2019\/01\/acampaConRojo_es.png\",\"contentUrl\":\"https:\/\/redeacampa.org\/wp-content\/uploads\/2019\/01\/acampaConRojo_es.png\",\"width\":612,\"height\":204,\"caption\":\"Acampa\"},\"image\":{\"@id\":\"https:\/\/redeacampa.org\/gl\/#\/schema\/logo\/image\/\"},\"sameAs\":[\"https:\/\/www.facebook.com\/acampapolapazeodereitoarefuxio\",\"https:\/\/x.com\/Acampa_polapaz\",\"https:\/\/www.instagram.com\/Acampa_polapaz\/\",\"https:\/\/www.youtube.com\/channel\/UChk1mSCHVEHmjq9e8PLb-mw\"]}]}<\/script>\n<!-- \/ Yoast SEO plugin. -->","yoast_head_json":{"title":"I Resultados Rec, Acampa 2021 - Acampa - Pola paz e o dereito a refuxio","robots":{"index":"index","follow":"follow","max-snippet":"max-snippet:-1","max-image-preview":"max-image-preview:large","max-video-preview":"max-video-preview:-1"},"canonical":"https:\/\/redeacampa.org\/gl\/resultados-rec-acampa-2021\/","og_locale":"gl_ES","og_type":"article","og_title":"I Resultados Rec, Acampa 2021 - Acampa - Pola paz e o dereito a refuxio","og_description":"O Movimento dos Traballadores Sem Terra do Brasil, MST e o hist\u00f3rico activista Nicanor Acosta foron os m\u00e1is votados no I Reco\u00f1ecemento Internacional \u00e1 Defensa dos Dereitos Humanos. As votaci\u00f3ns en cada unha das d\u00faas categor\u00edas \u2013 internacional e galega - segretas, verificables e abertas non s\u00f3 as persoas asociadas ao movemento Acampa sen\u00f3n \u00e1 [&hellip;]","og_url":"https:\/\/redeacampa.org\/gl\/resultados-rec-acampa-2021\/","og_site_name":"Acampa - Pola paz e o dereito a refuxio","article_publisher":"https:\/\/www.facebook.com\/acampapolapazeodereitoarefuxio","article_modified_time":"2025-05-01T16:44:55+00:00","twitter_card":"summary_large_image","twitter_site":"@Acampa_polapaz","twitter_misc":{"Tempo de lectura":"7 minutos"},"schema":{"@context":"https:\/\/schema.org","@graph":[{"@type":"WebPage","@id":"https:\/\/redeacampa.org\/gl\/resultados-rec-acampa-2021\/","url":"https:\/\/redeacampa.org\/gl\/resultados-rec-acampa-2021\/","name":"I Resultados Rec, Acampa 2021 - Acampa - Pola paz e o dereito a refuxio","isPartOf":{"@id":"https:\/\/redeacampa.org\/gl\/#website"},"datePublished":"2021-05-22T11:29:51+00:00","dateModified":"2025-05-01T16:44:55+00:00","breadcrumb":{"@id":"https:\/\/redeacampa.org\/gl\/resultados-rec-acampa-2021\/#breadcrumb"},"inLanguage":"gl-ES","potentialAction":[{"@type":"ReadAction","target":["https:\/\/redeacampa.org\/gl\/resultados-rec-acampa-2021\/"]}]},{"@type":"BreadcrumbList","@id":"https:\/\/redeacampa.org\/gl\/resultados-rec-acampa-2021\/#breadcrumb","itemListElement":[{"@type":"ListItem","position":1,"name":"Portada","item":"https:\/\/redeacampa.org\/gl\/"},{"@type":"ListItem","position":2,"name":"I Resultados Rec, Acampa 2021"}]},{"@type":"WebSite","@id":"https:\/\/redeacampa.org\/gl\/#website","url":"https:\/\/redeacampa.org\/gl\/","name":"Acampa - Pola paz e o dereito a refuxio","description":"Unha iniciativa cidad\u00e1 sen fins de lucro integrada por colectivos sociais, culturais, educativos, veci\u00f1ais, pol\u00edticos, sindicais, art\u00edsticos, de persoas solidarias, de instituci\u00f3ns e empresas con responsabilidade social que te\u00f1en como obxectivo a defensa dos dereitos humanos, o Dereito Internacional Humanitario e o Dereito a Refuxio.","publisher":{"@id":"https:\/\/redeacampa.org\/gl\/#organization"},"potentialAction":[{"@type":"SearchAction","target":{"@type":"EntryPoint","urlTemplate":"https:\/\/redeacampa.org\/gl\/?s={search_term_string}"},"query-input":{"@type":"PropertyValueSpecification","valueRequired":true,"valueName":"search_term_string"}}],"inLanguage":"gl-ES"},{"@type":"Organization","@id":"https:\/\/redeacampa.org\/gl\/#organization","name":"Acampa","url":"https:\/\/redeacampa.org\/gl\/","logo":{"@type":"ImageObject","inLanguage":"gl-ES","@id":"https:\/\/redeacampa.org\/gl\/#\/schema\/logo\/image\/","url":"https:\/\/redeacampa.org\/wp-content\/uploads\/2019\/01\/acampaConRojo_es.png","contentUrl":"https:\/\/redeacampa.org\/wp-content\/uploads\/2019\/01\/acampaConRojo_es.png","width":612,"height":204,"caption":"Acampa"},"image":{"@id":"https:\/\/redeacampa.org\/gl\/#\/schema\/logo\/image\/"},"sameAs":["https:\/\/www.facebook.com\/acampapolapazeodereitoarefuxio","https:\/\/x.com\/Acampa_polapaz","https:\/\/www.instagram.com\/Acampa_polapaz\/","https:\/\/www.youtube.com\/channel\/UChk1mSCHVEHmjq9e8PLb-mw"]}]}},"_links":{"self":[{"href":"https:\/\/redeacampa.org\/gl\/wp-json\/wp\/v2\/pages\/46510","targetHints":{"allow":["GET"]}}],"collection":[{"href":"https:\/\/redeacampa.org\/gl\/wp-json\/wp\/v2\/pages"}],"about":[{"href":"https:\/\/redeacampa.org\/gl\/wp-json\/wp\/v2\/types\/page"}],"author":[{"embeddable":true,"href":"https:\/\/redeacampa.org\/gl\/wp-json\/wp\/v2\/users\/1"}],"replies":[{"embeddable":true,"href":"https:\/\/redeacampa.org\/gl\/wp-json\/wp\/v2\/comments?post=46510"}],"version-history":[{"count":17,"href":"https:\/\/redeacampa.org\/gl\/wp-json\/wp\/v2\/pages\/46510\/revisions"}],"predecessor-version":[{"id":47155,"href":"https:\/\/redeacampa.org\/gl\/wp-json\/wp\/v2\/pages\/46510\/revisions\/47155"}],"wp:attachment":[{"href":"https:\/\/redeacampa.org\/gl\/wp-json\/wp\/v2\/media?parent=46510"}],"wp:term":[{"taxonomy":"category","embeddable":true,"href":"https:\/\/redeacampa.org\/gl\/wp-json\/wp\/v2\/categories?post=46510"},{"taxonomy":"post_tag","embeddable":true,"href":"https:\/\/redeacampa.org\/gl\/wp-json\/wp\/v2\/tags?post=46510"}],"curies":[{"name":"wp","href":"https:\/\/api.w.org\/{rel}","templated":true}]}}