{"id":47698,"date":"2022-03-20T21:40:51","date_gmt":"2022-03-20T20:40:51","guid":{"rendered":"https:\/\/redeacampa.org\/?page_id=47698"},"modified":"2025-05-01T18:45:53","modified_gmt":"2025-05-01T16:45:53","slug":"ii-resultados-rec-acampa-2022","status":"publish","type":"page","link":"https:\/\/redeacampa.org\/gl\/ii-resultados-rec-acampa-2022\/","title":{"rendered":"II Resultados Rec, Acampa 2022"},"content":{"rendered":"<p>[et_pb_section fb_built=&#8221;1&#8243; fullwidth=&#8221;on&#8221; custom_padding_last_edited=&#8221;on|desktop&#8221; admin_label=&#8221;section&#8221; _builder_version=&#8221;4.16&#8243; background_color=&#8221;#cd1619&#8243; custom_padding_tablet=&#8221;50px|0|50px|0&#8243; custom_padding_phone=&#8221;&#8221; transparent_background=&#8221;off&#8221; padding_mobile=&#8221;off&#8221; locked=&#8221;off&#8221; collapsed=&#8221;on&#8221; global_colors_info=&#8221;{}&#8221;][et_pb_fullwidth_header title=&#8221;Resultados do II Reco\u00f1ecemento Internacional Acampa 2021&#8243; subhead=&#8221;Pola paz e o dereito a refuxio&#8221; admin_label=&#8221;T\u00edtulo de anchura completa&#8221; _builder_version=&#8221;4.16&#8243; title_font=&#8221;|on|||&#8221; subhead_font=&#8221;||on||&#8221; background_color=&#8221;rgba(255, 255, 255, 0)&#8221; button_one_letter_spacing_hover=&#8221;0&#8243; button_two_letter_spacing_hover=&#8221;0&#8243; global_colors_info=&#8221;{}&#8221; button_one_text_size__hover_enabled=&#8221;off&#8221; button_two_text_size__hover_enabled=&#8221;off&#8221; button_one_text_color__hover_enabled=&#8221;off&#8221; button_two_text_color__hover_enabled=&#8221;off&#8221; button_one_border_width__hover_enabled=&#8221;off&#8221; button_two_border_width__hover_enabled=&#8221;off&#8221; button_one_border_color__hover_enabled=&#8221;off&#8221; button_two_border_color__hover_enabled=&#8221;off&#8221; button_one_border_radius__hover_enabled=&#8221;off&#8221; button_two_border_radius__hover_enabled=&#8221;off&#8221; button_one_letter_spacing__hover_enabled=&#8221;on&#8221; button_one_letter_spacing__hover=&#8221;0&#8243; button_two_letter_spacing__hover_enabled=&#8221;on&#8221; button_two_letter_spacing__hover=&#8221;0&#8243; button_one_bg_color__hover_enabled=&#8221;off&#8221; button_two_bg_color__hover_enabled=&#8221;off&#8221;][\/et_pb_fullwidth_header][\/et_pb_section][et_pb_section fb_built=&#8221;1&#8243; _builder_version=&#8221;4.17.4&#8243; _module_preset=&#8221;default&#8221; hover_enabled=&#8221;0&#8243; collapsed=&#8221;off&#8221; global_colors_info=&#8221;{}&#8221; sticky_enabled=&#8221;0&#8243;][et_pb_row _builder_version=&#8221;4.16&#8243; _module_preset=&#8221;default&#8221; collapsed=&#8221;off&#8221; global_colors_info=&#8221;{}&#8221;][et_pb_column type=&#8221;4_4&#8243; _builder_version=&#8221;4.16&#8243; _module_preset=&#8221;default&#8221; global_colors_info=&#8221;{}&#8221;][et_pb_image src=&#8221;https:\/\/redeacampa.org\/wp-content\/uploads\/Res-Rec-2022.jpg&#8221; title_text=&#8221;Res-Rec-2022&#8243; _builder_version=&#8221;4.16&#8243; _module_preset=&#8221;default&#8221; global_colors_info=&#8221;{}&#8221;][\/et_pb_image][et_pb_text _builder_version=&#8221;4.16&#8243; _module_preset=&#8221;default&#8221; global_colors_info=&#8221;{}&#8221;]A Ong <strong>Caminado Fronteras<\/strong> e a Ong <strong>Ecodesarrollo Gaia<\/strong> foron os m\u00e1is votados no <strong>II Reco\u00f1ecemento Internacional \u00e1 Defensa dos Dereitos Humanos Acampa 2022.<\/strong><\/p>\n<p>As votaci\u00f3ns en cada unha das d\u00faas categor\u00edas \u2013 internacional e galega &#8211; segretas, verificables e abertas non s\u00f3 as persoas asociadas ao movemento Acampa, decidiron que sexan a Ong <strong>Caminando Fronteras<\/strong>, con un <strong>27,00%<\/strong> dos votos, e a Ong de a Coru\u00f1a <strong>Ecodesarrollo Gaia<\/strong>, co <strong>36,10%<\/strong>, os que recibiran o II Reco\u00f1ecemento de Acampa, que toma forma nunha aleg\u00f3rica escultura da artista <strong>Pilar Sub\u00edas.<\/strong><\/p>\n<p>Calqueira das candidaturas presentadas era, abof\u00e9, merecedora do noso aplauso colectivo pola s\u00faa labor e o seu traballo no tecido dunha sociedade m\u00e1is xusta e humana. Pero os votos das organizaci\u00f3ns, particulares asociados \u00e1 rede e a cidadan\u00eda impricada con Acampa elixiron a <strong>Caminando Fronteras<\/strong> e a <strong>Ecodesarrollo Gaia<\/strong>.[\/et_pb_text][\/et_pb_column][\/et_pb_row][\/et_pb_section][et_pb_section fb_built=&#8221;1&#8243; _builder_version=&#8221;4.16&#8243; _module_preset=&#8221;default&#8221; background_color=&#8221;#cac2af&#8221; collapsed=&#8221;on&#8221; global_colors_info=&#8221;{}&#8221;][et_pb_row _builder_version=&#8221;4.16&#8243; _module_preset=&#8221;default&#8221; collapsed=&#8221;off&#8221; global_colors_info=&#8221;{}&#8221;][et_pb_column type=&#8221;4_4&#8243; _builder_version=&#8221;4.16&#8243; _module_preset=&#8221;default&#8221; global_colors_info=&#8221;{}&#8221;][et_pb_text _builder_version=&#8221;4.16&#8243; _module_preset=&#8221;default&#8221; global_colors_info=&#8221;{}&#8221;]<\/p>\n<h3 style=\"text-align: center;\">II Reco\u00f1ecemento Internacional<\/h3>\n<h3 style=\"text-align: center;\">\u00e1 Defensa dos Dereitos Humanos Acampa 2022<\/h3>\n<p>[\/et_pb_text][\/et_pb_column][\/et_pb_row][et_pb_row column_structure=&#8221;1_3,2_3&#8243; _builder_version=&#8221;4.16&#8243; _module_preset=&#8221;default&#8221; collapsed=&#8221;off&#8221; global_colors_info=&#8221;{}&#8221;][et_pb_column type=&#8221;1_3&#8243; _builder_version=&#8221;4.16&#8243; _module_preset=&#8221;default&#8221; global_colors_info=&#8221;{}&#8221;][et_pb_text _builder_version=&#8221;4.16&#8243; _module_preset=&#8221;default&#8221; global_colors_info=&#8221;{}&#8221;]<strong>Caminando Fronteras<\/strong> \u00e9 un colectivo de defensa dos dereitos das persoas e comunidades migrantes. Nada no ano 2002, \u00e9 froito da sinerxia e o encontro de diversos defensores e defensoras de Dereitos Humanos situados en diferentes territorios da <strong>Fronteira Occidental Euroafricana<\/strong>.<\/p>\n<p>Esta oenegu\u00e9 act\u00faa desde unha perspectiva transnacional, transcultural, antirracista e feminista mediante a cal denuncian as fronteiras como espazos de impunidade. Loitan polo restablecemento dos dereitos nestes \u201cnon lugares\u201d, tecendo redes coas persoas e comunidades en movemento. O seu obxectivo, minar a necropol\u00edtica que destr\u00fae os dereitos das persoas e comunidades migrantes. Fano resistindo e resiliendo en colectivo \u00e1s violencias estatais, empresariais e criminais que habitan o espazo fronteirizo.<\/p>\n<p>Confiamos en que sexa a s\u00faa m\u00e1xima representante <strong>Helena Maleno Garz\u00f3n<\/strong> quen recolla o reco\u00f1ecemento na Coru\u00f1a durante a celebraci\u00f3n do <strong>VI Encontro Internacional Acampa pola Paz e o Dereito a Refuxio 2022<\/strong> que se celebrar\u00e1 o <strong>9,10 e 11 de xu\u00f1o.<\/strong>[\/et_pb_text][\/et_pb_column][et_pb_column type=&#8221;2_3&#8243; _builder_version=&#8221;4.16&#8243; _module_preset=&#8221;default&#8221; global_colors_info=&#8221;{}&#8221;][et_pb_image src=&#8221;https:\/\/redeacampa.org\/wp-content\/uploads\/Caminando.png&#8221; alt=&#8221;Caminando Fronteras&#8221; title_text=&#8221;Caminando Fronteras&#8221; show_in_lightbox=&#8221;on&#8221; _builder_version=&#8221;4.16&#8243; _module_preset=&#8221;default&#8221; global_colors_info=&#8221;{}&#8221;][\/et_pb_image][\/et_pb_column][\/et_pb_row][et_pb_row _builder_version=&#8221;4.16&#8243; _module_preset=&#8221;default&#8221; collapsed=&#8221;off&#8221; global_colors_info=&#8221;{}&#8221;][et_pb_column type=&#8221;4_4&#8243; _builder_version=&#8221;4.16&#8243; _module_preset=&#8221;default&#8221; global_colors_info=&#8221;{}&#8221;][et_pb_text _builder_version=&#8221;4.16&#8243; _module_preset=&#8221;default&#8221; global_colors_info=&#8221;{}&#8221;]<\/p>\n<h3 style=\"text-align: center;\">II Reco\u00f1ecemento Local (Galicia)<\/h3>\n<h3 style=\"text-align: center;\">\u00e1 Defensa dos Dereitos Humanos Acampa 2022<\/h3>\n<p>[\/et_pb_text][\/et_pb_column][\/et_pb_row][et_pb_row column_structure=&#8221;2_3,1_3&#8243; _builder_version=&#8221;4.16&#8243; _module_preset=&#8221;default&#8221; collapsed=&#8221;off&#8221; global_colors_info=&#8221;{}&#8221;][et_pb_column type=&#8221;2_3&#8243; _builder_version=&#8221;4.16&#8243; _module_preset=&#8221;default&#8221; global_colors_info=&#8221;{}&#8221;][et_pb_image src=&#8221;https:\/\/redeacampa.org\/wp-content\/uploads\/ecodesarrollo-2022.png&#8221; alt=&#8221;Ecodesarrollo Gaia&#8221; title_text=&#8221;Ecodesarrollo Gaia&#8221; show_in_lightbox=&#8221;on&#8221; _builder_version=&#8221;4.16&#8243; _module_preset=&#8221;default&#8221; global_colors_info=&#8221;{}&#8221;][\/et_pb_image][\/et_pb_column][et_pb_column type=&#8221;1_3&#8243; _builder_version=&#8221;4.16&#8243; _module_preset=&#8221;default&#8221; global_colors_info=&#8221;{}&#8221;][et_pb_text _builder_version=&#8221;4.16&#8243; _module_preset=&#8221;default&#8221; global_colors_info=&#8221;{}&#8221;]<strong>Ecodesarrollo Gaia<\/strong> \u00e9 unha ong nada en 1992 que debe o seu nome \u00e1 palabra grega \u201cNai Terra\u201d. Traballa no marco dos Dereitos Humanos, a Paz- NonViolencia, a Igualdade de Oportunidades de X\u00e9nero, a Defensa do Medio Ambiente, a Sustentabilidade, a Equidade Norte-Sur e a Equidade Interxeracional coa inmigraci\u00f3n e en proxectos de codesarrollo- cooperaci\u00f3n internacional.<\/p>\n<p>Colabora con outras ong ecoloxistas, sociais,culturais e de Defensa dos Dereitos Humanos a nivel espa\u00f1ol e internacional e co CITE \u2013 CCOO. Traballa co Movemento GreenBelt e a s\u00faa lideresa, a Dra. Wangari Maathai (Quenia), Premio Nobel da Paz 2004.<\/p>\n<p>Coru\u00f1a Cura \u00e9 unha iniciativa de <strong>Ecodesarrollo Gaia<\/strong> que naceu en 2007. \u00c9 un programa de atenci\u00f3n m\u00e9dico-sanitaria dirixido prioritariamente aos nenos e mulleres de Yoff (Senegal), realizado por persoal sanitario voluntario e coa achega de medicamentos e material por parte da ONG. Ademais, na Escola Coru\u00f1a, situada na mesma localidade, desenvolven diversas actividades formativas para nenos, mulleres e mozas para que consigan ser independentes.<\/p>\n<p>O seu m\u00e1ximo representante, <strong>Guillermo Fern\u00e1ndez-Obanza (Mito)<\/strong> ser\u00e1 quen recolla o reco\u00f1ecemento na Coru\u00f1a durante a celebraci\u00f3n do <strong>VI Encontro Internacional Acampa pola Paz e o Dereito a Refuxio 2022<\/strong> que se celebrar\u00e1 o <strong>9,10 e 11 de xu\u00f1o<\/strong>.[\/et_pb_text][\/et_pb_column][\/et_pb_row][\/et_pb_section][et_pb_section fb_built=&#8221;1&#8243; _builder_version=&#8221;4.16&#8243; _module_preset=&#8221;default&#8221; collapsed=&#8221;on&#8221; global_colors_info=&#8221;{}&#8221;][et_pb_row _builder_version=&#8221;4.16&#8243; _module_preset=&#8221;default&#8221; collapsed=&#8221;on&#8221; global_colors_info=&#8221;{}&#8221;][et_pb_column type=&#8221;4_4&#8243; _builder_version=&#8221;4.16&#8243; _module_preset=&#8221;default&#8221; global_colors_info=&#8221;{}&#8221;][et_pb_text _builder_version=&#8221;4.16&#8243; _module_preset=&#8221;default&#8221; global_colors_info=&#8221;{}&#8221;]Desde o movemento <strong>Acampa<\/strong> congratul\u00e1monos do resultado. O obxectivo do reco\u00f1ecemento, p\u00f3r en valor a necesidade da defensa dos Dereitos Humanos, destacando o labor de organizaci\u00f3ns ou persoas referentes nese eido e que sexan un exemplo para toda a sociedade, est\u00e1 m\u00e1is que cumprido cos resultados da votaci\u00f3n.<\/p>\n<p>Aqu\u00ed vos deixamos, en dous roscos, os resultados acadados por cada unha das candidaturas que concorreron ao noso <strong>II Reco\u00f1ecemento Internacional Acampa 2022 pola Paz e o Dereito a Refuxio:<\/strong>[\/et_pb_text][\/et_pb_column][\/et_pb_row][et_pb_row column_structure=&#8221;1_2,1_2&#8243; _builder_version=&#8221;4.16&#8243; _module_preset=&#8221;default&#8221; collapsed=&#8221;on&#8221; global_colors_info=&#8221;{}&#8221;][et_pb_column type=&#8221;1_2&#8243; _builder_version=&#8221;4.16&#8243; _module_preset=&#8221;default&#8221; global_colors_info=&#8221;{}&#8221;][et_pb_image src=&#8221;https:\/\/redeacampa.org\/wp-content\/uploads\/RecoInter2022.jpg&#8221; title_text=&#8221;RecoInter2022&#8243; show_in_lightbox=&#8221;on&#8221; _builder_version=&#8221;4.16&#8243; _module_preset=&#8221;default&#8221; global_colors_info=&#8221;{}&#8221;][\/et_pb_image][\/et_pb_column][et_pb_column type=&#8221;1_2&#8243; _builder_version=&#8221;4.16&#8243; _module_preset=&#8221;default&#8221; global_colors_info=&#8221;{}&#8221;][et_pb_image src=&#8221;https:\/\/redeacampa.org\/wp-content\/uploads\/RecoLoc2022.jpg&#8221; title_text=&#8221;RecoLoc2022&#8243; show_in_lightbox=&#8221;on&#8221; _builder_version=&#8221;4.16&#8243; _module_preset=&#8221;default&#8221; global_colors_info=&#8221;{}&#8221;][\/et_pb_image][\/et_pb_column][\/et_pb_row][\/et_pb_section][et_pb_section fb_built=&#8221;1&#8243; _builder_version=&#8221;4.16&#8243; _module_preset=&#8221;default&#8221; background_color=&#8221;#74997b&#8221; custom_padding=&#8221;||0px|||&#8221; collapsed=&#8221;on&#8221; global_colors_info=&#8221;{}&#8221;][et_pb_row column_structure=&#8221;1_4,1_4,1_4,1_4&#8243; make_equal=&#8221;on&#8221; _builder_version=&#8221;4.16&#8243; _module_preset=&#8221;default&#8221; custom_padding=&#8221;6px||4px|||&#8221; collapsed=&#8221;off&#8221; global_colors_info=&#8221;{}&#8221;][et_pb_column type=&#8221;1_4&#8243; _builder_version=&#8221;4.16&#8243; _module_preset=&#8221;default&#8221; global_colors_info=&#8221;{}&#8221;][\/et_pb_column][et_pb_column type=&#8221;1_4&#8243; _builder_version=&#8221;4.16&#8243; _module_preset=&#8221;default&#8221; global_colors_info=&#8221;{}&#8221;][et_pb_image src=&#8221;https:\/\/redeacampa.org\/wp-content\/uploads\/estatuilla.png&#8221; title_text=&#8221;estatuilla&#8221; _builder_version=&#8221;4.16&#8243; _module_preset=&#8221;default&#8221; height=&#8221;80%&#8221; global_colors_info=&#8221;{}&#8221;][\/et_pb_image][\/et_pb_column][et_pb_column type=&#8221;1_4&#8243; _builder_version=&#8221;4.16&#8243; _module_preset=&#8221;default&#8221; global_colors_info=&#8221;{}&#8221;][et_pb_image src=&#8221;https:\/\/redeacampa.org\/wp-content\/uploads\/Reconocimiento_2021_5.jpg&#8221; show_in_lightbox=&#8221;on&#8221; _builder_version=&#8221;4.16&#8243; _module_preset=&#8221;default&#8221; custom_margin=&#8221;-1px|||||&#8221; global_colors_info=&#8221;{}&#8221;][\/et_pb_image][et_pb_text _builder_version=&#8221;4.16&#8243; _module_preset=&#8221;default&#8221; text_text_color=&#8221;#FFFFFF&#8221; global_colors_info=&#8221;{}&#8221;]A peza escult\u00f3rica que da forma ao Reco\u00f1ecemento foi creada para esta iniciativa pola artista <strong>Pilar Sub\u00edas<\/strong>, a quen agradecemos p\u00fablicamente a doaz\u00f3n e a cesi\u00f3n do dereitos de uso da mesma.[\/et_pb_text][\/et_pb_column][et_pb_column type=&#8221;1_4&#8243; _builder_version=&#8221;4.16&#8243; _module_preset=&#8221;default&#8221; global_colors_info=&#8221;{}&#8221;][\/et_pb_column][\/et_pb_row][\/et_pb_section]<\/p>\n","protected":false},"excerpt":{"rendered":"<p>A Ong Caminado Fronteras e a Ong Ecodesarrollo Gaia foron os m\u00e1is votados no II Reco\u00f1ecemento Internacional \u00e1 Defensa dos Dereitos Humanos Acampa 2022. As votaci\u00f3ns en cada unha das d\u00faas categor\u00edas \u2013 internacional e galega &#8211; segretas, verificables e abertas non s\u00f3 as persoas asociadas ao movemento Acampa, decidiron que sexan a Ong Caminando [&hellip;]<\/p>\n","protected":false},"author":1,"featured_media":0,"parent":0,"menu_order":0,"comment_status":"closed","ping_status":"closed","template":"","meta":{"_et_pb_use_builder":"on","_et_pb_old_content":"","_et_gb_content_width":"","footnotes":""},"categories":[50],"tags":[],"class_list":["post-47698","page","type-page","status-publish","hentry","category-reconecemento-gl"],"yoast_head":"<!-- This site is optimized with the Yoast SEO plugin v26.4 - https:\/\/yoast.com\/wordpress\/plugins\/seo\/ -->\n<title>II Resultados Rec, Acampa 2022 - Acampa - Pola paz e o dereito a refuxio<\/title>\n<meta name=\"robots\" content=\"index, follow, max-snippet:-1, max-image-preview:large, max-video-preview:-1\" \/>\n<link rel=\"canonical\" href=\"https:\/\/redeacampa.org\/gl\/ii-resultados-rec-acampa-2022\/\" \/>\n<meta property=\"og:locale\" content=\"gl_ES\" \/>\n<meta property=\"og:type\" content=\"article\" \/>\n<meta property=\"og:title\" content=\"II Resultados Rec, Acampa 2022 - Acampa - Pola paz e o dereito a refuxio\" \/>\n<meta property=\"og:description\" content=\"A Ong Caminado Fronteras e a Ong Ecodesarrollo Gaia foron os m\u00e1is votados no II Reco\u00f1ecemento Internacional \u00e1 Defensa dos Dereitos Humanos Acampa 2022. As votaci\u00f3ns en cada unha das d\u00faas categor\u00edas \u2013 internacional e galega - segretas, verificables e abertas non s\u00f3 as persoas asociadas ao movemento Acampa, decidiron que sexan a Ong Caminando [&hellip;]\" \/>\n<meta property=\"og:url\" content=\"https:\/\/redeacampa.org\/gl\/ii-resultados-rec-acampa-2022\/\" \/>\n<meta property=\"og:site_name\" content=\"Acampa - Pola paz e o dereito a refuxio\" \/>\n<meta property=\"article:publisher\" content=\"https:\/\/www.facebook.com\/acampapolapazeodereitoarefuxio\" \/>\n<meta property=\"article:modified_time\" content=\"2025-05-01T16:45:53+00:00\" \/>\n<meta name=\"twitter:card\" content=\"summary_large_image\" \/>\n<meta name=\"twitter:site\" content=\"@Acampa_polapaz\" \/>\n<meta name=\"twitter:label1\" content=\"Tempo de lectura\" \/>\n\t<meta name=\"twitter:data1\" content=\"8 minutos\" \/>\n<script type=\"application\/ld+json\" class=\"yoast-schema-graph\">{\"@context\":\"https:\/\/schema.org\",\"@graph\":[{\"@type\":\"WebPage\",\"@id\":\"https:\/\/redeacampa.org\/gl\/ii-resultados-rec-acampa-2022\/\",\"url\":\"https:\/\/redeacampa.org\/gl\/ii-resultados-rec-acampa-2022\/\",\"name\":\"II Resultados Rec, Acampa 2022 - Acampa - Pola paz e o dereito a refuxio\",\"isPartOf\":{\"@id\":\"https:\/\/redeacampa.org\/gl\/#website\"},\"datePublished\":\"2022-03-20T20:40:51+00:00\",\"dateModified\":\"2025-05-01T16:45:53+00:00\",\"breadcrumb\":{\"@id\":\"https:\/\/redeacampa.org\/gl\/ii-resultados-rec-acampa-2022\/#breadcrumb\"},\"inLanguage\":\"gl-ES\",\"potentialAction\":[{\"@type\":\"ReadAction\",\"target\":[\"https:\/\/redeacampa.org\/gl\/ii-resultados-rec-acampa-2022\/\"]}]},{\"@type\":\"BreadcrumbList\",\"@id\":\"https:\/\/redeacampa.org\/gl\/ii-resultados-rec-acampa-2022\/#breadcrumb\",\"itemListElement\":[{\"@type\":\"ListItem\",\"position\":1,\"name\":\"Portada\",\"item\":\"https:\/\/redeacampa.org\/gl\/\"},{\"@type\":\"ListItem\",\"position\":2,\"name\":\"II Resultados Rec, Acampa 2022\"}]},{\"@type\":\"WebSite\",\"@id\":\"https:\/\/redeacampa.org\/gl\/#website\",\"url\":\"https:\/\/redeacampa.org\/gl\/\",\"name\":\"Acampa - Pola paz e o dereito a refuxio\",\"description\":\"Unha iniciativa cidad\u00e1 sen fins de lucro integrada por colectivos sociais, culturais, educativos, veci\u00f1ais, pol\u00edticos, sindicais, art\u00edsticos, de persoas solidarias, de instituci\u00f3ns e empresas con responsabilidade social que te\u00f1en como obxectivo a defensa dos dereitos humanos, o Dereito Internacional Humanitario e o Dereito a Refuxio.\",\"publisher\":{\"@id\":\"https:\/\/redeacampa.org\/gl\/#organization\"},\"potentialAction\":[{\"@type\":\"SearchAction\",\"target\":{\"@type\":\"EntryPoint\",\"urlTemplate\":\"https:\/\/redeacampa.org\/gl\/?s={search_term_string}\"},\"query-input\":{\"@type\":\"PropertyValueSpecification\",\"valueRequired\":true,\"valueName\":\"search_term_string\"}}],\"inLanguage\":\"gl-ES\"},{\"@type\":\"Organization\",\"@id\":\"https:\/\/redeacampa.org\/gl\/#organization\",\"name\":\"Acampa\",\"url\":\"https:\/\/redeacampa.org\/gl\/\",\"logo\":{\"@type\":\"ImageObject\",\"inLanguage\":\"gl-ES\",\"@id\":\"https:\/\/redeacampa.org\/gl\/#\/schema\/logo\/image\/\",\"url\":\"https:\/\/redeacampa.org\/wp-content\/uploads\/2019\/01\/acampaConRojo_es.png\",\"contentUrl\":\"https:\/\/redeacampa.org\/wp-content\/uploads\/2019\/01\/acampaConRojo_es.png\",\"width\":612,\"height\":204,\"caption\":\"Acampa\"},\"image\":{\"@id\":\"https:\/\/redeacampa.org\/gl\/#\/schema\/logo\/image\/\"},\"sameAs\":[\"https:\/\/www.facebook.com\/acampapolapazeodereitoarefuxio\",\"https:\/\/x.com\/Acampa_polapaz\",\"https:\/\/www.instagram.com\/Acampa_polapaz\/\",\"https:\/\/www.youtube.com\/channel\/UChk1mSCHVEHmjq9e8PLb-mw\"]}]}<\/script>\n<!-- \/ Yoast SEO plugin. -->","yoast_head_json":{"title":"II Resultados Rec, Acampa 2022 - Acampa - Pola paz e o dereito a refuxio","robots":{"index":"index","follow":"follow","max-snippet":"max-snippet:-1","max-image-preview":"max-image-preview:large","max-video-preview":"max-video-preview:-1"},"canonical":"https:\/\/redeacampa.org\/gl\/ii-resultados-rec-acampa-2022\/","og_locale":"gl_ES","og_type":"article","og_title":"II Resultados Rec, Acampa 2022 - Acampa - Pola paz e o dereito a refuxio","og_description":"A Ong Caminado Fronteras e a Ong Ecodesarrollo Gaia foron os m\u00e1is votados no II Reco\u00f1ecemento Internacional \u00e1 Defensa dos Dereitos Humanos Acampa 2022. As votaci\u00f3ns en cada unha das d\u00faas categor\u00edas \u2013 internacional e galega - segretas, verificables e abertas non s\u00f3 as persoas asociadas ao movemento Acampa, decidiron que sexan a Ong Caminando [&hellip;]","og_url":"https:\/\/redeacampa.org\/gl\/ii-resultados-rec-acampa-2022\/","og_site_name":"Acampa - Pola paz e o dereito a refuxio","article_publisher":"https:\/\/www.facebook.com\/acampapolapazeodereitoarefuxio","article_modified_time":"2025-05-01T16:45:53+00:00","twitter_card":"summary_large_image","twitter_site":"@Acampa_polapaz","twitter_misc":{"Tempo de lectura":"8 minutos"},"schema":{"@context":"https:\/\/schema.org","@graph":[{"@type":"WebPage","@id":"https:\/\/redeacampa.org\/gl\/ii-resultados-rec-acampa-2022\/","url":"https:\/\/redeacampa.org\/gl\/ii-resultados-rec-acampa-2022\/","name":"II Resultados Rec, Acampa 2022 - Acampa - Pola paz e o dereito a refuxio","isPartOf":{"@id":"https:\/\/redeacampa.org\/gl\/#website"},"datePublished":"2022-03-20T20:40:51+00:00","dateModified":"2025-05-01T16:45:53+00:00","breadcrumb":{"@id":"https:\/\/redeacampa.org\/gl\/ii-resultados-rec-acampa-2022\/#breadcrumb"},"inLanguage":"gl-ES","potentialAction":[{"@type":"ReadAction","target":["https:\/\/redeacampa.org\/gl\/ii-resultados-rec-acampa-2022\/"]}]},{"@type":"BreadcrumbList","@id":"https:\/\/redeacampa.org\/gl\/ii-resultados-rec-acampa-2022\/#breadcrumb","itemListElement":[{"@type":"ListItem","position":1,"name":"Portada","item":"https:\/\/redeacampa.org\/gl\/"},{"@type":"ListItem","position":2,"name":"II Resultados Rec, Acampa 2022"}]},{"@type":"WebSite","@id":"https:\/\/redeacampa.org\/gl\/#website","url":"https:\/\/redeacampa.org\/gl\/","name":"Acampa - Pola paz e o dereito a refuxio","description":"Unha iniciativa cidad\u00e1 sen fins de lucro integrada por colectivos sociais, culturais, educativos, veci\u00f1ais, pol\u00edticos, sindicais, art\u00edsticos, de persoas solidarias, de instituci\u00f3ns e empresas con responsabilidade social que te\u00f1en como obxectivo a defensa dos dereitos humanos, o Dereito Internacional Humanitario e o Dereito a Refuxio.","publisher":{"@id":"https:\/\/redeacampa.org\/gl\/#organization"},"potentialAction":[{"@type":"SearchAction","target":{"@type":"EntryPoint","urlTemplate":"https:\/\/redeacampa.org\/gl\/?s={search_term_string}"},"query-input":{"@type":"PropertyValueSpecification","valueRequired":true,"valueName":"search_term_string"}}],"inLanguage":"gl-ES"},{"@type":"Organization","@id":"https:\/\/redeacampa.org\/gl\/#organization","name":"Acampa","url":"https:\/\/redeacampa.org\/gl\/","logo":{"@type":"ImageObject","inLanguage":"gl-ES","@id":"https:\/\/redeacampa.org\/gl\/#\/schema\/logo\/image\/","url":"https:\/\/redeacampa.org\/wp-content\/uploads\/2019\/01\/acampaConRojo_es.png","contentUrl":"https:\/\/redeacampa.org\/wp-content\/uploads\/2019\/01\/acampaConRojo_es.png","width":612,"height":204,"caption":"Acampa"},"image":{"@id":"https:\/\/redeacampa.org\/gl\/#\/schema\/logo\/image\/"},"sameAs":["https:\/\/www.facebook.com\/acampapolapazeodereitoarefuxio","https:\/\/x.com\/Acampa_polapaz","https:\/\/www.instagram.com\/Acampa_polapaz\/","https:\/\/www.youtube.com\/channel\/UChk1mSCHVEHmjq9e8PLb-mw"]}]}},"_links":{"self":[{"href":"https:\/\/redeacampa.org\/gl\/wp-json\/wp\/v2\/pages\/47698","targetHints":{"allow":["GET"]}}],"collection":[{"href":"https:\/\/redeacampa.org\/gl\/wp-json\/wp\/v2\/pages"}],"about":[{"href":"https:\/\/redeacampa.org\/gl\/wp-json\/wp\/v2\/types\/page"}],"author":[{"embeddable":true,"href":"https:\/\/redeacampa.org\/gl\/wp-json\/wp\/v2\/users\/1"}],"replies":[{"embeddable":true,"href":"https:\/\/redeacampa.org\/gl\/wp-json\/wp\/v2\/comments?post=47698"}],"version-history":[{"count":24,"href":"https:\/\/redeacampa.org\/gl\/wp-json\/wp\/v2\/pages\/47698\/revisions"}],"predecessor-version":[{"id":47917,"href":"https:\/\/redeacampa.org\/gl\/wp-json\/wp\/v2\/pages\/47698\/revisions\/47917"}],"wp:attachment":[{"href":"https:\/\/redeacampa.org\/gl\/wp-json\/wp\/v2\/media?parent=47698"}],"wp:term":[{"taxonomy":"category","embeddable":true,"href":"https:\/\/redeacampa.org\/gl\/wp-json\/wp\/v2\/categories?post=47698"},{"taxonomy":"post_tag","embeddable":true,"href":"https:\/\/redeacampa.org\/gl\/wp-json\/wp\/v2\/tags?post=47698"}],"curies":[{"name":"wp","href":"https:\/\/api.w.org\/{rel}","templated":true}]}}