{"id":48613,"date":"2023-04-19T12:43:02","date_gmt":"2023-04-19T10:43:02","guid":{"rendered":"https:\/\/redeacampa.org\/?page_id=48613"},"modified":"2025-05-01T18:47:19","modified_gmt":"2025-05-01T16:47:19","slug":"iii-resultados-rec-acampa-2023","status":"publish","type":"page","link":"https:\/\/redeacampa.org\/gl\/iii-resultados-rec-acampa-2023\/","title":{"rendered":"III Resultados Rec, Acampa 2023"},"content":{"rendered":"<p>[et_pb_section fb_built=&#8221;1&#8243; fullwidth=&#8221;on&#8221; custom_padding_last_edited=&#8221;on|desktop&#8221; admin_label=&#8221;section&#8221; _builder_version=&#8221;4.16&#8243; background_color=&#8221;#cd1619&#8243; custom_padding_tablet=&#8221;50px|0|50px|0&#8243; custom_padding_phone=&#8221;&#8221; transparent_background=&#8221;off&#8221; padding_mobile=&#8221;off&#8221; locked=&#8221;off&#8221; collapsed=&#8221;on&#8221; global_colors_info=&#8221;{}&#8221;][et_pb_fullwidth_header title=&#8221;Resultados do III Reco\u00f1ecemento Internacional Acampa 2023&#8243; subhead=&#8221;Pola paz e o dereito a refuxio&#8221; admin_label=&#8221;T\u00edtulo de anchura completa&#8221; _builder_version=&#8221;4.20.4&#8243; title_font=&#8221;|on|||&#8221; subhead_font=&#8221;||on||&#8221; background_color=&#8221;rgba(255, 255, 255, 0)&#8221; button_one_letter_spacing_hover=&#8221;0&#8243; button_two_letter_spacing_hover=&#8221;0&#8243; global_colors_info=&#8221;{}&#8221; button_one_text_size__hover_enabled=&#8221;off&#8221; button_two_text_size__hover_enabled=&#8221;off&#8221; button_one_text_color__hover_enabled=&#8221;off&#8221; button_two_text_color__hover_enabled=&#8221;off&#8221; button_one_border_width__hover_enabled=&#8221;off&#8221; button_two_border_width__hover_enabled=&#8221;off&#8221; button_one_border_color__hover_enabled=&#8221;off&#8221; button_two_border_color__hover_enabled=&#8221;off&#8221; button_one_border_radius__hover_enabled=&#8221;off&#8221; button_two_border_radius__hover_enabled=&#8221;off&#8221; button_one_letter_spacing__hover_enabled=&#8221;on&#8221; button_one_letter_spacing__hover=&#8221;0&#8243; button_two_letter_spacing__hover_enabled=&#8221;on&#8221; button_two_letter_spacing__hover=&#8221;0&#8243; button_one_bg_color__hover_enabled=&#8221;off&#8221; button_two_bg_color__hover_enabled=&#8221;off&#8221;][\/et_pb_fullwidth_header][\/et_pb_section][et_pb_section fb_built=&#8221;1&#8243; _builder_version=&#8221;4.17.4&#8243; _module_preset=&#8221;default&#8221; collapsed=&#8221;on&#8221; global_colors_info=&#8221;{}&#8221;][et_pb_row _builder_version=&#8221;4.16&#8243; _module_preset=&#8221;default&#8221; collapsed=&#8221;on&#8221; global_colors_info=&#8221;{}&#8221;][et_pb_column type=&#8221;4_4&#8243; _builder_version=&#8221;4.16&#8243; _module_preset=&#8221;default&#8221; global_colors_info=&#8221;{}&#8221;][et_pb_image src=&#8221;https:\/\/redeacampa.org\/wp-content\/uploads\/Res-Rec-2023.jpg&#8221; title_text=&#8221;Res-Rec-2023&#8243; _builder_version=&#8221;4.20.4&#8243; _module_preset=&#8221;default&#8221; global_colors_info=&#8221;{}&#8221;][\/et_pb_image][et_pb_text _builder_version=&#8221;4.20.4&#8243; _module_preset=&#8221;default&#8221; global_colors_info=&#8221;{}&#8221;]<\/p>\n<p><strong>Pepe Mujica<\/strong> y <strong>Rafael Pillado<\/strong>\u00a0foron os m\u00e1is votados no <strong>III Reco\u00f1ecemento Internacional \u00e1 Defensa dos Dereitos Humanos Acampa 2023.<\/strong> As votaci\u00f3ns en cada unha das d\u00faas categor\u00edas \u2013 internacional e galega &#8211; secretas, verificables e abertas non s\u00f3 \u00e1s persoas asociadas ao movemento <strong>Acampa<\/strong>, decidiron que sexan\u00a0<strong>Pepe Mujica<\/strong>, cun<strong> 48,48%<\/strong> dos votos, e\u00a0<strong>Rafael Pillado<\/strong>, co <strong>40,91%<\/strong> os que recibiran o <strong>III Reco\u00f1ecemento de Acampa<\/strong>, que toma forma nunha aleg\u00f3rica escultura da artista <strong>Pilar Sub\u00edas.<\/strong> Calquera das candidaturas presentadas era, abof\u00e9, merecedora do noso aplauso colectivo polo seu labor e o seu traballo no tecido dunha sociedade m\u00e1is xusta e humana. Pero os votos das organizaci\u00f3ns, particulares asociados \u00e1 rede e a cidadan\u00eda implicada con Acampa elixiron a <strong>Pepe Mujica<\/strong> y <strong>Rafael Pillado<\/strong>.<\/p>\n<p>[\/et_pb_text][\/et_pb_column][\/et_pb_row][\/et_pb_section][et_pb_section fb_built=&#8221;1&#8243; _builder_version=&#8221;4.16&#8243; _module_preset=&#8221;default&#8221; background_color=&#8221;#cac2af&#8221; collapsed=&#8221;on&#8221; global_colors_info=&#8221;{}&#8221;][et_pb_row _builder_version=&#8221;4.16&#8243; _module_preset=&#8221;default&#8221; collapsed=&#8221;on&#8221; global_colors_info=&#8221;{}&#8221;][et_pb_column type=&#8221;4_4&#8243; _builder_version=&#8221;4.16&#8243; _module_preset=&#8221;default&#8221; global_colors_info=&#8221;{}&#8221;][et_pb_text _builder_version=&#8221;4.20.4&#8243; _module_preset=&#8221;default&#8221; global_colors_info=&#8221;{}&#8221;]<\/p>\n<h3 style=\"text-align: center;\" data-mce-style=\"text-align: center;\">III Reco\u00f1ecemento Internacional<\/h3>\n<h3 style=\"text-align: center;\" data-mce-style=\"text-align: center;\">\u00e1 Defensa dos Dereitos Humanos Acampa 2023<\/h3>\n<p>[\/et_pb_text][\/et_pb_column][\/et_pb_row][et_pb_row column_structure=&#8221;1_3,2_3&#8243; _builder_version=&#8221;4.16&#8243; _module_preset=&#8221;default&#8221; collapsed=&#8221;on&#8221; global_colors_info=&#8221;{}&#8221;][et_pb_column type=&#8221;1_3&#8243; _builder_version=&#8221;4.16&#8243; _module_preset=&#8221;default&#8221; global_colors_info=&#8221;{}&#8221;][et_pb_text _builder_version=&#8221;4.20.4&#8243; _module_preset=&#8221;default&#8221; global_colors_info=&#8221;{}&#8221;]<\/p>\n<p><strong>Jos\u00e9 Alberto Mujica Cordano<\/strong>, presidente do Uruguai entre o 2010 e o 2015, foi senador no seu pa\u00eds do 2014 a 2018, retir\u00e1ndose da actividade pol\u00edtica para dedicarse \u00e1 militancia popular. \u00c9 <strong>l\u00edder do Movemento de Participaci\u00f3n Popular<\/strong>, o sector maioritario do partido de esquerda Fronte Ampla.<\/p>\n<p>Cun pasado guerrilleiro no que ingresou no Movemento Nacional de Liberaci\u00f3n-Tupamaros, Mujica viviu na clandestinidade, foi ferido de bala e estivo m\u00e1is de quince anos no c\u00e1rcere, sendo brutalmente torturado. A chegada da democracia, que decretou a amnist\u00eda para os delitos pol\u00edticos, com\u00fans e militares, devolveulle a liberdade en 1985. Pese a esa dura experiencia, a s\u00faa voz nunca calou. En palabras s\u00faas, <em><strong>\u201cvivir con causa \u00e9 a \u00fanica maneira de vivir\u201d.<\/strong><\/em><\/p>\n<p><strong>Pepe Mujica<\/strong> \u00e9 un dos m\u00e1is xenu\u00ednos <strong>exemplos de militancia na defensa dos Dereitos Humanos, <em>\u201cunha loita que non se acaba nunca, unha loita permanente marcada polas desigualdades e as limitaci\u00f3ns da nosa pobre humanidade\u201d.<\/em><\/strong><\/p>\n<p>[\/et_pb_text][\/et_pb_column][et_pb_column type=&#8221;2_3&#8243; _builder_version=&#8221;4.16&#8243; _module_preset=&#8221;default&#8221; global_colors_info=&#8221;{}&#8221;][et_pb_image src=&#8221;https:\/\/redeacampa.org\/wp-content\/uploads\/Pepe-Mujica.png&#8221; alt=&#8221;Pepe Mujica&#8221; title_text=&#8221;Pepe Mujica&#8221; show_in_lightbox=&#8221;on&#8221; _builder_version=&#8221;4.20.4&#8243; _module_preset=&#8221;default&#8221; global_colors_info=&#8221;{}&#8221;][\/et_pb_image][\/et_pb_column][\/et_pb_row][et_pb_row _builder_version=&#8221;4.16&#8243; _module_preset=&#8221;default&#8221; collapsed=&#8221;on&#8221; global_colors_info=&#8221;{}&#8221;][et_pb_column type=&#8221;4_4&#8243; _builder_version=&#8221;4.16&#8243; _module_preset=&#8221;default&#8221; global_colors_info=&#8221;{}&#8221;][et_pb_text _builder_version=&#8221;4.20.4&#8243; _module_preset=&#8221;default&#8221; global_colors_info=&#8221;{}&#8221;]<\/p>\n<h3 style=\"text-align: center;\" data-mce-style=\"text-align: center;\">III Reco\u00f1ecemento Local (Galicia)<\/h3>\n<h3 style=\"text-align: center;\" data-mce-style=\"text-align: center;\">\u00e1 Defensa dos Dereitos Humanos Acampa 2023<\/h3>\n<p>[\/et_pb_text][\/et_pb_column][\/et_pb_row][et_pb_row column_structure=&#8221;2_3,1_3&#8243; _builder_version=&#8221;4.16&#8243; _module_preset=&#8221;default&#8221; collapsed=&#8221;on&#8221; global_colors_info=&#8221;{}&#8221;][et_pb_column type=&#8221;2_3&#8243; _builder_version=&#8221;4.16&#8243; _module_preset=&#8221;default&#8221; global_colors_info=&#8221;{}&#8221;][et_pb_image src=&#8221;https:\/\/redeacampa.org\/wp-content\/uploads\/Rafael-Pillado.png&#8221; alt=&#8221;Rafael Pillado&#8221; title_text=&#8221;Rafael Pillado&#8221; show_in_lightbox=&#8221;on&#8221; _builder_version=&#8221;4.20.4&#8243; _module_preset=&#8221;default&#8221; global_colors_info=&#8221;{}&#8221;][\/et_pb_image][\/et_pb_column][et_pb_column type=&#8221;1_3&#8243; _builder_version=&#8221;4.16&#8243; _module_preset=&#8221;default&#8221; global_colors_info=&#8221;{}&#8221;][et_pb_text _builder_version=&#8221;4.20.4&#8243; _module_preset=&#8221;default&#8221; global_colors_info=&#8221;{}&#8221;]<\/p>\n<p><strong>Rafael Pillado Lista<\/strong> (San Cibrao, 1942- Ferrol 2023). <strong>Exemplo de incansable loita polas dereitos socias e pol\u00edticos da clase traballadora.<\/strong><\/p>\n<p>Residente en Ferrol desde os dous anos, onde chega a familia seguindo ao seu pai, preso no Castelo de San Felipe pola s\u00faa militancia antifranquista. Aos 15 anos incorp\u00f3rase \u00e1 Escola de Aprendices da E.N.Baz\u00e1n, empresa onde transcorre toda a s\u00faa vida laboral. En 1960 af\u00edliase ao PCE, desenvolvendo unha intensa actividade pol\u00edtica e sindical, participando na fundaci\u00f3n das CCOO.<strong> Foi detido e encarcerado en varias ocasi\u00f3ns e polos sucesos do 10 de marzo de 1972 foi procesado polo TOP no co\u00f1ecido Xu\u00edzo dos 23, sendo condenado a 7 anos de c\u00e1rcere<\/strong>, dos que cumpre 4 ao ser amnistiado na transici\u00f3n. Foi confundador do PCG, militou na Asemblea para Unidade dos Comunistas, Partido dos Traballadores e PSOE. Actualmente e ata o seu recente falecemento, colaboraba como inscrito en PODEMOS.<\/p>\n<p>Foi <strong>cofundador do Comit\u00e9 Cidad\u00e1n de Emerxencia para a R\u00eda de Ferrol, da asociaci\u00f3n cultural Fuco Bux\u00e1n e da Asociaci\u00f3n Galega de V\u00edtimas do Amianto (AGAVIDA)<\/strong>.<\/p>\n<p>[\/et_pb_text][\/et_pb_column][\/et_pb_row][\/et_pb_section][et_pb_section fb_built=&#8221;1&#8243; _builder_version=&#8221;4.16&#8243; _module_preset=&#8221;default&#8221; collapsed=&#8221;on&#8221; global_colors_info=&#8221;{}&#8221;][et_pb_row _builder_version=&#8221;4.16&#8243; _module_preset=&#8221;default&#8221; collapsed=&#8221;off&#8221; global_colors_info=&#8221;{}&#8221;][et_pb_column type=&#8221;4_4&#8243; _builder_version=&#8221;4.16&#8243; _module_preset=&#8221;default&#8221; global_colors_info=&#8221;{}&#8221;][et_pb_text _builder_version=&#8221;4.20.4&#8243; _module_preset=&#8221;default&#8221; global_colors_info=&#8221;{}&#8221;]<\/p>\n<p>Desde o movemento <strong>Acampa<\/strong> congratul\u00e1monos do resultado. O obxectivo do reco\u00f1ecemento, p\u00f3r en valor a necesidade da defensa dos Dereitos Humanos, destacando o labor de organizaci\u00f3ns ou persoas referentes nese eido e que sexan un exemplo para toda a sociedade, est\u00e1 m\u00e1is que cumprido cos resultados da votaci\u00f3n. Aqu\u00ed vos deixamos, en dous roscos, os resultados acadados por cada unha das candidaturas que concorreron ao noso <strong>III Reco\u00f1ecemento Internacional Acampa 2023 pola Paz e o Dereito a Refuxio:<\/strong><\/p>\n<p>[\/et_pb_text][\/et_pb_column][\/et_pb_row][et_pb_row column_structure=&#8221;1_2,1_2&#8243; _builder_version=&#8221;4.16&#8243; _module_preset=&#8221;default&#8221; collapsed=&#8221;off&#8221; global_colors_info=&#8221;{}&#8221;][et_pb_column type=&#8221;1_2&#8243; _builder_version=&#8221;4.16&#8243; _module_preset=&#8221;default&#8221; global_colors_info=&#8221;{}&#8221;][et_pb_image src=&#8221;https:\/\/redeacampa.org\/wp-content\/uploads\/RecoInter2023.png&#8221; title_text=&#8221;RecoInter2023&#8243; show_in_lightbox=&#8221;on&#8221; _builder_version=&#8221;4.20.4&#8243; _module_preset=&#8221;default&#8221; global_colors_info=&#8221;{}&#8221;][\/et_pb_image][\/et_pb_column][et_pb_column type=&#8221;1_2&#8243; _builder_version=&#8221;4.16&#8243; _module_preset=&#8221;default&#8221; global_colors_info=&#8221;{}&#8221;][et_pb_image src=&#8221;https:\/\/redeacampa.org\/wp-content\/uploads\/RecoLoc2023.png&#8221; title_text=&#8221;RecoLoc2023&#8243; show_in_lightbox=&#8221;on&#8221; _builder_version=&#8221;4.20.4&#8243; _module_preset=&#8221;default&#8221; global_colors_info=&#8221;{}&#8221;][\/et_pb_image][\/et_pb_column][\/et_pb_row][\/et_pb_section][et_pb_section fb_built=&#8221;1&#8243; _builder_version=&#8221;4.16&#8243; _module_preset=&#8221;default&#8221; background_color=&#8221;#74997b&#8221; custom_padding=&#8221;||0px|||&#8221; collapsed=&#8221;on&#8221; global_colors_info=&#8221;{}&#8221;][et_pb_row column_structure=&#8221;1_4,1_4,1_4,1_4&#8243; make_equal=&#8221;on&#8221; _builder_version=&#8221;4.16&#8243; _module_preset=&#8221;default&#8221; custom_padding=&#8221;6px||4px|||&#8221; collapsed=&#8221;off&#8221; global_colors_info=&#8221;{}&#8221;][et_pb_column type=&#8221;1_4&#8243; _builder_version=&#8221;4.16&#8243; _module_preset=&#8221;default&#8221; global_colors_info=&#8221;{}&#8221;][\/et_pb_column][et_pb_column type=&#8221;1_4&#8243; _builder_version=&#8221;4.16&#8243; _module_preset=&#8221;default&#8221; global_colors_info=&#8221;{}&#8221;][et_pb_image src=&#8221;https:\/\/redeacampa.org\/wp-content\/uploads\/estatuilla.png&#8221; title_text=&#8221;estatuilla&#8221; _builder_version=&#8221;4.20.4&#8243; _module_preset=&#8221;default&#8221; height=&#8221;80%&#8221; global_colors_info=&#8221;{}&#8221;][\/et_pb_image][\/et_pb_column][et_pb_column type=&#8221;1_4&#8243; _builder_version=&#8221;4.16&#8243; _module_preset=&#8221;default&#8221; global_colors_info=&#8221;{}&#8221;][et_pb_image src=&#8221;https:\/\/redeacampa.org\/wp-content\/uploads\/Reconocimiento_2021_5.jpg&#8221; show_in_lightbox=&#8221;on&#8221; _builder_version=&#8221;4.20.4&#8243; _module_preset=&#8221;default&#8221; custom_margin=&#8221;-1px|||||&#8221; global_colors_info=&#8221;{}&#8221;][\/et_pb_image][et_pb_text _builder_version=&#8221;4.20.4&#8243; _module_preset=&#8221;default&#8221; text_text_color=&#8221;#FFFFFF&#8221; global_colors_info=&#8221;{}&#8221;]<\/p>\n<p>A peza escult\u00f3rica que da forma ao Reco\u00f1ecemento foi creada para esta iniciativa pola artista <strong>Pilar Sub\u00edas<\/strong>, a quen agradecemos p\u00fablicamente a doaz\u00f3n e a cesi\u00f3n do dereitos de uso da mesma.<\/p>\n<p>[\/et_pb_text][\/et_pb_column][et_pb_column type=&#8221;1_4&#8243; _builder_version=&#8221;4.16&#8243; _module_preset=&#8221;default&#8221; global_colors_info=&#8221;{}&#8221;][\/et_pb_column][\/et_pb_row][\/et_pb_section]<\/p>\n","protected":false},"excerpt":{"rendered":"<p>Pepe Mujica y Rafael Pillado\u00a0foron os m\u00e1is votados no III Reco\u00f1ecemento Internacional \u00e1 Defensa dos Dereitos Humanos Acampa 2023. As votaci\u00f3ns en cada unha das d\u00faas categor\u00edas \u2013 internacional e galega &#8211; secretas, verificables e abertas non s\u00f3 \u00e1s persoas asociadas ao movemento Acampa, decidiron que sexan\u00a0Pepe Mujica, cun 48,48% dos votos, e\u00a0Rafael Pillado, co [&hellip;]<\/p>\n","protected":false},"author":1,"featured_media":0,"parent":0,"menu_order":0,"comment_status":"closed","ping_status":"closed","template":"","meta":{"_et_pb_use_builder":"on","_et_pb_old_content":"","_et_gb_content_width":"","footnotes":""},"categories":[50],"tags":[],"class_list":["post-48613","page","type-page","status-publish","hentry","category-reconecemento-gl"],"yoast_head":"<!-- This site is optimized with the Yoast SEO plugin v26.4 - https:\/\/yoast.com\/wordpress\/plugins\/seo\/ -->\n<title>III Resultados Rec, Acampa 2023 - Acampa - Pola paz e o dereito a refuxio<\/title>\n<meta name=\"robots\" content=\"index, follow, max-snippet:-1, max-image-preview:large, max-video-preview:-1\" \/>\n<link rel=\"canonical\" href=\"https:\/\/redeacampa.org\/gl\/iii-resultados-rec-acampa-2023\/\" \/>\n<meta property=\"og:locale\" content=\"gl_ES\" \/>\n<meta property=\"og:type\" content=\"article\" \/>\n<meta property=\"og:title\" content=\"III Resultados Rec, Acampa 2023 - Acampa - Pola paz e o dereito a refuxio\" \/>\n<meta property=\"og:description\" content=\"Pepe Mujica y Rafael Pillado\u00a0foron os m\u00e1is votados no III Reco\u00f1ecemento Internacional \u00e1 Defensa dos Dereitos Humanos Acampa 2023. As votaci\u00f3ns en cada unha das d\u00faas categor\u00edas \u2013 internacional e galega - secretas, verificables e abertas non s\u00f3 \u00e1s persoas asociadas ao movemento Acampa, decidiron que sexan\u00a0Pepe Mujica, cun 48,48% dos votos, e\u00a0Rafael Pillado, co [&hellip;]\" \/>\n<meta property=\"og:url\" content=\"https:\/\/redeacampa.org\/gl\/iii-resultados-rec-acampa-2023\/\" \/>\n<meta property=\"og:site_name\" content=\"Acampa - Pola paz e o dereito a refuxio\" \/>\n<meta property=\"article:publisher\" content=\"https:\/\/www.facebook.com\/acampapolapazeodereitoarefuxio\" \/>\n<meta property=\"article:modified_time\" content=\"2025-05-01T16:47:19+00:00\" \/>\n<meta name=\"twitter:card\" content=\"summary_large_image\" \/>\n<meta name=\"twitter:site\" content=\"@Acampa_polapaz\" \/>\n<meta name=\"twitter:label1\" content=\"Tempo de lectura\" \/>\n\t<meta name=\"twitter:data1\" content=\"4 minutos\" \/>\n<script type=\"application\/ld+json\" class=\"yoast-schema-graph\">{\"@context\":\"https:\/\/schema.org\",\"@graph\":[{\"@type\":\"WebPage\",\"@id\":\"https:\/\/redeacampa.org\/gl\/iii-resultados-rec-acampa-2023\/\",\"url\":\"https:\/\/redeacampa.org\/gl\/iii-resultados-rec-acampa-2023\/\",\"name\":\"III Resultados Rec, Acampa 2023 - Acampa - Pola paz e o dereito a refuxio\",\"isPartOf\":{\"@id\":\"https:\/\/redeacampa.org\/gl\/#website\"},\"datePublished\":\"2023-04-19T10:43:02+00:00\",\"dateModified\":\"2025-05-01T16:47:19+00:00\",\"breadcrumb\":{\"@id\":\"https:\/\/redeacampa.org\/gl\/iii-resultados-rec-acampa-2023\/#breadcrumb\"},\"inLanguage\":\"gl-ES\",\"potentialAction\":[{\"@type\":\"ReadAction\",\"target\":[\"https:\/\/redeacampa.org\/gl\/iii-resultados-rec-acampa-2023\/\"]}]},{\"@type\":\"BreadcrumbList\",\"@id\":\"https:\/\/redeacampa.org\/gl\/iii-resultados-rec-acampa-2023\/#breadcrumb\",\"itemListElement\":[{\"@type\":\"ListItem\",\"position\":1,\"name\":\"Portada\",\"item\":\"https:\/\/redeacampa.org\/gl\/\"},{\"@type\":\"ListItem\",\"position\":2,\"name\":\"III Resultados Rec, Acampa 2023\"}]},{\"@type\":\"WebSite\",\"@id\":\"https:\/\/redeacampa.org\/gl\/#website\",\"url\":\"https:\/\/redeacampa.org\/gl\/\",\"name\":\"Acampa - Pola paz e o dereito a refuxio\",\"description\":\"Unha iniciativa cidad\u00e1 sen fins de lucro integrada por colectivos sociais, culturais, educativos, veci\u00f1ais, pol\u00edticos, sindicais, art\u00edsticos, de persoas solidarias, de instituci\u00f3ns e empresas con responsabilidade social que te\u00f1en como obxectivo a defensa dos dereitos humanos, o Dereito Internacional Humanitario e o Dereito a Refuxio.\",\"publisher\":{\"@id\":\"https:\/\/redeacampa.org\/gl\/#organization\"},\"potentialAction\":[{\"@type\":\"SearchAction\",\"target\":{\"@type\":\"EntryPoint\",\"urlTemplate\":\"https:\/\/redeacampa.org\/gl\/?s={search_term_string}\"},\"query-input\":{\"@type\":\"PropertyValueSpecification\",\"valueRequired\":true,\"valueName\":\"search_term_string\"}}],\"inLanguage\":\"gl-ES\"},{\"@type\":\"Organization\",\"@id\":\"https:\/\/redeacampa.org\/gl\/#organization\",\"name\":\"Acampa\",\"url\":\"https:\/\/redeacampa.org\/gl\/\",\"logo\":{\"@type\":\"ImageObject\",\"inLanguage\":\"gl-ES\",\"@id\":\"https:\/\/redeacampa.org\/gl\/#\/schema\/logo\/image\/\",\"url\":\"https:\/\/redeacampa.org\/wp-content\/uploads\/2019\/01\/acampaConRojo_es.png\",\"contentUrl\":\"https:\/\/redeacampa.org\/wp-content\/uploads\/2019\/01\/acampaConRojo_es.png\",\"width\":612,\"height\":204,\"caption\":\"Acampa\"},\"image\":{\"@id\":\"https:\/\/redeacampa.org\/gl\/#\/schema\/logo\/image\/\"},\"sameAs\":[\"https:\/\/www.facebook.com\/acampapolapazeodereitoarefuxio\",\"https:\/\/x.com\/Acampa_polapaz\",\"https:\/\/www.instagram.com\/Acampa_polapaz\/\",\"https:\/\/www.youtube.com\/channel\/UChk1mSCHVEHmjq9e8PLb-mw\"]}]}<\/script>\n<!-- \/ Yoast SEO plugin. -->","yoast_head_json":{"title":"III Resultados Rec, Acampa 2023 - Acampa - Pola paz e o dereito a refuxio","robots":{"index":"index","follow":"follow","max-snippet":"max-snippet:-1","max-image-preview":"max-image-preview:large","max-video-preview":"max-video-preview:-1"},"canonical":"https:\/\/redeacampa.org\/gl\/iii-resultados-rec-acampa-2023\/","og_locale":"gl_ES","og_type":"article","og_title":"III Resultados Rec, Acampa 2023 - Acampa - Pola paz e o dereito a refuxio","og_description":"Pepe Mujica y Rafael Pillado\u00a0foron os m\u00e1is votados no III Reco\u00f1ecemento Internacional \u00e1 Defensa dos Dereitos Humanos Acampa 2023. As votaci\u00f3ns en cada unha das d\u00faas categor\u00edas \u2013 internacional e galega - secretas, verificables e abertas non s\u00f3 \u00e1s persoas asociadas ao movemento Acampa, decidiron que sexan\u00a0Pepe Mujica, cun 48,48% dos votos, e\u00a0Rafael Pillado, co [&hellip;]","og_url":"https:\/\/redeacampa.org\/gl\/iii-resultados-rec-acampa-2023\/","og_site_name":"Acampa - Pola paz e o dereito a refuxio","article_publisher":"https:\/\/www.facebook.com\/acampapolapazeodereitoarefuxio","article_modified_time":"2025-05-01T16:47:19+00:00","twitter_card":"summary_large_image","twitter_site":"@Acampa_polapaz","twitter_misc":{"Tempo de lectura":"4 minutos"},"schema":{"@context":"https:\/\/schema.org","@graph":[{"@type":"WebPage","@id":"https:\/\/redeacampa.org\/gl\/iii-resultados-rec-acampa-2023\/","url":"https:\/\/redeacampa.org\/gl\/iii-resultados-rec-acampa-2023\/","name":"III Resultados Rec, Acampa 2023 - Acampa - Pola paz e o dereito a refuxio","isPartOf":{"@id":"https:\/\/redeacampa.org\/gl\/#website"},"datePublished":"2023-04-19T10:43:02+00:00","dateModified":"2025-05-01T16:47:19+00:00","breadcrumb":{"@id":"https:\/\/redeacampa.org\/gl\/iii-resultados-rec-acampa-2023\/#breadcrumb"},"inLanguage":"gl-ES","potentialAction":[{"@type":"ReadAction","target":["https:\/\/redeacampa.org\/gl\/iii-resultados-rec-acampa-2023\/"]}]},{"@type":"BreadcrumbList","@id":"https:\/\/redeacampa.org\/gl\/iii-resultados-rec-acampa-2023\/#breadcrumb","itemListElement":[{"@type":"ListItem","position":1,"name":"Portada","item":"https:\/\/redeacampa.org\/gl\/"},{"@type":"ListItem","position":2,"name":"III Resultados Rec, Acampa 2023"}]},{"@type":"WebSite","@id":"https:\/\/redeacampa.org\/gl\/#website","url":"https:\/\/redeacampa.org\/gl\/","name":"Acampa - Pola paz e o dereito a refuxio","description":"Unha iniciativa cidad\u00e1 sen fins de lucro integrada por colectivos sociais, culturais, educativos, veci\u00f1ais, pol\u00edticos, sindicais, art\u00edsticos, de persoas solidarias, de instituci\u00f3ns e empresas con responsabilidade social que te\u00f1en como obxectivo a defensa dos dereitos humanos, o Dereito Internacional Humanitario e o Dereito a Refuxio.","publisher":{"@id":"https:\/\/redeacampa.org\/gl\/#organization"},"potentialAction":[{"@type":"SearchAction","target":{"@type":"EntryPoint","urlTemplate":"https:\/\/redeacampa.org\/gl\/?s={search_term_string}"},"query-input":{"@type":"PropertyValueSpecification","valueRequired":true,"valueName":"search_term_string"}}],"inLanguage":"gl-ES"},{"@type":"Organization","@id":"https:\/\/redeacampa.org\/gl\/#organization","name":"Acampa","url":"https:\/\/redeacampa.org\/gl\/","logo":{"@type":"ImageObject","inLanguage":"gl-ES","@id":"https:\/\/redeacampa.org\/gl\/#\/schema\/logo\/image\/","url":"https:\/\/redeacampa.org\/wp-content\/uploads\/2019\/01\/acampaConRojo_es.png","contentUrl":"https:\/\/redeacampa.org\/wp-content\/uploads\/2019\/01\/acampaConRojo_es.png","width":612,"height":204,"caption":"Acampa"},"image":{"@id":"https:\/\/redeacampa.org\/gl\/#\/schema\/logo\/image\/"},"sameAs":["https:\/\/www.facebook.com\/acampapolapazeodereitoarefuxio","https:\/\/x.com\/Acampa_polapaz","https:\/\/www.instagram.com\/Acampa_polapaz\/","https:\/\/www.youtube.com\/channel\/UChk1mSCHVEHmjq9e8PLb-mw"]}]}},"_links":{"self":[{"href":"https:\/\/redeacampa.org\/gl\/wp-json\/wp\/v2\/pages\/48613","targetHints":{"allow":["GET"]}}],"collection":[{"href":"https:\/\/redeacampa.org\/gl\/wp-json\/wp\/v2\/pages"}],"about":[{"href":"https:\/\/redeacampa.org\/gl\/wp-json\/wp\/v2\/types\/page"}],"author":[{"embeddable":true,"href":"https:\/\/redeacampa.org\/gl\/wp-json\/wp\/v2\/users\/1"}],"replies":[{"embeddable":true,"href":"https:\/\/redeacampa.org\/gl\/wp-json\/wp\/v2\/comments?post=48613"}],"version-history":[{"count":7,"href":"https:\/\/redeacampa.org\/gl\/wp-json\/wp\/v2\/pages\/48613\/revisions"}],"predecessor-version":[{"id":48690,"href":"https:\/\/redeacampa.org\/gl\/wp-json\/wp\/v2\/pages\/48613\/revisions\/48690"}],"wp:attachment":[{"href":"https:\/\/redeacampa.org\/gl\/wp-json\/wp\/v2\/media?parent=48613"}],"wp:term":[{"taxonomy":"category","embeddable":true,"href":"https:\/\/redeacampa.org\/gl\/wp-json\/wp\/v2\/categories?post=48613"},{"taxonomy":"post_tag","embeddable":true,"href":"https:\/\/redeacampa.org\/gl\/wp-json\/wp\/v2\/tags?post=48613"}],"curies":[{"name":"wp","href":"https:\/\/api.w.org\/{rel}","templated":true}]}}