{"id":48977,"date":"2024-02-01T19:55:24","date_gmt":"2024-02-01T18:55:24","guid":{"rendered":"https:\/\/redeacampa.org\/?page_id=48977"},"modified":"2025-05-01T18:49:21","modified_gmt":"2025-05-01T16:49:21","slug":"iv-reco-bases-acampa-2024","status":"publish","type":"page","link":"https:\/\/redeacampa.org\/gl\/iv-reco-bases-acampa-2024\/","title":{"rendered":"IV Reco Bases Acampa 2024"},"content":{"rendered":"<p>[et_pb_section fb_built=&#8221;1&#8243; fullwidth=&#8221;on&#8221; custom_padding_last_edited=&#8221;on|desktop&#8221; admin_label=&#8221;section&#8221; _builder_version=&#8221;4.16&#8243; background_color=&#8221;#cd1619&#8243; custom_padding_tablet=&#8221;50px|0|50px|0&#8243; custom_padding_phone=&#8221;&#8221; transparent_background=&#8221;off&#8221; padding_mobile=&#8221;off&#8221; locked=&#8221;off&#8221; collapsed=&#8221;on&#8221; global_colors_info=&#8221;{}&#8221;][et_pb_fullwidth_header title=&#8221;IV Reco\u00f1ecemento Internacional Acampa 2024&#8243; subhead=&#8221;Pola paz e o dereito a refuxio&#8221; admin_label=&#8221;T\u00edtulo de anchura completa&#8221; _builder_version=&#8221;4.19.4&#8243; title_font=&#8221;|on|||&#8221; subhead_font=&#8221;||on||&#8221; background_color=&#8221;rgba(255, 255, 255, 0)&#8221; button_one_letter_spacing_hover=&#8221;0&#8243; button_two_letter_spacing_hover=&#8221;0&#8243; global_colors_info=&#8221;{}&#8221; button_one_text_size__hover_enabled=&#8221;off&#8221; button_two_text_size__hover_enabled=&#8221;off&#8221; button_one_text_color__hover_enabled=&#8221;off&#8221; button_two_text_color__hover_enabled=&#8221;off&#8221; button_one_border_width__hover_enabled=&#8221;off&#8221; button_two_border_width__hover_enabled=&#8221;off&#8221; button_one_border_color__hover_enabled=&#8221;off&#8221; button_two_border_color__hover_enabled=&#8221;off&#8221; button_one_border_radius__hover_enabled=&#8221;off&#8221; button_two_border_radius__hover_enabled=&#8221;off&#8221; button_one_letter_spacing__hover_enabled=&#8221;on&#8221; button_one_letter_spacing__hover=&#8221;0&#8243; button_two_letter_spacing__hover_enabled=&#8221;on&#8221; button_two_letter_spacing__hover=&#8221;0&#8243; button_one_bg_color__hover_enabled=&#8221;off&#8221; button_two_bg_color__hover_enabled=&#8221;off&#8221;][\/et_pb_fullwidth_header][\/et_pb_section][et_pb_section fb_built=&#8221;1&#8243; _builder_version=&#8221;4.16&#8243; _module_preset=&#8221;default&#8221; background_enable_color=&#8221;off&#8221; custom_padding=&#8221;||0px|||&#8221; collapsed=&#8221;off&#8221; global_colors_info=&#8221;{}&#8221;][et_pb_row _builder_version=&#8221;4.16&#8243; _module_preset=&#8221;default&#8221; global_colors_info=&#8221;{}&#8221;][et_pb_column type=&#8221;4_4&#8243; _builder_version=&#8221;4.16&#8243; _module_preset=&#8221;default&#8221; global_colors_info=&#8221;{}&#8221;][et_pb_text _builder_version=&#8221;4.23.1&#8243; _module_preset=&#8221;default&#8221; text_font=&#8221;|||||on|||&#8221; header_font=&#8221;|||||on|||&#8221; header_2_font=&#8221;|||||on|||&#8221; custom_margin=&#8221;||-3px|||&#8221; custom_padding=&#8221;||0px|||&#8221; global_colors_info=&#8221;{}&#8221;]<\/p>\n<h1 style=\"text-align: center;\">IV Reco\u00f1ecemento internacional Acampa<br \/>\u00e1 defensa dos dereitos humanos<\/h1>\n<h4 style=\"text-align: center;\">\u201c<strong>Acampa Pola paz e o dereito a refuxio\u201d<\/strong><\/h4>\n<p>&nbsp;<\/p>\n<p>[\/et_pb_text][et_pb_text _builder_version=&#8221;4.20.0&#8243; _module_preset=&#8221;default&#8221; background_enable_color=&#8221;off&#8221; global_colors_info=&#8221;{}&#8221;]<\/p>\n<p>\u00c1brese o proceso para a elecci\u00f3n do <span style=\"color: #cd1619;\">Reco\u00f1ecemento Internacional Acampa \u00e1 Defensa dos Dereitos Humanos<\/span> na s\u00faa cuarta edici\u00f3n, dirixido a <span style=\"color: #cd1619;\">entidades ou persoas que destaquen na defensa dos Dereitos Humanos<\/span>, especialmente nos campos de actuaci\u00f3n da <strong><span style=\"color: #cd1619;\">Acampa, <\/span><\/strong>isto \u00e9, a defensa dos Dereitos Humanos, o Dereito a Refuxio e a defensa da Paz e o di\u00e1logo como f\u00f3rmula para resoluci\u00f3n de conflitos.<\/p>\n<p>O Reco\u00f1ecemento, nas s\u00faas d\u00faas categor\u00edas, internacional e local, queren po\u00f1er en valor a necesidade da <span style=\"color: #cd1619;\">defensa dos Dereitos Humanos<\/span> presentando o traballo realizado por organizaci\u00f3ns e persoas que son un *referente e un exemplo a seguir para toda a sociedade.<\/p>\n<p>Pretendemos evidenciar a situaci\u00f3n de <span style=\"color: #cd1619;\">retroceso dos Dereitos Humanos en todo o mundo<\/span> e a importancia de recuperalos e defendelos coa forza e resiliencia dos receptores deste reco\u00f1ecemento que ser\u00e1 proposto e votado por todas as organizaci\u00f3ns e persoas que conforman a <strong><span style=\"color: #cd1619;\">Rede Acampa Internacional<\/span>.<\/strong><\/p>\n<p>[\/et_pb_text][et_pb_divider admin_label=&#8221;Separador&#8221; _builder_version=&#8221;4.19.4&#8243; _module_preset=&#8221;default&#8221; global_colors_info=&#8221;{}&#8221;][\/et_pb_divider][\/et_pb_column][\/et_pb_row][\/et_pb_section][et_pb_section fb_built=&#8221;1&#8243; _builder_version=&#8221;4.16&#8243; _module_preset=&#8221;default&#8221; custom_padding=&#8221;0px|||||&#8221; collapsed=&#8221;off&#8221; global_colors_info=&#8221;{}&#8221;][et_pb_row column_structure=&#8221;3_5,2_5&#8243; _builder_version=&#8221;4.16&#8243; _module_preset=&#8221;default&#8221; global_colors_info=&#8221;{}&#8221;][et_pb_column type=&#8221;3_5&#8243; _builder_version=&#8221;4.16&#8243; _module_preset=&#8221;default&#8221; global_colors_info=&#8221;{}&#8221;][et_pb_text _builder_version=&#8221;4.19.4&#8243; _module_preset=&#8221;default&#8221; text_font=&#8221;|||||on|||&#8221; custom_margin=&#8221;||-3px|||&#8221; custom_padding=&#8221;||0px|||&#8221; global_colors_info=&#8221;{}&#8221;]<\/p>\n<h2 style=\"text-align: center;\">Bases<\/h2>\n<p>[\/et_pb_text][et_pb_text _builder_version=&#8221;4.19.4&#8243; _module_preset=&#8221;default&#8221; global_colors_info=&#8221;{}&#8221;]<\/p>\n<blockquote>\n<p><strong>1.- En que consiste o Reco\u00f1ecemento?<\/strong><\/p>\n<\/blockquote>\n<p>Tr\u00e1tase de unha menci\u00f3n internacional que \u00e9 presentada a o mesmo tempo en todas as cidades cunha <strong><span style=\"color: #cd1619;\">Rede Acampa<\/span><\/strong> en funcionamento. \u00c1s organizaci\u00f3ns ou persoas elixidas entr\u00e9gaselles unha Carta de Reco\u00f1ecemento na que se destaca o labor que se pon en valor e unha peza representativa do Reco\u00f1ecemento <strong><span style=\"color: #cd1619;\">Acampa<\/span><\/strong>, obra da escultora Pilar Sub\u00edas.<\/p>\n<blockquote>\n<p><strong>2.- Quen pode presentar propostas para o Reco\u00f1ecemento?<\/strong><\/p>\n<\/blockquote>\n<ul>\n<li>-Todas as organizaci\u00f3ns que forman parte da <strong><span style=\"color: #cd1619;\">Rede Acampa Internacional<\/span><\/strong> con carta de adhesi\u00f3n a a <strong><span style=\"color: #cd1619;\">Rede Acampa<\/span><\/strong>.<\/li>\n<li>-Todas as persoas que conforman a\u00a0<strong><span style=\"color: #cd1619;\">Red Acampa<\/span><\/strong> e que consten inscritas como asociadas.<\/li>\n<li>-Todos os equipos de coordinaci\u00f3n locais de <strong><span style=\"color: #cd1619;\">Acampa Internacional<\/span>.<\/strong><\/li>\n<\/ul>\n<blockquote>\n<p><strong>3.- Como presentar unha candidatura?<\/strong><\/p>\n<\/blockquote>\n<p>Para propo\u00f1er unha candidatura d\u00e9bese achegar a seguinte documentaci\u00f3n:<\/p>\n<p>No caso de que o candidato ou candidata sexa unha persoa:<\/p>\n<ul>\n<li>\u2013 Foto *digital da persoa proposta (1800 p\u00edxeles o lado m\u00e1is longo e a 300 ppp de resoluci\u00f3n. Si iso non fose posible, para a primeira proposta servir\u00eda calquera foto con calidade reconocible).<\/li>\n<\/ul>\n<p>Si tr\u00e1tase dunha organizaci\u00f3n:<\/p>\n<ul>\n<li>\u2013 Logotipo vectorial.<\/li>\n<\/ul>\n<p>En ambos casos tam\u00e9n debe achegarse:<\/p>\n<ul>\n<li>\u2013 Breve descrici\u00f3n dos motivos da proposta (aprox. 200 car\u00e1cteres).<\/li>\n<li>\u2013 Breve biograf\u00eda da persoa ou da organizaci\u00f3n proposta (aprox. 400 car\u00e1cteres).<\/li>\n<li>\u2013 Datos de contacto, correo electr\u00f3nico, tel\u00e9fono, web e redes sociais da organizaci\u00f3n ou persoa proposta para recibir o Reco\u00f1ecemento.<\/li>\n<li>\u2013 Datos da organizaci\u00f3n ou persoa que fai a proposta.<\/li>\n<\/ul>\n<p>Toda a documentaci\u00f3n deber\u00e1 ser aportada, necesariamente, mediante arquivos electr\u00f3nicos en formato PDF e de tama\u00f1o non superior a 4 megabytes.<\/p>\n<p>As propostas coas candidaturas deben enviarse ao correo electr\u00f3nico:<br \/><a href=\"mailto:acampa@redeacampa.org\">acampa@redeacampa.org.<\/a><\/p>\n<blockquote>\n<p><strong>4.- Prazo de presentaci\u00f3n de candidaturas<\/strong><\/p>\n<\/blockquote>\n<div style=\"background: #eeeeee; border: 1px solid #cccccc; padding: 5px 10px;\">O prazo para presentar candidaturas para o <span style=\"color: #cd1619;\">IV Reco\u00f1ecemento Acampa 2024<\/span> <strong>finaliza o xoves 15 de febreiro de 2024.<\/strong><\/div>\n<blockquote>\n<p><strong>5.- Cantos reco\u00f1ecementos entr\u00e9ganse cada ano?<\/strong><\/p>\n<\/blockquote>\n<p>Cada ano entregaranse os seguintes Reco\u00f1ecementos <strong><span style=\"color: #cd1619;\">Acampa<\/span><\/strong>:<\/p>\n<ul>\n<li>\u2013 Un \u00fanico Reco\u00f1ecemento Internacional. Este ser\u00e1 entregado rotatoriamente en cada pa\u00eds con <strong><span style=\"color: #cd1619;\">Rede Acampa<\/span><\/strong>, na cidade que realice antes o Encuentro Internacional anual de m\u00e1is de dous d\u00edas, ou ben na cidade que decida a direcci\u00f3n de <strong><span style=\"color: #cd1619;\">Acampa<\/span><\/strong> no pa\u00eds respectivo.<\/li>\n<li>\u2013 Un Reco\u00f1ecemento Local en cada cidade con organizaci\u00f3n <strong><span style=\"color: #cd1619;\">Acampa<\/span><\/strong>, sen importar o n\u00famero de cidades que queiran entregar o Reco\u00f1ecemento Local.<\/li>\n<\/ul>\n<p>No caso concreto de Galicia o \u00e1mbito do Reco\u00f1ecemento a organizaci\u00f3ns e persoas abrangue todo o territorio galego.<\/p>\n<p>A direcci\u00f3n internacional de <strong><span style=\"color: #cd1619;\">Acampa<\/span><\/strong>, por raz\u00f3ns estrat\u00e9xicas, poder\u00e1 decidir a cidade na que se entrega o Reco\u00f1ecemento Internacional. Est\u00e1 decisi\u00f3n ter\u00e1 prioridade sobre calquera outra.<\/p>\n<blockquote>\n<p><strong>6.- Como se selecciona o Reco\u00f1ecemento anual?<\/strong><\/p>\n<\/blockquote>\n<p>Unha vez pechado o prazo de presentaci\u00f3n de candidaturas, se abrir\u00e1 un prazo de votaci\u00f3n no que poder\u00e1n participar todas as persoas acreditadas como asociadas a unha das organizaci\u00f3ns <strong><span style=\"color: #cd1619;\">Acampa<\/span><\/strong> e todas as organizaci\u00f3ns de a <strong><span style=\"color: #cd1619;\">Rede Acampa<\/span><\/strong> (cun un voto por organizaci\u00f3n)<\/p>\n<p>Se poder\u00e1n presentar ata d\u00faas candidaturas por organizaci\u00f3n ou persoa particular:<\/p>\n<ul>\n<li>\u2013 Unha para o Reco\u00f1ecemento Internacional.<\/li>\n<li>\u2013 Outra para o Reco\u00f1ecemento Local.<\/li>\n<\/ul>\n<p>A votaci\u00f3n do Reco\u00f1ecemento Internacional e do Reco\u00f1ecemento Local realizarase a trav\u00e9s da <strong>web <span style=\"color: #cd1619;\">Acampa Internacional<\/span><\/strong> no enlace que se facilitar\u00e1 para tal fin.<\/p>\n<p>Poder\u00e1n votar todas as organizaci\u00f3ns de a <strong><span style=\"color: #cd1619;\">Red Acampa<\/span><\/strong> e todas as persoas rexistradas ou asociadas \u00e1 mesma.<\/p>\n<div style=\"background: #eeeeee; border: 1px solid #cccccc; padding: 5px 10px;\">O prazo da votaci\u00f3n para o <span style=\"color: #cd1619;\">IV Reco\u00f1ecemento Acampa 2024 <\/span>ser\u00e1 <strong>do 1 de marzo ao 31 de marzo de 2024<\/strong><\/div>\n<p>[\/et_pb_text][\/et_pb_column][et_pb_column type=&#8221;2_5&#8243; _builder_version=&#8221;4.16&#8243; _module_preset=&#8221;default&#8221; global_colors_info=&#8221;{}&#8221;][et_pb_image src=&#8221;https:\/\/redeacampa.org\/wp-content\/uploads\/Escultura-Reconocimiento-Acampa.png&#8221; title_text=&#8221;Escultura-Reco\u00f1ecemento Acampa&#8221; align=&#8221;center&#8221; _builder_version=&#8221;4.16&#8243; _module_preset=&#8221;default&#8221; background_enable_color=&#8221;off&#8221; module_alignment=&#8221;center&#8221; custom_margin=&#8221;||17px|||&#8221; custom_padding=&#8221;15.1%||||false|false&#8221; border_color_all=&#8221;#CD1619&#8243; box_shadow_style=&#8221;preset3&#8243; box_shadow_color=&#8221;#CD1619&#8243; global_colors_info=&#8221;{}&#8221;][\/et_pb_image][et_pb_text _builder_version=&#8221;4.16&#8243; _module_preset=&#8221;default&#8221; text_orientation=&#8221;center&#8221; min_height=&#8221;22.8px&#8221; custom_margin=&#8221;11px||15%||false|false&#8221; custom_padding=&#8221;0px||||false|false&#8221; link_option_url=&#8221;https:\/\/quintodeebro.com\/gallery2\/index.php\/Artesanos_y_Artistas\/Pilar_P_rez_Sub_as_Escultora&#8221; link_option_url_new_window=&#8221;on&#8221; global_colors_info=&#8221;{}&#8221;]<\/p>\n<p>Peza escult\u00f3rica obra de <strong>Pilar Sub\u00edas.<\/strong><\/p>\n<p>[\/et_pb_text][et_pb_button button_url=&#8221;https:\/\/coruna.redeacampa.org\/gl\/sumate-a-rede\/&#8221; button_text=&#8221;Rex\u00edstrache e As\u00f3ciache Aqu\u00ed&#8221; button_alignment=&#8221;center&#8221; _builder_version=&#8221;4.16&#8243; _module_preset=&#8221;default&#8221; background_layout=&#8221;dark&#8221; global_colors_info=&#8221;{}&#8221;][\/et_pb_button][et_pb_text _builder_version=&#8221;4.16&#8243; _module_preset=&#8221;default&#8221; custom_margin=&#8221;15%||||false|false&#8221; link_option_url=&#8221;https:\/\/quintodeebro.com\/gallery2\/index.php\/Artesanos_y_Artistas\/Pilar_P_rez_Sub_as_Escultora&#8221; link_option_url_new_window=&#8221;on&#8221; global_colors_info=&#8221;{}&#8221;]<\/p>\n<p><strong>Pilar Sub\u00edas<\/strong> cedeu desinteresadamente a obra e os seus dereitos de uso a <span style=\"color: #cd1619;\"><strong>Acampa<\/strong> por la Paz y el Derecho a Refugio<\/span>.<\/p>\n<p>[\/et_pb_text][\/et_pb_column][\/et_pb_row][\/et_pb_section]<\/p>\n","protected":false},"excerpt":{"rendered":"<p>IV Reco\u00f1ecemento internacional Acampa\u00e1 defensa dos dereitos humanos \u201cAcampa Pola paz e o dereito a refuxio\u201d &nbsp;\u00c1brese o proceso para a elecci\u00f3n do Reco\u00f1ecemento Internacional Acampa \u00e1 Defensa dos Dereitos Humanos na s\u00faa cuarta edici\u00f3n, dirixido a entidades ou persoas que destaquen na defensa dos Dereitos Humanos, especialmente nos campos de actuaci\u00f3n da Acampa, isto [&hellip;]<\/p>\n","protected":false},"author":4,"featured_media":0,"parent":0,"menu_order":0,"comment_status":"closed","ping_status":"closed","template":"","meta":{"_et_pb_use_builder":"on","_et_pb_old_content":"","_et_gb_content_width":"","footnotes":""},"categories":[50],"tags":[],"class_list":["post-48977","page","type-page","status-publish","hentry","category-reconecemento-gl"],"yoast_head":"<!-- This site is optimized with the Yoast SEO plugin v26.4 - https:\/\/yoast.com\/wordpress\/plugins\/seo\/ -->\n<title>IV Reco Bases Acampa 2024 - Acampa - Pola paz e o dereito a refuxio<\/title>\n<meta name=\"robots\" content=\"index, follow, max-snippet:-1, max-image-preview:large, max-video-preview:-1\" \/>\n<link rel=\"canonical\" href=\"https:\/\/redeacampa.org\/gl\/iv-reco-bases-acampa-2024\/\" \/>\n<meta property=\"og:locale\" content=\"gl_ES\" \/>\n<meta property=\"og:type\" content=\"article\" \/>\n<meta property=\"og:title\" content=\"IV Reco Bases Acampa 2024 - Acampa - Pola paz e o dereito a refuxio\" \/>\n<meta property=\"og:description\" content=\"IV Reco\u00f1ecemento internacional Acampa\u00e1 defensa dos dereitos humanos \u201cAcampa Pola paz e o dereito a refuxio\u201d &nbsp;\u00c1brese o proceso para a elecci\u00f3n do Reco\u00f1ecemento Internacional Acampa \u00e1 Defensa dos Dereitos Humanos na s\u00faa cuarta edici\u00f3n, dirixido a entidades ou persoas que destaquen na defensa dos Dereitos Humanos, especialmente nos campos de actuaci\u00f3n da Acampa, isto [&hellip;]\" \/>\n<meta property=\"og:url\" content=\"https:\/\/redeacampa.org\/gl\/iv-reco-bases-acampa-2024\/\" \/>\n<meta property=\"og:site_name\" content=\"Acampa - Pola paz e o dereito a refuxio\" \/>\n<meta property=\"article:publisher\" content=\"https:\/\/www.facebook.com\/acampapolapazeodereitoarefuxio\" \/>\n<meta property=\"article:modified_time\" content=\"2025-05-01T16:49:21+00:00\" \/>\n<meta name=\"twitter:card\" content=\"summary_large_image\" \/>\n<meta name=\"twitter:site\" content=\"@Acampa_polapaz\" \/>\n<meta name=\"twitter:label1\" content=\"Tempo de lectura\" \/>\n\t<meta name=\"twitter:data1\" content=\"4 minutos\" \/>\n<script type=\"application\/ld+json\" class=\"yoast-schema-graph\">{\"@context\":\"https:\/\/schema.org\",\"@graph\":[{\"@type\":\"WebPage\",\"@id\":\"https:\/\/redeacampa.org\/gl\/iv-reco-bases-acampa-2024\/\",\"url\":\"https:\/\/redeacampa.org\/gl\/iv-reco-bases-acampa-2024\/\",\"name\":\"IV Reco Bases Acampa 2024 - Acampa - Pola paz e o dereito a refuxio\",\"isPartOf\":{\"@id\":\"https:\/\/redeacampa.org\/gl\/#website\"},\"datePublished\":\"2024-02-01T18:55:24+00:00\",\"dateModified\":\"2025-05-01T16:49:21+00:00\",\"breadcrumb\":{\"@id\":\"https:\/\/redeacampa.org\/gl\/iv-reco-bases-acampa-2024\/#breadcrumb\"},\"inLanguage\":\"gl-ES\",\"potentialAction\":[{\"@type\":\"ReadAction\",\"target\":[\"https:\/\/redeacampa.org\/gl\/iv-reco-bases-acampa-2024\/\"]}]},{\"@type\":\"BreadcrumbList\",\"@id\":\"https:\/\/redeacampa.org\/gl\/iv-reco-bases-acampa-2024\/#breadcrumb\",\"itemListElement\":[{\"@type\":\"ListItem\",\"position\":1,\"name\":\"Portada\",\"item\":\"https:\/\/redeacampa.org\/gl\/\"},{\"@type\":\"ListItem\",\"position\":2,\"name\":\"IV Reco Bases Acampa 2024\"}]},{\"@type\":\"WebSite\",\"@id\":\"https:\/\/redeacampa.org\/gl\/#website\",\"url\":\"https:\/\/redeacampa.org\/gl\/\",\"name\":\"Acampa - Pola paz e o dereito a refuxio\",\"description\":\"Unha iniciativa cidad\u00e1 sen fins de lucro integrada por colectivos sociais, culturais, educativos, veci\u00f1ais, pol\u00edticos, sindicais, art\u00edsticos, de persoas solidarias, de instituci\u00f3ns e empresas con responsabilidade social que te\u00f1en como obxectivo a defensa dos dereitos humanos, o Dereito Internacional Humanitario e o Dereito a Refuxio.\",\"publisher\":{\"@id\":\"https:\/\/redeacampa.org\/gl\/#organization\"},\"potentialAction\":[{\"@type\":\"SearchAction\",\"target\":{\"@type\":\"EntryPoint\",\"urlTemplate\":\"https:\/\/redeacampa.org\/gl\/?s={search_term_string}\"},\"query-input\":{\"@type\":\"PropertyValueSpecification\",\"valueRequired\":true,\"valueName\":\"search_term_string\"}}],\"inLanguage\":\"gl-ES\"},{\"@type\":\"Organization\",\"@id\":\"https:\/\/redeacampa.org\/gl\/#organization\",\"name\":\"Acampa\",\"url\":\"https:\/\/redeacampa.org\/gl\/\",\"logo\":{\"@type\":\"ImageObject\",\"inLanguage\":\"gl-ES\",\"@id\":\"https:\/\/redeacampa.org\/gl\/#\/schema\/logo\/image\/\",\"url\":\"https:\/\/redeacampa.org\/wp-content\/uploads\/2019\/01\/acampaConRojo_es.png\",\"contentUrl\":\"https:\/\/redeacampa.org\/wp-content\/uploads\/2019\/01\/acampaConRojo_es.png\",\"width\":612,\"height\":204,\"caption\":\"Acampa\"},\"image\":{\"@id\":\"https:\/\/redeacampa.org\/gl\/#\/schema\/logo\/image\/\"},\"sameAs\":[\"https:\/\/www.facebook.com\/acampapolapazeodereitoarefuxio\",\"https:\/\/x.com\/Acampa_polapaz\",\"https:\/\/www.instagram.com\/Acampa_polapaz\/\",\"https:\/\/www.youtube.com\/channel\/UChk1mSCHVEHmjq9e8PLb-mw\"]}]}<\/script>\n<!-- \/ Yoast SEO plugin. -->","yoast_head_json":{"title":"IV Reco Bases Acampa 2024 - Acampa - Pola paz e o dereito a refuxio","robots":{"index":"index","follow":"follow","max-snippet":"max-snippet:-1","max-image-preview":"max-image-preview:large","max-video-preview":"max-video-preview:-1"},"canonical":"https:\/\/redeacampa.org\/gl\/iv-reco-bases-acampa-2024\/","og_locale":"gl_ES","og_type":"article","og_title":"IV Reco Bases Acampa 2024 - Acampa - Pola paz e o dereito a refuxio","og_description":"IV Reco\u00f1ecemento internacional Acampa\u00e1 defensa dos dereitos humanos \u201cAcampa Pola paz e o dereito a refuxio\u201d &nbsp;\u00c1brese o proceso para a elecci\u00f3n do Reco\u00f1ecemento Internacional Acampa \u00e1 Defensa dos Dereitos Humanos na s\u00faa cuarta edici\u00f3n, dirixido a entidades ou persoas que destaquen na defensa dos Dereitos Humanos, especialmente nos campos de actuaci\u00f3n da Acampa, isto [&hellip;]","og_url":"https:\/\/redeacampa.org\/gl\/iv-reco-bases-acampa-2024\/","og_site_name":"Acampa - Pola paz e o dereito a refuxio","article_publisher":"https:\/\/www.facebook.com\/acampapolapazeodereitoarefuxio","article_modified_time":"2025-05-01T16:49:21+00:00","twitter_card":"summary_large_image","twitter_site":"@Acampa_polapaz","twitter_misc":{"Tempo de lectura":"4 minutos"},"schema":{"@context":"https:\/\/schema.org","@graph":[{"@type":"WebPage","@id":"https:\/\/redeacampa.org\/gl\/iv-reco-bases-acampa-2024\/","url":"https:\/\/redeacampa.org\/gl\/iv-reco-bases-acampa-2024\/","name":"IV Reco Bases Acampa 2024 - Acampa - Pola paz e o dereito a refuxio","isPartOf":{"@id":"https:\/\/redeacampa.org\/gl\/#website"},"datePublished":"2024-02-01T18:55:24+00:00","dateModified":"2025-05-01T16:49:21+00:00","breadcrumb":{"@id":"https:\/\/redeacampa.org\/gl\/iv-reco-bases-acampa-2024\/#breadcrumb"},"inLanguage":"gl-ES","potentialAction":[{"@type":"ReadAction","target":["https:\/\/redeacampa.org\/gl\/iv-reco-bases-acampa-2024\/"]}]},{"@type":"BreadcrumbList","@id":"https:\/\/redeacampa.org\/gl\/iv-reco-bases-acampa-2024\/#breadcrumb","itemListElement":[{"@type":"ListItem","position":1,"name":"Portada","item":"https:\/\/redeacampa.org\/gl\/"},{"@type":"ListItem","position":2,"name":"IV Reco Bases Acampa 2024"}]},{"@type":"WebSite","@id":"https:\/\/redeacampa.org\/gl\/#website","url":"https:\/\/redeacampa.org\/gl\/","name":"Acampa - Pola paz e o dereito a refuxio","description":"Unha iniciativa cidad\u00e1 sen fins de lucro integrada por colectivos sociais, culturais, educativos, veci\u00f1ais, pol\u00edticos, sindicais, art\u00edsticos, de persoas solidarias, de instituci\u00f3ns e empresas con responsabilidade social que te\u00f1en como obxectivo a defensa dos dereitos humanos, o Dereito Internacional Humanitario e o Dereito a Refuxio.","publisher":{"@id":"https:\/\/redeacampa.org\/gl\/#organization"},"potentialAction":[{"@type":"SearchAction","target":{"@type":"EntryPoint","urlTemplate":"https:\/\/redeacampa.org\/gl\/?s={search_term_string}"},"query-input":{"@type":"PropertyValueSpecification","valueRequired":true,"valueName":"search_term_string"}}],"inLanguage":"gl-ES"},{"@type":"Organization","@id":"https:\/\/redeacampa.org\/gl\/#organization","name":"Acampa","url":"https:\/\/redeacampa.org\/gl\/","logo":{"@type":"ImageObject","inLanguage":"gl-ES","@id":"https:\/\/redeacampa.org\/gl\/#\/schema\/logo\/image\/","url":"https:\/\/redeacampa.org\/wp-content\/uploads\/2019\/01\/acampaConRojo_es.png","contentUrl":"https:\/\/redeacampa.org\/wp-content\/uploads\/2019\/01\/acampaConRojo_es.png","width":612,"height":204,"caption":"Acampa"},"image":{"@id":"https:\/\/redeacampa.org\/gl\/#\/schema\/logo\/image\/"},"sameAs":["https:\/\/www.facebook.com\/acampapolapazeodereitoarefuxio","https:\/\/x.com\/Acampa_polapaz","https:\/\/www.instagram.com\/Acampa_polapaz\/","https:\/\/www.youtube.com\/channel\/UChk1mSCHVEHmjq9e8PLb-mw"]}]}},"_links":{"self":[{"href":"https:\/\/redeacampa.org\/gl\/wp-json\/wp\/v2\/pages\/48977","targetHints":{"allow":["GET"]}}],"collection":[{"href":"https:\/\/redeacampa.org\/gl\/wp-json\/wp\/v2\/pages"}],"about":[{"href":"https:\/\/redeacampa.org\/gl\/wp-json\/wp\/v2\/types\/page"}],"author":[{"embeddable":true,"href":"https:\/\/redeacampa.org\/gl\/wp-json\/wp\/v2\/users\/4"}],"replies":[{"embeddable":true,"href":"https:\/\/redeacampa.org\/gl\/wp-json\/wp\/v2\/comments?post=48977"}],"version-history":[{"count":9,"href":"https:\/\/redeacampa.org\/gl\/wp-json\/wp\/v2\/pages\/48977\/revisions"}],"predecessor-version":[{"id":49270,"href":"https:\/\/redeacampa.org\/gl\/wp-json\/wp\/v2\/pages\/48977\/revisions\/49270"}],"wp:attachment":[{"href":"https:\/\/redeacampa.org\/gl\/wp-json\/wp\/v2\/media?parent=48977"}],"wp:term":[{"taxonomy":"category","embeddable":true,"href":"https:\/\/redeacampa.org\/gl\/wp-json\/wp\/v2\/categories?post=48977"},{"taxonomy":"post_tag","embeddable":true,"href":"https:\/\/redeacampa.org\/gl\/wp-json\/wp\/v2\/tags?post=48977"}],"curies":[{"name":"wp","href":"https:\/\/api.w.org\/{rel}","templated":true}]}}