{"id":49212,"date":"2024-03-01T09:52:32","date_gmt":"2024-03-01T08:52:32","guid":{"rendered":"https:\/\/redeacampa.org\/?page_id=49212"},"modified":"2025-05-01T18:59:57","modified_gmt":"2025-05-01T16:59:57","slug":"votacion-votacao-2024","status":"publish","type":"page","link":"https:\/\/redeacampa.org\/gl\/votacion-votacao-2024\/","title":{"rendered":"VOTACI\u00d3N \/ VOTA\u00c7\u00c3O 2024"},"content":{"rendered":"<p>[et_pb_section fb_built=&#8221;1&#8243; _builder_version=&#8221;4.16&#8243; global_colors_info=&#8221;{}&#8221;][et_pb_row _builder_version=&#8221;4.16&#8243; background_size=&#8221;initial&#8221; background_position=&#8221;top_left&#8221; background_repeat=&#8221;repeat&#8221; global_colors_info=&#8221;{}&#8221;][et_pb_column type=&#8221;4_4&#8243; _builder_version=&#8221;4.16&#8243; custom_padding=&#8221;|||&#8221; global_colors_info=&#8221;{}&#8221; custom_padding__hover=&#8221;|||&#8221;][et_pb_image src=&#8221;https:\/\/redeacampa.org\/wp-content\/uploads\/cabecera-votacion-acampa-2024.jpg&#8221; alt=&#8221;cabecera votaci\u00f3n acampa 2024&#8243; title_text=&#8221;cabecera votaci\u00f3n acampa 2024&#8243; _builder_version=&#8221;4.23.1&#8243; _module_preset=&#8221;default&#8221; global_colors_info=&#8221;{}&#8221;][\/et_pb_image][et_pb_text _builder_version=&#8221;4.23.1&#8243; background_size=&#8221;initial&#8221; background_position=&#8221;top_left&#8221; background_repeat=&#8221;repeat&#8221; hover_enabled=&#8221;0&#8243; global_colors_info=&#8221;{}&#8221; sticky_enabled=&#8221;0&#8243;]<\/p>\n<p style=\"text-align: center;\">VOTACI\u00d3NS PECHADAS<\/p>\n<p>[\/et_pb_text][\/et_pb_column][\/et_pb_row][\/et_pb_section]<\/p>\n","protected":false},"excerpt":{"rendered":"<p>VOTACI\u00d3NS PECHADAS<\/p>\n","protected":false},"author":4,"featured_media":0,"parent":0,"menu_order":0,"comment_status":"closed","ping_status":"closed","template":"","meta":{"_et_pb_use_builder":"on","_et_pb_old_content":"","_et_gb_content_width":"","footnotes":""},"categories":[50],"tags":[],"class_list":["post-49212","page","type-page","status-publish","hentry","category-reconecemento-gl"],"yoast_head":"<!-- This site is optimized with the Yoast SEO plugin v26.4 - https:\/\/yoast.com\/wordpress\/plugins\/seo\/ -->\n<title>VOTACI\u00d3N \/ VOTA\u00c7\u00c3O 2024 - Acampa - Pola paz e o dereito a refuxio<\/title>\n<meta name=\"robots\" content=\"index, follow, max-snippet:-1, max-image-preview:large, max-video-preview:-1\" \/>\n<link rel=\"canonical\" href=\"https:\/\/redeacampa.org\/gl\/votacion-votacao-2024\/\" \/>\n<meta property=\"og:locale\" content=\"gl_ES\" \/>\n<meta property=\"og:type\" content=\"article\" \/>\n<meta property=\"og:title\" content=\"VOTACI\u00d3N \/ VOTA\u00c7\u00c3O 2024 - Acampa - Pola paz e o dereito a refuxio\" \/>\n<meta property=\"og:description\" content=\"VOTACI\u00d3NS PECHADAS\" \/>\n<meta property=\"og:url\" content=\"https:\/\/redeacampa.org\/gl\/votacion-votacao-2024\/\" \/>\n<meta property=\"og:site_name\" content=\"Acampa - Pola paz e o dereito a refuxio\" \/>\n<meta property=\"article:publisher\" content=\"https:\/\/www.facebook.com\/acampapolapazeodereitoarefuxio\" \/>\n<meta property=\"article:modified_time\" content=\"2025-05-01T16:59:57+00:00\" \/>\n<meta name=\"twitter:card\" content=\"summary_large_image\" \/>\n<meta name=\"twitter:site\" content=\"@Acampa_polapaz\" \/>\n<meta name=\"twitter:label1\" content=\"Tempo de lectura\" \/>\n\t<meta name=\"twitter:data1\" content=\"1 minuto\" \/>\n<script type=\"application\/ld+json\" class=\"yoast-schema-graph\">{\"@context\":\"https:\/\/schema.org\",\"@graph\":[{\"@type\":\"WebPage\",\"@id\":\"https:\/\/redeacampa.org\/gl\/votacion-votacao-2024\/\",\"url\":\"https:\/\/redeacampa.org\/gl\/votacion-votacao-2024\/\",\"name\":\"VOTACI\u00d3N \/ VOTA\u00c7\u00c3O 2024 - Acampa - Pola paz e o dereito a refuxio\",\"isPartOf\":{\"@id\":\"https:\/\/redeacampa.org\/gl\/#website\"},\"datePublished\":\"2024-03-01T08:52:32+00:00\",\"dateModified\":\"2025-05-01T16:59:57+00:00\",\"breadcrumb\":{\"@id\":\"https:\/\/redeacampa.org\/gl\/votacion-votacao-2024\/#breadcrumb\"},\"inLanguage\":\"gl-ES\",\"potentialAction\":[{\"@type\":\"ReadAction\",\"target\":[\"https:\/\/redeacampa.org\/gl\/votacion-votacao-2024\/\"]}]},{\"@type\":\"BreadcrumbList\",\"@id\":\"https:\/\/redeacampa.org\/gl\/votacion-votacao-2024\/#breadcrumb\",\"itemListElement\":[{\"@type\":\"ListItem\",\"position\":1,\"name\":\"Portada\",\"item\":\"https:\/\/redeacampa.org\/gl\/\"},{\"@type\":\"ListItem\",\"position\":2,\"name\":\"VOTACI\u00d3N \/ VOTA\u00c7\u00c3O 2024\"}]},{\"@type\":\"WebSite\",\"@id\":\"https:\/\/redeacampa.org\/gl\/#website\",\"url\":\"https:\/\/redeacampa.org\/gl\/\",\"name\":\"Acampa - Pola paz e o dereito a refuxio\",\"description\":\"Unha iniciativa cidad\u00e1 sen fins de lucro integrada por colectivos sociais, culturais, educativos, veci\u00f1ais, pol\u00edticos, sindicais, art\u00edsticos, de persoas solidarias, de instituci\u00f3ns e empresas con responsabilidade social que te\u00f1en como obxectivo a defensa dos dereitos humanos, o Dereito Internacional Humanitario e o Dereito a Refuxio.\",\"publisher\":{\"@id\":\"https:\/\/redeacampa.org\/gl\/#organization\"},\"potentialAction\":[{\"@type\":\"SearchAction\",\"target\":{\"@type\":\"EntryPoint\",\"urlTemplate\":\"https:\/\/redeacampa.org\/gl\/?s={search_term_string}\"},\"query-input\":{\"@type\":\"PropertyValueSpecification\",\"valueRequired\":true,\"valueName\":\"search_term_string\"}}],\"inLanguage\":\"gl-ES\"},{\"@type\":\"Organization\",\"@id\":\"https:\/\/redeacampa.org\/gl\/#organization\",\"name\":\"Acampa\",\"url\":\"https:\/\/redeacampa.org\/gl\/\",\"logo\":{\"@type\":\"ImageObject\",\"inLanguage\":\"gl-ES\",\"@id\":\"https:\/\/redeacampa.org\/gl\/#\/schema\/logo\/image\/\",\"url\":\"https:\/\/redeacampa.org\/wp-content\/uploads\/2019\/01\/acampaConRojo_es.png\",\"contentUrl\":\"https:\/\/redeacampa.org\/wp-content\/uploads\/2019\/01\/acampaConRojo_es.png\",\"width\":612,\"height\":204,\"caption\":\"Acampa\"},\"image\":{\"@id\":\"https:\/\/redeacampa.org\/gl\/#\/schema\/logo\/image\/\"},\"sameAs\":[\"https:\/\/www.facebook.com\/acampapolapazeodereitoarefuxio\",\"https:\/\/x.com\/Acampa_polapaz\",\"https:\/\/www.instagram.com\/Acampa_polapaz\/\",\"https:\/\/www.youtube.com\/channel\/UChk1mSCHVEHmjq9e8PLb-mw\"]}]}<\/script>\n<!-- \/ Yoast SEO plugin. -->","yoast_head_json":{"title":"VOTACI\u00d3N \/ VOTA\u00c7\u00c3O 2024 - Acampa - Pola paz e o dereito a refuxio","robots":{"index":"index","follow":"follow","max-snippet":"max-snippet:-1","max-image-preview":"max-image-preview:large","max-video-preview":"max-video-preview:-1"},"canonical":"https:\/\/redeacampa.org\/gl\/votacion-votacao-2024\/","og_locale":"gl_ES","og_type":"article","og_title":"VOTACI\u00d3N \/ VOTA\u00c7\u00c3O 2024 - Acampa - Pola paz e o dereito a refuxio","og_description":"VOTACI\u00d3NS PECHADAS","og_url":"https:\/\/redeacampa.org\/gl\/votacion-votacao-2024\/","og_site_name":"Acampa - Pola paz e o dereito a refuxio","article_publisher":"https:\/\/www.facebook.com\/acampapolapazeodereitoarefuxio","article_modified_time":"2025-05-01T16:59:57+00:00","twitter_card":"summary_large_image","twitter_site":"@Acampa_polapaz","twitter_misc":{"Tempo de lectura":"1 minuto"},"schema":{"@context":"https:\/\/schema.org","@graph":[{"@type":"WebPage","@id":"https:\/\/redeacampa.org\/gl\/votacion-votacao-2024\/","url":"https:\/\/redeacampa.org\/gl\/votacion-votacao-2024\/","name":"VOTACI\u00d3N \/ VOTA\u00c7\u00c3O 2024 - Acampa - Pola paz e o dereito a refuxio","isPartOf":{"@id":"https:\/\/redeacampa.org\/gl\/#website"},"datePublished":"2024-03-01T08:52:32+00:00","dateModified":"2025-05-01T16:59:57+00:00","breadcrumb":{"@id":"https:\/\/redeacampa.org\/gl\/votacion-votacao-2024\/#breadcrumb"},"inLanguage":"gl-ES","potentialAction":[{"@type":"ReadAction","target":["https:\/\/redeacampa.org\/gl\/votacion-votacao-2024\/"]}]},{"@type":"BreadcrumbList","@id":"https:\/\/redeacampa.org\/gl\/votacion-votacao-2024\/#breadcrumb","itemListElement":[{"@type":"ListItem","position":1,"name":"Portada","item":"https:\/\/redeacampa.org\/gl\/"},{"@type":"ListItem","position":2,"name":"VOTACI\u00d3N \/ VOTA\u00c7\u00c3O 2024"}]},{"@type":"WebSite","@id":"https:\/\/redeacampa.org\/gl\/#website","url":"https:\/\/redeacampa.org\/gl\/","name":"Acampa - Pola paz e o dereito a refuxio","description":"Unha iniciativa cidad\u00e1 sen fins de lucro integrada por colectivos sociais, culturais, educativos, veci\u00f1ais, pol\u00edticos, sindicais, art\u00edsticos, de persoas solidarias, de instituci\u00f3ns e empresas con responsabilidade social que te\u00f1en como obxectivo a defensa dos dereitos humanos, o Dereito Internacional Humanitario e o Dereito a Refuxio.","publisher":{"@id":"https:\/\/redeacampa.org\/gl\/#organization"},"potentialAction":[{"@type":"SearchAction","target":{"@type":"EntryPoint","urlTemplate":"https:\/\/redeacampa.org\/gl\/?s={search_term_string}"},"query-input":{"@type":"PropertyValueSpecification","valueRequired":true,"valueName":"search_term_string"}}],"inLanguage":"gl-ES"},{"@type":"Organization","@id":"https:\/\/redeacampa.org\/gl\/#organization","name":"Acampa","url":"https:\/\/redeacampa.org\/gl\/","logo":{"@type":"ImageObject","inLanguage":"gl-ES","@id":"https:\/\/redeacampa.org\/gl\/#\/schema\/logo\/image\/","url":"https:\/\/redeacampa.org\/wp-content\/uploads\/2019\/01\/acampaConRojo_es.png","contentUrl":"https:\/\/redeacampa.org\/wp-content\/uploads\/2019\/01\/acampaConRojo_es.png","width":612,"height":204,"caption":"Acampa"},"image":{"@id":"https:\/\/redeacampa.org\/gl\/#\/schema\/logo\/image\/"},"sameAs":["https:\/\/www.facebook.com\/acampapolapazeodereitoarefuxio","https:\/\/x.com\/Acampa_polapaz","https:\/\/www.instagram.com\/Acampa_polapaz\/","https:\/\/www.youtube.com\/channel\/UChk1mSCHVEHmjq9e8PLb-mw"]}]}},"_links":{"self":[{"href":"https:\/\/redeacampa.org\/gl\/wp-json\/wp\/v2\/pages\/49212","targetHints":{"allow":["GET"]}}],"collection":[{"href":"https:\/\/redeacampa.org\/gl\/wp-json\/wp\/v2\/pages"}],"about":[{"href":"https:\/\/redeacampa.org\/gl\/wp-json\/wp\/v2\/types\/page"}],"author":[{"embeddable":true,"href":"https:\/\/redeacampa.org\/gl\/wp-json\/wp\/v2\/users\/4"}],"replies":[{"embeddable":true,"href":"https:\/\/redeacampa.org\/gl\/wp-json\/wp\/v2\/comments?post=49212"}],"version-history":[{"count":6,"href":"https:\/\/redeacampa.org\/gl\/wp-json\/wp\/v2\/pages\/49212\/revisions"}],"predecessor-version":[{"id":49360,"href":"https:\/\/redeacampa.org\/gl\/wp-json\/wp\/v2\/pages\/49212\/revisions\/49360"}],"wp:attachment":[{"href":"https:\/\/redeacampa.org\/gl\/wp-json\/wp\/v2\/media?parent=49212"}],"wp:term":[{"taxonomy":"category","embeddable":true,"href":"https:\/\/redeacampa.org\/gl\/wp-json\/wp\/v2\/categories?post=49212"},{"taxonomy":"post_tag","embeddable":true,"href":"https:\/\/redeacampa.org\/gl\/wp-json\/wp\/v2\/tags?post=49212"}],"curies":[{"name":"wp","href":"https:\/\/api.w.org\/{rel}","templated":true}]}}