{"id":49361,"date":"2024-04-02T21:09:19","date_gmt":"2024-04-02T19:09:19","guid":{"rendered":"https:\/\/redeacampa.org\/?page_id=49361"},"modified":"2025-05-01T18:39:35","modified_gmt":"2025-05-01T16:39:35","slug":"a-asociacion","status":"publish","type":"page","link":"https:\/\/redeacampa.org\/gl\/a-asociacion\/","title":{"rendered":"A Asociaci\u00f3n"},"content":{"rendered":"<p>[et_pb_section fb_built=&#8221;1&#8243; fullwidth=&#8221;on&#8221; custom_padding_last_edited=&#8221;on|desktop&#8221; admin_label=&#8221;section&#8221; _builder_version=&#8221;4.16&#8243; background_color=&#8221;#cd1619&#8243; custom_padding_tablet=&#8221;50px|0|50px|0&#8243; custom_padding_phone=&#8221;&#8221; transparent_background=&#8221;off&#8221; padding_mobile=&#8221;off&#8221; locked=&#8221;off&#8221; collapsed=&#8221;off&#8221; global_colors_info=&#8221;{}&#8221;][et_pb_fullwidth_header title=&#8221;A Asociaci\u00f3n&#8221; admin_label=&#8221;T\u00edtulo de anchura completa&#8221; _builder_version=&#8221;4.23.1&#8243; title_font=&#8221;|on|||&#8221; subhead_font=&#8221;||on||&#8221; background_color=&#8221;rgba(255, 255, 255, 0)&#8221; button_one_letter_spacing_hover=&#8221;0&#8243; button_two_letter_spacing_hover=&#8221;0&#8243; global_colors_info=&#8221;{}&#8221; button_one_text_size__hover_enabled=&#8221;off&#8221; button_two_text_size__hover_enabled=&#8221;off&#8221; button_one_text_color__hover_enabled=&#8221;off&#8221; button_two_text_color__hover_enabled=&#8221;off&#8221; button_one_border_width__hover_enabled=&#8221;off&#8221; button_two_border_width__hover_enabled=&#8221;off&#8221; button_one_border_color__hover_enabled=&#8221;off&#8221; button_two_border_color__hover_enabled=&#8221;off&#8221; button_one_border_radius__hover_enabled=&#8221;off&#8221; button_two_border_radius__hover_enabled=&#8221;off&#8221; button_one_letter_spacing__hover_enabled=&#8221;on&#8221; button_one_letter_spacing__hover=&#8221;0&#8243; button_two_letter_spacing__hover_enabled=&#8221;on&#8221; button_two_letter_spacing__hover=&#8221;0&#8243; button_one_bg_color__hover_enabled=&#8221;off&#8221; button_two_bg_color__hover_enabled=&#8221;off&#8221;][\/et_pb_fullwidth_header][\/et_pb_section][et_pb_section fb_built=&#8221;1&#8243; admin_label=&#8221;Secci\u00f3n Rosa Cabecera&#8221; _builder_version=&#8221;4.23.1&#8243; _module_preset=&#8221;default&#8221; background_color=&#8221;#ffedea&#8221; custom_margin=&#8221;||||false|false&#8221; custom_padding=&#8221;||||false|false&#8221; locked=&#8221;off&#8221; collapsed=&#8221;off&#8221; global_colors_info=&#8221;{}&#8221;][et_pb_row column_structure=&#8221;1_2,1_2&#8243; use_custom_gutter=&#8221;on&#8221; make_equal=&#8221;on&#8221; admin_label=&#8221;Cabeceira&#8221; _builder_version=&#8221;4.23.1&#8243; _module_preset=&#8221;default&#8221; min_height=&#8221;462.2px&#8221; custom_margin=&#8221;5px|auto|-40px|auto||&#8221; custom_padding=&#8221;||0px|||&#8221; collapsed=&#8221;off&#8221; global_colors_info=&#8221;{}&#8221;][et_pb_column type=&#8221;1_2&#8243; _builder_version=&#8221;4.16&#8243; _module_preset=&#8221;default&#8221; global_colors_info=&#8221;{}&#8221;][et_pb_text _builder_version=&#8221;4.23.1&#8243; _module_preset=&#8221;default&#8221; global_colors_info=&#8221;{}&#8221;]<\/p>\n<p><span style=\"color: #cd1619;\">ACAMPA POLA PAZ E O DEREITO A REFUXIO<\/span> \u00e9 unha iniciativa cidad\u00e1 sen fins de lucro integrada por colectivos sociais, culturais, educativos, veci\u00f1ais, pol\u00edticos, sindicais, art\u00edsticos, por persoas solidarias, e instituci\u00f3ns e empresas con responsabilidade social.<\/p>\n<p>Ten como <span style=\"color: #cd1619;\">obxectivo<\/span>:<\/p>\n<ul>\n<li>A defensa dos Dereitos Humanos, o Dereito Internacional Humanitario e o Dereito a Refuxio.<\/li>\n<li>Abrir un espazo de encontro para buscar respostas colectivamente.<\/li>\n<li>Afondar nas causas dos acontecementos para contrastar a informaci\u00f3n.<\/li>\n<\/ul>\n<p><span style=\"color: #cd1619;\">REDE ACAMPA \u00e9<\/span>:<\/p>\n<ul>\n<li>Unha expresi\u00f3n de compromiso coa Paz e o Dereito a Refuxio.<\/li>\n<li>Promove \u00e1 participaci\u00f3n e a implicaci\u00f3n.<\/li>\n<li>\u00c9 un encontro cidad\u00e1n activo no que contamos coa participaci\u00f3n das persoas protagonistas, das v\u00edtimas, das ONGs, dos activistas, especialistas e xornalistas que traballan no marco do periodismo humanitario.<\/li>\n<li>Acollemos proxecci\u00f3ns, fotograf\u00eda, m\u00fasica, teatro\u2026 eventos art\u00edsticos de todo tipo.<\/li>\n<li>Tam\u00e9n facemos a montaxe de campos de persoas refuxiadas simulados e organizamos visitas guiadas para que a cidadan\u00eda saiba como \u00e9 un campo, e se achegue, por un pouco de tempo, ao que senten os que neles viven.<\/li>\n<\/ul>\n<p>[\/et_pb_text][\/et_pb_column][et_pb_column type=&#8221;1_2&#8243; _builder_version=&#8221;4.16&#8243; _module_preset=&#8221;default&#8221; global_colors_info=&#8221;{}&#8221;][et_pb_text _builder_version=&#8221;4.23.1&#8243; _module_preset=&#8221;default&#8221; global_colors_info=&#8221;{}&#8221;]<\/p>\n<p>O <span style=\"color: #cd1619;\">obxectivo final<\/span> de REDE ACAMPA \u00e9 entender mellor as verdadeiras causas das guerras, dos conflitos, e dos efectos que o espolio de recursos e a avaricia do capitalismo m\u00e1is atroz ten sobre a vida de mill\u00f3ns de persoas.<\/p>\n<p>ACAMPA facilita a participaci\u00f3n cidad\u00e1, e nas nosas propostas reflexivas cada persoa achega a s\u00faa enerx\u00eda, a s\u00faa capacidade e a s\u00faa opini\u00f3n ao tempo que co\u00f1ece o traballo das ONGs, asociaci\u00f3ns, organizaci\u00f3ns pol\u00edticas, sindicatos, instituci\u00f3ns, grupos informais, empresas con responsabilidade social, colectivos profesionais, e dem\u00e1is profesionais implicados na defensa dos Dereitos Humanos.<\/p>\n<p><span style=\"color: #cd1619;\">REDE ACAMPA POLA PAZ E O DEREITO A REFUXIO<\/span> naceu na Coru\u00f1a (Galicia-Espa\u00f1a) no ano 2016 coa vocaci\u00f3n de estenderse e replicarse noutras cidades e pa\u00edses. Actualmente funciona xa a REDE ACAMPA BRASIL e est\u00e1 conformando a s\u00faa andaina a REDE ACAMPA PORTUGAL.<\/p>\n<p>[\/et_pb_text][\/et_pb_column][\/et_pb_row][\/et_pb_section]<\/p>\n","protected":false},"excerpt":{"rendered":"<p>ACAMPA POLA PAZ E O DEREITO A REFUXIO \u00e9 unha iniciativa cidad\u00e1 sen fins de lucro integrada por colectivos sociais, culturais, educativos, veci\u00f1ais, pol\u00edticos, sindicais, art\u00edsticos, por persoas solidarias, e instituci\u00f3ns e empresas con responsabilidade social. Ten como obxectivo: A defensa dos Dereitos Humanos, o Dereito Internacional Humanitario e o Dereito a Refuxio. Abrir un [&hellip;]<\/p>\n","protected":false},"author":4,"featured_media":45156,"parent":0,"menu_order":0,"comment_status":"closed","ping_status":"closed","template":"","meta":{"_et_pb_use_builder":"on","_et_pb_old_content":"","_et_gb_content_width":"","footnotes":""},"categories":[3],"tags":[],"class_list":["post-49361","page","type-page","status-publish","has-post-thumbnail","hentry","category-sin-categoria-gl"],"yoast_head":"<!-- This site is optimized with the Yoast SEO plugin v26.4 - https:\/\/yoast.com\/wordpress\/plugins\/seo\/ -->\n<title>A Asociaci\u00f3n - Acampa - Pola paz e o dereito a refuxio<\/title>\n<meta name=\"description\" content=\"Co\u00f1ece a asociaci\u00f3n REDE ACAMPA POLA PAZ E O DEREITO A REFUXIO, con sede actualmente na Coru\u00f1a, Brasil e pr\u00f3ximamente Portugal.\" \/>\n<meta name=\"robots\" content=\"index, follow, max-snippet:-1, max-image-preview:large, max-video-preview:-1\" \/>\n<link rel=\"canonical\" href=\"https:\/\/redeacampa.org\/gl\/a-asociacion\/\" \/>\n<meta property=\"og:locale\" content=\"gl_ES\" \/>\n<meta property=\"og:type\" content=\"article\" \/>\n<meta property=\"og:title\" content=\"A Asociaci\u00f3n - Acampa - Pola paz e o dereito a refuxio\" \/>\n<meta property=\"og:description\" content=\"Co\u00f1ece a asociaci\u00f3n REDE ACAMPA POLA PAZ E O DEREITO A REFUXIO, con sede actualmente na Coru\u00f1a, Brasil e pr\u00f3ximamente Portugal.\" \/>\n<meta property=\"og:url\" content=\"https:\/\/redeacampa.org\/gl\/a-asociacion\/\" \/>\n<meta property=\"og:site_name\" content=\"Acampa - Pola paz e o dereito a refuxio\" \/>\n<meta property=\"article:publisher\" content=\"https:\/\/www.facebook.com\/acampapolapazeodereitoarefuxio\" \/>\n<meta property=\"article:modified_time\" content=\"2025-05-01T16:39:35+00:00\" \/>\n<meta property=\"og:image\" content=\"https:\/\/redeacampa.org\/wp-content\/uploads\/Acampa_gl.png\" \/>\n\t<meta property=\"og:image:width\" content=\"497\" \/>\n\t<meta property=\"og:image:height\" content=\"167\" \/>\n\t<meta property=\"og:image:type\" content=\"image\/png\" \/>\n<meta name=\"twitter:card\" content=\"summary_large_image\" \/>\n<meta name=\"twitter:site\" content=\"@Acampa_polapaz\" \/>\n<meta name=\"twitter:label1\" content=\"Tempo de lectura\" \/>\n\t<meta name=\"twitter:data1\" content=\"2 minutos\" \/>\n<script type=\"application\/ld+json\" class=\"yoast-schema-graph\">{\"@context\":\"https:\/\/schema.org\",\"@graph\":[{\"@type\":\"WebPage\",\"@id\":\"https:\/\/redeacampa.org\/gl\/a-asociacion\/\",\"url\":\"https:\/\/redeacampa.org\/gl\/a-asociacion\/\",\"name\":\"A Asociaci\u00f3n - Acampa - Pola paz e o dereito a refuxio\",\"isPartOf\":{\"@id\":\"https:\/\/redeacampa.org\/gl\/#website\"},\"primaryImageOfPage\":{\"@id\":\"https:\/\/redeacampa.org\/gl\/a-asociacion\/#primaryimage\"},\"image\":{\"@id\":\"https:\/\/redeacampa.org\/gl\/a-asociacion\/#primaryimage\"},\"thumbnailUrl\":\"https:\/\/redeacampa.org\/wp-content\/uploads\/Acampa_gl.png\",\"datePublished\":\"2024-04-02T19:09:19+00:00\",\"dateModified\":\"2025-05-01T16:39:35+00:00\",\"description\":\"Co\u00f1ece a asociaci\u00f3n REDE ACAMPA POLA PAZ E O DEREITO A REFUXIO, con sede actualmente na Coru\u00f1a, Brasil e pr\u00f3ximamente Portugal.\",\"breadcrumb\":{\"@id\":\"https:\/\/redeacampa.org\/gl\/a-asociacion\/#breadcrumb\"},\"inLanguage\":\"gl-ES\",\"potentialAction\":[{\"@type\":\"ReadAction\",\"target\":[\"https:\/\/redeacampa.org\/gl\/a-asociacion\/\"]}]},{\"@type\":\"ImageObject\",\"inLanguage\":\"gl-ES\",\"@id\":\"https:\/\/redeacampa.org\/gl\/a-asociacion\/#primaryimage\",\"url\":\"https:\/\/redeacampa.org\/wp-content\/uploads\/Acampa_gl.png\",\"contentUrl\":\"https:\/\/redeacampa.org\/wp-content\/uploads\/Acampa_gl.png\",\"width\":497,\"height\":167,\"caption\":\"Acampa, Pola Paz e o Dereito a Refuxio\"},{\"@type\":\"BreadcrumbList\",\"@id\":\"https:\/\/redeacampa.org\/gl\/a-asociacion\/#breadcrumb\",\"itemListElement\":[{\"@type\":\"ListItem\",\"position\":1,\"name\":\"Portada\",\"item\":\"https:\/\/redeacampa.org\/gl\/\"},{\"@type\":\"ListItem\",\"position\":2,\"name\":\"A Asociaci\u00f3n\"}]},{\"@type\":\"WebSite\",\"@id\":\"https:\/\/redeacampa.org\/gl\/#website\",\"url\":\"https:\/\/redeacampa.org\/gl\/\",\"name\":\"Acampa - Pola paz e o dereito a refuxio\",\"description\":\"Unha iniciativa cidad\u00e1 sen fins de lucro integrada por colectivos sociais, culturais, educativos, veci\u00f1ais, pol\u00edticos, sindicais, art\u00edsticos, de persoas solidarias, de instituci\u00f3ns e empresas con responsabilidade social que te\u00f1en como obxectivo a defensa dos dereitos humanos, o Dereito Internacional Humanitario e o Dereito a Refuxio.\",\"publisher\":{\"@id\":\"https:\/\/redeacampa.org\/gl\/#organization\"},\"potentialAction\":[{\"@type\":\"SearchAction\",\"target\":{\"@type\":\"EntryPoint\",\"urlTemplate\":\"https:\/\/redeacampa.org\/gl\/?s={search_term_string}\"},\"query-input\":{\"@type\":\"PropertyValueSpecification\",\"valueRequired\":true,\"valueName\":\"search_term_string\"}}],\"inLanguage\":\"gl-ES\"},{\"@type\":\"Organization\",\"@id\":\"https:\/\/redeacampa.org\/gl\/#organization\",\"name\":\"Acampa\",\"url\":\"https:\/\/redeacampa.org\/gl\/\",\"logo\":{\"@type\":\"ImageObject\",\"inLanguage\":\"gl-ES\",\"@id\":\"https:\/\/redeacampa.org\/gl\/#\/schema\/logo\/image\/\",\"url\":\"https:\/\/redeacampa.org\/wp-content\/uploads\/2019\/01\/acampaConRojo_es.png\",\"contentUrl\":\"https:\/\/redeacampa.org\/wp-content\/uploads\/2019\/01\/acampaConRojo_es.png\",\"width\":612,\"height\":204,\"caption\":\"Acampa\"},\"image\":{\"@id\":\"https:\/\/redeacampa.org\/gl\/#\/schema\/logo\/image\/\"},\"sameAs\":[\"https:\/\/www.facebook.com\/acampapolapazeodereitoarefuxio\",\"https:\/\/x.com\/Acampa_polapaz\",\"https:\/\/www.instagram.com\/Acampa_polapaz\/\",\"https:\/\/www.youtube.com\/channel\/UChk1mSCHVEHmjq9e8PLb-mw\"]}]}<\/script>\n<!-- \/ Yoast SEO plugin. -->","yoast_head_json":{"title":"A Asociaci\u00f3n - Acampa - Pola paz e o dereito a refuxio","description":"Co\u00f1ece a asociaci\u00f3n REDE ACAMPA POLA PAZ E O DEREITO A REFUXIO, con sede actualmente na Coru\u00f1a, Brasil e pr\u00f3ximamente Portugal.","robots":{"index":"index","follow":"follow","max-snippet":"max-snippet:-1","max-image-preview":"max-image-preview:large","max-video-preview":"max-video-preview:-1"},"canonical":"https:\/\/redeacampa.org\/gl\/a-asociacion\/","og_locale":"gl_ES","og_type":"article","og_title":"A Asociaci\u00f3n - Acampa - Pola paz e o dereito a refuxio","og_description":"Co\u00f1ece a asociaci\u00f3n REDE ACAMPA POLA PAZ E O DEREITO A REFUXIO, con sede actualmente na Coru\u00f1a, Brasil e pr\u00f3ximamente Portugal.","og_url":"https:\/\/redeacampa.org\/gl\/a-asociacion\/","og_site_name":"Acampa - Pola paz e o dereito a refuxio","article_publisher":"https:\/\/www.facebook.com\/acampapolapazeodereitoarefuxio","article_modified_time":"2025-05-01T16:39:35+00:00","og_image":[{"width":497,"height":167,"url":"https:\/\/redeacampa.org\/wp-content\/uploads\/Acampa_gl.png","type":"image\/png"}],"twitter_card":"summary_large_image","twitter_site":"@Acampa_polapaz","twitter_misc":{"Tempo de lectura":"2 minutos"},"schema":{"@context":"https:\/\/schema.org","@graph":[{"@type":"WebPage","@id":"https:\/\/redeacampa.org\/gl\/a-asociacion\/","url":"https:\/\/redeacampa.org\/gl\/a-asociacion\/","name":"A Asociaci\u00f3n - Acampa - Pola paz e o dereito a refuxio","isPartOf":{"@id":"https:\/\/redeacampa.org\/gl\/#website"},"primaryImageOfPage":{"@id":"https:\/\/redeacampa.org\/gl\/a-asociacion\/#primaryimage"},"image":{"@id":"https:\/\/redeacampa.org\/gl\/a-asociacion\/#primaryimage"},"thumbnailUrl":"https:\/\/redeacampa.org\/wp-content\/uploads\/Acampa_gl.png","datePublished":"2024-04-02T19:09:19+00:00","dateModified":"2025-05-01T16:39:35+00:00","description":"Co\u00f1ece a asociaci\u00f3n REDE ACAMPA POLA PAZ E O DEREITO A REFUXIO, con sede actualmente na Coru\u00f1a, Brasil e pr\u00f3ximamente Portugal.","breadcrumb":{"@id":"https:\/\/redeacampa.org\/gl\/a-asociacion\/#breadcrumb"},"inLanguage":"gl-ES","potentialAction":[{"@type":"ReadAction","target":["https:\/\/redeacampa.org\/gl\/a-asociacion\/"]}]},{"@type":"ImageObject","inLanguage":"gl-ES","@id":"https:\/\/redeacampa.org\/gl\/a-asociacion\/#primaryimage","url":"https:\/\/redeacampa.org\/wp-content\/uploads\/Acampa_gl.png","contentUrl":"https:\/\/redeacampa.org\/wp-content\/uploads\/Acampa_gl.png","width":497,"height":167,"caption":"Acampa, Pola Paz e o Dereito a Refuxio"},{"@type":"BreadcrumbList","@id":"https:\/\/redeacampa.org\/gl\/a-asociacion\/#breadcrumb","itemListElement":[{"@type":"ListItem","position":1,"name":"Portada","item":"https:\/\/redeacampa.org\/gl\/"},{"@type":"ListItem","position":2,"name":"A Asociaci\u00f3n"}]},{"@type":"WebSite","@id":"https:\/\/redeacampa.org\/gl\/#website","url":"https:\/\/redeacampa.org\/gl\/","name":"Acampa - Pola paz e o dereito a refuxio","description":"Unha iniciativa cidad\u00e1 sen fins de lucro integrada por colectivos sociais, culturais, educativos, veci\u00f1ais, pol\u00edticos, sindicais, art\u00edsticos, de persoas solidarias, de instituci\u00f3ns e empresas con responsabilidade social que te\u00f1en como obxectivo a defensa dos dereitos humanos, o Dereito Internacional Humanitario e o Dereito a Refuxio.","publisher":{"@id":"https:\/\/redeacampa.org\/gl\/#organization"},"potentialAction":[{"@type":"SearchAction","target":{"@type":"EntryPoint","urlTemplate":"https:\/\/redeacampa.org\/gl\/?s={search_term_string}"},"query-input":{"@type":"PropertyValueSpecification","valueRequired":true,"valueName":"search_term_string"}}],"inLanguage":"gl-ES"},{"@type":"Organization","@id":"https:\/\/redeacampa.org\/gl\/#organization","name":"Acampa","url":"https:\/\/redeacampa.org\/gl\/","logo":{"@type":"ImageObject","inLanguage":"gl-ES","@id":"https:\/\/redeacampa.org\/gl\/#\/schema\/logo\/image\/","url":"https:\/\/redeacampa.org\/wp-content\/uploads\/2019\/01\/acampaConRojo_es.png","contentUrl":"https:\/\/redeacampa.org\/wp-content\/uploads\/2019\/01\/acampaConRojo_es.png","width":612,"height":204,"caption":"Acampa"},"image":{"@id":"https:\/\/redeacampa.org\/gl\/#\/schema\/logo\/image\/"},"sameAs":["https:\/\/www.facebook.com\/acampapolapazeodereitoarefuxio","https:\/\/x.com\/Acampa_polapaz","https:\/\/www.instagram.com\/Acampa_polapaz\/","https:\/\/www.youtube.com\/channel\/UChk1mSCHVEHmjq9e8PLb-mw"]}]}},"_links":{"self":[{"href":"https:\/\/redeacampa.org\/gl\/wp-json\/wp\/v2\/pages\/49361","targetHints":{"allow":["GET"]}}],"collection":[{"href":"https:\/\/redeacampa.org\/gl\/wp-json\/wp\/v2\/pages"}],"about":[{"href":"https:\/\/redeacampa.org\/gl\/wp-json\/wp\/v2\/types\/page"}],"author":[{"embeddable":true,"href":"https:\/\/redeacampa.org\/gl\/wp-json\/wp\/v2\/users\/4"}],"replies":[{"embeddable":true,"href":"https:\/\/redeacampa.org\/gl\/wp-json\/wp\/v2\/comments?post=49361"}],"version-history":[{"count":8,"href":"https:\/\/redeacampa.org\/gl\/wp-json\/wp\/v2\/pages\/49361\/revisions"}],"predecessor-version":[{"id":49632,"href":"https:\/\/redeacampa.org\/gl\/wp-json\/wp\/v2\/pages\/49361\/revisions\/49632"}],"wp:featuredmedia":[{"embeddable":true,"href":"https:\/\/redeacampa.org\/gl\/wp-json\/wp\/v2\/media\/45156"}],"wp:attachment":[{"href":"https:\/\/redeacampa.org\/gl\/wp-json\/wp\/v2\/media?parent=49361"}],"wp:term":[{"taxonomy":"category","embeddable":true,"href":"https:\/\/redeacampa.org\/gl\/wp-json\/wp\/v2\/categories?post=49361"},{"taxonomy":"post_tag","embeddable":true,"href":"https:\/\/redeacampa.org\/gl\/wp-json\/wp\/v2\/tags?post=49361"}],"curies":[{"name":"wp","href":"https:\/\/api.w.org\/{rel}","templated":true}]}}