{"id":49665,"date":"2024-04-04T18:59:05","date_gmt":"2024-04-04T16:59:05","guid":{"rendered":"https:\/\/redeacampa.org\/?page_id=49665"},"modified":"2025-05-01T18:57:02","modified_gmt":"2025-05-01T16:57:02","slug":"iv-resultados-rec-acampa-2024","status":"publish","type":"page","link":"https:\/\/redeacampa.org\/gl\/iv-resultados-rec-acampa-2024\/","title":{"rendered":"Resultados do IV Reco\u00f1ecemento Acampa 2024"},"content":{"rendered":"<p>[et_pb_section fb_built=&#8221;1&#8243; fullwidth=&#8221;on&#8221; custom_padding_last_edited=&#8221;on|desktop&#8221; admin_label=&#8221;section&#8221; _builder_version=&#8221;4.16&#8243; background_color=&#8221;#cd1619&#8243; custom_padding_tablet=&#8221;50px|0|50px|0&#8243; custom_padding_phone=&#8221;&#8221; transparent_background=&#8221;off&#8221; padding_mobile=&#8221;off&#8221; locked=&#8221;off&#8221; collapsed=&#8221;off&#8221; global_colors_info=&#8221;{}&#8221;][et_pb_fullwidth_header title=&#8221;Resultados do IV Reco\u00f1ecemento Internacional Acampa 2024&#8243; subhead=&#8221;Pola paz e o dereito a refuxio&#8221; admin_label=&#8221;T\u00edtulo de anchura completa&#8221; _builder_version=&#8221;4.23.1&#8243; title_font=&#8221;|on|||&#8221; subhead_font=&#8221;||on||&#8221; background_color=&#8221;rgba(255, 255, 255, 0)&#8221; button_one_letter_spacing_hover=&#8221;0&#8243; button_two_letter_spacing_hover=&#8221;0&#8243; global_colors_info=&#8221;{}&#8221; button_one_text_size__hover_enabled=&#8221;off&#8221; button_two_text_size__hover_enabled=&#8221;off&#8221; button_one_text_color__hover_enabled=&#8221;off&#8221; button_two_text_color__hover_enabled=&#8221;off&#8221; button_one_border_width__hover_enabled=&#8221;off&#8221; button_two_border_width__hover_enabled=&#8221;off&#8221; button_one_border_color__hover_enabled=&#8221;off&#8221; button_two_border_color__hover_enabled=&#8221;off&#8221; button_one_border_radius__hover_enabled=&#8221;off&#8221; button_two_border_radius__hover_enabled=&#8221;off&#8221; button_one_letter_spacing__hover_enabled=&#8221;on&#8221; button_one_letter_spacing__hover=&#8221;0&#8243; button_two_letter_spacing__hover_enabled=&#8221;on&#8221; button_two_letter_spacing__hover=&#8221;0&#8243; button_one_bg_color__hover_enabled=&#8221;off&#8221; button_two_bg_color__hover_enabled=&#8221;off&#8221;][\/et_pb_fullwidth_header][\/et_pb_section][et_pb_section fb_built=&#8221;1&#8243; _builder_version=&#8221;4.23.1&#8243; _module_preset=&#8221;default&#8221; collapsed=&#8221;off&#8221; global_colors_info=&#8221;{}&#8221;][et_pb_row _builder_version=&#8221;4.16&#8243; _module_preset=&#8221;default&#8221; collapsed=&#8221;off&#8221; global_colors_info=&#8221;{}&#8221;][et_pb_column type=&#8221;4_4&#8243; _builder_version=&#8221;4.16&#8243; _module_preset=&#8221;default&#8221; global_colors_info=&#8221;{}&#8221;][et_pb_image src=&#8221;https:\/\/redeacampa.org\/wp-content\/uploads\/HAYDEE-CASTILLO-E-MANUEL-RESULTADOS-IV-RECONECEMENTO-ACAMPA-2024-MARTIN-GARCIA.jpg&#8221; alt=&#8221;HAYD\u00c9E CASTILLO E MANUEL RESULTADOS IV RECO\u00d1ECEMENTO ACAMPA 2024 MART\u00cdN GARC\u00cdA&#8221; title_text=&#8221;HAYD\u00c9E CASTILLO E MANUEL RESULTADOS IV RECO\u00d1ECEMENTO ACAMPA 2024 MART\u00cdN GARC\u00cdA&#8221; _builder_version=&#8221;4.23.1&#8243; _module_preset=&#8221;default&#8221; global_colors_info=&#8221;{}&#8221;][\/et_pb_image][et_pb_text _builder_version=&#8221;4.23.1&#8243; _module_preset=&#8221;default&#8221; global_colors_info=&#8221;{}&#8221;]<\/p>\n<p>M\u00e1s de 600 persoas decidiron que <strong>a activista nicarag\u00fcana Hayd\u00e9e Castillo,<\/strong> cun 30.2% dos votos, e <strong>o portavoz de SOS Sanidade P\u00fablica Manuel Mart\u00edn Garc\u00eda<\/strong>, co 46.7 % dos votos, <strong>ser\u00e1n os receptores do IV Reco\u00f1ecemento ACAMPA \u00e1 defensa dos Dereitos Humanos 2024.<\/strong><\/p>\n<p>O acto de entrega do Reco\u00f1ecemento Acampa 2024, que toma forma nunha escultura da artista Pilar Sub\u00edas, ter\u00e1 lugar durante o desenvolvemento do Encontro Internacional Acampa pola Paz, os d\u00edas 7, 8 e 9 de xu\u00f1o nos Xard\u00edns de M\u00e9ndez N\u00fa\u00f1ez (A Coru\u00f1a). Esta cita reunir\u00e1 a especialistas e fotoperiodistas para reflexionar ao longo de toda a fin de semana sobre a Infancia e a Mocidade refuxiada. A cidade se converter\u00e1, da man do movemento Acampa pola Paz, en referente nacional do Dereito e o Xornalismo Humanitarios.<\/p>\n<p>[\/et_pb_text][\/et_pb_column][\/et_pb_row][\/et_pb_section][et_pb_section fb_built=&#8221;1&#8243; _builder_version=&#8221;4.16&#8243; _module_preset=&#8221;default&#8221; background_color=&#8221;#cac2af&#8221; collapsed=&#8221;off&#8221; global_colors_info=&#8221;{}&#8221;][et_pb_row _builder_version=&#8221;4.23.1&#8243; _module_preset=&#8221;default&#8221; collapsed=&#8221;off&#8221; global_colors_info=&#8221;{}&#8221;][et_pb_column type=&#8221;4_4&#8243; _builder_version=&#8221;4.16&#8243; _module_preset=&#8221;default&#8221; global_colors_info=&#8221;{}&#8221;][et_pb_text _builder_version=&#8221;4.23.1&#8243; _module_preset=&#8221;default&#8221; global_colors_info=&#8221;{}&#8221;]<\/p>\n<h3 style=\"text-align: center;\">IV Reco\u00f1ecemento Internacional<\/h3>\n<h3 style=\"text-align: center;\">\u00e1 Defensa dos Dereitos Humanos Acampa 2024<\/h3>\n<p>[\/et_pb_text][\/et_pb_column][\/et_pb_row][et_pb_row column_structure=&#8221;3_5,2_5&#8243; _builder_version=&#8221;4.16&#8243; _module_preset=&#8221;default&#8221; collapsed=&#8221;off&#8221; global_colors_info=&#8221;{}&#8221;][et_pb_column type=&#8221;3_5&#8243; _builder_version=&#8221;4.16&#8243; _module_preset=&#8221;default&#8221; global_colors_info=&#8221;{}&#8221;][et_pb_text _builder_version=&#8221;4.23.1&#8243; _module_preset=&#8221;default&#8221; global_colors_info=&#8221;{}&#8221;]<\/p>\n<p>Hayd\u00e9e Castillo \u00e9 unha hist\u00f3rica activista con m\u00e1is de trinta anos de experiencia internacional na defensa dos Dereitos Humanos. No seu pa\u00eds, Nicaragua, foi asesora da Procuradur\u00eda de Dereitos Humanos, as\u00ed coma Asesora de sociedade civil de Naci\u00f3ns Unidas.\u00a0 Desde 2018 vive exiliada pol\u00edtica en EEUU.<\/p>\n<p>Castillo presidiu o Instituto de Liderazgo das Segovias (ILS), entidade que traballou durante anos con financiamiento da cooperaci\u00f3n galega a trav\u00e9s das ONGs Solidariedade Galega, S\u00f3lida e Solidariedade Internacional de Galicia. Precisamente esas organizaci\u00f3ns galegas son as que propuxeron a s\u00faa candidatura.<\/p>\n<p>A s\u00faa loita contin\u00faa desde a di\u00e1spora, onde segue documentando a vulneraci\u00f3n dos DDHH en Nicaragua e promovendo a xustiza transicional (memoria, verdade, xustiza, resarcimento e non repetici\u00f3n).<\/p>\n<p>[\/et_pb_text][\/et_pb_column][et_pb_column type=&#8221;2_5&#8243; _builder_version=&#8221;4.16&#8243; _module_preset=&#8221;default&#8221; global_colors_info=&#8221;{}&#8221;][et_pb_image src=&#8221;https:\/\/redeacampa.org\/wp-content\/uploads\/HAYDEE-CASTILLO-candidatura-internacional-Acampa-pola-paz-e-o-refuxio-2024-min.jpg&#8221; alt=&#8221;HAYD\u00c9E CASTILLO candidatura internacional Acampa pola paz e o refuxio 2024&#8243; title_text=&#8221;HAYD\u00c9E CASTILLO candidatura internacional Acampa pola paz e o refuxio 2024-min&#8221; show_in_lightbox=&#8221;on&#8221; _builder_version=&#8221;4.23.1&#8243; _module_preset=&#8221;default&#8221; global_colors_info=&#8221;{}&#8221;][\/et_pb_image][\/et_pb_column][\/et_pb_row][et_pb_row _builder_version=&#8221;4.16&#8243; _module_preset=&#8221;default&#8221; collapsed=&#8221;off&#8221; global_colors_info=&#8221;{}&#8221;][et_pb_column type=&#8221;4_4&#8243; _builder_version=&#8221;4.16&#8243; _module_preset=&#8221;default&#8221; global_colors_info=&#8221;{}&#8221;][et_pb_text _builder_version=&#8221;4.23.1&#8243; _module_preset=&#8221;default&#8221; global_colors_info=&#8221;{}&#8221;]<\/p>\n<h3 style=\"text-align: center;\">IV Reco\u00f1ecemento Galicia<\/h3>\n<h3 style=\"text-align: center;\">\u00e1 Defensa dos Dereitos Humanos Acampa 2024<\/h3>\n<p>[\/et_pb_text][\/et_pb_column][\/et_pb_row][et_pb_row column_structure=&#8221;1_3,2_3&#8243; _builder_version=&#8221;4.16&#8243; _module_preset=&#8221;default&#8221; collapsed=&#8221;off&#8221; global_colors_info=&#8221;{}&#8221;][et_pb_column type=&#8221;1_3&#8243; _builder_version=&#8221;4.16&#8243; _module_preset=&#8221;default&#8221; global_colors_info=&#8221;{}&#8221;][et_pb_image src=&#8221;https:\/\/redeacampa.org\/wp-content\/uploads\/Manuel-Martin-Garcia-SOS-Sanidade-Publica-candidatura-Galicia-Acampa-pola-paz-e-o-refuxio-2024.jpg&#8221; alt=&#8221;Manuel Mart\u00edn Garc\u00eda SOS Sanidade P\u00fablica candidatura Galicia Acampa pola paz e o refuxio 2024&#8243; title_text=&#8221;Manuel Mart\u00edn Garc\u00eda SOS Sanidade P\u00fablica candidatura Galicia Acampa pola paz e o refuxio 2024&#8243; show_in_lightbox=&#8221;on&#8221; _builder_version=&#8221;4.23.1&#8243; _module_preset=&#8221;default&#8221; global_colors_info=&#8221;{}&#8221;][\/et_pb_image][\/et_pb_column][et_pb_column type=&#8221;2_3&#8243; _builder_version=&#8221;4.16&#8243; _module_preset=&#8221;default&#8221; global_colors_info=&#8221;{}&#8221;][et_pb_text _builder_version=&#8221;4.23.1&#8243; _module_preset=&#8221;default&#8221; global_colors_info=&#8221;{}&#8221;]<\/p>\n<p>O m\u00e9dico Manuel Mart\u00edn Garc\u00eda, voceiro da plataforma SOS SANIDADE P\u00fablica de Galicia e presidente da Federaci\u00f3n de Asociaci\u00f3ns para a Defensa da Sanidade P\u00fablica \u00e9 un exemplo de compromiso. O seu est\u00e1 coa sanidade p\u00fablica, especialmente centrado na defensa da atenci\u00f3n primaria como o elo imprescindible para un bo funcionamento do sistema sanitario.<\/p>\n<p>Desde hai anos, Manuel Mart\u00edn \u00e9 a voz inquebrantable que desde SOS SANIDADE v\u00e9n denunciando o desmantelamento interesado e progresivo da atenci\u00f3n sanitaria en Galicia, en beneficio da medicina privada, algo que afecta ao global da poboaci\u00f3n galega pero m\u00e1is a\u00ednda se miramos ao estrato m\u00e1is vulnerable da mesma. Iso deriva no incremento da mortalidade evitable e xeral, non explicable pola epidemiolox\u00eda, tal e como certifican os \u00faltimos informes do Ministerio de Sanidade.<\/p>\n<p>A s\u00faa candidatura foi proposta pola Asociaci\u00f3n Fuco Bux\u00e1n.<\/p>\n<p>[\/et_pb_text][\/et_pb_column][\/et_pb_row][\/et_pb_section][et_pb_section fb_built=&#8221;1&#8243; _builder_version=&#8221;4.16&#8243; _module_preset=&#8221;default&#8221; collapsed=&#8221;off&#8221; global_colors_info=&#8221;{}&#8221;][et_pb_row _builder_version=&#8221;4.16&#8243; _module_preset=&#8221;default&#8221; collapsed=&#8221;off&#8221; global_colors_info=&#8221;{}&#8221;][et_pb_column type=&#8221;4_4&#8243; _builder_version=&#8221;4.16&#8243; _module_preset=&#8221;default&#8221; global_colors_info=&#8221;{}&#8221;][et_pb_text _builder_version=&#8221;4.23.1&#8243; _module_preset=&#8221;default&#8221; global_colors_info=&#8221;{}&#8221;]<\/p>\n<p>Desde o movemento <strong>Acampa<\/strong> congratul\u00e1monos do resultado. O obxectivo do reco\u00f1ecemento, p\u00f3r en valor a necesidade da defensa dos Dereitos Humanos, destacando o labor de organizaci\u00f3ns ou persoas referentes nese eido e que sexan un exemplo para toda a sociedade, est\u00e1 m\u00e1is que cumprido cos resultados da votaci\u00f3n. Aqu\u00ed vos deixamos, en dous roscos, os resultados acadados por cada unha das candidaturas que concorreron ao noso <strong>IV Reco\u00f1ecemento Internacional Acampa 2024 pola Paz e o Dereito a Refuxio:<\/strong><\/p>\n<p>[\/et_pb_text][\/et_pb_column][\/et_pb_row][et_pb_row column_structure=&#8221;1_2,1_2&#8243; _builder_version=&#8221;4.16&#8243; _module_preset=&#8221;default&#8221; collapsed=&#8221;off&#8221; global_colors_info=&#8221;{}&#8221;][et_pb_column type=&#8221;1_2&#8243; _builder_version=&#8221;4.16&#8243; _module_preset=&#8221;default&#8221; global_colors_info=&#8221;{}&#8221;][et_pb_image src=&#8221;https:\/\/redeacampa.org\/wp-content\/uploads\/Resultados-IV-Reconecemento-Acampa-2024-internacional.jpg&#8221; alt=&#8221;Resultados IV Reco\u00f1ecemento Acampa 2024 internacional&#8221; title_text=&#8221;Resultados IV Reco\u00f1ecemento Acampa 2024 internacional&#8221; show_in_lightbox=&#8221;on&#8221; _builder_version=&#8221;4.23.1&#8243; _module_preset=&#8221;default&#8221; global_colors_info=&#8221;{}&#8221;][\/et_pb_image][\/et_pb_column][et_pb_column type=&#8221;1_2&#8243; _builder_version=&#8221;4.16&#8243; _module_preset=&#8221;default&#8221; global_colors_info=&#8221;{}&#8221;][et_pb_image src=&#8221;https:\/\/redeacampa.org\/wp-content\/uploads\/Resultados-IV-Reconecemento-Acampa-2024-Galicia.jpg&#8221; alt=&#8221;Resultados IV Reco\u00f1ecemento Acampa 2024 Galicia&#8221; title_text=&#8221;Resultados IV Reco\u00f1ecemento Acampa 2024 Galicia&#8221; show_in_lightbox=&#8221;on&#8221; _builder_version=&#8221;4.23.1&#8243; _module_preset=&#8221;default&#8221; global_colors_info=&#8221;{}&#8221;][\/et_pb_image][\/et_pb_column][\/et_pb_row][\/et_pb_section][et_pb_section fb_built=&#8221;1&#8243; _builder_version=&#8221;4.16&#8243; _module_preset=&#8221;default&#8221; background_color=&#8221;#74997b&#8221; custom_padding=&#8221;||0px|||&#8221; collapsed=&#8221;on&#8221; global_colors_info=&#8221;{}&#8221;][et_pb_row column_structure=&#8221;1_4,1_4,1_4,1_4&#8243; make_equal=&#8221;on&#8221; _builder_version=&#8221;4.16&#8243; _module_preset=&#8221;default&#8221; custom_padding=&#8221;6px||4px|||&#8221; collapsed=&#8221;off&#8221; global_colors_info=&#8221;{}&#8221;][et_pb_column type=&#8221;1_4&#8243; _builder_version=&#8221;4.16&#8243; _module_preset=&#8221;default&#8221; global_colors_info=&#8221;{}&#8221;][\/et_pb_column][et_pb_column type=&#8221;1_4&#8243; _builder_version=&#8221;4.16&#8243; _module_preset=&#8221;default&#8221; global_colors_info=&#8221;{}&#8221;][et_pb_image src=&#8221;https:\/\/redeacampa.org\/wp-content\/uploads\/estatuilla.png&#8221; title_text=&#8221;estatuilla&#8221; _builder_version=&#8221;4.20.4&#8243; _module_preset=&#8221;default&#8221; height=&#8221;80%&#8221; global_colors_info=&#8221;{}&#8221;][\/et_pb_image][\/et_pb_column][et_pb_column type=&#8221;1_4&#8243; _builder_version=&#8221;4.16&#8243; _module_preset=&#8221;default&#8221; global_colors_info=&#8221;{}&#8221;][et_pb_image src=&#8221;https:\/\/redeacampa.org\/wp-content\/uploads\/Reconocimiento_2021_5.jpg&#8221; show_in_lightbox=&#8221;on&#8221; _builder_version=&#8221;4.20.4&#8243; _module_preset=&#8221;default&#8221; custom_margin=&#8221;-1px|||||&#8221; global_colors_info=&#8221;{}&#8221;][\/et_pb_image][et_pb_text _builder_version=&#8221;4.20.4&#8243; _module_preset=&#8221;default&#8221; text_text_color=&#8221;#FFFFFF&#8221; global_colors_info=&#8221;{}&#8221;]<\/p>\n<p>A peza escult\u00f3rica que da forma ao Reco\u00f1ecemento foi creada para esta iniciativa pola artista <strong>Pilar Sub\u00edas<\/strong>, a quen agradecemos p\u00fablicamente a doaz\u00f3n e a cesi\u00f3n do dereitos de uso da mesma.<\/p>\n<p>[\/et_pb_text][\/et_pb_column][et_pb_column type=&#8221;1_4&#8243; _builder_version=&#8221;4.16&#8243; _module_preset=&#8221;default&#8221; global_colors_info=&#8221;{}&#8221;][\/et_pb_column][\/et_pb_row][\/et_pb_section]<\/p>\n","protected":false},"excerpt":{"rendered":"<p>M\u00e1s de 600 persoas decidiron que a activista nicarag\u00fcana Hayd\u00e9e Castillo, cun 30.2% dos votos, e o portavoz de SOS Sanidade P\u00fablica Manuel Mart\u00edn Garc\u00eda, co 46.7 % dos votos, ser\u00e1n os receptores do IV Reco\u00f1ecemento ACAMPA \u00e1 defensa dos Dereitos Humanos 2024. O acto de entrega do Reco\u00f1ecemento Acampa 2024, que toma forma nunha [&hellip;]<\/p>\n","protected":false},"author":4,"featured_media":0,"parent":0,"menu_order":0,"comment_status":"closed","ping_status":"closed","template":"","meta":{"_et_pb_use_builder":"on","_et_pb_old_content":"","_et_gb_content_width":"","footnotes":""},"categories":[50],"tags":[],"class_list":["post-49665","page","type-page","status-publish","hentry","category-reconecemento-gl"],"yoast_head":"<!-- This site is optimized with the Yoast SEO plugin v26.4 - https:\/\/yoast.com\/wordpress\/plugins\/seo\/ -->\n<title>Resultados do IV Reco\u00f1ecemento Acampa 2024 - Acampa - Pola paz e o dereito a refuxio<\/title>\n<meta name=\"description\" content=\"Resultados do IV Reco\u00f1ecemento ACAMPA \u00e1 defensa dos Dereitos Humanos 2024\" \/>\n<meta name=\"robots\" content=\"index, follow, max-snippet:-1, max-image-preview:large, max-video-preview:-1\" \/>\n<link rel=\"canonical\" href=\"https:\/\/redeacampa.org\/gl\/iv-resultados-rec-acampa-2024\/\" \/>\n<meta property=\"og:locale\" content=\"gl_ES\" \/>\n<meta property=\"og:type\" content=\"article\" \/>\n<meta property=\"og:title\" content=\"Resultados do IV Reco\u00f1ecemento Acampa 2024 - Acampa - Pola paz e o dereito a refuxio\" \/>\n<meta property=\"og:description\" content=\"Resultados do IV Reco\u00f1ecemento ACAMPA \u00e1 defensa dos Dereitos Humanos 2024\" \/>\n<meta property=\"og:url\" content=\"https:\/\/redeacampa.org\/gl\/iv-resultados-rec-acampa-2024\/\" \/>\n<meta property=\"og:site_name\" content=\"Acampa - Pola paz e o dereito a refuxio\" \/>\n<meta property=\"article:publisher\" content=\"https:\/\/www.facebook.com\/acampapolapazeodereitoarefuxio\" \/>\n<meta property=\"article:modified_time\" content=\"2025-05-01T16:57:02+00:00\" \/>\n<meta name=\"twitter:card\" content=\"summary_large_image\" \/>\n<meta name=\"twitter:site\" content=\"@Acampa_polapaz\" \/>\n<meta name=\"twitter:label1\" content=\"Tempo de lectura\" \/>\n\t<meta name=\"twitter:data1\" content=\"4 minutos\" \/>\n<script type=\"application\/ld+json\" class=\"yoast-schema-graph\">{\"@context\":\"https:\/\/schema.org\",\"@graph\":[{\"@type\":\"WebPage\",\"@id\":\"https:\/\/redeacampa.org\/gl\/iv-resultados-rec-acampa-2024\/\",\"url\":\"https:\/\/redeacampa.org\/gl\/iv-resultados-rec-acampa-2024\/\",\"name\":\"Resultados do IV Reco\u00f1ecemento Acampa 2024 - Acampa - Pola paz e o dereito a refuxio\",\"isPartOf\":{\"@id\":\"https:\/\/redeacampa.org\/gl\/#website\"},\"datePublished\":\"2024-04-04T16:59:05+00:00\",\"dateModified\":\"2025-05-01T16:57:02+00:00\",\"description\":\"Resultados do IV Reco\u00f1ecemento ACAMPA \u00e1 defensa dos Dereitos Humanos 2024\",\"breadcrumb\":{\"@id\":\"https:\/\/redeacampa.org\/gl\/iv-resultados-rec-acampa-2024\/#breadcrumb\"},\"inLanguage\":\"gl-ES\",\"potentialAction\":[{\"@type\":\"ReadAction\",\"target\":[\"https:\/\/redeacampa.org\/gl\/iv-resultados-rec-acampa-2024\/\"]}]},{\"@type\":\"BreadcrumbList\",\"@id\":\"https:\/\/redeacampa.org\/gl\/iv-resultados-rec-acampa-2024\/#breadcrumb\",\"itemListElement\":[{\"@type\":\"ListItem\",\"position\":1,\"name\":\"Portada\",\"item\":\"https:\/\/redeacampa.org\/gl\/\"},{\"@type\":\"ListItem\",\"position\":2,\"name\":\"Resultados do IV Reco\u00f1ecemento Acampa 2024\"}]},{\"@type\":\"WebSite\",\"@id\":\"https:\/\/redeacampa.org\/gl\/#website\",\"url\":\"https:\/\/redeacampa.org\/gl\/\",\"name\":\"Acampa - Pola paz e o dereito a refuxio\",\"description\":\"Unha iniciativa cidad\u00e1 sen fins de lucro integrada por colectivos sociais, culturais, educativos, veci\u00f1ais, pol\u00edticos, sindicais, art\u00edsticos, de persoas solidarias, de instituci\u00f3ns e empresas con responsabilidade social que te\u00f1en como obxectivo a defensa dos dereitos humanos, o Dereito Internacional Humanitario e o Dereito a Refuxio.\",\"publisher\":{\"@id\":\"https:\/\/redeacampa.org\/gl\/#organization\"},\"potentialAction\":[{\"@type\":\"SearchAction\",\"target\":{\"@type\":\"EntryPoint\",\"urlTemplate\":\"https:\/\/redeacampa.org\/gl\/?s={search_term_string}\"},\"query-input\":{\"@type\":\"PropertyValueSpecification\",\"valueRequired\":true,\"valueName\":\"search_term_string\"}}],\"inLanguage\":\"gl-ES\"},{\"@type\":\"Organization\",\"@id\":\"https:\/\/redeacampa.org\/gl\/#organization\",\"name\":\"Acampa\",\"url\":\"https:\/\/redeacampa.org\/gl\/\",\"logo\":{\"@type\":\"ImageObject\",\"inLanguage\":\"gl-ES\",\"@id\":\"https:\/\/redeacampa.org\/gl\/#\/schema\/logo\/image\/\",\"url\":\"https:\/\/redeacampa.org\/wp-content\/uploads\/2019\/01\/acampaConRojo_es.png\",\"contentUrl\":\"https:\/\/redeacampa.org\/wp-content\/uploads\/2019\/01\/acampaConRojo_es.png\",\"width\":612,\"height\":204,\"caption\":\"Acampa\"},\"image\":{\"@id\":\"https:\/\/redeacampa.org\/gl\/#\/schema\/logo\/image\/\"},\"sameAs\":[\"https:\/\/www.facebook.com\/acampapolapazeodereitoarefuxio\",\"https:\/\/x.com\/Acampa_polapaz\",\"https:\/\/www.instagram.com\/Acampa_polapaz\/\",\"https:\/\/www.youtube.com\/channel\/UChk1mSCHVEHmjq9e8PLb-mw\"]}]}<\/script>\n<!-- \/ Yoast SEO plugin. -->","yoast_head_json":{"title":"Resultados do IV Reco\u00f1ecemento Acampa 2024 - Acampa - Pola paz e o dereito a refuxio","description":"Resultados do IV Reco\u00f1ecemento ACAMPA \u00e1 defensa dos Dereitos Humanos 2024","robots":{"index":"index","follow":"follow","max-snippet":"max-snippet:-1","max-image-preview":"max-image-preview:large","max-video-preview":"max-video-preview:-1"},"canonical":"https:\/\/redeacampa.org\/gl\/iv-resultados-rec-acampa-2024\/","og_locale":"gl_ES","og_type":"article","og_title":"Resultados do IV Reco\u00f1ecemento Acampa 2024 - Acampa - Pola paz e o dereito a refuxio","og_description":"Resultados do IV Reco\u00f1ecemento ACAMPA \u00e1 defensa dos Dereitos Humanos 2024","og_url":"https:\/\/redeacampa.org\/gl\/iv-resultados-rec-acampa-2024\/","og_site_name":"Acampa - Pola paz e o dereito a refuxio","article_publisher":"https:\/\/www.facebook.com\/acampapolapazeodereitoarefuxio","article_modified_time":"2025-05-01T16:57:02+00:00","twitter_card":"summary_large_image","twitter_site":"@Acampa_polapaz","twitter_misc":{"Tempo de lectura":"4 minutos"},"schema":{"@context":"https:\/\/schema.org","@graph":[{"@type":"WebPage","@id":"https:\/\/redeacampa.org\/gl\/iv-resultados-rec-acampa-2024\/","url":"https:\/\/redeacampa.org\/gl\/iv-resultados-rec-acampa-2024\/","name":"Resultados do IV Reco\u00f1ecemento Acampa 2024 - Acampa - Pola paz e o dereito a refuxio","isPartOf":{"@id":"https:\/\/redeacampa.org\/gl\/#website"},"datePublished":"2024-04-04T16:59:05+00:00","dateModified":"2025-05-01T16:57:02+00:00","description":"Resultados do IV Reco\u00f1ecemento ACAMPA \u00e1 defensa dos Dereitos Humanos 2024","breadcrumb":{"@id":"https:\/\/redeacampa.org\/gl\/iv-resultados-rec-acampa-2024\/#breadcrumb"},"inLanguage":"gl-ES","potentialAction":[{"@type":"ReadAction","target":["https:\/\/redeacampa.org\/gl\/iv-resultados-rec-acampa-2024\/"]}]},{"@type":"BreadcrumbList","@id":"https:\/\/redeacampa.org\/gl\/iv-resultados-rec-acampa-2024\/#breadcrumb","itemListElement":[{"@type":"ListItem","position":1,"name":"Portada","item":"https:\/\/redeacampa.org\/gl\/"},{"@type":"ListItem","position":2,"name":"Resultados do IV Reco\u00f1ecemento Acampa 2024"}]},{"@type":"WebSite","@id":"https:\/\/redeacampa.org\/gl\/#website","url":"https:\/\/redeacampa.org\/gl\/","name":"Acampa - Pola paz e o dereito a refuxio","description":"Unha iniciativa cidad\u00e1 sen fins de lucro integrada por colectivos sociais, culturais, educativos, veci\u00f1ais, pol\u00edticos, sindicais, art\u00edsticos, de persoas solidarias, de instituci\u00f3ns e empresas con responsabilidade social que te\u00f1en como obxectivo a defensa dos dereitos humanos, o Dereito Internacional Humanitario e o Dereito a Refuxio.","publisher":{"@id":"https:\/\/redeacampa.org\/gl\/#organization"},"potentialAction":[{"@type":"SearchAction","target":{"@type":"EntryPoint","urlTemplate":"https:\/\/redeacampa.org\/gl\/?s={search_term_string}"},"query-input":{"@type":"PropertyValueSpecification","valueRequired":true,"valueName":"search_term_string"}}],"inLanguage":"gl-ES"},{"@type":"Organization","@id":"https:\/\/redeacampa.org\/gl\/#organization","name":"Acampa","url":"https:\/\/redeacampa.org\/gl\/","logo":{"@type":"ImageObject","inLanguage":"gl-ES","@id":"https:\/\/redeacampa.org\/gl\/#\/schema\/logo\/image\/","url":"https:\/\/redeacampa.org\/wp-content\/uploads\/2019\/01\/acampaConRojo_es.png","contentUrl":"https:\/\/redeacampa.org\/wp-content\/uploads\/2019\/01\/acampaConRojo_es.png","width":612,"height":204,"caption":"Acampa"},"image":{"@id":"https:\/\/redeacampa.org\/gl\/#\/schema\/logo\/image\/"},"sameAs":["https:\/\/www.facebook.com\/acampapolapazeodereitoarefuxio","https:\/\/x.com\/Acampa_polapaz","https:\/\/www.instagram.com\/Acampa_polapaz\/","https:\/\/www.youtube.com\/channel\/UChk1mSCHVEHmjq9e8PLb-mw"]}]}},"_links":{"self":[{"href":"https:\/\/redeacampa.org\/gl\/wp-json\/wp\/v2\/pages\/49665","targetHints":{"allow":["GET"]}}],"collection":[{"href":"https:\/\/redeacampa.org\/gl\/wp-json\/wp\/v2\/pages"}],"about":[{"href":"https:\/\/redeacampa.org\/gl\/wp-json\/wp\/v2\/types\/page"}],"author":[{"embeddable":true,"href":"https:\/\/redeacampa.org\/gl\/wp-json\/wp\/v2\/users\/4"}],"replies":[{"embeddable":true,"href":"https:\/\/redeacampa.org\/gl\/wp-json\/wp\/v2\/comments?post=49665"}],"version-history":[{"count":8,"href":"https:\/\/redeacampa.org\/gl\/wp-json\/wp\/v2\/pages\/49665\/revisions"}],"predecessor-version":[{"id":49823,"href":"https:\/\/redeacampa.org\/gl\/wp-json\/wp\/v2\/pages\/49665\/revisions\/49823"}],"wp:attachment":[{"href":"https:\/\/redeacampa.org\/gl\/wp-json\/wp\/v2\/media?parent=49665"}],"wp:term":[{"taxonomy":"category","embeddable":true,"href":"https:\/\/redeacampa.org\/gl\/wp-json\/wp\/v2\/categories?post=49665"},{"taxonomy":"post_tag","embeddable":true,"href":"https:\/\/redeacampa.org\/gl\/wp-json\/wp\/v2\/tags?post=49665"}],"curies":[{"name":"wp","href":"https:\/\/api.w.org\/{rel}","templated":true}]}}