{"id":49709,"date":"2024-04-09T21:26:00","date_gmt":"2024-04-09T19:26:00","guid":{"rendered":"https:\/\/redeacampa.org\/?page_id=49709"},"modified":"2025-05-01T20:34:50","modified_gmt":"2025-05-01T18:34:50","slug":"prologo-2024-gl","status":"publish","type":"page","link":"https:\/\/redeacampa.org\/gl\/prologo-2024-gl\/","title":{"rendered":"Pr\u00f3logo 2024"},"content":{"rendered":"<p>[et_pb_section fb_built=&#8221;1&#8243; fullwidth=&#8221;on&#8221; custom_padding_last_edited=&#8221;on|desktop&#8221; admin_label=&#8221;section&#8221; _builder_version=&#8221;4.16&#8243; background_color=&#8221;#cd1619&#8243; custom_padding_tablet=&#8221;50px|0|50px|0&#8243; custom_padding_phone=&#8221;&#8221; transparent_background=&#8221;off&#8221; padding_mobile=&#8221;off&#8221; locked=&#8221;off&#8221; collapsed=&#8221;off&#8221; global_colors_info=&#8221;{}&#8221;][et_pb_fullwidth_header title=&#8221;Pr\u00f3logo&#8221; admin_label=&#8221;T\u00edtulo de anchura completa&#8221; _builder_version=&#8221;4.23.1&#8243; title_font=&#8221;|on|||&#8221; subhead_font=&#8221;||on||&#8221; background_color=&#8221;rgba(255, 255, 255, 0)&#8221; button_one_letter_spacing_hover=&#8221;0&#8243; button_two_letter_spacing_hover=&#8221;0&#8243; global_colors_info=&#8221;{}&#8221; button_one_text_size__hover_enabled=&#8221;off&#8221; button_two_text_size__hover_enabled=&#8221;off&#8221; button_one_text_color__hover_enabled=&#8221;off&#8221; button_two_text_color__hover_enabled=&#8221;off&#8221; button_one_border_width__hover_enabled=&#8221;off&#8221; button_two_border_width__hover_enabled=&#8221;off&#8221; button_one_border_color__hover_enabled=&#8221;off&#8221; button_two_border_color__hover_enabled=&#8221;off&#8221; button_one_border_radius__hover_enabled=&#8221;off&#8221; button_two_border_radius__hover_enabled=&#8221;off&#8221; button_one_letter_spacing__hover_enabled=&#8221;on&#8221; button_one_letter_spacing__hover=&#8221;0&#8243; button_two_letter_spacing__hover_enabled=&#8221;on&#8221; button_two_letter_spacing__hover=&#8221;0&#8243; button_one_bg_color__hover_enabled=&#8221;off&#8221; button_two_bg_color__hover_enabled=&#8221;off&#8221;][\/et_pb_fullwidth_header][\/et_pb_section][et_pb_section fb_built=&#8221;1&#8243; admin_label=&#8221;Secci\u00f3n Rosa Cabecera&#8221; _builder_version=&#8221;4.23.1&#8243; _module_preset=&#8221;default&#8221; background_color=&#8221;#ffedea&#8221; custom_margin=&#8221;||||false|false&#8221; custom_padding=&#8221;||||false|false&#8221; locked=&#8221;off&#8221; collapsed=&#8221;off&#8221; global_colors_info=&#8221;{}&#8221;][et_pb_row column_structure=&#8221;1_2,1_2&#8243; use_custom_gutter=&#8221;on&#8221; make_equal=&#8221;on&#8221; admin_label=&#8221;Cabeceira&#8221; _builder_version=&#8221;4.23.1&#8243; _module_preset=&#8221;default&#8221; min_height=&#8221;462.2px&#8221; custom_margin=&#8221;5px|auto|-40px|auto||&#8221; custom_padding=&#8221;||0px|||&#8221; collapsed=&#8221;off&#8221; global_colors_info=&#8221;{}&#8221;][et_pb_column type=&#8221;1_2&#8243; _builder_version=&#8221;4.16&#8243; _module_preset=&#8221;default&#8221; global_colors_info=&#8221;{}&#8221;][et_pb_text _builder_version=&#8221;4.23.1&#8243; _module_preset=&#8221;default&#8221; global_colors_info=&#8221;{}&#8221;]<\/p>\n<p>Neste <span style=\"color: #cd1619;\"><strong>VIII Encontro Internacional Acampa pola Paz e o Dereito a Refuxio <\/strong><\/span>queremos abordar a delicada situaci\u00f3n da infancia e a xuventude, especialmente daquela que, por diferentes motivos, se ve obrigada a desprazarse e a solicitar refuxio.<\/p>\n<p>Son alarmantes os datos de ACNUR do ano 2023, que fixan a cifra de desprazados forzosos por violaci\u00f3ns de Dereitos Humanos (DD.\u2009HH.) por riba dos 114 mill\u00f3ns de persoas. A metade da poboaci\u00f3n refuxiada no mundo a causa de guerras, crise clim\u00e1tica, desastres naturais, fame e violencias de toda \u00edndole son nenos e nenas menores de dezaoito anos. Isto \u00e9, unha infancia vulnerable constantemente en tr\u00e1nsito. En moitas ocasi\u00f3ns chegan sen familia ou p\u00e9rdenano proceso migratorio, est\u00e1n enfermos, en choque emocional, son criminalizados, te\u00f1en que renunciar durante anos ao seu dereito a ir a escola, a aprender, a acceder \u00e1 sanidade, \u00e1 cultura\u2026en definitiva, a medraren como lles corresponder\u00eda.<\/p>\n<p>Os perigos multipl\u00edcanse exponencialmente. As organizaci\u00f3ns humanitarias que traballan coa infancia e a xuventude alertan dos riscos crecentes neses escenarios sen control: secuestros, explotaci\u00f3n sexual, tr\u00e1fico de \u00f3rganos, deterioraci\u00f3n da sa\u00fade mental e f\u00edsica&#8230;<\/p>\n<p>Miles de nenos e nenas son asasinados ante os ollos da comunidade internacional. Na Franxa de Gaza levamos meses asistindo, at\u00f3nitos, ao masacre que Israel est\u00e1 inflixindo ao pobo palestino, sementando todo o territoriode nenos e nenas mortos e orfos. Pero non\u00e9 s\u00f3 Gaza. Cincuenta conflitos est\u00e1n activos arestora no mundo e, neles, a propia existencia ou os dereitos esenciais da s\u00faa infancia exuventude est\u00e1n sendo permanentemente ameazados: O Iemen, Sud\u00e1n do Sur, Mal\u00ed, Rep\u00fablica Democr\u00e1tica do Congo, Ucra\u00edna\u2026<\/p>\n<p>A Rede <span style=\"color: #cd1619;\"><strong>Acampa pola Paz e o Dereito a Refuxio <\/strong><\/span>quere ser o altofalante para a reivindicaci\u00f3n colectiva que esixa acci\u00f3ns urxentes e necesarias, de alcance internacional, que minimicen o dano e faciliten a incorporaci\u00f3n da infancia e a xuventude, canto antes, a unha vida digna, respectuosa e saudable, \u00e1 que te\u00f1en dereito independentemente da s\u00faa orixe&#8230; Vemos acot\u00edo como os menores non acompa\u00f1ados se converten en moeda de cambio, en pedra de toque, nun problema que dentro de cada pa\u00eds receptor ningu\u00e9n quere resolver seriamente por medio de pol\u00edticas p\u00fablicas necesarias e urxentes.<\/p>\n<p>Como sociedade debemos esixirlles aos gobernos que garantan unha lexislaci\u00f3n espec\u00edfica que asegure a protecci\u00f3n dos dereitos da infancia e a adolescencia, no marco legal e regulador dos DD.\u2009HH. Non podemos permitir as devoluci\u00f3ns ilegais (en quente) ou a externalizaci\u00f3n de fronteiras pagando cos nosos impostos a gobernos antidemocr\u00e1ticos e mat\u00f3ns que violan os DD.\u2009HH. acot\u00edo.<\/p>\n<p><strong><span style=\"color: #cd1619;\">Acampa<\/span> <\/strong>en Galicia e Brasil considera fundamental levar esta discusi\u00f3n ao \u00e1mbito internacional, xa que esta poboaci\u00f3n de menores refuxiados est\u00e1 a iniciar a s\u00faa vida e necesita ser acollida e integrada, require de toda a xustiza social, xur\u00eddica epol\u00edtica ao seu favor.<\/p>\n<p><span style=\"color: #cd1619;\"><strong>Acampa pola Paz <\/strong><\/span>prioriza a reflexi\u00f3n, a aprendizaxe e o co\u00f1ecemento da poboaci\u00f3n local al\u00e1 onde opera, para que sexa esta a que procure o cami\u00f1o no marco do Estado de dereito e a xustiza social, e o faga independentemente da clase social, raza, x\u00e9nero, credo, cultura ou idade de quen chega, sen negar o diferente, abrazando a pluralidade sen violencia, xenofobia ou odio na construci\u00f3n permanente da paz.<\/p>\n<p>[\/et_pb_text][\/et_pb_column][et_pb_column type=&#8221;1_2&#8243; _builder_version=&#8221;4.16&#8243; _module_preset=&#8221;default&#8221; global_colors_info=&#8221;{}&#8221;][et_pb_text _builder_version=&#8221;4.23.1&#8243; _module_preset=&#8221;default&#8221; global_colors_info=&#8221;{}&#8221;]<\/p>\n<p>O obxectivo deste <span style=\"color: #cd1619;\"><strong>VIII Encontro Internacional<\/strong><\/span>\u2014que celebramos en xu\u00f1o na Coru\u00f1a (Galicia, Espa\u00f1a) e en outubro en Piracicaba (S\u00e3o Paulo, Brasil)\u2014non \u00e9 outro que abrir un amplo debate sobre as causas da situaci\u00f3n de vulnerabilidade da infancia desprazada forzosamente, as\u00ed como sobre a maneira en que haber\u00e1 de acometerse o seu proceso de acollemento e integraci\u00f3n local, tendo seguridade xur\u00eddica e todas as pol\u00edticas p\u00fablicas e os dereitos fundamentais como marco.<\/p>\n<p>O feito certo \u00e9 que cada vez nos enfrontamos a un aumento maior das desigualdades, resultado das transformaci\u00f3ns sociais, econ\u00f3micas e pol\u00edticas do capitalismo contempor\u00e1neo, que agravaron a &#8220;cuesti\u00f3n social&#8221; e as s\u00faas manifestaci\u00f3ns, excretando cada vez m\u00e1is persoas cara a unha situaci\u00f3n de necesario refuxio. Sen esquecer, ademais, que este reto emerxe nun momento complexo, como ben aborda YanisVaroufakis\u2014economista e exministro de finanzas grego\u2014 ao asegurar que \u201co capitalismo morreu devorado polo propio capitalismo, abr\u00edndose un novo mundo tecnofeudal onde as grandes plataformas tecnol\u00f3xicas son as que dominan a econom\u00eda global porque manexan os datos, a informaci\u00f3n e, por tanto, te\u00f1en o control sobre os individuos. A concentraci\u00f3n de poder en mans dunhas poucas empresas, moi similar \u00e1 do feudalismo na Idade Media, fai que os Estados pinten moi pouco\u201d. Este problema global impactar\u00e1 especialmente na infancia e a xuventude vulnerable.<\/p>\n<p>Neste contexto, desde <span style=\"color: #cd1619;\"><strong>Acampa pola Paz <\/strong><\/span>apostamos pola unidade como \u00fanica forma eficaz de afrontarmos estes retos, coa seguridade de que tarde ou cedo as sociedades do mundo espertar\u00e1n, pola s\u00faa propia supervivencia, coa forza capaz de cambiar o rumbo dun planeta que hoxe navega \u00e1 deriva.<\/p>\n<p>[\/et_pb_text][et_pb_image src=&#8221;https:\/\/redeacampa.org\/wp-content\/uploads\/CartelAcampa2024_def.jpeg&#8221; alt=&#8221;CartelAcampa2024_def&#8221; title_text=&#8221;CartelAcampa2024_def&#8221; _builder_version=&#8221;4.23.1&#8243; _module_preset=&#8221;default&#8221; global_colors_info=&#8221;{}&#8221;][\/et_pb_image][\/et_pb_column][\/et_pb_row][\/et_pb_section]<\/p>\n","protected":false},"excerpt":{"rendered":"<p>Neste VIII Encontro Internacional Acampa pola Paz e o Dereito a Refuxio queremos abordar a delicada situaci\u00f3n da infancia e a xuventude, especialmente daquela que, por diferentes motivos, se ve obrigada a desprazarse e a solicitar refuxio. Son alarmantes os datos de ACNUR do ano 2023, que fixan a cifra de desprazados forzosos por violaci\u00f3ns [&hellip;]<\/p>\n","protected":false},"author":4,"featured_media":0,"parent":0,"menu_order":0,"comment_status":"closed","ping_status":"closed","template":"","meta":{"_et_pb_use_builder":"on","_et_pb_old_content":"","_et_gb_content_width":"","footnotes":""},"categories":[47],"tags":[],"class_list":["post-49709","page","type-page","status-publish","hentry","category-acampa-2024-gl"],"yoast_head":"<!-- This site is optimized with the Yoast SEO plugin v26.4 - https:\/\/yoast.com\/wordpress\/plugins\/seo\/ -->\n<title>Pr\u00f3logo 2024 - Acampa - Pola paz e o dereito a refuxio<\/title>\n<meta name=\"description\" content=\"Pr\u00f3logo do VIII Encontro Internacional ACAMPA POLA PAZ E O DEREITO AO REFUXIO (A Coru\u00f1a, 7,8 e 9 de xu\u00f1o 2024)\" \/>\n<meta name=\"robots\" content=\"index, follow, max-snippet:-1, max-image-preview:large, max-video-preview:-1\" \/>\n<link rel=\"canonical\" href=\"https:\/\/redeacampa.org\/gl\/prologo-2024-gl\/\" \/>\n<meta property=\"og:locale\" content=\"gl_ES\" \/>\n<meta property=\"og:type\" content=\"article\" \/>\n<meta property=\"og:title\" content=\"Pr\u00f3logo 2024 - Acampa - Pola paz e o dereito a refuxio\" \/>\n<meta property=\"og:description\" content=\"Pr\u00f3logo do VIII Encontro Internacional ACAMPA POLA PAZ E O DEREITO AO REFUXIO (A Coru\u00f1a, 7,8 e 9 de xu\u00f1o 2024)\" \/>\n<meta property=\"og:url\" content=\"https:\/\/redeacampa.org\/gl\/prologo-2024-gl\/\" \/>\n<meta property=\"og:site_name\" content=\"Acampa - Pola paz e o dereito a refuxio\" \/>\n<meta property=\"article:publisher\" content=\"https:\/\/www.facebook.com\/acampapolapazeodereitoarefuxio\" \/>\n<meta property=\"article:modified_time\" content=\"2025-05-01T18:34:50+00:00\" \/>\n<meta name=\"twitter:card\" content=\"summary_large_image\" \/>\n<meta name=\"twitter:site\" content=\"@Acampa_polapaz\" \/>\n<meta name=\"twitter:label1\" content=\"Tempo de lectura\" \/>\n\t<meta name=\"twitter:data1\" content=\"5 minutos\" \/>\n<script type=\"application\/ld+json\" class=\"yoast-schema-graph\">{\"@context\":\"https:\/\/schema.org\",\"@graph\":[{\"@type\":\"WebPage\",\"@id\":\"https:\/\/redeacampa.org\/gl\/prologo-2024-gl\/\",\"url\":\"https:\/\/redeacampa.org\/gl\/prologo-2024-gl\/\",\"name\":\"Pr\u00f3logo 2024 - Acampa - Pola paz e o dereito a refuxio\",\"isPartOf\":{\"@id\":\"https:\/\/redeacampa.org\/gl\/#website\"},\"datePublished\":\"2024-04-09T19:26:00+00:00\",\"dateModified\":\"2025-05-01T18:34:50+00:00\",\"description\":\"Pr\u00f3logo do VIII Encontro Internacional ACAMPA POLA PAZ E O DEREITO AO REFUXIO (A Coru\u00f1a, 7,8 e 9 de xu\u00f1o 2024)\",\"breadcrumb\":{\"@id\":\"https:\/\/redeacampa.org\/gl\/prologo-2024-gl\/#breadcrumb\"},\"inLanguage\":\"gl-ES\",\"potentialAction\":[{\"@type\":\"ReadAction\",\"target\":[\"https:\/\/redeacampa.org\/gl\/prologo-2024-gl\/\"]}]},{\"@type\":\"BreadcrumbList\",\"@id\":\"https:\/\/redeacampa.org\/gl\/prologo-2024-gl\/#breadcrumb\",\"itemListElement\":[{\"@type\":\"ListItem\",\"position\":1,\"name\":\"Portada\",\"item\":\"https:\/\/redeacampa.org\/gl\/\"},{\"@type\":\"ListItem\",\"position\":2,\"name\":\"Pr\u00f3logo 2024\"}]},{\"@type\":\"WebSite\",\"@id\":\"https:\/\/redeacampa.org\/gl\/#website\",\"url\":\"https:\/\/redeacampa.org\/gl\/\",\"name\":\"Acampa - Pola paz e o dereito a refuxio\",\"description\":\"Unha iniciativa cidad\u00e1 sen fins de lucro integrada por colectivos sociais, culturais, educativos, veci\u00f1ais, pol\u00edticos, sindicais, art\u00edsticos, de persoas solidarias, de instituci\u00f3ns e empresas con responsabilidade social que te\u00f1en como obxectivo a defensa dos dereitos humanos, o Dereito Internacional Humanitario e o Dereito a Refuxio.\",\"publisher\":{\"@id\":\"https:\/\/redeacampa.org\/gl\/#organization\"},\"potentialAction\":[{\"@type\":\"SearchAction\",\"target\":{\"@type\":\"EntryPoint\",\"urlTemplate\":\"https:\/\/redeacampa.org\/gl\/?s={search_term_string}\"},\"query-input\":{\"@type\":\"PropertyValueSpecification\",\"valueRequired\":true,\"valueName\":\"search_term_string\"}}],\"inLanguage\":\"gl-ES\"},{\"@type\":\"Organization\",\"@id\":\"https:\/\/redeacampa.org\/gl\/#organization\",\"name\":\"Acampa\",\"url\":\"https:\/\/redeacampa.org\/gl\/\",\"logo\":{\"@type\":\"ImageObject\",\"inLanguage\":\"gl-ES\",\"@id\":\"https:\/\/redeacampa.org\/gl\/#\/schema\/logo\/image\/\",\"url\":\"https:\/\/redeacampa.org\/wp-content\/uploads\/2019\/01\/acampaConRojo_es.png\",\"contentUrl\":\"https:\/\/redeacampa.org\/wp-content\/uploads\/2019\/01\/acampaConRojo_es.png\",\"width\":612,\"height\":204,\"caption\":\"Acampa\"},\"image\":{\"@id\":\"https:\/\/redeacampa.org\/gl\/#\/schema\/logo\/image\/\"},\"sameAs\":[\"https:\/\/www.facebook.com\/acampapolapazeodereitoarefuxio\",\"https:\/\/x.com\/Acampa_polapaz\",\"https:\/\/www.instagram.com\/Acampa_polapaz\/\",\"https:\/\/www.youtube.com\/channel\/UChk1mSCHVEHmjq9e8PLb-mw\"]}]}<\/script>\n<!-- \/ Yoast SEO plugin. -->","yoast_head_json":{"title":"Pr\u00f3logo 2024 - Acampa - Pola paz e o dereito a refuxio","description":"Pr\u00f3logo do VIII Encontro Internacional ACAMPA POLA PAZ E O DEREITO AO REFUXIO (A Coru\u00f1a, 7,8 e 9 de xu\u00f1o 2024)","robots":{"index":"index","follow":"follow","max-snippet":"max-snippet:-1","max-image-preview":"max-image-preview:large","max-video-preview":"max-video-preview:-1"},"canonical":"https:\/\/redeacampa.org\/gl\/prologo-2024-gl\/","og_locale":"gl_ES","og_type":"article","og_title":"Pr\u00f3logo 2024 - Acampa - Pola paz e o dereito a refuxio","og_description":"Pr\u00f3logo do VIII Encontro Internacional ACAMPA POLA PAZ E O DEREITO AO REFUXIO (A Coru\u00f1a, 7,8 e 9 de xu\u00f1o 2024)","og_url":"https:\/\/redeacampa.org\/gl\/prologo-2024-gl\/","og_site_name":"Acampa - Pola paz e o dereito a refuxio","article_publisher":"https:\/\/www.facebook.com\/acampapolapazeodereitoarefuxio","article_modified_time":"2025-05-01T18:34:50+00:00","twitter_card":"summary_large_image","twitter_site":"@Acampa_polapaz","twitter_misc":{"Tempo de lectura":"5 minutos"},"schema":{"@context":"https:\/\/schema.org","@graph":[{"@type":"WebPage","@id":"https:\/\/redeacampa.org\/gl\/prologo-2024-gl\/","url":"https:\/\/redeacampa.org\/gl\/prologo-2024-gl\/","name":"Pr\u00f3logo 2024 - Acampa - Pola paz e o dereito a refuxio","isPartOf":{"@id":"https:\/\/redeacampa.org\/gl\/#website"},"datePublished":"2024-04-09T19:26:00+00:00","dateModified":"2025-05-01T18:34:50+00:00","description":"Pr\u00f3logo do VIII Encontro Internacional ACAMPA POLA PAZ E O DEREITO AO REFUXIO (A Coru\u00f1a, 7,8 e 9 de xu\u00f1o 2024)","breadcrumb":{"@id":"https:\/\/redeacampa.org\/gl\/prologo-2024-gl\/#breadcrumb"},"inLanguage":"gl-ES","potentialAction":[{"@type":"ReadAction","target":["https:\/\/redeacampa.org\/gl\/prologo-2024-gl\/"]}]},{"@type":"BreadcrumbList","@id":"https:\/\/redeacampa.org\/gl\/prologo-2024-gl\/#breadcrumb","itemListElement":[{"@type":"ListItem","position":1,"name":"Portada","item":"https:\/\/redeacampa.org\/gl\/"},{"@type":"ListItem","position":2,"name":"Pr\u00f3logo 2024"}]},{"@type":"WebSite","@id":"https:\/\/redeacampa.org\/gl\/#website","url":"https:\/\/redeacampa.org\/gl\/","name":"Acampa - Pola paz e o dereito a refuxio","description":"Unha iniciativa cidad\u00e1 sen fins de lucro integrada por colectivos sociais, culturais, educativos, veci\u00f1ais, pol\u00edticos, sindicais, art\u00edsticos, de persoas solidarias, de instituci\u00f3ns e empresas con responsabilidade social que te\u00f1en como obxectivo a defensa dos dereitos humanos, o Dereito Internacional Humanitario e o Dereito a Refuxio.","publisher":{"@id":"https:\/\/redeacampa.org\/gl\/#organization"},"potentialAction":[{"@type":"SearchAction","target":{"@type":"EntryPoint","urlTemplate":"https:\/\/redeacampa.org\/gl\/?s={search_term_string}"},"query-input":{"@type":"PropertyValueSpecification","valueRequired":true,"valueName":"search_term_string"}}],"inLanguage":"gl-ES"},{"@type":"Organization","@id":"https:\/\/redeacampa.org\/gl\/#organization","name":"Acampa","url":"https:\/\/redeacampa.org\/gl\/","logo":{"@type":"ImageObject","inLanguage":"gl-ES","@id":"https:\/\/redeacampa.org\/gl\/#\/schema\/logo\/image\/","url":"https:\/\/redeacampa.org\/wp-content\/uploads\/2019\/01\/acampaConRojo_es.png","contentUrl":"https:\/\/redeacampa.org\/wp-content\/uploads\/2019\/01\/acampaConRojo_es.png","width":612,"height":204,"caption":"Acampa"},"image":{"@id":"https:\/\/redeacampa.org\/gl\/#\/schema\/logo\/image\/"},"sameAs":["https:\/\/www.facebook.com\/acampapolapazeodereitoarefuxio","https:\/\/x.com\/Acampa_polapaz","https:\/\/www.instagram.com\/Acampa_polapaz\/","https:\/\/www.youtube.com\/channel\/UChk1mSCHVEHmjq9e8PLb-mw"]}]}},"_links":{"self":[{"href":"https:\/\/redeacampa.org\/gl\/wp-json\/wp\/v2\/pages\/49709","targetHints":{"allow":["GET"]}}],"collection":[{"href":"https:\/\/redeacampa.org\/gl\/wp-json\/wp\/v2\/pages"}],"about":[{"href":"https:\/\/redeacampa.org\/gl\/wp-json\/wp\/v2\/types\/page"}],"author":[{"embeddable":true,"href":"https:\/\/redeacampa.org\/gl\/wp-json\/wp\/v2\/users\/4"}],"replies":[{"embeddable":true,"href":"https:\/\/redeacampa.org\/gl\/wp-json\/wp\/v2\/comments?post=49709"}],"version-history":[{"count":6,"href":"https:\/\/redeacampa.org\/gl\/wp-json\/wp\/v2\/pages\/49709\/revisions"}],"predecessor-version":[{"id":54645,"href":"https:\/\/redeacampa.org\/gl\/wp-json\/wp\/v2\/pages\/49709\/revisions\/54645"}],"wp:attachment":[{"href":"https:\/\/redeacampa.org\/gl\/wp-json\/wp\/v2\/media?parent=49709"}],"wp:term":[{"taxonomy":"category","embeddable":true,"href":"https:\/\/redeacampa.org\/gl\/wp-json\/wp\/v2\/categories?post=49709"},{"taxonomy":"post_tag","embeddable":true,"href":"https:\/\/redeacampa.org\/gl\/wp-json\/wp\/v2\/tags?post=49709"}],"curies":[{"name":"wp","href":"https:\/\/api.w.org\/{rel}","templated":true}]}}