{"id":51775,"date":"2024-05-14T19:13:29","date_gmt":"2024-05-14T17:13:29","guid":{"rendered":"https:\/\/redeacampa.org\/?page_id=51775"},"modified":"2025-05-01T18:43:33","modified_gmt":"2025-05-01T16:43:33","slug":"financiamento","status":"publish","type":"page","link":"https:\/\/redeacampa.org\/gl\/financiamento\/","title":{"rendered":"Financiamento"},"content":{"rendered":"<p>[et_pb_section fb_built=&#8221;1&#8243; fullwidth=&#8221;on&#8221; custom_padding_last_edited=&#8221;on|desktop&#8221; admin_label=&#8221;section&#8221; _builder_version=&#8221;4.16&#8243; background_color=&#8221;#cd1619&#8243; custom_padding_tablet=&#8221;50px|0|50px|0&#8243; custom_padding_phone=&#8221;&#8221; transparent_background=&#8221;off&#8221; padding_mobile=&#8221;off&#8221; locked=&#8221;off&#8221; collapsed=&#8221;off&#8221; global_colors_info=&#8221;{}&#8221;][et_pb_fullwidth_header title=&#8221;Financiamento&#8221; admin_label=&#8221;T\u00edtulo de anchura completa&#8221; _builder_version=&#8221;4.23.1&#8243; title_font=&#8221;|on|||&#8221; subhead_font=&#8221;||on||&#8221; background_color=&#8221;rgba(255, 255, 255, 0)&#8221; hover_enabled=&#8221;0&#8243; button_one_letter_spacing_hover=&#8221;0&#8243; button_two_letter_spacing_hover=&#8221;0&#8243; global_colors_info=&#8221;{}&#8221; button_one_text_size__hover_enabled=&#8221;off&#8221; button_two_text_size__hover_enabled=&#8221;off&#8221; button_one_text_color__hover_enabled=&#8221;off&#8221; button_two_text_color__hover_enabled=&#8221;off&#8221; button_one_border_width__hover_enabled=&#8221;off&#8221; button_two_border_width__hover_enabled=&#8221;off&#8221; button_one_border_color__hover_enabled=&#8221;off&#8221; button_two_border_color__hover_enabled=&#8221;off&#8221; button_one_border_radius__hover_enabled=&#8221;off&#8221; button_two_border_radius__hover_enabled=&#8221;off&#8221; button_one_letter_spacing__hover_enabled=&#8221;on&#8221; button_one_letter_spacing__hover=&#8221;0&#8243; button_two_letter_spacing__hover_enabled=&#8221;on&#8221; button_two_letter_spacing__hover=&#8221;0&#8243; button_one_bg_color__hover_enabled=&#8221;off&#8221; button_two_bg_color__hover_enabled=&#8221;off&#8221; sticky_enabled=&#8221;0&#8243;][\/et_pb_fullwidth_header][\/et_pb_section][et_pb_section fb_built=&#8221;1&#8243; admin_label=&#8221;Secci\u00f3n Rosa Cabecera&#8221; _builder_version=&#8221;4.23.1&#8243; _module_preset=&#8221;default&#8221; background_color=&#8221;#ffedea&#8221; custom_margin=&#8221;||||false|false&#8221; custom_padding=&#8221;||||false|false&#8221; locked=&#8221;off&#8221; collapsed=&#8221;off&#8221; global_colors_info=&#8221;{}&#8221;][et_pb_row use_custom_gutter=&#8221;on&#8221; make_equal=&#8221;on&#8221; admin_label=&#8221;Cabeceira&#8221; _builder_version=&#8221;4.23.1&#8243; _module_preset=&#8221;default&#8221; min_height=&#8221;462.2px&#8221; custom_margin=&#8221;5px|auto|-40px|auto||&#8221; custom_padding=&#8221;||0px|||&#8221; collapsed=&#8221;off&#8221; global_colors_info=&#8221;{}&#8221;][et_pb_column type=&#8221;4_4&#8243; _builder_version=&#8221;4.16&#8243; _module_preset=&#8221;default&#8221; global_colors_info=&#8221;{}&#8221;][et_pb_text _builder_version=&#8221;4.23.1&#8243; _module_preset=&#8221;default&#8221; hover_enabled=&#8221;0&#8243; global_colors_info=&#8221;{}&#8221; sticky_enabled=&#8221;0&#8243;]<\/p>\n<p><span style=\"color: #cd1619;\"><strong>Acampa pola paz e o dereito a refuxio<\/strong><\/span>\u00a0\u00e9 unha iniciativa que traballa na sensibilizaci\u00f3n da cidadan\u00eda, na creaci\u00f3n dunha rede de intercambio de informaci\u00f3n que sirva para contrarrestar, na medida do posible, a desinformaci\u00f3n dos grandes medios. Traballamos no fortalecemento da unidade de acci\u00f3n entre as organizaci\u00f3ns e as persoas e, mediante a informaci\u00f3n contrastada e directa, en sensibilizar e incorporar moita xente nova \u00e1 defensa dos dereitos humanos.<\/p>\n<p>A atenci\u00f3n \u00e1s persoas refuxiadas que nestes intres centra o esforzo das organizaci\u00f3ns e das persoas comprometidas pode acometerse de varios xeitos: a cobertura directa das s\u00faas necesidades b\u00e1sicas e tam\u00e9n, e fundamental, a presi\u00f3n cidad\u00e1 sobre os gobernos que deben cumprir os seus compromisos de acollemento das persoas refuxiadas que, en moitos casos, levan meses e meses esperando unha oportunidade para vivir de xeito independente. O que as persoas refuxiadas demandan \u00e9 a paz para regresar \u00e1s s\u00faas vidas, e, mentres iso non poida ser, unha oportunidade para reiniciaren unha vida sobre a base do seu propio traballo. Esta iniciativa de presi\u00f3n cidad\u00e1\/pol\u00edtica \u00e9 fundamental para reverter a situaci\u00f3n de abandono institucional.<\/p>\n<p>Para po\u00f1er o foco medi\u00e1tico sobre a crise humanitaria das persoas refuxiadas e chegar a unha porcentaxe alta do tecido social, organizamos un encontro entre a cidadan\u00eda, as v\u00edtimas, as ong, voluntarios e voluntarias, persoas expertas na materia e moitas outras que poden achegar o seu traballo e a s\u00faa experiencia.<\/p>\n<p><span style=\"color: #cd1619;\">Acampa pola paz e o dereito a refuxio,<\/span> como iniciativa sen fins de lucro, n\u00fatrese, fundamentalmente, do traballo voluntario de decenas de persoas especializadas que conforman os equipos de traballo, que achegan coa s\u00faa enerx\u00eda e co\u00f1ecemento para sacar adiante este proxecto. A\u00ednda as\u00ed, necesitamos captar fondos que cubran as infraestruturas necesarias para chegar a moita xente e celebrar os actos por toda a cidade: as exposici\u00f3ns, os obradoiros, os encontros, conferencias, visitas guiadas, actividades infant\u00eds, e a infraestrutura necesaria para o simb\u00f3lico campo de persoas refuxiadas.<\/p>\n<p><span style=\"color: #cd1619;\">ACAMPA<\/span> non ten persoas asalariadas, nin medios propios. Os gastos coti\u00e1ns de funcionamento son cubertos polas persoas voluntarias que conformamos os equipos de traballo.<\/p>\n<p>Acadamos fondos por diversas v\u00edas: as doaz\u00f3ns das persoas e organizaci\u00f3ns que se suman \u00e1 rede, as campa\u00f1as de micro-mecenado, presentando o proxecto \u00e1s convocatorias que promoven as diferentes administraci\u00f3ns para sensibilizaci\u00f3n, doaz\u00f3ns de empresas con responsabilidade social, achegas en especie que fan organizaci\u00f3ns e empresas colaboradoras.<\/p>\n<p>Os fondos recadados non compiten cos destinados ao traballo asistencial das organizaci\u00f3ns que conforman a rede nin cos das que traballan sobre o terreo.<\/p>\n<p><span style=\"color: #cd1619;\">ACAMPA<\/span> ten como obxectivo sermos capaces, entre todos e todas, de po\u00f1er en evidencia a enorme desprotecci\u00f3n dos Estados diante do sufrimento das persoas que foxen dos conflitos que eses mesmos Estados provocan, e esta \u00e9 unha tarefa que implica un enorme compromiso de persoas e organizaci\u00f3ns. Desvelar esta evidencia precisa do traballo voluntario e tam\u00e9n de recursos abondos para levar a cabo un evento unitario e realmente sonoro.<\/p>\n<p>[\/et_pb_text][\/et_pb_column][\/et_pb_row][\/et_pb_section]<\/p>\n","protected":false},"excerpt":{"rendered":"<p>Acampa pola paz e o dereito a refuxio\u00a0\u00e9 unha iniciativa que traballa na sensibilizaci\u00f3n da cidadan\u00eda, na creaci\u00f3n dunha rede de intercambio de informaci\u00f3n que sirva para contrarrestar, na medida do posible, a desinformaci\u00f3n dos grandes medios. Traballamos no fortalecemento da unidade de acci\u00f3n entre as organizaci\u00f3ns e as persoas e, mediante a informaci\u00f3n contrastada [&hellip;]<\/p>\n","protected":false},"author":4,"featured_media":45156,"parent":0,"menu_order":0,"comment_status":"closed","ping_status":"closed","template":"","meta":{"_et_pb_use_builder":"on","_et_pb_old_content":"","_et_gb_content_width":"","footnotes":""},"categories":[3],"tags":[],"class_list":["post-51775","page","type-page","status-publish","has-post-thumbnail","hentry","category-sin-categoria-gl"],"yoast_head":"<!-- This site is optimized with the Yoast SEO plugin v26.4 - https:\/\/yoast.com\/wordpress\/plugins\/seo\/ -->\n<title>Financiamento - Acampa - Pola paz e o dereito a refuxio<\/title>\n<meta name=\"description\" content=\"Co\u00f1ece a asociaci\u00f3n REDE ACAMPA POLA PAZ E O DEREITO A REFUXIO, con sede actualmente na Coru\u00f1a, Brasil e pr\u00f3ximamente Portugal.\" \/>\n<meta name=\"robots\" content=\"index, follow, max-snippet:-1, max-image-preview:large, max-video-preview:-1\" \/>\n<link rel=\"canonical\" href=\"https:\/\/redeacampa.org\/gl\/financiamento\/\" \/>\n<meta property=\"og:locale\" content=\"gl_ES\" \/>\n<meta property=\"og:type\" content=\"article\" \/>\n<meta property=\"og:title\" content=\"Financiamento - Acampa - Pola paz e o dereito a refuxio\" \/>\n<meta property=\"og:description\" content=\"Co\u00f1ece a asociaci\u00f3n REDE ACAMPA POLA PAZ E O DEREITO A REFUXIO, con sede actualmente na Coru\u00f1a, Brasil e pr\u00f3ximamente Portugal.\" \/>\n<meta property=\"og:url\" content=\"https:\/\/redeacampa.org\/gl\/financiamento\/\" \/>\n<meta property=\"og:site_name\" content=\"Acampa - Pola paz e o dereito a refuxio\" \/>\n<meta property=\"article:publisher\" content=\"https:\/\/www.facebook.com\/acampapolapazeodereitoarefuxio\" \/>\n<meta property=\"article:modified_time\" content=\"2025-05-01T16:43:33+00:00\" \/>\n<meta property=\"og:image\" content=\"https:\/\/redeacampa.org\/wp-content\/uploads\/Acampa_gl.png\" \/>\n\t<meta property=\"og:image:width\" content=\"497\" \/>\n\t<meta property=\"og:image:height\" content=\"167\" \/>\n\t<meta property=\"og:image:type\" content=\"image\/png\" \/>\n<meta name=\"twitter:card\" content=\"summary_large_image\" \/>\n<meta name=\"twitter:site\" content=\"@Acampa_polapaz\" \/>\n<meta name=\"twitter:label1\" content=\"Tempo de lectura\" \/>\n\t<meta name=\"twitter:data1\" content=\"3 minutos\" \/>\n<script type=\"application\/ld+json\" class=\"yoast-schema-graph\">{\"@context\":\"https:\/\/schema.org\",\"@graph\":[{\"@type\":\"WebPage\",\"@id\":\"https:\/\/redeacampa.org\/gl\/financiamento\/\",\"url\":\"https:\/\/redeacampa.org\/gl\/financiamento\/\",\"name\":\"Financiamento - Acampa - Pola paz e o dereito a refuxio\",\"isPartOf\":{\"@id\":\"https:\/\/redeacampa.org\/gl\/#website\"},\"primaryImageOfPage\":{\"@id\":\"https:\/\/redeacampa.org\/gl\/financiamento\/#primaryimage\"},\"image\":{\"@id\":\"https:\/\/redeacampa.org\/gl\/financiamento\/#primaryimage\"},\"thumbnailUrl\":\"https:\/\/redeacampa.org\/wp-content\/uploads\/Acampa_gl.png\",\"datePublished\":\"2024-05-14T17:13:29+00:00\",\"dateModified\":\"2025-05-01T16:43:33+00:00\",\"description\":\"Co\u00f1ece a asociaci\u00f3n REDE ACAMPA POLA PAZ E O DEREITO A REFUXIO, con sede actualmente na Coru\u00f1a, Brasil e pr\u00f3ximamente Portugal.\",\"breadcrumb\":{\"@id\":\"https:\/\/redeacampa.org\/gl\/financiamento\/#breadcrumb\"},\"inLanguage\":\"gl-ES\",\"potentialAction\":[{\"@type\":\"ReadAction\",\"target\":[\"https:\/\/redeacampa.org\/gl\/financiamento\/\"]}]},{\"@type\":\"ImageObject\",\"inLanguage\":\"gl-ES\",\"@id\":\"https:\/\/redeacampa.org\/gl\/financiamento\/#primaryimage\",\"url\":\"https:\/\/redeacampa.org\/wp-content\/uploads\/Acampa_gl.png\",\"contentUrl\":\"https:\/\/redeacampa.org\/wp-content\/uploads\/Acampa_gl.png\",\"width\":497,\"height\":167,\"caption\":\"Acampa, Pola Paz e o Dereito a Refuxio\"},{\"@type\":\"BreadcrumbList\",\"@id\":\"https:\/\/redeacampa.org\/gl\/financiamento\/#breadcrumb\",\"itemListElement\":[{\"@type\":\"ListItem\",\"position\":1,\"name\":\"Portada\",\"item\":\"https:\/\/redeacampa.org\/gl\/\"},{\"@type\":\"ListItem\",\"position\":2,\"name\":\"Financiamento\"}]},{\"@type\":\"WebSite\",\"@id\":\"https:\/\/redeacampa.org\/gl\/#website\",\"url\":\"https:\/\/redeacampa.org\/gl\/\",\"name\":\"Acampa - Pola paz e o dereito a refuxio\",\"description\":\"Unha iniciativa cidad\u00e1 sen fins de lucro integrada por colectivos sociais, culturais, educativos, veci\u00f1ais, pol\u00edticos, sindicais, art\u00edsticos, de persoas solidarias, de instituci\u00f3ns e empresas con responsabilidade social que te\u00f1en como obxectivo a defensa dos dereitos humanos, o Dereito Internacional Humanitario e o Dereito a Refuxio.\",\"publisher\":{\"@id\":\"https:\/\/redeacampa.org\/gl\/#organization\"},\"potentialAction\":[{\"@type\":\"SearchAction\",\"target\":{\"@type\":\"EntryPoint\",\"urlTemplate\":\"https:\/\/redeacampa.org\/gl\/?s={search_term_string}\"},\"query-input\":{\"@type\":\"PropertyValueSpecification\",\"valueRequired\":true,\"valueName\":\"search_term_string\"}}],\"inLanguage\":\"gl-ES\"},{\"@type\":\"Organization\",\"@id\":\"https:\/\/redeacampa.org\/gl\/#organization\",\"name\":\"Acampa\",\"url\":\"https:\/\/redeacampa.org\/gl\/\",\"logo\":{\"@type\":\"ImageObject\",\"inLanguage\":\"gl-ES\",\"@id\":\"https:\/\/redeacampa.org\/gl\/#\/schema\/logo\/image\/\",\"url\":\"https:\/\/redeacampa.org\/wp-content\/uploads\/2019\/01\/acampaConRojo_es.png\",\"contentUrl\":\"https:\/\/redeacampa.org\/wp-content\/uploads\/2019\/01\/acampaConRojo_es.png\",\"width\":612,\"height\":204,\"caption\":\"Acampa\"},\"image\":{\"@id\":\"https:\/\/redeacampa.org\/gl\/#\/schema\/logo\/image\/\"},\"sameAs\":[\"https:\/\/www.facebook.com\/acampapolapazeodereitoarefuxio\",\"https:\/\/x.com\/Acampa_polapaz\",\"https:\/\/www.instagram.com\/Acampa_polapaz\/\",\"https:\/\/www.youtube.com\/channel\/UChk1mSCHVEHmjq9e8PLb-mw\"]}]}<\/script>\n<!-- \/ Yoast SEO plugin. -->","yoast_head_json":{"title":"Financiamento - Acampa - Pola paz e o dereito a refuxio","description":"Co\u00f1ece a asociaci\u00f3n REDE ACAMPA POLA PAZ E O DEREITO A REFUXIO, con sede actualmente na Coru\u00f1a, Brasil e pr\u00f3ximamente Portugal.","robots":{"index":"index","follow":"follow","max-snippet":"max-snippet:-1","max-image-preview":"max-image-preview:large","max-video-preview":"max-video-preview:-1"},"canonical":"https:\/\/redeacampa.org\/gl\/financiamento\/","og_locale":"gl_ES","og_type":"article","og_title":"Financiamento - Acampa - Pola paz e o dereito a refuxio","og_description":"Co\u00f1ece a asociaci\u00f3n REDE ACAMPA POLA PAZ E O DEREITO A REFUXIO, con sede actualmente na Coru\u00f1a, Brasil e pr\u00f3ximamente Portugal.","og_url":"https:\/\/redeacampa.org\/gl\/financiamento\/","og_site_name":"Acampa - Pola paz e o dereito a refuxio","article_publisher":"https:\/\/www.facebook.com\/acampapolapazeodereitoarefuxio","article_modified_time":"2025-05-01T16:43:33+00:00","og_image":[{"width":497,"height":167,"url":"https:\/\/redeacampa.org\/wp-content\/uploads\/Acampa_gl.png","type":"image\/png"}],"twitter_card":"summary_large_image","twitter_site":"@Acampa_polapaz","twitter_misc":{"Tempo de lectura":"3 minutos"},"schema":{"@context":"https:\/\/schema.org","@graph":[{"@type":"WebPage","@id":"https:\/\/redeacampa.org\/gl\/financiamento\/","url":"https:\/\/redeacampa.org\/gl\/financiamento\/","name":"Financiamento - Acampa - Pola paz e o dereito a refuxio","isPartOf":{"@id":"https:\/\/redeacampa.org\/gl\/#website"},"primaryImageOfPage":{"@id":"https:\/\/redeacampa.org\/gl\/financiamento\/#primaryimage"},"image":{"@id":"https:\/\/redeacampa.org\/gl\/financiamento\/#primaryimage"},"thumbnailUrl":"https:\/\/redeacampa.org\/wp-content\/uploads\/Acampa_gl.png","datePublished":"2024-05-14T17:13:29+00:00","dateModified":"2025-05-01T16:43:33+00:00","description":"Co\u00f1ece a asociaci\u00f3n REDE ACAMPA POLA PAZ E O DEREITO A REFUXIO, con sede actualmente na Coru\u00f1a, Brasil e pr\u00f3ximamente Portugal.","breadcrumb":{"@id":"https:\/\/redeacampa.org\/gl\/financiamento\/#breadcrumb"},"inLanguage":"gl-ES","potentialAction":[{"@type":"ReadAction","target":["https:\/\/redeacampa.org\/gl\/financiamento\/"]}]},{"@type":"ImageObject","inLanguage":"gl-ES","@id":"https:\/\/redeacampa.org\/gl\/financiamento\/#primaryimage","url":"https:\/\/redeacampa.org\/wp-content\/uploads\/Acampa_gl.png","contentUrl":"https:\/\/redeacampa.org\/wp-content\/uploads\/Acampa_gl.png","width":497,"height":167,"caption":"Acampa, Pola Paz e o Dereito a Refuxio"},{"@type":"BreadcrumbList","@id":"https:\/\/redeacampa.org\/gl\/financiamento\/#breadcrumb","itemListElement":[{"@type":"ListItem","position":1,"name":"Portada","item":"https:\/\/redeacampa.org\/gl\/"},{"@type":"ListItem","position":2,"name":"Financiamento"}]},{"@type":"WebSite","@id":"https:\/\/redeacampa.org\/gl\/#website","url":"https:\/\/redeacampa.org\/gl\/","name":"Acampa - Pola paz e o dereito a refuxio","description":"Unha iniciativa cidad\u00e1 sen fins de lucro integrada por colectivos sociais, culturais, educativos, veci\u00f1ais, pol\u00edticos, sindicais, art\u00edsticos, de persoas solidarias, de instituci\u00f3ns e empresas con responsabilidade social que te\u00f1en como obxectivo a defensa dos dereitos humanos, o Dereito Internacional Humanitario e o Dereito a Refuxio.","publisher":{"@id":"https:\/\/redeacampa.org\/gl\/#organization"},"potentialAction":[{"@type":"SearchAction","target":{"@type":"EntryPoint","urlTemplate":"https:\/\/redeacampa.org\/gl\/?s={search_term_string}"},"query-input":{"@type":"PropertyValueSpecification","valueRequired":true,"valueName":"search_term_string"}}],"inLanguage":"gl-ES"},{"@type":"Organization","@id":"https:\/\/redeacampa.org\/gl\/#organization","name":"Acampa","url":"https:\/\/redeacampa.org\/gl\/","logo":{"@type":"ImageObject","inLanguage":"gl-ES","@id":"https:\/\/redeacampa.org\/gl\/#\/schema\/logo\/image\/","url":"https:\/\/redeacampa.org\/wp-content\/uploads\/2019\/01\/acampaConRojo_es.png","contentUrl":"https:\/\/redeacampa.org\/wp-content\/uploads\/2019\/01\/acampaConRojo_es.png","width":612,"height":204,"caption":"Acampa"},"image":{"@id":"https:\/\/redeacampa.org\/gl\/#\/schema\/logo\/image\/"},"sameAs":["https:\/\/www.facebook.com\/acampapolapazeodereitoarefuxio","https:\/\/x.com\/Acampa_polapaz","https:\/\/www.instagram.com\/Acampa_polapaz\/","https:\/\/www.youtube.com\/channel\/UChk1mSCHVEHmjq9e8PLb-mw"]}]}},"_links":{"self":[{"href":"https:\/\/redeacampa.org\/gl\/wp-json\/wp\/v2\/pages\/51775","targetHints":{"allow":["GET"]}}],"collection":[{"href":"https:\/\/redeacampa.org\/gl\/wp-json\/wp\/v2\/pages"}],"about":[{"href":"https:\/\/redeacampa.org\/gl\/wp-json\/wp\/v2\/types\/page"}],"author":[{"embeddable":true,"href":"https:\/\/redeacampa.org\/gl\/wp-json\/wp\/v2\/users\/4"}],"replies":[{"embeddable":true,"href":"https:\/\/redeacampa.org\/gl\/wp-json\/wp\/v2\/comments?post=51775"}],"version-history":[{"count":3,"href":"https:\/\/redeacampa.org\/gl\/wp-json\/wp\/v2\/pages\/51775\/revisions"}],"predecessor-version":[{"id":51785,"href":"https:\/\/redeacampa.org\/gl\/wp-json\/wp\/v2\/pages\/51775\/revisions\/51785"}],"wp:featuredmedia":[{"embeddable":true,"href":"https:\/\/redeacampa.org\/gl\/wp-json\/wp\/v2\/media\/45156"}],"wp:attachment":[{"href":"https:\/\/redeacampa.org\/gl\/wp-json\/wp\/v2\/media?parent=51775"}],"wp:term":[{"taxonomy":"category","embeddable":true,"href":"https:\/\/redeacampa.org\/gl\/wp-json\/wp\/v2\/categories?post=51775"},{"taxonomy":"post_tag","embeddable":true,"href":"https:\/\/redeacampa.org\/gl\/wp-json\/wp\/v2\/tags?post=51775"}],"curies":[{"name":"wp","href":"https:\/\/api.w.org\/{rel}","templated":true}]}}