{"id":53655,"date":"2025-01-24T18:02:09","date_gmt":"2025-01-24T17:02:09","guid":{"rendered":"https:\/\/redeacampa.org\/?page_id=53655"},"modified":"2025-05-01T18:58:56","modified_gmt":"2025-05-01T16:58:56","slug":"v-reco-bases-acampa-2025","status":"publish","type":"page","link":"https:\/\/redeacampa.org\/gl\/v-reco-bases-acampa-2025\/","title":{"rendered":"V Reco Bases Acampa 2025"},"content":{"rendered":"<p>[et_pb_section fb_built=&#8221;1&#8243; fullwidth=&#8221;on&#8221; custom_padding_last_edited=&#8221;on|desktop&#8221; admin_label=&#8221;section&#8221; _builder_version=&#8221;4.16&#8243; background_color=&#8221;#cd1619&#8243; custom_padding_tablet=&#8221;50px|0|50px|0&#8243; custom_padding_phone=&#8221;&#8221; transparent_background=&#8221;off&#8221; padding_mobile=&#8221;off&#8221; locked=&#8221;off&#8221; collapsed=&#8221;off&#8221; global_colors_info=&#8221;{}&#8221;][et_pb_fullwidth_header title=&#8221;V Reco\u00f1ecemento Internacional Acampa 2025&#8243; subhead=&#8221;Pola paz e o dereito a refuxio&#8221; admin_label=&#8221;T\u00edtulo de anchura completa&#8221; _builder_version=&#8221;4.27.4&#8243; title_font=&#8221;|on|||&#8221; subhead_font=&#8221;||on||&#8221; background_color=&#8221;rgba(255, 255, 255, 0)&#8221; button_one_letter_spacing_hover=&#8221;0&#8243; button_two_letter_spacing_hover=&#8221;0&#8243; global_colors_info=&#8221;{}&#8221; button_one_text_size__hover_enabled=&#8221;off&#8221; button_two_text_size__hover_enabled=&#8221;off&#8221; button_one_text_color__hover_enabled=&#8221;off&#8221; button_two_text_color__hover_enabled=&#8221;off&#8221; button_one_border_width__hover_enabled=&#8221;off&#8221; button_two_border_width__hover_enabled=&#8221;off&#8221; button_one_border_color__hover_enabled=&#8221;off&#8221; button_two_border_color__hover_enabled=&#8221;off&#8221; button_one_border_radius__hover_enabled=&#8221;off&#8221; button_two_border_radius__hover_enabled=&#8221;off&#8221; button_one_letter_spacing__hover_enabled=&#8221;on&#8221; button_one_letter_spacing__hover=&#8221;0&#8243; button_two_letter_spacing__hover_enabled=&#8221;on&#8221; button_two_letter_spacing__hover=&#8221;0&#8243; button_one_bg_color__hover_enabled=&#8221;off&#8221; button_two_bg_color__hover_enabled=&#8221;off&#8221;][\/et_pb_fullwidth_header][\/et_pb_section][et_pb_section fb_built=&#8221;1&#8243; _builder_version=&#8221;4.27.4&#8243; _module_preset=&#8221;default&#8221; background_enable_color=&#8221;off&#8221; custom_padding=&#8221;||0px|||&#8221; collapsed=&#8221;off&#8221; global_colors_info=&#8221;{}&#8221;][et_pb_row _builder_version=&#8221;4.16&#8243; _module_preset=&#8221;default&#8221; global_colors_info=&#8221;{}&#8221;][et_pb_column type=&#8221;4_4&#8243; _builder_version=&#8221;4.16&#8243; _module_preset=&#8221;default&#8221; global_colors_info=&#8221;{}&#8221;][et_pb_text _builder_version=&#8221;4.27.4&#8243; _module_preset=&#8221;default&#8221; text_font=&#8221;|||||on|||&#8221; header_font=&#8221;|||||on|||&#8221; header_2_font=&#8221;|||||on|||&#8221; custom_margin=&#8221;||-3px|||&#8221; custom_padding=&#8221;||0px|||&#8221; global_colors_info=&#8221;{}&#8221;]<\/p>\n<h1 style=\"text-align: center;\">V Reco\u00f1ecemento internacional Acampa<br \/>\u00e1 defensa dos dereitos humanos<\/h1>\n<h4 style=\"text-align: center;\">\u201c<strong>Acampa Pola paz e o dereito a refuxio\u201d<\/strong><\/h4>\n<p>&nbsp;<\/p>\n<p>[\/et_pb_text][et_pb_text _builder_version=&#8221;4.27.4&#8243; _module_preset=&#8221;default&#8221; background_enable_color=&#8221;off&#8221; global_colors_info=&#8221;{}&#8221;]<\/p>\n<p>\u00c1brese o proceso para a elecci\u00f3n do <span style=\"color: #cd1619;\">Reco\u00f1ecemento Internacional Acampa \u00e1 Defensa dos Dereitos Humanos<\/span> na s\u00faa quinta edici\u00f3n, dirixido a <span style=\"color: #cd1619;\">entidades ou persoas que destaquen na defensa dos Dereitos Humanos<\/span>, especialmente nos campos de actuaci\u00f3n da <strong><span style=\"color: #cd1619;\">Acampa, <\/span><\/strong>isto \u00e9, a defensa dos Dereitos Humanos, o Dereito a Refuxio e a defensa da Paz e o di\u00e1logo como f\u00f3rmula para resoluci\u00f3n de conflitos.<\/p>\n<p>O Reco\u00f1ecemento, nas s\u00faas d\u00faas categor\u00edas, internacional e local, pretende evidenciar a situaci\u00f3n de <span style=\"color: #cd1619;\">retroceso dos Dereitos Humanos en todo o mundo\u00a0<\/span>e a importancia de recuperalos e defendelos coa forza e resiliencia as persoas receptoras que ser\u00e1n propostas e votadas por toda a <strong><span style=\"color: #cd1619;\">Rede Acampa Internacional<\/span>.<\/strong><\/p>\n<p>[\/et_pb_text][et_pb_divider admin_label=&#8221;Separador&#8221; _builder_version=&#8221;4.19.4&#8243; _module_preset=&#8221;default&#8221; global_colors_info=&#8221;{}&#8221;][\/et_pb_divider][\/et_pb_column][\/et_pb_row][\/et_pb_section][et_pb_section fb_built=&#8221;1&#8243; _builder_version=&#8221;4.16&#8243; _module_preset=&#8221;default&#8221; custom_padding=&#8221;0px|||||&#8221; collapsed=&#8221;off&#8221; global_colors_info=&#8221;{}&#8221;][et_pb_row column_structure=&#8221;3_5,2_5&#8243; _builder_version=&#8221;4.16&#8243; _module_preset=&#8221;default&#8221; global_colors_info=&#8221;{}&#8221;][et_pb_column type=&#8221;3_5&#8243; _builder_version=&#8221;4.16&#8243; _module_preset=&#8221;default&#8221; global_colors_info=&#8221;{}&#8221;][et_pb_text _builder_version=&#8221;4.27.4&#8243; _module_preset=&#8221;default&#8221; text_font=&#8221;|||||on|||&#8221; custom_margin=&#8221;||-3px|||&#8221; custom_padding=&#8221;||0px|||&#8221; global_colors_info=&#8221;{}&#8221;]<\/p>\n<h2 style=\"text-align: center;\">Bases<\/h2>\n<p>[\/et_pb_text][et_pb_text _builder_version=&#8221;4.27.4&#8243; _module_preset=&#8221;default&#8221; global_colors_info=&#8221;{}&#8221;]<\/p>\n<blockquote>\n<p><strong>1.- En que consiste o Reco\u00f1ecemento?<\/strong><\/p>\n<\/blockquote>\n<p>Tr\u00e1tase de unha menci\u00f3n internacional que \u00e9 presentada a o mesmo tempo en todas as cidades cunha <strong><span style=\"color: #cd1619;\">Rede Acampa<\/span><\/strong> en funcionamento. \u00c1s organizaci\u00f3ns ou persoas elixidas entr\u00e9gaselles unha Carta de Reco\u00f1ecemento, na que se destaca o labor que se pon en valor e unha peza representativa do Reco\u00f1ecemento, obra da escultora Pilar Sub\u00edas.<\/p>\n<blockquote>\n<p><strong>2.- Quen pode presentar propostas para o Reco\u00f1ecemento?<\/strong><\/p>\n<\/blockquote>\n<ul>\n<li>Todas as organizaci\u00f3ns que forman parte da <strong><span style=\"color: #cd1619;\">Rede Acampa Internacional<\/span><\/strong> con carta de adhesi\u00f3n.<\/li>\n<li>Todas as persoas que conforman a <strong><span style=\"color: #cd1619;\">Red Acampa<\/span><\/strong> e que consten inscritas como asociadas.<\/li>\n<li>Todos os equipos de coordinaci\u00f3n locais de <strong><span style=\"color: #cd1619;\">Acampa Internacional<\/span>.<\/strong><\/li>\n<\/ul>\n<blockquote>\n<p><strong>3.- Como presentar unha candidatura?<\/strong><\/p>\n<\/blockquote>\n<p>Poderanse presentar ata d\u00faas candidaturas por organizaci\u00f3n ou persoa particular:<\/p>\n<ul>\n<li>Unha para o Reco\u00f1ecemento Internacional.<\/li>\n<li>Outra para o Reco\u00f1ecemento Local.<\/li>\n<\/ul>\n<p>Para propo\u00f1er unha candidatura, d\u00e9bese cubrir este <a href=\"https:\/\/docs.google.com\/forms\/d\/e\/1FAIpQLSftUNyyqRGuydqIs7HvBWinCZ1y5wszHyOjDRJMZsQs_YfSiA\/viewform\" target=\"_blank\" rel=\"noopener\">formulario en li\u00f1a<\/a>.<\/p>\n<p>[\/et_pb_text][et_pb_button button_url=&#8221;https:\/\/docs.google.com\/forms\/d\/e\/1FAIpQLSftUNyyqRGuydqIs7HvBWinCZ1y5wszHyOjDRJMZsQs_YfSiA\/viewform&#8221; button_text=&#8221;Presenta unha candidatura aqu\u00ed&#8221; button_alignment=&#8221;center&#8221; _builder_version=&#8221;4.27.4&#8243; _module_preset=&#8221;default&#8221; background_layout=&#8221;dark&#8221; global_colors_info=&#8221;{}&#8221;][\/et_pb_button][et_pb_text _builder_version=&#8221;4.27.4&#8243; _module_preset=&#8221;default&#8221; global_colors_info=&#8221;{}&#8221;]<\/p>\n<blockquote>\n<p><strong>4.- Prazo de presentaci\u00f3n de candidaturas<\/strong><\/p>\n<\/blockquote>\n<div style=\"background: #eeeeee; border: 1px solid #cccccc; padding: 5px 10px;\">O prazo para presentar candidaturas para o <span style=\"color: #cd1619;\">V Reco\u00f1ecemento Acampa 2025<\/span>\u00a0<strong>finaliza o venres 31 de xaneiro de 2025.<\/strong><\/div>\n<blockquote>\n<p><strong>5.- Como se selecciona o Reco\u00f1ecemento anual?<\/strong><\/p>\n<\/blockquote>\n<p>Unha vez pechado o prazo de presentaci\u00f3n de candidaturas, e despois de comprobar que todas elas sexan axeitadas aos principios e valores polos que se concede este Reco\u00f1ecemento, abrirase un prazo de votaci\u00f3n a trav\u00e9s da web de <span style=\"color: #cd1619;\">Acampa<\/span>, no que poder\u00e1 participar o p\u00fablico en xeral ademais das persoas e organizaci\u00f3ns asociadas \u00e1 Rede Acampa.<\/p>\n<p>&nbsp;<\/p>\n<div style=\"background: #eeeeee; border: 1px solid #cccccc; padding: 5px 10px;\">O prazo da votaci\u00f3n para o <span style=\"color: #cd1619;\">V Reco\u00f1ecemento Acampa 2025 <\/span>ser\u00e1 <strong>do 1 ao 31 de marzo de 2025<\/strong><\/div>\n<p>[\/et_pb_text][et_pb_button button_url=&#8221;https:\/\/redeacampa.org\/gl\/votacion-votacao-2025\/&#8221; url_new_window=&#8221;on&#8221; button_text=&#8221;Participa na votaci\u00f3n!&#8221; button_alignment=&#8221;center&#8221; disabled_on=&#8221;off|off|off&#8221; _builder_version=&#8221;4.27.4&#8243; _module_preset=&#8221;default&#8221; background_layout=&#8221;dark&#8221; locked=&#8221;off&#8221; global_colors_info=&#8221;{}&#8221;][\/et_pb_button][et_pb_button button_url=&#8221;https:\/\/coruna.redeacampa.org\/gl\/sumate-a-rede\/&#8221; button_text=&#8221;As\u00f3ciate aqu\u00ed&#8221; button_alignment=&#8221;center&#8221; _builder_version=&#8221;4.27.4&#8243; _module_preset=&#8221;default&#8221; background_layout=&#8221;dark&#8221; global_colors_info=&#8221;{}&#8221;][\/et_pb_button][\/et_pb_column][et_pb_column type=&#8221;2_5&#8243; _builder_version=&#8221;4.16&#8243; _module_preset=&#8221;default&#8221; global_colors_info=&#8221;{}&#8221;][et_pb_image src=&#8221;https:\/\/redeacampa.org\/wp-content\/uploads\/Escultura-Reconocimiento-Acampa.png&#8221; title_text=&#8221;Escultura-Reco\u00f1ecemento Acampa&#8221; align=&#8221;center&#8221; _builder_version=&#8221;4.27.4&#8243; _module_preset=&#8221;default&#8221; background_enable_color=&#8221;off&#8221; module_alignment=&#8221;center&#8221; custom_margin=&#8221;||17px|||&#8221; custom_padding=&#8221;15.1%||||false|false&#8221; border_color_all=&#8221;#CD1619&#8243; box_shadow_style=&#8221;preset3&#8243; box_shadow_color=&#8221;#CD1619&#8243; global_colors_info=&#8221;{}&#8221;][\/et_pb_image][et_pb_text _builder_version=&#8221;4.27.4&#8243; _module_preset=&#8221;default&#8221; text_orientation=&#8221;center&#8221; min_height=&#8221;22.8px&#8221; custom_margin=&#8221;11px||15%||false|false&#8221; custom_padding=&#8221;0px||||false|false&#8221; link_option_url=&#8221;https:\/\/quintodeebro.com\/gallery2\/index.php\/Artesanos_y_Artistas\/Pilar_P_rez_Sub_as_Escultora&#8221; link_option_url_new_window=&#8221;on&#8221; global_colors_info=&#8221;{}&#8221;]<\/p>\n<p>Peza escult\u00f3rica obra de <strong>Pilar Sub\u00edas.<\/strong><\/p>\n<p>[\/et_pb_text][et_pb_text _builder_version=&#8221;4.27.4&#8243; _module_preset=&#8221;default&#8221; custom_margin=&#8221;15%||||false|false&#8221; link_option_url=&#8221;https:\/\/quintodeebro.com\/gallery2\/index.php\/Artesanos_y_Artistas\/Pilar_P_rez_Sub_as_Escultora&#8221; link_option_url_new_window=&#8221;on&#8221; global_colors_info=&#8221;{}&#8221;]<\/p>\n<p><strong>Pilar Sub\u00edas<\/strong> cedeu desinteresadamente a obra e os seus dereitos de uso a <span style=\"color: #cd1619;\"><strong>Acampa<\/strong> pola Paz e o Dereito ao Refuxio<\/span>.<\/p>\n<p>[\/et_pb_text][\/et_pb_column][\/et_pb_row][\/et_pb_section]<\/p>\n","protected":false},"excerpt":{"rendered":"<p>V Reco\u00f1ecemento internacional Acampa\u00e1 defensa dos dereitos humanos \u201cAcampa Pola paz e o dereito a refuxio\u201d &nbsp;\u00c1brese o proceso para a elecci\u00f3n do Reco\u00f1ecemento Internacional Acampa \u00e1 Defensa dos Dereitos Humanos na s\u00faa quinta edici\u00f3n, dirixido a entidades ou persoas que destaquen na defensa dos Dereitos Humanos, especialmente nos campos de actuaci\u00f3n da Acampa, isto [&hellip;]<\/p>\n","protected":false},"author":4,"featured_media":53675,"parent":0,"menu_order":0,"comment_status":"closed","ping_status":"closed","template":"","meta":{"_et_pb_use_builder":"on","_et_pb_old_content":"","_et_gb_content_width":"","footnotes":""},"categories":[50],"tags":[],"class_list":["post-53655","page","type-page","status-publish","has-post-thumbnail","hentry","category-reconecemento-gl"],"yoast_head":"<!-- This site is optimized with the Yoast SEO plugin v26.4 - https:\/\/yoast.com\/wordpress\/plugins\/seo\/ -->\n<title>V Reco Bases Acampa 2025 - Acampa - Pola paz e o dereito a refuxio<\/title>\n<meta name=\"robots\" content=\"index, follow, max-snippet:-1, max-image-preview:large, max-video-preview:-1\" \/>\n<link rel=\"canonical\" href=\"https:\/\/redeacampa.org\/gl\/v-reco-bases-acampa-2025\/\" \/>\n<meta property=\"og:locale\" content=\"gl_ES\" \/>\n<meta property=\"og:type\" content=\"article\" \/>\n<meta property=\"og:title\" content=\"V Reco Bases Acampa 2025 - Acampa - Pola paz e o dereito a refuxio\" \/>\n<meta property=\"og:description\" content=\"V Reco\u00f1ecemento internacional Acampa\u00e1 defensa dos dereitos humanos \u201cAcampa Pola paz e o dereito a refuxio\u201d &nbsp;\u00c1brese o proceso para a elecci\u00f3n do Reco\u00f1ecemento Internacional Acampa \u00e1 Defensa dos Dereitos Humanos na s\u00faa quinta edici\u00f3n, dirixido a entidades ou persoas que destaquen na defensa dos Dereitos Humanos, especialmente nos campos de actuaci\u00f3n da Acampa, isto [&hellip;]\" \/>\n<meta property=\"og:url\" content=\"https:\/\/redeacampa.org\/gl\/v-reco-bases-acampa-2025\/\" \/>\n<meta property=\"og:site_name\" content=\"Acampa - Pola paz e o dereito a refuxio\" \/>\n<meta property=\"article:publisher\" content=\"https:\/\/www.facebook.com\/acampapolapazeodereitoarefuxio\" \/>\n<meta property=\"article:modified_time\" content=\"2025-05-01T16:58:56+00:00\" \/>\n<meta property=\"og:image\" content=\"https:\/\/redeacampa.org\/wp-content\/uploads\/Acampa2025_reco_gal.jpeg\" \/>\n\t<meta property=\"og:image:width\" content=\"1600\" \/>\n\t<meta property=\"og:image:height\" content=\"1600\" \/>\n\t<meta property=\"og:image:type\" content=\"image\/jpeg\" \/>\n<meta name=\"twitter:card\" content=\"summary_large_image\" \/>\n<meta name=\"twitter:site\" content=\"@Acampa_polapaz\" \/>\n<meta name=\"twitter:label1\" content=\"Tempo de lectura\" \/>\n\t<meta name=\"twitter:data1\" content=\"3 minutos\" \/>\n<script type=\"application\/ld+json\" class=\"yoast-schema-graph\">{\"@context\":\"https:\/\/schema.org\",\"@graph\":[{\"@type\":\"WebPage\",\"@id\":\"https:\/\/redeacampa.org\/gl\/v-reco-bases-acampa-2025\/\",\"url\":\"https:\/\/redeacampa.org\/gl\/v-reco-bases-acampa-2025\/\",\"name\":\"V Reco Bases Acampa 2025 - Acampa - Pola paz e o dereito a refuxio\",\"isPartOf\":{\"@id\":\"https:\/\/redeacampa.org\/gl\/#website\"},\"primaryImageOfPage\":{\"@id\":\"https:\/\/redeacampa.org\/gl\/v-reco-bases-acampa-2025\/#primaryimage\"},\"image\":{\"@id\":\"https:\/\/redeacampa.org\/gl\/v-reco-bases-acampa-2025\/#primaryimage\"},\"thumbnailUrl\":\"https:\/\/redeacampa.org\/wp-content\/uploads\/Acampa2025_reco_gal.jpeg\",\"datePublished\":\"2025-01-24T17:02:09+00:00\",\"dateModified\":\"2025-05-01T16:58:56+00:00\",\"breadcrumb\":{\"@id\":\"https:\/\/redeacampa.org\/gl\/v-reco-bases-acampa-2025\/#breadcrumb\"},\"inLanguage\":\"gl-ES\",\"potentialAction\":[{\"@type\":\"ReadAction\",\"target\":[\"https:\/\/redeacampa.org\/gl\/v-reco-bases-acampa-2025\/\"]}]},{\"@type\":\"ImageObject\",\"inLanguage\":\"gl-ES\",\"@id\":\"https:\/\/redeacampa.org\/gl\/v-reco-bases-acampa-2025\/#primaryimage\",\"url\":\"https:\/\/redeacampa.org\/wp-content\/uploads\/Acampa2025_reco_gal.jpeg\",\"contentUrl\":\"https:\/\/redeacampa.org\/wp-content\/uploads\/Acampa2025_reco_gal.jpeg\",\"width\":1600,\"height\":1600,\"caption\":\"Acampa2025_reco_gal\"},{\"@type\":\"BreadcrumbList\",\"@id\":\"https:\/\/redeacampa.org\/gl\/v-reco-bases-acampa-2025\/#breadcrumb\",\"itemListElement\":[{\"@type\":\"ListItem\",\"position\":1,\"name\":\"Portada\",\"item\":\"https:\/\/redeacampa.org\/gl\/\"},{\"@type\":\"ListItem\",\"position\":2,\"name\":\"V Reco Bases Acampa 2025\"}]},{\"@type\":\"WebSite\",\"@id\":\"https:\/\/redeacampa.org\/gl\/#website\",\"url\":\"https:\/\/redeacampa.org\/gl\/\",\"name\":\"Acampa - Pola paz e o dereito a refuxio\",\"description\":\"Unha iniciativa cidad\u00e1 sen fins de lucro integrada por colectivos sociais, culturais, educativos, veci\u00f1ais, pol\u00edticos, sindicais, art\u00edsticos, de persoas solidarias, de instituci\u00f3ns e empresas con responsabilidade social que te\u00f1en como obxectivo a defensa dos dereitos humanos, o Dereito Internacional Humanitario e o Dereito a Refuxio.\",\"publisher\":{\"@id\":\"https:\/\/redeacampa.org\/gl\/#organization\"},\"potentialAction\":[{\"@type\":\"SearchAction\",\"target\":{\"@type\":\"EntryPoint\",\"urlTemplate\":\"https:\/\/redeacampa.org\/gl\/?s={search_term_string}\"},\"query-input\":{\"@type\":\"PropertyValueSpecification\",\"valueRequired\":true,\"valueName\":\"search_term_string\"}}],\"inLanguage\":\"gl-ES\"},{\"@type\":\"Organization\",\"@id\":\"https:\/\/redeacampa.org\/gl\/#organization\",\"name\":\"Acampa\",\"url\":\"https:\/\/redeacampa.org\/gl\/\",\"logo\":{\"@type\":\"ImageObject\",\"inLanguage\":\"gl-ES\",\"@id\":\"https:\/\/redeacampa.org\/gl\/#\/schema\/logo\/image\/\",\"url\":\"https:\/\/redeacampa.org\/wp-content\/uploads\/2019\/01\/acampaConRojo_es.png\",\"contentUrl\":\"https:\/\/redeacampa.org\/wp-content\/uploads\/2019\/01\/acampaConRojo_es.png\",\"width\":612,\"height\":204,\"caption\":\"Acampa\"},\"image\":{\"@id\":\"https:\/\/redeacampa.org\/gl\/#\/schema\/logo\/image\/\"},\"sameAs\":[\"https:\/\/www.facebook.com\/acampapolapazeodereitoarefuxio\",\"https:\/\/x.com\/Acampa_polapaz\",\"https:\/\/www.instagram.com\/Acampa_polapaz\/\",\"https:\/\/www.youtube.com\/channel\/UChk1mSCHVEHmjq9e8PLb-mw\"]}]}<\/script>\n<!-- \/ Yoast SEO plugin. -->","yoast_head_json":{"title":"V Reco Bases Acampa 2025 - Acampa - Pola paz e o dereito a refuxio","robots":{"index":"index","follow":"follow","max-snippet":"max-snippet:-1","max-image-preview":"max-image-preview:large","max-video-preview":"max-video-preview:-1"},"canonical":"https:\/\/redeacampa.org\/gl\/v-reco-bases-acampa-2025\/","og_locale":"gl_ES","og_type":"article","og_title":"V Reco Bases Acampa 2025 - Acampa - Pola paz e o dereito a refuxio","og_description":"V Reco\u00f1ecemento internacional Acampa\u00e1 defensa dos dereitos humanos \u201cAcampa Pola paz e o dereito a refuxio\u201d &nbsp;\u00c1brese o proceso para a elecci\u00f3n do Reco\u00f1ecemento Internacional Acampa \u00e1 Defensa dos Dereitos Humanos na s\u00faa quinta edici\u00f3n, dirixido a entidades ou persoas que destaquen na defensa dos Dereitos Humanos, especialmente nos campos de actuaci\u00f3n da Acampa, isto [&hellip;]","og_url":"https:\/\/redeacampa.org\/gl\/v-reco-bases-acampa-2025\/","og_site_name":"Acampa - Pola paz e o dereito a refuxio","article_publisher":"https:\/\/www.facebook.com\/acampapolapazeodereitoarefuxio","article_modified_time":"2025-05-01T16:58:56+00:00","og_image":[{"width":1600,"height":1600,"url":"https:\/\/redeacampa.org\/wp-content\/uploads\/Acampa2025_reco_gal.jpeg","type":"image\/jpeg"}],"twitter_card":"summary_large_image","twitter_site":"@Acampa_polapaz","twitter_misc":{"Tempo de lectura":"3 minutos"},"schema":{"@context":"https:\/\/schema.org","@graph":[{"@type":"WebPage","@id":"https:\/\/redeacampa.org\/gl\/v-reco-bases-acampa-2025\/","url":"https:\/\/redeacampa.org\/gl\/v-reco-bases-acampa-2025\/","name":"V Reco Bases Acampa 2025 - Acampa - Pola paz e o dereito a refuxio","isPartOf":{"@id":"https:\/\/redeacampa.org\/gl\/#website"},"primaryImageOfPage":{"@id":"https:\/\/redeacampa.org\/gl\/v-reco-bases-acampa-2025\/#primaryimage"},"image":{"@id":"https:\/\/redeacampa.org\/gl\/v-reco-bases-acampa-2025\/#primaryimage"},"thumbnailUrl":"https:\/\/redeacampa.org\/wp-content\/uploads\/Acampa2025_reco_gal.jpeg","datePublished":"2025-01-24T17:02:09+00:00","dateModified":"2025-05-01T16:58:56+00:00","breadcrumb":{"@id":"https:\/\/redeacampa.org\/gl\/v-reco-bases-acampa-2025\/#breadcrumb"},"inLanguage":"gl-ES","potentialAction":[{"@type":"ReadAction","target":["https:\/\/redeacampa.org\/gl\/v-reco-bases-acampa-2025\/"]}]},{"@type":"ImageObject","inLanguage":"gl-ES","@id":"https:\/\/redeacampa.org\/gl\/v-reco-bases-acampa-2025\/#primaryimage","url":"https:\/\/redeacampa.org\/wp-content\/uploads\/Acampa2025_reco_gal.jpeg","contentUrl":"https:\/\/redeacampa.org\/wp-content\/uploads\/Acampa2025_reco_gal.jpeg","width":1600,"height":1600,"caption":"Acampa2025_reco_gal"},{"@type":"BreadcrumbList","@id":"https:\/\/redeacampa.org\/gl\/v-reco-bases-acampa-2025\/#breadcrumb","itemListElement":[{"@type":"ListItem","position":1,"name":"Portada","item":"https:\/\/redeacampa.org\/gl\/"},{"@type":"ListItem","position":2,"name":"V Reco Bases Acampa 2025"}]},{"@type":"WebSite","@id":"https:\/\/redeacampa.org\/gl\/#website","url":"https:\/\/redeacampa.org\/gl\/","name":"Acampa - Pola paz e o dereito a refuxio","description":"Unha iniciativa cidad\u00e1 sen fins de lucro integrada por colectivos sociais, culturais, educativos, veci\u00f1ais, pol\u00edticos, sindicais, art\u00edsticos, de persoas solidarias, de instituci\u00f3ns e empresas con responsabilidade social que te\u00f1en como obxectivo a defensa dos dereitos humanos, o Dereito Internacional Humanitario e o Dereito a Refuxio.","publisher":{"@id":"https:\/\/redeacampa.org\/gl\/#organization"},"potentialAction":[{"@type":"SearchAction","target":{"@type":"EntryPoint","urlTemplate":"https:\/\/redeacampa.org\/gl\/?s={search_term_string}"},"query-input":{"@type":"PropertyValueSpecification","valueRequired":true,"valueName":"search_term_string"}}],"inLanguage":"gl-ES"},{"@type":"Organization","@id":"https:\/\/redeacampa.org\/gl\/#organization","name":"Acampa","url":"https:\/\/redeacampa.org\/gl\/","logo":{"@type":"ImageObject","inLanguage":"gl-ES","@id":"https:\/\/redeacampa.org\/gl\/#\/schema\/logo\/image\/","url":"https:\/\/redeacampa.org\/wp-content\/uploads\/2019\/01\/acampaConRojo_es.png","contentUrl":"https:\/\/redeacampa.org\/wp-content\/uploads\/2019\/01\/acampaConRojo_es.png","width":612,"height":204,"caption":"Acampa"},"image":{"@id":"https:\/\/redeacampa.org\/gl\/#\/schema\/logo\/image\/"},"sameAs":["https:\/\/www.facebook.com\/acampapolapazeodereitoarefuxio","https:\/\/x.com\/Acampa_polapaz","https:\/\/www.instagram.com\/Acampa_polapaz\/","https:\/\/www.youtube.com\/channel\/UChk1mSCHVEHmjq9e8PLb-mw"]}]}},"_links":{"self":[{"href":"https:\/\/redeacampa.org\/gl\/wp-json\/wp\/v2\/pages\/53655","targetHints":{"allow":["GET"]}}],"collection":[{"href":"https:\/\/redeacampa.org\/gl\/wp-json\/wp\/v2\/pages"}],"about":[{"href":"https:\/\/redeacampa.org\/gl\/wp-json\/wp\/v2\/types\/page"}],"author":[{"embeddable":true,"href":"https:\/\/redeacampa.org\/gl\/wp-json\/wp\/v2\/users\/4"}],"replies":[{"embeddable":true,"href":"https:\/\/redeacampa.org\/gl\/wp-json\/wp\/v2\/comments?post=53655"}],"version-history":[{"count":12,"href":"https:\/\/redeacampa.org\/gl\/wp-json\/wp\/v2\/pages\/53655\/revisions"}],"predecessor-version":[{"id":54130,"href":"https:\/\/redeacampa.org\/gl\/wp-json\/wp\/v2\/pages\/53655\/revisions\/54130"}],"wp:featuredmedia":[{"embeddable":true,"href":"https:\/\/redeacampa.org\/gl\/wp-json\/wp\/v2\/media\/53675"}],"wp:attachment":[{"href":"https:\/\/redeacampa.org\/gl\/wp-json\/wp\/v2\/media?parent=53655"}],"wp:term":[{"taxonomy":"category","embeddable":true,"href":"https:\/\/redeacampa.org\/gl\/wp-json\/wp\/v2\/categories?post=53655"},{"taxonomy":"post_tag","embeddable":true,"href":"https:\/\/redeacampa.org\/gl\/wp-json\/wp\/v2\/tags?post=53655"}],"curies":[{"name":"wp","href":"https:\/\/api.w.org\/{rel}","templated":true}]}}