{"id":45289,"date":"2021-01-26T21:00:11","date_gmt":"2021-01-26T20:00:11","guid":{"rendered":"https:\/\/redeacampa.org\/reconhecimento-acampa\/"},"modified":"2025-05-01T19:13:58","modified_gmt":"2025-05-01T17:13:58","slug":"reconhecimento-acampa","status":"publish","type":"page","link":"https:\/\/redeacampa.org\/pt-br\/reconhecimento-acampa\/","title":{"rendered":"I Reco Bases Acampa 2021"},"content":{"rendered":"<p>[et_pb_section fb_built=&#8221;1&#8243; fullwidth=&#8221;on&#8221; custom_padding_last_edited=&#8221;on|desktop&#8221; admin_label=&#8221;section&#8221; _builder_version=&#8221;3.22&#8243; background_color=&#8221;#cd1619&#8243; custom_padding_tablet=&#8221;50px|0|50px|0&#8243; custom_padding_phone=&#8221;&#8221; transparent_background=&#8221;off&#8221; padding_mobile=&#8221;off&#8221; locked=&#8221;off&#8221; global_colors_info=&#8221;{}&#8221;][et_pb_fullwidth_header title=&#8221;I Reconhecimento Acampa Internacional 2021&#8243; subhead=&#8221;Acampa pela paz e o direito a ref\u00fagio&#8221; admin_label=&#8221;T\u00edtulo de anchura completa&#8221; _builder_version=&#8221;4.11.2&#8243; title_font=&#8221;|on|||&#8221; subhead_font=&#8221;||on||&#8221; background_color=&#8221;rgba(255, 255, 255, 0)&#8221; hover_enabled=&#8221;0&#8243; button_one_letter_spacing_hover=&#8221;0&#8243; button_two_letter_spacing_hover=&#8221;0&#8243; global_colors_info=&#8221;{}&#8221; button_one_text_size__hover_enabled=&#8221;off&#8221; button_two_text_size__hover_enabled=&#8221;off&#8221; button_one_text_color__hover_enabled=&#8221;off&#8221; button_two_text_color__hover_enabled=&#8221;off&#8221; button_one_border_width__hover_enabled=&#8221;off&#8221; button_two_border_width__hover_enabled=&#8221;off&#8221; button_one_border_color__hover_enabled=&#8221;off&#8221; button_two_border_color__hover_enabled=&#8221;off&#8221; button_one_border_radius__hover_enabled=&#8221;off&#8221; button_two_border_radius__hover_enabled=&#8221;off&#8221; button_one_letter_spacing__hover_enabled=&#8221;on&#8221; button_one_letter_spacing__hover=&#8221;0&#8243; button_two_letter_spacing__hover_enabled=&#8221;on&#8221; button_two_letter_spacing__hover=&#8221;0&#8243; button_one_bg_color__hover_enabled=&#8221;off&#8221; button_two_bg_color__hover_enabled=&#8221;off&#8221; sticky_enabled=&#8221;0&#8243;][\/et_pb_fullwidth_header][\/et_pb_section][et_pb_section fb_built=&#8221;1&#8243; _builder_version=&#8221;4.8.1&#8243; _module_preset=&#8221;default&#8221; background_enable_color=&#8221;off&#8221; custom_padding=&#8221;||0px|||&#8221; global_colors_info=&#8221;{}&#8221;][et_pb_row _builder_version=&#8221;4.8.1&#8243; _module_preset=&#8221;default&#8221; global_colors_info=&#8221;{}&#8221;][et_pb_column type=&#8221;4_4&#8243; _builder_version=&#8221;4.8.1&#8243; _module_preset=&#8221;default&#8221; global_colors_info=&#8221;{}&#8221;][et_pb_text _builder_version=&#8221;4.11.2&#8243; _module_preset=&#8221;default&#8221; text_font=&#8221;|||||on|||&#8221; header_font=&#8221;|||||on|||&#8221; header_2_font=&#8221;|||||on|||&#8221; custom_margin=&#8221;||-3px|||&#8221; custom_padding=&#8221;||0px|||&#8221; hover_enabled=&#8221;0&#8243; global_colors_info=&#8221;{}&#8221; sticky_enabled=&#8221;0&#8243;]<\/p>\n<h1 style=\"text-align: center;\">I Reconhecimento internacional na defesa dos direitos humanos<\/h1>\n<h2 style=\"text-align: center;\">\u201c<strong>Acampa pela paz e o direito a ref\u00fagio\u201d<\/strong><\/h2>\n<p>&nbsp;<\/p>\n<p>[\/et_pb_text][et_pb_text _builder_version=&#8221;4.11.2&#8243; _module_preset=&#8221;default&#8221; background_enable_color=&#8221;off&#8221; hover_enabled=&#8221;0&#8243; global_colors_info=&#8221;{}&#8221; sticky_enabled=&#8221;0&#8243;]<\/p>\n<p>Trata-se de um reconhecimento anual a entidades ou pessoas que tenham se destacado na defesa dos Direitos Humanos, que \u00e9 uma das \u00e1reas de atua\u00e7\u00e3o do <strong><span style=\"color: #cd1619;\">Acampa<\/span><\/strong>, juntamente com a luta pelo Direito a Ref\u00fagio, a defesa da Paz e o di\u00e1logo como f\u00f3rmula para a resolu\u00e7\u00e3o dos conflitos.<\/p>\n<p>O objetivo deste reconhecimento \u00e9 valorarizar a necessidade de defesa dos Direitos Humanos, apresentando o trabalho realizado por organiza\u00e7\u00f5es ou pessoas como refer\u00eancia para toda a sociedade. Pretendemos colocar a m\u00eddia em foco no que concerne \u00e0 situa\u00e7\u00e3o do decl\u00ednio dos Direitos Humanos em todo o mundo e quanto \u00e0 import\u00e2ncia de recuper\u00e1-los e defend\u00ea-los, tendo como exemplo a for\u00e7a da resili\u00eancia das organiza\u00e7\u00f5es e pessoas que recebem este reconhecimento, que ser\u00e1 proposto e votado por todas as entidades e pessoas que integram a <strong><span style=\"color: #cd1619;\">Rede Acampa Internacional<\/span><\/strong>.<\/p>\n<p>[\/et_pb_text][et_pb_divider admin_label=&#8221;Separador&#8221; _builder_version=&#8221;4.8.1&#8243; _module_preset=&#8221;default&#8221; global_colors_info=&#8221;{}&#8221;][\/et_pb_divider][\/et_pb_column][\/et_pb_row][\/et_pb_section][et_pb_section fb_built=&#8221;1&#8243; _builder_version=&#8221;4.8.1&#8243; _module_preset=&#8221;default&#8221; custom_padding=&#8221;0px|||||&#8221; global_colors_info=&#8221;{}&#8221;][et_pb_row column_structure=&#8221;3_5,2_5&#8243; _builder_version=&#8221;4.8.1&#8243; _module_preset=&#8221;default&#8221; global_colors_info=&#8221;{}&#8221;][et_pb_column type=&#8221;3_5&#8243; _builder_version=&#8221;4.8.1&#8243; _module_preset=&#8221;default&#8221; global_colors_info=&#8221;{}&#8221;][et_pb_text _builder_version=&#8221;4.11.2&#8243; _module_preset=&#8221;default&#8221; text_font=&#8221;|||||on|||&#8221; custom_margin=&#8221;||-3px|||&#8221; custom_padding=&#8221;||0px|||&#8221; hover_enabled=&#8221;0&#8243; global_colors_info=&#8221;{}&#8221; sticky_enabled=&#8221;0&#8243;]<\/p>\n<h2 style=\"text-align: center;\">Bases<\/h2>\n<p>&nbsp;<\/p>\n<p>[\/et_pb_text][et_pb_text _builder_version=&#8221;4.9.0&#8243; _module_preset=&#8221;default&#8221; global_colors_info=&#8221;{}&#8221;]<\/p>\n<p><strong>1.- Em que consiste o reconhecimento?.<\/strong><\/p>\n<p>\u00c9 uma men\u00e7\u00e3o internacional apresentada simultaneamente em todas as cidades filiadas \u00e0 <strong><span style=\"color: #cd1619;\">Rede Acampa<\/span><\/strong>, por meio de uma carta de reconhecimento destacando o trabalho realizado pela pessoa ou organiza\u00e7\u00e3o escolhida por sua atua\u00e7\u00e3o na \u00e1rea de Direitos Humanos, e tamb\u00e9m pela entrega da escultura representativa do <strong><span style=\"color: #cd1619;\">Acampa<\/span><\/strong>, de autoria de <strong>Pilar Sub\u00edas<\/strong>.<\/p>\n<p><strong>2.- \u00bfQuem pode apresentar propostas de reconhecimento?<\/strong><\/p>\n<ul>\n<li>&#8211; Todas as organiza\u00e7\u00f5es que fazem parte da <strong><span style=\"color: #cd1619;\">Rede Acampa Internacional<\/span><\/strong> por meio de uma carta de ades\u00e3o \u00e0 <strong><span style=\"color: #cd1619;\">Rede Acampa<\/span><\/strong>.<\/li>\n<li>&#8211; Todas as pessoas que integram a <strong><span style=\"color: #cd1619;\">Rede Acampa<\/span>\u00a0<\/strong>\u00a0e tamb\u00e9m est\u00e3o cadastradas como associadas.<\/li>\n<li>&#8211; Todas as equipes da Coordena\u00e7\u00e3o local da <strong><span style=\"color: #cd1619;\">Acampa Internacional<\/span>.<\/strong><\/li>\n<\/ul>\n<p><strong>3.- Como apresentar uma candidatura?<\/strong><\/p>\n<p>Para se propor uma candidatura, dever\u00e1 ser fornecida a seguinte documenta\u00e7\u00e3o:<\/p>\n<p>Se a indica\u00e7\u00e3o for de uma pessoa:<\/p>\n<ul>\n<li>&#8211; Foto digital da pessoa indicada, medindo 1800 pixels no lado maior e com resolu\u00e7\u00e3o de 300 dpi. <br \/>(Se voc\u00ea n\u00e3o tiver acesso \u00e0 pessoa, para a primeira proposta pode servir qualquer foto com excelente qualidade).<\/li>\n<\/ul>\n<p>Se a indica\u00e7\u00e3o for para uma organiza\u00e7\u00e3o:<\/p>\n<ul>\n<li>&#8211; Logotipo do vetor.<\/li>\n<\/ul>\n<p>Em ambos os casos (pessoa ou organiza\u00e7\u00e3o), tamb\u00e9m deve-se juntar:<\/p>\n<ul>\n<li>&#8211; Breve descri\u00e7\u00e3o dos motivos da proposta (aprox. 200 caracteres);<\/li>\n<li>&#8211; Breve biografia da pessoa ou da organiza\u00e7\u00e3o indicada (aprox. 400 caracteres);<\/li>\n<li>&#8211; Dados de contato, e-mail, telefones, site e redes sociais da organiza\u00e7\u00e3o ou da pessoa a receber o reconhecimento;<\/li>\n<li>&#8211; Outros detalhes da organiza\u00e7\u00e3o ou da pessoa que julgarem relevantes.<\/li>\n<\/ul>\n<p>Toda a documenta\u00e7\u00e3o deve ser enviada em arquivos eletr\u00f4nicos no formato PDF e com o tamanho m\u00e1ximo de 4 megabytes.<\/p>\n<p>As candidaturas devem ser enviadas por e-mail: <a href=\"mailto:acampa@redeacampa.org\">acampa@redeacampa.org.<\/a><\/p>\n<p><strong>4.- Prazo para envio de candidaturas.<\/strong><\/p>\n<p>O prazo final para envio das inscri\u00e7\u00f5es ser\u00e1 28 de fevereiro de cada ano.<\/p>\n<p><strong>5.- Quantos reconhecimentos ser\u00e3o atribu\u00eddos a cada ano?. <\/strong><\/p>\n<p><strong>\u00a0<\/strong>Cada a\u00f1o se entregar\u00e1n los siguientes Reconocimientos <strong><span style=\"color: #cd1619;\">Acampa<\/span><\/strong>:<\/p>\n<ul>\n<li><strong>&#8211; <\/strong>Ser\u00e1 entregue <strong>um<\/strong> \u00fanico <strong>Reconhecimento Internacional<\/strong> da Acampa, com rod\u00edzio entre os pa\u00edses, na cidade que tenha organizado o encontro internacional anual de dois dias ou mais, ou em outra cidade definida pela dire\u00e7\u00e3o do <strong><span style=\"color: #cd1619;\">Acampa<\/span><\/strong> do referido pa\u00eds.<\/li>\n<li><strong>&#8211; <\/strong>O <strong>Reconhecimento Local<\/strong> poder\u00e1 ser decidido <strong>em cada cidade<\/strong> que tenha uma organiza\u00e7\u00e3o <strong><span style=\"color: #cd1619;\">Acampa<\/span><\/strong> podendo ser entregue por todas as cidades que o queiram fazer. <strong>No caso espec\u00edfico da Galiza, \u00e9 permitido estender o Reconhecimento a organiza\u00e7\u00f5es e pessoas de todo o territ\u00f3rio galego.<\/strong><\/li>\n<\/ul>\n<p>A diretoria da <strong><span style=\"color: #cd1619;\">Acampa Internacional<\/span><\/strong>, por raz\u00f5es estrat\u00e9gicas, poder\u00e1 decidir a cidade em que ser\u00e1 concedido o Reconhecimento Internacional. Esta decis\u00e3o ter\u00e1 prioridade sobre qualquer outra.<\/p>\n<p><strong>6.- Como ser\u00e1 selecionado o reconhecimento anual?<\/strong><\/p>\n<p>Encerrado o prazo para apresenta\u00e7\u00e3o de candidaturas, um per\u00edodo de vota\u00e7\u00e3o de quinze dias ser\u00e1 aberto a partir de 30 de mar\u00e7o de 2021, no qual poder\u00e3o participar todas as pessoas credenciadas como membros de uma das organiza\u00e7\u00f5es <strong><span style=\"color: #cd1619;\">Acampa<\/span>\u00a0<\/strong>e todas as organiza\u00e7\u00f5es da <strong><span style=\"color: #cd1619;\">Rede Acampa<\/span><\/strong>, computado um voto por organiza\u00e7\u00e3o.<\/p>\n<p>Duas candidaturas poder\u00e3o ser apresentadas por organiza\u00e7\u00e3o ou por pessoa:<\/p>\n<ul>\n<li>&#8211; Uma para o Reconhecimento Internacional;<\/li>\n<li>&#8211; Outra para o Reconhecimento Local a uma organiza\u00e7\u00e3o ou pessoa da cidade que tenha a organiza\u00e7\u00e3o <strong><span style=\"color: #cd1619;\">Acampa <\/span><\/strong>que decide conceder o Reconhecimento Local e o anuncia publicamente.<\/li>\n<\/ul>\n<p>A vota\u00e7\u00e3o para o Reconhecimento Internacional e o Reconhecimento Local ser\u00e3o realizadas atrav\u00e9s do site do <strong><span style=\"color: #cd1619;\">Acampa Internacional<\/span><\/strong> no link que ser\u00e1 disponibilizado para esta finalidade;<\/p>\n<p>Todas as organiza\u00e7\u00f5es da <strong><span style=\"color: #cd1619;\">Rede Acampa<\/span><\/strong> e todas as pessoas cadastradas ou associadas \u00e0 <strong><span style=\"color: #cd1619;\">Rede Acampa <\/span><\/strong>poder\u00e3o votar.<\/p>\n<p>[\/et_pb_text][\/et_pb_column][et_pb_column type=&#8221;2_5&#8243; _builder_version=&#8221;4.8.1&#8243; _module_preset=&#8221;default&#8221; global_colors_info=&#8221;{}&#8221;][et_pb_image src=&#8221;https:\/\/redeacampa.org\/wp-content\/uploads\/Escultura-Reconocimiento-Acampa.png&#8221; title_text=&#8221;Escultura-Reconhecimento Acampa&#8221; align=&#8221;center&#8221; _builder_version=&#8221;4.8.1&#8243; _module_preset=&#8221;default&#8221; background_enable_color=&#8221;off&#8221; module_alignment=&#8221;center&#8221; custom_margin=&#8221;||17px|||&#8221; custom_padding=&#8221;15.1%||||false|false&#8221; border_color_all=&#8221;#CD1619&#8243; box_shadow_style=&#8221;preset3&#8243; box_shadow_color=&#8221;#CD1619&#8243; global_colors_info=&#8221;{}&#8221;][\/et_pb_image][et_pb_text _builder_version=&#8221;4.8.1&#8243; _module_preset=&#8221;default&#8221; text_orientation=&#8221;center&#8221; min_height=&#8221;22.8px&#8221; custom_margin=&#8221;11px||15%||false|false&#8221; custom_padding=&#8221;0px||||false|false&#8221; global_colors_info=&#8221;{}&#8221;]<\/p>\n<p>Escultura feita por: <strong>Pilar Sub\u00edas.<\/strong><\/p>\n<p>[\/et_pb_text][et_pb_button button_url=&#8221;https:\/\/coruna.redeacampa.org\/es\/sumate-a-la-red\/&#8221; button_text=&#8221;Para se registrar acesse este link&#8221; button_alignment=&#8221;center&#8221; _builder_version=&#8221;4.8.1&#8243; _module_preset=&#8221;default&#8221; background_layout=&#8221;dark&#8221; global_colors_info=&#8221;{}&#8221;][\/et_pb_button][et_pb_text _builder_version=&#8221;4.8.1&#8243; _module_preset=&#8221;default&#8221; custom_margin=&#8221;15%||||false|false&#8221; global_colors_info=&#8221;{}&#8221;]<\/p>\n<p><strong>PilarSub\u00edas<\/strong> cedeu solidariamente a obra e os direitos de uso ao <span style=\"color: #cd1619;\"><strong>Acampa<\/strong> pela Paz e o Direito a Ref\u00fagio<\/span>.<\/p>\n<p><a href=\"https:\/\/quintodeebro.com\/gallery2\/index.php\/Artesanos_y_Artistas\/Pilar_P_rez_Sub_as_Escultora\">https:\/\/quintodeebro.com\/gallery2\/index.php\/Artesanos_y_Artistas\/Pilar_P_rez_Sub_as_Escultora<\/a><\/p>\n<p>[\/et_pb_text][\/et_pb_column][\/et_pb_row][\/et_pb_section]<\/p>\n","protected":false},"excerpt":{"rendered":"<p>I Reconhecimento internacional na defesa dos direitos humanos \u201cAcampa pela paz e o direito a ref\u00fagio\u201d &nbsp;Trata-se de um reconhecimento anual a entidades ou pessoas que tenham se destacado na defesa dos Direitos Humanos, que \u00e9 uma das \u00e1reas de atua\u00e7\u00e3o do Acampa, juntamente com a luta pelo Direito a Ref\u00fagio, a defesa da Paz [&hellip;]<\/p>\n","protected":false},"author":1,"featured_media":0,"parent":0,"menu_order":0,"comment_status":"closed","ping_status":"closed","template":"","meta":{"_et_pb_use_builder":"on","_et_pb_old_content":"","_et_gb_content_width":"","footnotes":""},"categories":[51],"tags":[],"class_list":["post-45289","page","type-page","status-publish","hentry","category-reconhecimento-br"],"yoast_head":"<!-- This site is optimized with the Yoast SEO plugin v26.4 - https:\/\/yoast.com\/wordpress\/plugins\/seo\/ -->\n<title>I Reco Bases Acampa 2021 - Acampa - Pola paz e o dereito a refuxio<\/title>\n<meta name=\"robots\" content=\"index, follow, max-snippet:-1, max-image-preview:large, max-video-preview:-1\" \/>\n<link rel=\"canonical\" href=\"https:\/\/redeacampa.org\/pt-br\/reconhecimento-acampa\/\" \/>\n<meta property=\"og:locale\" content=\"pt_BR\" \/>\n<meta property=\"og:type\" content=\"article\" \/>\n<meta property=\"og:title\" content=\"I Reco Bases Acampa 2021 - Acampa - Pola paz e o dereito a refuxio\" \/>\n<meta property=\"og:description\" content=\"I Reconhecimento internacional na defesa dos direitos humanos \u201cAcampa pela paz e o direito a ref\u00fagio\u201d &nbsp;Trata-se de um reconhecimento anual a entidades ou pessoas que tenham se destacado na defesa dos Direitos Humanos, que \u00e9 uma das \u00e1reas de atua\u00e7\u00e3o do Acampa, juntamente com a luta pelo Direito a Ref\u00fagio, a defesa da Paz [&hellip;]\" \/>\n<meta property=\"og:url\" content=\"https:\/\/redeacampa.org\/pt-br\/reconhecimento-acampa\/\" \/>\n<meta property=\"og:site_name\" content=\"Acampa - Pola paz e o dereito a refuxio\" \/>\n<meta property=\"article:publisher\" content=\"https:\/\/www.facebook.com\/acampapolapazeodereitoarefuxio\" \/>\n<meta property=\"article:modified_time\" content=\"2025-05-01T17:13:58+00:00\" \/>\n<meta name=\"twitter:card\" content=\"summary_large_image\" \/>\n<meta name=\"twitter:site\" content=\"@Acampa_polapaz\" \/>\n<meta name=\"twitter:label1\" content=\"Est. tempo de leitura\" \/>\n\t<meta name=\"twitter:data1\" content=\"7 minutos\" \/>\n<script type=\"application\/ld+json\" class=\"yoast-schema-graph\">{\"@context\":\"https:\/\/schema.org\",\"@graph\":[{\"@type\":\"WebPage\",\"@id\":\"https:\/\/redeacampa.org\/pt-br\/reconhecimento-acampa\/\",\"url\":\"https:\/\/redeacampa.org\/pt-br\/reconhecimento-acampa\/\",\"name\":\"I Reco Bases Acampa 2021 - Acampa - Pola paz e o dereito a refuxio\",\"isPartOf\":{\"@id\":\"https:\/\/redeacampa.org\/pt-br\/#website\"},\"datePublished\":\"2021-01-26T20:00:11+00:00\",\"dateModified\":\"2025-05-01T17:13:58+00:00\",\"breadcrumb\":{\"@id\":\"https:\/\/redeacampa.org\/pt-br\/reconhecimento-acampa\/#breadcrumb\"},\"inLanguage\":\"pt-BR\",\"potentialAction\":[{\"@type\":\"ReadAction\",\"target\":[\"https:\/\/redeacampa.org\/pt-br\/reconhecimento-acampa\/\"]}]},{\"@type\":\"BreadcrumbList\",\"@id\":\"https:\/\/redeacampa.org\/pt-br\/reconhecimento-acampa\/#breadcrumb\",\"itemListElement\":[{\"@type\":\"ListItem\",\"position\":1,\"name\":\"Portada\",\"item\":\"https:\/\/redeacampa.org\/pt-br\/\"},{\"@type\":\"ListItem\",\"position\":2,\"name\":\"I Reco Bases Acampa 2021\"}]},{\"@type\":\"WebSite\",\"@id\":\"https:\/\/redeacampa.org\/pt-br\/#website\",\"url\":\"https:\/\/redeacampa.org\/pt-br\/\",\"name\":\"Acampa - Pola paz e o dereito a refuxio\",\"description\":\"Unha iniciativa cidad\u00e1 sen fins de lucro integrada por colectivos sociais, culturais, educativos, veci\u00f1ais, pol\u00edticos, sindicais, art\u00edsticos, de persoas solidarias, de instituci\u00f3ns e empresas con responsabilidade social que te\u00f1en como obxectivo a defensa dos dereitos humanos, o Dereito Internacional Humanitario e o Dereito a Refuxio.\",\"publisher\":{\"@id\":\"https:\/\/redeacampa.org\/pt-br\/#organization\"},\"potentialAction\":[{\"@type\":\"SearchAction\",\"target\":{\"@type\":\"EntryPoint\",\"urlTemplate\":\"https:\/\/redeacampa.org\/pt-br\/?s={search_term_string}\"},\"query-input\":{\"@type\":\"PropertyValueSpecification\",\"valueRequired\":true,\"valueName\":\"search_term_string\"}}],\"inLanguage\":\"pt-BR\"},{\"@type\":\"Organization\",\"@id\":\"https:\/\/redeacampa.org\/pt-br\/#organization\",\"name\":\"Acampa\",\"url\":\"https:\/\/redeacampa.org\/pt-br\/\",\"logo\":{\"@type\":\"ImageObject\",\"inLanguage\":\"pt-BR\",\"@id\":\"https:\/\/redeacampa.org\/pt-br\/#\/schema\/logo\/image\/\",\"url\":\"https:\/\/redeacampa.org\/wp-content\/uploads\/2019\/01\/acampaConRojo_es.png\",\"contentUrl\":\"https:\/\/redeacampa.org\/wp-content\/uploads\/2019\/01\/acampaConRojo_es.png\",\"width\":612,\"height\":204,\"caption\":\"Acampa\"},\"image\":{\"@id\":\"https:\/\/redeacampa.org\/pt-br\/#\/schema\/logo\/image\/\"},\"sameAs\":[\"https:\/\/www.facebook.com\/acampapolapazeodereitoarefuxio\",\"https:\/\/x.com\/Acampa_polapaz\",\"https:\/\/www.instagram.com\/Acampa_polapaz\/\",\"https:\/\/www.youtube.com\/channel\/UChk1mSCHVEHmjq9e8PLb-mw\"]}]}<\/script>\n<!-- \/ Yoast SEO plugin. -->","yoast_head_json":{"title":"I Reco Bases Acampa 2021 - Acampa - Pola paz e o dereito a refuxio","robots":{"index":"index","follow":"follow","max-snippet":"max-snippet:-1","max-image-preview":"max-image-preview:large","max-video-preview":"max-video-preview:-1"},"canonical":"https:\/\/redeacampa.org\/pt-br\/reconhecimento-acampa\/","og_locale":"pt_BR","og_type":"article","og_title":"I Reco Bases Acampa 2021 - Acampa - Pola paz e o dereito a refuxio","og_description":"I Reconhecimento internacional na defesa dos direitos humanos \u201cAcampa pela paz e o direito a ref\u00fagio\u201d &nbsp;Trata-se de um reconhecimento anual a entidades ou pessoas que tenham se destacado na defesa dos Direitos Humanos, que \u00e9 uma das \u00e1reas de atua\u00e7\u00e3o do Acampa, juntamente com a luta pelo Direito a Ref\u00fagio, a defesa da Paz [&hellip;]","og_url":"https:\/\/redeacampa.org\/pt-br\/reconhecimento-acampa\/","og_site_name":"Acampa - Pola paz e o dereito a refuxio","article_publisher":"https:\/\/www.facebook.com\/acampapolapazeodereitoarefuxio","article_modified_time":"2025-05-01T17:13:58+00:00","twitter_card":"summary_large_image","twitter_site":"@Acampa_polapaz","twitter_misc":{"Est. tempo de leitura":"7 minutos"},"schema":{"@context":"https:\/\/schema.org","@graph":[{"@type":"WebPage","@id":"https:\/\/redeacampa.org\/pt-br\/reconhecimento-acampa\/","url":"https:\/\/redeacampa.org\/pt-br\/reconhecimento-acampa\/","name":"I Reco Bases Acampa 2021 - Acampa - Pola paz e o dereito a refuxio","isPartOf":{"@id":"https:\/\/redeacampa.org\/pt-br\/#website"},"datePublished":"2021-01-26T20:00:11+00:00","dateModified":"2025-05-01T17:13:58+00:00","breadcrumb":{"@id":"https:\/\/redeacampa.org\/pt-br\/reconhecimento-acampa\/#breadcrumb"},"inLanguage":"pt-BR","potentialAction":[{"@type":"ReadAction","target":["https:\/\/redeacampa.org\/pt-br\/reconhecimento-acampa\/"]}]},{"@type":"BreadcrumbList","@id":"https:\/\/redeacampa.org\/pt-br\/reconhecimento-acampa\/#breadcrumb","itemListElement":[{"@type":"ListItem","position":1,"name":"Portada","item":"https:\/\/redeacampa.org\/pt-br\/"},{"@type":"ListItem","position":2,"name":"I Reco Bases Acampa 2021"}]},{"@type":"WebSite","@id":"https:\/\/redeacampa.org\/pt-br\/#website","url":"https:\/\/redeacampa.org\/pt-br\/","name":"Acampa - Pola paz e o dereito a refuxio","description":"Unha iniciativa cidad\u00e1 sen fins de lucro integrada por colectivos sociais, culturais, educativos, veci\u00f1ais, pol\u00edticos, sindicais, art\u00edsticos, de persoas solidarias, de instituci\u00f3ns e empresas con responsabilidade social que te\u00f1en como obxectivo a defensa dos dereitos humanos, o Dereito Internacional Humanitario e o Dereito a Refuxio.","publisher":{"@id":"https:\/\/redeacampa.org\/pt-br\/#organization"},"potentialAction":[{"@type":"SearchAction","target":{"@type":"EntryPoint","urlTemplate":"https:\/\/redeacampa.org\/pt-br\/?s={search_term_string}"},"query-input":{"@type":"PropertyValueSpecification","valueRequired":true,"valueName":"search_term_string"}}],"inLanguage":"pt-BR"},{"@type":"Organization","@id":"https:\/\/redeacampa.org\/pt-br\/#organization","name":"Acampa","url":"https:\/\/redeacampa.org\/pt-br\/","logo":{"@type":"ImageObject","inLanguage":"pt-BR","@id":"https:\/\/redeacampa.org\/pt-br\/#\/schema\/logo\/image\/","url":"https:\/\/redeacampa.org\/wp-content\/uploads\/2019\/01\/acampaConRojo_es.png","contentUrl":"https:\/\/redeacampa.org\/wp-content\/uploads\/2019\/01\/acampaConRojo_es.png","width":612,"height":204,"caption":"Acampa"},"image":{"@id":"https:\/\/redeacampa.org\/pt-br\/#\/schema\/logo\/image\/"},"sameAs":["https:\/\/www.facebook.com\/acampapolapazeodereitoarefuxio","https:\/\/x.com\/Acampa_polapaz","https:\/\/www.instagram.com\/Acampa_polapaz\/","https:\/\/www.youtube.com\/channel\/UChk1mSCHVEHmjq9e8PLb-mw"]}]}},"_links":{"self":[{"href":"https:\/\/redeacampa.org\/pt-br\/wp-json\/wp\/v2\/pages\/45289","targetHints":{"allow":["GET"]}}],"collection":[{"href":"https:\/\/redeacampa.org\/pt-br\/wp-json\/wp\/v2\/pages"}],"about":[{"href":"https:\/\/redeacampa.org\/pt-br\/wp-json\/wp\/v2\/types\/page"}],"author":[{"embeddable":true,"href":"https:\/\/redeacampa.org\/pt-br\/wp-json\/wp\/v2\/users\/1"}],"replies":[{"embeddable":true,"href":"https:\/\/redeacampa.org\/pt-br\/wp-json\/wp\/v2\/comments?post=45289"}],"version-history":[{"count":20,"href":"https:\/\/redeacampa.org\/pt-br\/wp-json\/wp\/v2\/pages\/45289\/revisions"}],"predecessor-version":[{"id":46933,"href":"https:\/\/redeacampa.org\/pt-br\/wp-json\/wp\/v2\/pages\/45289\/revisions\/46933"}],"wp:attachment":[{"href":"https:\/\/redeacampa.org\/pt-br\/wp-json\/wp\/v2\/media?parent=45289"}],"wp:term":[{"taxonomy":"category","embeddable":true,"href":"https:\/\/redeacampa.org\/pt-br\/wp-json\/wp\/v2\/categories?post=45289"},{"taxonomy":"post_tag","embeddable":true,"href":"https:\/\/redeacampa.org\/pt-br\/wp-json\/wp\/v2\/tags?post=45289"}],"curies":[{"name":"wp","href":"https:\/\/api.w.org\/{rel}","templated":true}]}}