{"id":46540,"date":"2021-05-22T13:29:51","date_gmt":"2021-05-22T11:29:51","guid":{"rendered":"https:\/\/redeacampa.org\/resultados-rec-acampa-2021\/"},"modified":"2025-05-01T19:14:54","modified_gmt":"2025-05-01T17:14:54","slug":"resultados-rec-acampa-2021","status":"publish","type":"page","link":"https:\/\/redeacampa.org\/pt-br\/resultados-rec-acampa-2021\/","title":{"rendered":"I Resultados Rec, Acampa 2021"},"content":{"rendered":"<p>[et_pb_section fb_built=&#8221;1&#8243; fullwidth=&#8221;on&#8221; custom_padding_last_edited=&#8221;on|desktop&#8221; admin_label=&#8221;section&#8221; _builder_version=&#8221;3.22.3&#8243; background_color=&#8221;#cd1619&#8243; custom_padding_tablet=&#8221;50px|0|50px|0&#8243; custom_padding_phone=&#8221;&#8221; transparent_background=&#8221;off&#8221; padding_mobile=&#8221;off&#8221; locked=&#8221;off&#8221; collapsed=&#8221;on&#8221; global_colors_info=&#8221;{}&#8221;][et_pb_fullwidth_header title=&#8221;Resultados do I Reconhecimento Internacional Acampa 2021&#8243; subhead=&#8221;Acampa pela paz e o direito a ref\u00fagio&#8221; admin_label=&#8221;T\u00edtulo de anchura completa&#8221; _builder_version=&#8221;4.11.1&#8243; title_font=&#8221;|on|||&#8221; subhead_font=&#8221;||on||&#8221; background_color=&#8221;rgba(255, 255, 255, 0)&#8221; button_one_letter_spacing_hover=&#8221;0&#8243; button_two_letter_spacing_hover=&#8221;0&#8243; global_colors_info=&#8221;{}&#8221; button_one_text_size__hover_enabled=&#8221;off&#8221; button_two_text_size__hover_enabled=&#8221;off&#8221; button_one_text_color__hover_enabled=&#8221;off&#8221; button_two_text_color__hover_enabled=&#8221;off&#8221; button_one_border_width__hover_enabled=&#8221;off&#8221; button_two_border_width__hover_enabled=&#8221;off&#8221; button_one_border_color__hover_enabled=&#8221;off&#8221; button_two_border_color__hover_enabled=&#8221;off&#8221; button_one_border_radius__hover_enabled=&#8221;off&#8221; button_two_border_radius__hover_enabled=&#8221;off&#8221; button_one_letter_spacing__hover_enabled=&#8221;on&#8221; button_one_letter_spacing__hover=&#8221;0&#8243; button_two_letter_spacing__hover_enabled=&#8221;on&#8221; button_two_letter_spacing__hover=&#8221;0&#8243; button_one_bg_color__hover_enabled=&#8221;off&#8221; button_two_bg_color__hover_enabled=&#8221;off&#8221;][\/et_pb_fullwidth_header][\/et_pb_section][et_pb_section fb_built=&#8221;1&#8243; _builder_version=&#8221;4.9.4&#8243; _module_preset=&#8221;default&#8221; global_colors_info=&#8221;{}&#8221;][et_pb_row _builder_version=&#8221;4.9.4&#8243; _module_preset=&#8221;default&#8221; global_colors_info=&#8221;{}&#8221; collapsed=&#8221;on&#8221;][et_pb_column type=&#8221;4_4&#8243; _builder_version=&#8221;4.9.4&#8243; _module_preset=&#8221;default&#8221; global_colors_info=&#8221;{}&#8221;][et_pb_image src=&#8221;https:\/\/redeacampa.org\/wp-content\/uploads\/Res_Rec_2021.png&#8221; title_text=&#8221;Res_Rec_2021&#8243; _builder_version=&#8221;4.9.4&#8243; _module_preset=&#8221;default&#8221; global_colors_info=&#8221;{}&#8221;][\/et_pb_image][et_pb_text _builder_version=&#8221;4.9.4&#8243; _module_preset=&#8221;default&#8221; global_colors_info=&#8221;{}&#8221;]<\/p>\n<p>O <strong>Movimento dos Trabalhadores Sem Terra do Brasil, NST<\/strong> e o hist\u00f3rico ativista <strong>Nicanor Acosta<\/strong> foram os mais votados no <strong>I Reconhecimento Internacional para a Defesa dos Direitos Humanos.<\/strong><\/p>\n<p>Os votos em cada uma das duas categorias &#8211; internacional e galego &#8211; foram secretos, verific\u00e1veis e abertos n\u00e3o s\u00f3 \u00e0s pessoas associadas ao movimento Acampa, mas tamb\u00e9m ao p\u00fablico, que decidiu que o <strong>MST<\/strong> brasileiro, com <strong>22,73%<\/strong> dos votos, e a ativista de A Coru\u00f1a <strong>Nicanor Acosta,<\/strong> com <strong>53,49%<\/strong>, foram os primeiros a receber o Reconhecimento Acampa, que toma a forma de uma escultura aleg\u00f3rica da artista pl\u00e1stica <strong>Pilar Sub\u00edas<\/strong>.<\/p>\n<p>Qualquer um dos candidatos apresentados merecia, naturalmente, nosso aplauso coletivo por seu trabalho e seu trabalho na tecelagem de uma sociedade mais justa e humana. Mas os votos das organiza\u00e7\u00f5es, dos indiv\u00edduos associados \u00e0 rede e da cidadania impressa com Acampa escolheram o <strong>MST<\/strong> e <strong>Nicanor Acosta.<\/strong><\/p>\n<p>[\/et_pb_text][\/et_pb_column][\/et_pb_row][\/et_pb_section][et_pb_section fb_built=&#8221;1&#8243; _builder_version=&#8221;4.9.4&#8243; _module_preset=&#8221;default&#8221; background_color=&#8221;#cac2af&#8221; global_colors_info=&#8221;{}&#8221;][et_pb_row _builder_version=&#8221;4.9.4&#8243; _module_preset=&#8221;default&#8221; global_colors_info=&#8221;{}&#8221; collapsed=&#8221;on&#8221;][et_pb_column type=&#8221;4_4&#8243; _builder_version=&#8221;4.9.4&#8243; _module_preset=&#8221;default&#8221; global_colors_info=&#8221;{}&#8221;][et_pb_text _builder_version=&#8221;4.9.4&#8243; _module_preset=&#8221;default&#8221; global_colors_info=&#8221;{}&#8221;]<\/p>\n<h3 style=\"text-align: center;\">I Reconhecimento Internacional para a Defesa dos Direitos Humanos<\/h3>\n<h3 style=\"text-align: center;\">Acampa 2021<\/h3>\n<p>[\/et_pb_text][\/et_pb_column][\/et_pb_row][et_pb_row column_structure=&#8221;1_3,2_3&#8243; _builder_version=&#8221;4.9.4&#8243; _module_preset=&#8221;default&#8221; collapsed=&#8221;on&#8221; global_colors_info=&#8221;{}&#8221;][et_pb_column type=&#8221;1_3&#8243; _builder_version=&#8221;4.9.4&#8243; _module_preset=&#8221;default&#8221; global_colors_info=&#8221;{}&#8221;][et_pb_text _builder_version=&#8221;4.9.4&#8243; _module_preset=&#8221;default&#8221; global_colors_info=&#8221;{}&#8221;]<\/p>\n<p>O <strong>MST<\/strong> \u00e9 um dos movimentos sociais mais poderosos da Am\u00e9rica Latina. Desde 1984, vem defendendo o acesso dos brasileiros \u00e0 terra, como consagrado na Constitui\u00e7\u00e3o Federal e na Reforma Agr\u00e1ria n\u00e3o cumprida, promovendo ocupa\u00e7\u00f5es pac\u00edficas e promovendo estruturas c\u00edvicas e sociais funcionais em seus acampamentos em todo o pa\u00eds, onde vivem centenas de milhares de pessoas.<\/p>\n<p>Confiamos que, se a realidade pand\u00eamica o permitir, ser\u00e1 seu Secret\u00e1rio Geral, <strong>Jo\u00e3o Pedro Stedile<\/strong>, que recolher\u00e1 o reconhecimento em A Coru\u00f1a durante a celebra\u00e7\u00e3o do <strong>V Encontro Internacional Acampa por la Paz y el Derecho a Refugio, a ser realizado nos dias 9, 10 e 11 de setembro.<\/strong><\/p>\n<p>[\/et_pb_text][\/et_pb_column][et_pb_column type=&#8221;2_3&#8243; _builder_version=&#8221;4.9.4&#8243; _module_preset=&#8221;default&#8221; global_colors_info=&#8221;{}&#8221;][et_pb_image src=&#8221;https:\/\/redeacampa.org\/wp-content\/uploads\/Reconocimiento_2021_3.png&#8221; title_text=&#8221;Reconocimiento_2021_3&#8243; show_in_lightbox=&#8221;on&#8221; _builder_version=&#8221;4.9.4&#8243; _module_preset=&#8221;default&#8221; global_colors_info=&#8221;{}&#8221;][\/et_pb_image][\/et_pb_column][\/et_pb_row][et_pb_row _builder_version=&#8221;4.9.4&#8243; _module_preset=&#8221;default&#8221; global_colors_info=&#8221;{}&#8221; collapsed=&#8221;on&#8221;][et_pb_column type=&#8221;4_4&#8243; _builder_version=&#8221;4.9.4&#8243; _module_preset=&#8221;default&#8221; global_colors_info=&#8221;{}&#8221;][et_pb_text _builder_version=&#8221;4.9.4&#8243; _module_preset=&#8221;default&#8221; global_colors_info=&#8221;{}&#8221;]<\/p>\n<h3 style=\"text-align: center;\">I Reconhecimento Local (Galiza) para a Defesa dos Direitos Humanos<\/h3>\n<h3 style=\"text-align: center;\">Acampa 2021<\/h3>\n<p>[\/et_pb_text][\/et_pb_column][\/et_pb_row][et_pb_row column_structure=&#8221;2_3,1_3&#8243; _builder_version=&#8221;4.9.4&#8243; _module_preset=&#8221;default&#8221; collapsed=&#8221;on&#8221; global_colors_info=&#8221;{}&#8221;][et_pb_column type=&#8221;2_3&#8243; _builder_version=&#8221;4.9.4&#8243; _module_preset=&#8221;default&#8221; global_colors_info=&#8221;{}&#8221;][et_pb_image src=&#8221;https:\/\/redeacampa.org\/wp-content\/uploads\/Reconocimiento_2021_4.png&#8221; title_text=&#8221;Reconocimiento_2021_4&#8243; show_in_lightbox=&#8221;on&#8221; _builder_version=&#8221;4.9.4&#8243; _module_preset=&#8221;default&#8221; global_colors_info=&#8221;{}&#8221;][\/et_pb_image][\/et_pb_column][et_pb_column type=&#8221;1_3&#8243; _builder_version=&#8221;4.9.4&#8243; _module_preset=&#8221;default&#8221; global_colors_info=&#8221;{}&#8221;][et_pb_text _builder_version=&#8221;4.9.4&#8243; _module_preset=&#8221;default&#8221; global_colors_info=&#8221;{}&#8221;]<\/p>\n<p><strong>Nicanor Acosta<\/strong> \u00e9 uma presen\u00e7a di\u00e1ria em todas as causas justas que tomam as ruas da Coru\u00f1a e da Galiza. A voz do ativista <strong>Nicanor Acosta<\/strong> &#8211; 82 anos de idade &#8211; est\u00e1 sempre por tr\u00e1s do alto-falante da reivindica\u00e7\u00e3o em favor dos mais desfavorecidos.<\/p>\n<p>Militante anti-Franco, ele \u00e9 a for\u00e7a motriz das <strong>Festas pela Diversidade Cultural<\/strong> no bairro de Agra del Orz\u00e1n, do <strong>F\u00f3rum Galego da Imigra\u00e7\u00e3o<\/strong> e da primeira e segunda <strong>Marcha Mundial pela Paz e N\u00e3o-Viol\u00eancia<\/strong> (2009-2010).<\/p>\n<p>Ela acampou no movimento dos 15 M e liderou suas demonstra\u00e7\u00f5es. Ele participou da <strong>Stop Evictions<\/strong> e organizou as pessoas afetadas pela fraude da d\u00edvida preferencial. Ele tamb\u00e9m \u00e9 o fundador da associa\u00e7\u00e3o <strong>F\u00f3rum Pr\u00f3polis<\/strong>, cujas instala\u00e7\u00f5es est\u00e3o sempre dispon\u00edveis para as reuni\u00f5es de muitos movimentos sociais, e onde ele freq\u00fcentemente agenda mesas redondas sobre as mais diversas quest\u00f5es atuais.<\/p>\n<p><strong>Nicanor Acosta<\/strong> participa da <strong>vanguarda Obrera<\/strong>, da <strong>Acampa por la Paz<\/strong> e de muitas outras causas.<\/p>\n<p>[\/et_pb_text][\/et_pb_column][\/et_pb_row][\/et_pb_section][et_pb_section fb_built=&#8221;1&#8243; _builder_version=&#8221;4.9.4&#8243; _module_preset=&#8221;default&#8221; global_colors_info=&#8221;{}&#8221;][et_pb_row _builder_version=&#8221;4.9.4&#8243; _module_preset=&#8221;default&#8221; global_colors_info=&#8221;{}&#8221; collapsed=&#8221;on&#8221;][et_pb_column type=&#8221;4_4&#8243; _builder_version=&#8221;4.9.4&#8243; _module_preset=&#8221;default&#8221; global_colors_info=&#8221;{}&#8221;][et_pb_text _builder_version=&#8221;4.9.4&#8243; _module_preset=&#8221;default&#8221; global_colors_info=&#8221;{}&#8221;]<\/p>\n<p>Do movimento <strong>Acampa<\/strong>, estamos satisfeitos com o resultado. O objetivo do reconhecimento, de valorizar a necessidade de defender os Direitos Humanos, destacando o trabalho de organiza\u00e7\u00f5es ou pessoas que s\u00e3o refer\u00eancias neste campo e que s\u00e3o um exemplo para toda a sociedade, \u00e9 mais do que cumprido com os resultados da vota\u00e7\u00e3o.<\/p>\n<p>Deixamos aqui, em dois donuts, os resultados alcan\u00e7ados por cada uma das candidaturas que concorreram para nosso <strong>I Reconhecimento Internacional Acampa por la Paz y el Derecho a Refugio<\/strong>:<\/p>\n<p>&nbsp;<\/p>\n<p>[\/et_pb_text][\/et_pb_column][\/et_pb_row][et_pb_row column_structure=&#8221;1_2,1_2&#8243; _builder_version=&#8221;4.9.4&#8243; _module_preset=&#8221;default&#8221; global_colors_info=&#8221;{}&#8221; collapsed=&#8221;on&#8221;][et_pb_column type=&#8221;1_2&#8243; _builder_version=&#8221;4.9.4&#8243; _module_preset=&#8221;default&#8221; global_colors_info=&#8221;{}&#8221;][et_pb_image src=&#8221;https:\/\/redeacampa.org\/wp-content\/uploads\/Grafica-RIA21.png&#8221; title_text=&#8221;Grafica RIA21&#8243; show_in_lightbox=&#8221;on&#8221; _builder_version=&#8221;4.9.4&#8243; _module_preset=&#8221;default&#8221; global_colors_info=&#8221;{}&#8221;][\/et_pb_image][\/et_pb_column][et_pb_column type=&#8221;1_2&#8243; _builder_version=&#8221;4.9.4&#8243; _module_preset=&#8221;default&#8221; global_colors_info=&#8221;{}&#8221;][et_pb_image src=&#8221;https:\/\/redeacampa.org\/wp-content\/uploads\/Grafica-RLA21.png&#8221; title_text=&#8221;Grafica RLA21&#8243; show_in_lightbox=&#8221;on&#8221; _builder_version=&#8221;4.9.4&#8243; _module_preset=&#8221;default&#8221; global_colors_info=&#8221;{}&#8221;][\/et_pb_image][\/et_pb_column][\/et_pb_row][\/et_pb_section][et_pb_section fb_built=&#8221;1&#8243; _builder_version=&#8221;4.9.4&#8243; _module_preset=&#8221;default&#8221; background_color=&#8221;#74997b&#8221; custom_padding=&#8221;||0px|||&#8221; global_colors_info=&#8221;{}&#8221;][et_pb_row column_structure=&#8221;1_4,1_4,1_4,1_4&#8243; make_equal=&#8221;on&#8221; _builder_version=&#8221;4.9.4&#8243; _module_preset=&#8221;default&#8221; custom_padding=&#8221;6px||4px|||&#8221; global_colors_info=&#8221;{}&#8221; collapsed=&#8221;on&#8221;][et_pb_column type=&#8221;1_4&#8243; _builder_version=&#8221;4.9.4&#8243; _module_preset=&#8221;default&#8221; global_colors_info=&#8221;{}&#8221;][\/et_pb_column][et_pb_column type=&#8221;1_4&#8243; _builder_version=&#8221;4.9.4&#8243; _module_preset=&#8221;default&#8221; global_colors_info=&#8221;{}&#8221;][et_pb_image src=&#8221;https:\/\/redeacampa.org\/wp-content\/uploads\/estatuilla.png&#8221; title_text=&#8221;estatuilla&#8221; _builder_version=&#8221;4.9.4&#8243; _module_preset=&#8221;default&#8221; height=&#8221;80%&#8221; global_colors_info=&#8221;{}&#8221;][\/et_pb_image][\/et_pb_column][et_pb_column type=&#8221;1_4&#8243; _builder_version=&#8221;4.9.4&#8243; _module_preset=&#8221;default&#8221; global_colors_info=&#8221;{}&#8221;][et_pb_image src=&#8221;https:\/\/redeacampa.org\/wp-content\/uploads\/Reconocimiento_2021_5.jpg&#8221; show_in_lightbox=&#8221;on&#8221; _builder_version=&#8221;4.9.4&#8243; _module_preset=&#8221;default&#8221; custom_margin=&#8221;-1px|||||&#8221; global_colors_info=&#8221;{}&#8221;][\/et_pb_image][et_pb_text _builder_version=&#8221;4.9.4&#8243; _module_preset=&#8221;default&#8221; text_text_color=&#8221;#FFFFFF&#8221; global_colors_info=&#8221;{}&#8221;]<\/p>\n<p>A pe\u00e7a escult\u00f3rica que d\u00e1 forma ao Reconhecimento foi criada para esta iniciativa pela artista <strong>Pilar Sub\u00edas,<\/strong> a quem agradecemos publicamente a doa\u00e7\u00e3o e a cess\u00e3o dos direitos de uso dos mesmos.<\/p>\n<p>[\/et_pb_text][\/et_pb_column][et_pb_column type=&#8221;1_4&#8243; _builder_version=&#8221;4.9.4&#8243; _module_preset=&#8221;default&#8221; global_colors_info=&#8221;{}&#8221;][\/et_pb_column][\/et_pb_row][\/et_pb_section]<\/p>\n","protected":false},"excerpt":{"rendered":"<p>O Movimento dos Trabalhadores Sem Terra do Brasil, NST e o hist\u00f3rico ativista Nicanor Acosta foram os mais votados no I Reconhecimento Internacional para a Defesa dos Direitos Humanos. Os votos em cada uma das duas categorias &#8211; internacional e galego &#8211; foram secretos, verific\u00e1veis e abertos n\u00e3o s\u00f3 \u00e0s pessoas associadas ao movimento Acampa, [&hellip;]<\/p>\n","protected":false},"author":1,"featured_media":0,"parent":0,"menu_order":0,"comment_status":"closed","ping_status":"closed","template":"","meta":{"_et_pb_use_builder":"on","_et_pb_old_content":"","_et_gb_content_width":"","footnotes":""},"categories":[51],"tags":[],"class_list":["post-46540","page","type-page","status-publish","hentry","category-reconhecimento-br"],"yoast_head":"<!-- This site is optimized with the Yoast SEO plugin v26.4 - https:\/\/yoast.com\/wordpress\/plugins\/seo\/ -->\n<title>I Resultados Rec, Acampa 2021 - Acampa - Pola paz e o dereito a refuxio<\/title>\n<meta name=\"robots\" content=\"index, follow, max-snippet:-1, max-image-preview:large, max-video-preview:-1\" \/>\n<link rel=\"canonical\" href=\"https:\/\/redeacampa.org\/pt-br\/resultados-rec-acampa-2021\/\" \/>\n<meta property=\"og:locale\" content=\"pt_BR\" \/>\n<meta property=\"og:type\" content=\"article\" \/>\n<meta property=\"og:title\" content=\"I Resultados Rec, Acampa 2021 - Acampa - Pola paz e o dereito a refuxio\" \/>\n<meta property=\"og:description\" content=\"O Movimento dos Trabalhadores Sem Terra do Brasil, NST e o hist\u00f3rico ativista Nicanor Acosta foram os mais votados no I Reconhecimento Internacional para a Defesa dos Direitos Humanos. Os votos em cada uma das duas categorias - internacional e galego - foram secretos, verific\u00e1veis e abertos n\u00e3o s\u00f3 \u00e0s pessoas associadas ao movimento Acampa, [&hellip;]\" \/>\n<meta property=\"og:url\" content=\"https:\/\/redeacampa.org\/pt-br\/resultados-rec-acampa-2021\/\" \/>\n<meta property=\"og:site_name\" content=\"Acampa - Pola paz e o dereito a refuxio\" \/>\n<meta property=\"article:publisher\" content=\"https:\/\/www.facebook.com\/acampapolapazeodereitoarefuxio\" \/>\n<meta property=\"article:modified_time\" content=\"2025-05-01T17:14:54+00:00\" \/>\n<meta name=\"twitter:card\" content=\"summary_large_image\" \/>\n<meta name=\"twitter:site\" content=\"@Acampa_polapaz\" \/>\n<meta name=\"twitter:label1\" content=\"Est. tempo de leitura\" \/>\n\t<meta name=\"twitter:data1\" content=\"8 minutos\" \/>\n<script type=\"application\/ld+json\" class=\"yoast-schema-graph\">{\"@context\":\"https:\/\/schema.org\",\"@graph\":[{\"@type\":\"WebPage\",\"@id\":\"https:\/\/redeacampa.org\/pt-br\/resultados-rec-acampa-2021\/\",\"url\":\"https:\/\/redeacampa.org\/pt-br\/resultados-rec-acampa-2021\/\",\"name\":\"I Resultados Rec, Acampa 2021 - Acampa - Pola paz e o dereito a refuxio\",\"isPartOf\":{\"@id\":\"https:\/\/redeacampa.org\/pt-br\/#website\"},\"datePublished\":\"2021-05-22T11:29:51+00:00\",\"dateModified\":\"2025-05-01T17:14:54+00:00\",\"breadcrumb\":{\"@id\":\"https:\/\/redeacampa.org\/pt-br\/resultados-rec-acampa-2021\/#breadcrumb\"},\"inLanguage\":\"pt-BR\",\"potentialAction\":[{\"@type\":\"ReadAction\",\"target\":[\"https:\/\/redeacampa.org\/pt-br\/resultados-rec-acampa-2021\/\"]}]},{\"@type\":\"BreadcrumbList\",\"@id\":\"https:\/\/redeacampa.org\/pt-br\/resultados-rec-acampa-2021\/#breadcrumb\",\"itemListElement\":[{\"@type\":\"ListItem\",\"position\":1,\"name\":\"Portada\",\"item\":\"https:\/\/redeacampa.org\/pt-br\/\"},{\"@type\":\"ListItem\",\"position\":2,\"name\":\"I Resultados Rec, Acampa 2021\"}]},{\"@type\":\"WebSite\",\"@id\":\"https:\/\/redeacampa.org\/pt-br\/#website\",\"url\":\"https:\/\/redeacampa.org\/pt-br\/\",\"name\":\"Acampa - Pola paz e o dereito a refuxio\",\"description\":\"Unha iniciativa cidad\u00e1 sen fins de lucro integrada por colectivos sociais, culturais, educativos, veci\u00f1ais, pol\u00edticos, sindicais, art\u00edsticos, de persoas solidarias, de instituci\u00f3ns e empresas con responsabilidade social que te\u00f1en como obxectivo a defensa dos dereitos humanos, o Dereito Internacional Humanitario e o Dereito a Refuxio.\",\"publisher\":{\"@id\":\"https:\/\/redeacampa.org\/pt-br\/#organization\"},\"potentialAction\":[{\"@type\":\"SearchAction\",\"target\":{\"@type\":\"EntryPoint\",\"urlTemplate\":\"https:\/\/redeacampa.org\/pt-br\/?s={search_term_string}\"},\"query-input\":{\"@type\":\"PropertyValueSpecification\",\"valueRequired\":true,\"valueName\":\"search_term_string\"}}],\"inLanguage\":\"pt-BR\"},{\"@type\":\"Organization\",\"@id\":\"https:\/\/redeacampa.org\/pt-br\/#organization\",\"name\":\"Acampa\",\"url\":\"https:\/\/redeacampa.org\/pt-br\/\",\"logo\":{\"@type\":\"ImageObject\",\"inLanguage\":\"pt-BR\",\"@id\":\"https:\/\/redeacampa.org\/pt-br\/#\/schema\/logo\/image\/\",\"url\":\"https:\/\/redeacampa.org\/wp-content\/uploads\/2019\/01\/acampaConRojo_es.png\",\"contentUrl\":\"https:\/\/redeacampa.org\/wp-content\/uploads\/2019\/01\/acampaConRojo_es.png\",\"width\":612,\"height\":204,\"caption\":\"Acampa\"},\"image\":{\"@id\":\"https:\/\/redeacampa.org\/pt-br\/#\/schema\/logo\/image\/\"},\"sameAs\":[\"https:\/\/www.facebook.com\/acampapolapazeodereitoarefuxio\",\"https:\/\/x.com\/Acampa_polapaz\",\"https:\/\/www.instagram.com\/Acampa_polapaz\/\",\"https:\/\/www.youtube.com\/channel\/UChk1mSCHVEHmjq9e8PLb-mw\"]}]}<\/script>\n<!-- \/ Yoast SEO plugin. -->","yoast_head_json":{"title":"I Resultados Rec, Acampa 2021 - Acampa - Pola paz e o dereito a refuxio","robots":{"index":"index","follow":"follow","max-snippet":"max-snippet:-1","max-image-preview":"max-image-preview:large","max-video-preview":"max-video-preview:-1"},"canonical":"https:\/\/redeacampa.org\/pt-br\/resultados-rec-acampa-2021\/","og_locale":"pt_BR","og_type":"article","og_title":"I Resultados Rec, Acampa 2021 - Acampa - Pola paz e o dereito a refuxio","og_description":"O Movimento dos Trabalhadores Sem Terra do Brasil, NST e o hist\u00f3rico ativista Nicanor Acosta foram os mais votados no I Reconhecimento Internacional para a Defesa dos Direitos Humanos. Os votos em cada uma das duas categorias - internacional e galego - foram secretos, verific\u00e1veis e abertos n\u00e3o s\u00f3 \u00e0s pessoas associadas ao movimento Acampa, [&hellip;]","og_url":"https:\/\/redeacampa.org\/pt-br\/resultados-rec-acampa-2021\/","og_site_name":"Acampa - Pola paz e o dereito a refuxio","article_publisher":"https:\/\/www.facebook.com\/acampapolapazeodereitoarefuxio","article_modified_time":"2025-05-01T17:14:54+00:00","twitter_card":"summary_large_image","twitter_site":"@Acampa_polapaz","twitter_misc":{"Est. tempo de leitura":"8 minutos"},"schema":{"@context":"https:\/\/schema.org","@graph":[{"@type":"WebPage","@id":"https:\/\/redeacampa.org\/pt-br\/resultados-rec-acampa-2021\/","url":"https:\/\/redeacampa.org\/pt-br\/resultados-rec-acampa-2021\/","name":"I Resultados Rec, Acampa 2021 - Acampa - Pola paz e o dereito a refuxio","isPartOf":{"@id":"https:\/\/redeacampa.org\/pt-br\/#website"},"datePublished":"2021-05-22T11:29:51+00:00","dateModified":"2025-05-01T17:14:54+00:00","breadcrumb":{"@id":"https:\/\/redeacampa.org\/pt-br\/resultados-rec-acampa-2021\/#breadcrumb"},"inLanguage":"pt-BR","potentialAction":[{"@type":"ReadAction","target":["https:\/\/redeacampa.org\/pt-br\/resultados-rec-acampa-2021\/"]}]},{"@type":"BreadcrumbList","@id":"https:\/\/redeacampa.org\/pt-br\/resultados-rec-acampa-2021\/#breadcrumb","itemListElement":[{"@type":"ListItem","position":1,"name":"Portada","item":"https:\/\/redeacampa.org\/pt-br\/"},{"@type":"ListItem","position":2,"name":"I Resultados Rec, Acampa 2021"}]},{"@type":"WebSite","@id":"https:\/\/redeacampa.org\/pt-br\/#website","url":"https:\/\/redeacampa.org\/pt-br\/","name":"Acampa - Pola paz e o dereito a refuxio","description":"Unha iniciativa cidad\u00e1 sen fins de lucro integrada por colectivos sociais, culturais, educativos, veci\u00f1ais, pol\u00edticos, sindicais, art\u00edsticos, de persoas solidarias, de instituci\u00f3ns e empresas con responsabilidade social que te\u00f1en como obxectivo a defensa dos dereitos humanos, o Dereito Internacional Humanitario e o Dereito a Refuxio.","publisher":{"@id":"https:\/\/redeacampa.org\/pt-br\/#organization"},"potentialAction":[{"@type":"SearchAction","target":{"@type":"EntryPoint","urlTemplate":"https:\/\/redeacampa.org\/pt-br\/?s={search_term_string}"},"query-input":{"@type":"PropertyValueSpecification","valueRequired":true,"valueName":"search_term_string"}}],"inLanguage":"pt-BR"},{"@type":"Organization","@id":"https:\/\/redeacampa.org\/pt-br\/#organization","name":"Acampa","url":"https:\/\/redeacampa.org\/pt-br\/","logo":{"@type":"ImageObject","inLanguage":"pt-BR","@id":"https:\/\/redeacampa.org\/pt-br\/#\/schema\/logo\/image\/","url":"https:\/\/redeacampa.org\/wp-content\/uploads\/2019\/01\/acampaConRojo_es.png","contentUrl":"https:\/\/redeacampa.org\/wp-content\/uploads\/2019\/01\/acampaConRojo_es.png","width":612,"height":204,"caption":"Acampa"},"image":{"@id":"https:\/\/redeacampa.org\/pt-br\/#\/schema\/logo\/image\/"},"sameAs":["https:\/\/www.facebook.com\/acampapolapazeodereitoarefuxio","https:\/\/x.com\/Acampa_polapaz","https:\/\/www.instagram.com\/Acampa_polapaz\/","https:\/\/www.youtube.com\/channel\/UChk1mSCHVEHmjq9e8PLb-mw"]}]}},"_links":{"self":[{"href":"https:\/\/redeacampa.org\/pt-br\/wp-json\/wp\/v2\/pages\/46540","targetHints":{"allow":["GET"]}}],"collection":[{"href":"https:\/\/redeacampa.org\/pt-br\/wp-json\/wp\/v2\/pages"}],"about":[{"href":"https:\/\/redeacampa.org\/pt-br\/wp-json\/wp\/v2\/types\/page"}],"author":[{"embeddable":true,"href":"https:\/\/redeacampa.org\/pt-br\/wp-json\/wp\/v2\/users\/1"}],"replies":[{"embeddable":true,"href":"https:\/\/redeacampa.org\/pt-br\/wp-json\/wp\/v2\/comments?post=46540"}],"version-history":[{"count":9,"href":"https:\/\/redeacampa.org\/pt-br\/wp-json\/wp\/v2\/pages\/46540\/revisions"}],"predecessor-version":[{"id":47157,"href":"https:\/\/redeacampa.org\/pt-br\/wp-json\/wp\/v2\/pages\/46540\/revisions\/47157"}],"wp:attachment":[{"href":"https:\/\/redeacampa.org\/pt-br\/wp-json\/wp\/v2\/media?parent=46540"}],"wp:term":[{"taxonomy":"category","embeddable":true,"href":"https:\/\/redeacampa.org\/pt-br\/wp-json\/wp\/v2\/categories?post=46540"},{"taxonomy":"post_tag","embeddable":true,"href":"https:\/\/redeacampa.org\/pt-br\/wp-json\/wp\/v2\/tags?post=46540"}],"curies":[{"name":"wp","href":"https:\/\/api.w.org\/{rel}","templated":true}]}}