{"id":46958,"date":"2021-10-10T12:12:17","date_gmt":"2021-10-10T10:12:17","guid":{"rendered":"https:\/\/redeacampa.org\/ii-reco-bases-acampa-2022\/"},"modified":"2025-05-01T19:15:07","modified_gmt":"2025-05-01T17:15:07","slug":"ii-reco-bases-acampa-2022","status":"publish","type":"page","link":"https:\/\/redeacampa.org\/pt-br\/ii-reco-bases-acampa-2022\/","title":{"rendered":"II Reco Bases Acampa 2022"},"content":{"rendered":"<p>[et_pb_section fb_built=&#8221;1&#8243; fullwidth=&#8221;on&#8221; custom_padding_last_edited=&#8221;on|desktop&#8221; admin_label=&#8221;section&#8221; _builder_version=&#8221;3.22&#8243; background_color=&#8221;#cd1619&#8243; custom_padding_tablet=&#8221;50px|0|50px|0&#8243; custom_padding_phone=&#8221;&#8221; transparent_background=&#8221;off&#8221; padding_mobile=&#8221;off&#8221; locked=&#8221;off&#8221; collapsed=&#8221;on&#8221; global_colors_info=&#8221;{}&#8221;][et_pb_fullwidth_header title=&#8221;II Reconhecimento Internacional Acampa 2022&#8243; subhead=&#8221;Acampa pela paz e o direito a ref\u00fagio&#8221; admin_label=&#8221;T\u00edtulo de anchura completa&#8221; _builder_version=&#8221;4.11.2&#8243; title_font=&#8221;|on|||&#8221; subhead_font=&#8221;||on||&#8221; background_color=&#8221;rgba(255, 255, 255, 0)&#8221; button_one_letter_spacing_hover=&#8221;0&#8243; button_two_letter_spacing_hover=&#8221;0&#8243; global_colors_info=&#8221;{}&#8221; button_one_text_size__hover_enabled=&#8221;off&#8221; button_two_text_size__hover_enabled=&#8221;off&#8221; button_one_text_color__hover_enabled=&#8221;off&#8221; button_two_text_color__hover_enabled=&#8221;off&#8221; button_one_border_width__hover_enabled=&#8221;off&#8221; button_two_border_width__hover_enabled=&#8221;off&#8221; button_one_border_color__hover_enabled=&#8221;off&#8221; button_two_border_color__hover_enabled=&#8221;off&#8221; button_one_border_radius__hover_enabled=&#8221;off&#8221; button_two_border_radius__hover_enabled=&#8221;off&#8221; button_one_letter_spacing__hover_enabled=&#8221;on&#8221; button_one_letter_spacing__hover=&#8221;0&#8243; button_two_letter_spacing__hover_enabled=&#8221;on&#8221; button_two_letter_spacing__hover=&#8221;0&#8243; button_one_bg_color__hover_enabled=&#8221;off&#8221; button_two_bg_color__hover_enabled=&#8221;off&#8221;][\/et_pb_fullwidth_header][\/et_pb_section][et_pb_section fb_built=&#8221;1&#8243; _builder_version=&#8221;4.8.1&#8243; _module_preset=&#8221;default&#8221; background_enable_color=&#8221;off&#8221; custom_padding=&#8221;||0px|||&#8221; global_colors_info=&#8221;{}&#8221;][et_pb_row _builder_version=&#8221;4.8.1&#8243; _module_preset=&#8221;default&#8221; global_colors_info=&#8221;{}&#8221;][et_pb_column type=&#8221;4_4&#8243; _builder_version=&#8221;4.8.1&#8243; _module_preset=&#8221;default&#8221; global_colors_info=&#8221;{}&#8221;][et_pb_text _builder_version=&#8221;4.12.1&#8243; _module_preset=&#8221;default&#8221; text_font=&#8221;|||||on|||&#8221; header_font=&#8221;|||||on|||&#8221; header_2_font=&#8221;|||||on|||&#8221; custom_margin=&#8221;||-3px|||&#8221; custom_padding=&#8221;||0px|||&#8221; global_colors_info=&#8221;{}&#8221;]<\/p>\n<h1 style=\"text-align: center;\">II Reconhecimento Internacional Acampa<br \/>\u00e0 defesa dos direitos humanos<\/h1>\n<h4 style=\"text-align: center;\"><strong>&#8220;Acampa pela paz e o direito a ref\u00fagio\u201d<\/strong><\/h4>\n<p>&nbsp;<\/p>\n<p>[\/et_pb_text][et_pb_text _builder_version=&#8221;4.12.1&#8243; _module_preset=&#8221;default&#8221; background_enable_color=&#8221;off&#8221; global_colors_info=&#8221;{}&#8221;]<\/p>\n<p>O processo para a elei\u00e7\u00e3o do <span style=\"color: #cd1619;\">Reconhecimento Internacional Acampa para a Defesa dos Direitos Humanos<\/span> em sua segunda edi\u00e7\u00e3o, visando a <span style=\"color: #cd1619;\">entidades ou indiv\u00edduos que se destacam na defesa dos Direitos Humanos<\/span>, especialmente nos campos de a\u00e7\u00e3o de <strong><span style=\"color: #cd1619;\">Acampa,<\/span><\/strong>, ou seja, a defesa dos Direitos Humanos, o Direito ao Ref\u00fagio e a defesa da Paz e do di\u00e1logo como f\u00f3rmula para a resolu\u00e7\u00e3o de conflitos.<\/p>\n<p>O Reconhecimento, em suas duas categorias, internacional e local, visa a destacar a necessidade do <span style=\"color: #cd1619;\">defence dos Direitos Humanos<\/span>, apresentando o trabalho realizado por organiza\u00e7\u00f5es ou indiv\u00edduos que s\u00e3o uma refer\u00eancia e um exemplo para a toda a sociedade.<\/p>\n<p>Precisamos destacar a situa\u00e7\u00e3o de <span style=\"color: #cd1619;\">recess\u00e3o dos Direitos Humanos ao redor do mundo<\/span> e a import\u00e2ncia de recuper\u00e1-los e defend\u00ea-los com a for\u00e7a e resist\u00eancia dos destinat\u00e1rios deste reconhecimento que ser\u00e1 proposto e votado por todas as organiza\u00e7\u00f5es e pessoas que comp\u00f5em a <strong><span style=\"color: #cd1619;\">Rede Acampa International<\/span><\/strong><\/p>\n<p>[\/et_pb_text][et_pb_divider admin_label=&#8221;Separador&#8221; _builder_version=&#8221;4.11.2&#8243; _module_preset=&#8221;default&#8221; global_colors_info=&#8221;{}&#8221;][\/et_pb_divider][\/et_pb_column][\/et_pb_row][\/et_pb_section][et_pb_section fb_built=&#8221;1&#8243; _builder_version=&#8221;4.8.1&#8243; _module_preset=&#8221;default&#8221; custom_padding=&#8221;0px|||||&#8221; global_colors_info=&#8221;{}&#8221;][et_pb_row column_structure=&#8221;3_5,2_5&#8243; _builder_version=&#8221;4.8.1&#8243; _module_preset=&#8221;default&#8221; global_colors_info=&#8221;{}&#8221;][et_pb_column type=&#8221;3_5&#8243; _builder_version=&#8221;4.8.1&#8243; _module_preset=&#8221;default&#8221; global_colors_info=&#8221;{}&#8221;][et_pb_text _builder_version=&#8221;4.12.1&#8243; _module_preset=&#8221;default&#8221; text_font=&#8221;|||||on|||&#8221; custom_margin=&#8221;||-3px|||&#8221; custom_padding=&#8221;||0px|||&#8221; global_colors_info=&#8221;{}&#8221;]<\/p>\n<h2 style=\"text-align: center;\">Bases<\/h2>\n<p>&nbsp;<\/p>\n<p>[\/et_pb_text][et_pb_text _builder_version=&#8221;4.12.1&#8243; _module_preset=&#8221;default&#8221; hover_enabled=&#8221;0&#8243; global_colors_info=&#8221;{}&#8221; sticky_enabled=&#8221;0&#8243;]<\/p>\n<blockquote><p><strong>1.- Em que consiste o Reconhecimento?<\/strong><\/p><\/blockquote>\n<p>Esta \u00e9 uma men\u00e7\u00e3o internacional que \u00e9 apresentada simultaneamente em todas as cidades com um estilo <span style=\"color: #cd1619;\"><strong>Rede Acampa<\/strong><\/span> em funcionamento. As organiza\u00e7\u00f5es ou indiv\u00edduos escolhidos s\u00e3o apresentados com uma Carta de Reconhecimento destacando o trabalho que est\u00e1 sendo destacado e uma pe\u00e7a representando a <span style=\"color: #cd1619;\"><strong>Acampa<\/strong><\/span> Reconhecimento, uma obra do escultor <strong>Pilar Sub\u00edas<\/strong>.<\/p>\n<blockquote><p><strong>2.- Quem pode submeter propostas para o Reconhecimento?<\/strong><\/p><\/blockquote>\n<ul>\n<li>&#8211; A todas as organiza\u00e7\u00f5es que fazem parte do <span style=\"color: #cd1619;\"><strong>Rede Acampa Internacional<\/strong><\/span> com uma carta de ades\u00e3o ao <span style=\"color: #cd1619;\"><strong>Rede Acampa<\/strong><\/span>.<\/li>\n<li>&#8211; Todas as pessoas que comp\u00f5em o <span style=\"color: #cd1619;\"><strong>Rede Acampa <\/strong><\/span>e que est\u00e3o registadas como associadas.<\/li>\n<li>&#8211; Todas as equipas de coordena\u00e7\u00e3o local de <span style=\"color: #cd1619;\"><strong>Acampa International.<\/strong><\/span><\/li>\n<\/ul>\n<blockquote><p><strong>3.- Como apresentar uma candidatura? <\/strong><\/p><\/blockquote>\n<p>Para propor uma candidatura, a seguinte documenta\u00e7\u00e3o deve ser anexada:<\/p>\n<p>No caso do candidato ser uma pessoa:<\/p>\n<ul>\n<li>&#8211; Foto digital do indicado (1800 pixels no lado mais longo e com resolu\u00e7\u00e3o de 300 dpi). Se isto n\u00e3o for poss\u00edvel, qualquer foto de qualidade reconhec\u00edvel servir\u00e1 para a primeira proposta).<\/li>\n<\/ul>\n<p>Se for uma organiza\u00e7\u00e3o:<\/p>\n<ul>\n<li>&#8211; Logotipo vectorial.<\/li>\n<\/ul>\n<p>Em ambos os casos, tamb\u00e9m deve ser anexado:<\/p>\n<ul>\n<li>&#8211; Breve descri\u00e7\u00e3o dos motivos da proposta (aprox. 200 caracteres).<\/li>\n<li>&#8211; Breve biografia da pessoa ou da organiza\u00e7\u00e3o proposta (aproximadamente 400 caracteres).<\/li>\n<li>&#8211; Dados de contacto, e-mail, telefone, website e redes sociais da organiza\u00e7\u00e3o ou pessoa nomeada para receber o Reconhecimento.<\/li>\n<li>&#8211; Detalhes da organiza\u00e7\u00e3o ou pessoa que faz a proposta.<\/li>\n<\/ul>\n<p>Toda a documenta\u00e7\u00e3o deve ser fornecida na forma de arquivos eletr\u00f4nicos em formato PDF e n\u00e3o maior que 4 megabytes de informa\u00e7\u00e3o.<\/p>\n<p>Nomina\u00e7\u00f5es devem ser enviadas para o seguinte endere\u00e7o de e-mail: <a href=\"mailto:acampa@redeacampa.org\">acampa@redeacampa.org.<\/a><\/p>\n<blockquote><p><strong>4.- Prazo para a apresenta\u00e7\u00e3o de candidaturas.<\/strong><\/p><\/blockquote>\n<div style=\"background: #eeeeee; border: 1px solid #cccccc; padding: 5px 10px;\">O prazo final para submeter nomea\u00e7\u00f5es para o <span style=\"color: #cd1619;\">II Reconhecimento Acampa 2022<\/span><strong> termina em 31 de janeiro de 2022.<\/strong><\/div>\n<blockquote><p><strong>5.- Quantos pr\u00eamios s\u00e3o entregues a cada ano? <\/strong><\/p><\/blockquote>\n<p>Os seguintes Reconhecimentos <strong><span style=\"color: #cd1619;\">Acampa<\/span><\/strong> ser\u00e3o entregues a cada ano:<\/p>\n<ul>\n<li><strong>&#8211; Um<\/strong> \u00fanico <strong>Reconhecimento Internacional<\/strong>. Isto ser\u00e1 premiado em uma base rotativa em cada pa\u00eds com <strong><span style=\"color: #cd1619;\">Rede Acampa<\/span><\/strong> na cidade onde se realiza primeiro o Encontro Internacional anual de mais de dois dias, ou na cidade decidida pelogest\u00e3o do <strong><span style=\"color: #cd1619;\">Acampa<\/span><\/strong> no respectivo pa\u00eds.<\/li>\n<li><strong>&#8211; Um Reconhecimento Local<\/strong> em cada cidade com um organiza\u00e7\u00e3o do <strong><span style=\"color: #cd1619;\">Acampa<\/span><\/strong>, independentemente do n\u00famero de cidades que queiram apresentar o Reconhecimento Local.<\/li>\n<\/ul>\n<p>No caso espec\u00edfico da Galiza, e a partir desta segunda edi\u00e7\u00e3o, o \u00e2mbito do Reconhecimento foi alargado a organiza\u00e7\u00f5es e particulares de toda a Galiza.<\/p>\n<p>A gest\u00e3o internacional de <strong><span style=\"color: #cd1619;\">Acampa<\/span><\/strong> pode, por raz\u00f5es estrat\u00e9gicas, decidir a cidade em que o Reconhecimento Internacional \u00e9 atribu\u00eddo. Esta decis\u00e3o ter\u00e1 preced\u00eancia sobre qualquer outra<\/p>\n<blockquote><p><strong>6.- Como \u00e9 selecionado o reconhecimento anual?<\/strong><\/p><\/blockquote>\n<p>Uma vez encerrado o prazo para a apresenta\u00e7\u00e3o de indica\u00e7\u00f5es, ser\u00e1 aberto um per\u00edodo de vota\u00e7\u00e3o no qual todas as pessoas credenciadas como membros de uma das organiza\u00e7\u00f5es <strong><span style=\"color: #cd1619;\">Acampa<\/span><\/strong> e todas as organiza\u00e7\u00f5es (com um voto por organiza\u00e7\u00e3o) da <strong><span style=\"color: #cd1619;\">Rede Acampa<\/span><\/strong> poder\u00e3o participar.<\/p>\n<p>At\u00e9 duas nomea\u00e7\u00f5es por organiza\u00e7\u00e3o ou indiv\u00edduo podem ser apresentadas:<\/p>\n<ul>\n<li>&#8211; Um para Reconhecimento Internacional.<\/li>\n<li>&#8211; Um para Reconhecimento Local.<\/li>\n<\/ul>\n<p>A vota\u00e7\u00e3o para o Reconhecimento Internacional e Reconhecimento Local ser\u00e1 realizada atrav\u00e9s do site da <strong><span style=\"color: #cd1619;\">Acampa International<\/span><\/strong> no link que ser\u00e1 fornecido para este fim.<\/p>\n<p>Todas as organiza\u00e7\u00f5es da <strong><span style=\"color: #cd1619;\">Rede Acampa<\/span><\/strong> e todas as pessoas registradas ou associadas \u00e0 <strong><span style=\"color: #cd1619;\">Rede Acampa<\/span><\/strong> s\u00e3o eleg\u00edveis para votar.<\/p>\n<div style=\"background: #eeeeee; border: 1px solid #cccccc; padding: 5px 10px;\">O per\u00edodo de vota\u00e7\u00e3o para o <span style=\"color: #cd1619;\">II Pr\u00eamio Acampa 2022<\/span> ser\u00e1 <strong>de 15 de fevereiro a 15 de mar\u00e7o de 2022<\/strong>.<\/div>\n<p>[\/et_pb_text][\/et_pb_column][et_pb_column type=&#8221;2_5&#8243; _builder_version=&#8221;4.8.1&#8243; _module_preset=&#8221;default&#8221; global_colors_info=&#8221;{}&#8221;][et_pb_image src=&#8221;https:\/\/redeacampa.org\/wp-content\/uploads\/Escultura-Reconocimiento-Acampa.png&#8221; title_text=&#8221;Escultura-Reconhecimento Acampa&#8221; align=&#8221;center&#8221; _builder_version=&#8221;4.8.1&#8243; _module_preset=&#8221;default&#8221; background_enable_color=&#8221;off&#8221; module_alignment=&#8221;center&#8221; custom_margin=&#8221;||17px|||&#8221; custom_padding=&#8221;15.1%||||false|false&#8221; border_color_all=&#8221;#CD1619&#8243; box_shadow_style=&#8221;preset3&#8243; box_shadow_color=&#8221;#CD1619&#8243; global_colors_info=&#8221;{}&#8221;][\/et_pb_image][et_pb_text _builder_version=&#8221;4.12.1&#8243; _module_preset=&#8221;default&#8221; text_orientation=&#8221;center&#8221; min_height=&#8221;22.8px&#8221; custom_margin=&#8221;11px||15%||false|false&#8221; custom_padding=&#8221;0px||||false|false&#8221; link_option_url=&#8221;https:\/\/quintodeebro.com\/gallery2\/index.php\/Artesanos_y_Artistas\/Pilar_P_rez_Sub_as_Escultora&#8221; link_option_url_new_window=&#8221;on&#8221; global_colors_info=&#8221;{}&#8221;]<\/p>\n<p>Pe\u00e7a escult\u00f3rica de <strong>Pilar Sub\u00edas.<\/strong><\/p>\n<p>[\/et_pb_text][et_pb_button button_url=&#8221;https:\/\/coruna.redeacampa.org\/es\/sumate-a-la-red\/&#8221; button_text=&#8221;Para se registrar acesse este link&#8221; button_alignment=&#8221;center&#8221; _builder_version=&#8221;4.8.1&#8243; _module_preset=&#8221;default&#8221; background_layout=&#8221;dark&#8221; global_colors_info=&#8221;{}&#8221;][\/et_pb_button][et_pb_text _builder_version=&#8221;4.12.1&#8243; _module_preset=&#8221;default&#8221; custom_margin=&#8221;15%||||false|false&#8221; link_option_url=&#8221;https:\/\/quintodeebro.com\/gallery2\/index.php\/Artesanos_y_Artistas\/Pilar_P_rez_Sub_as_Escultora&#8221; link_option_url_new_window=&#8221;on&#8221; global_colors_info=&#8221;{}&#8221;]<\/p>\n<p><strong>Pilar Sub\u00edas<\/strong> cedeu desinteressadamente o trabalho e os direitos de uso para <span style=\"color: #cd1619;\"><strong>Acampa<\/strong> pela paz e o direito a ref\u00fagio<\/span>.<\/p>\n<p>[\/et_pb_text][\/et_pb_column][\/et_pb_row][\/et_pb_section]<\/p>\n","protected":false},"excerpt":{"rendered":"<p>II Reconhecimento Internacional Acampa\u00e0 defesa dos direitos humanos &#8220;Acampa pela paz e o direito a ref\u00fagio\u201d &nbsp;O processo para a elei\u00e7\u00e3o do Reconhecimento Internacional Acampa para a Defesa dos Direitos Humanos em sua segunda edi\u00e7\u00e3o, visando a entidades ou indiv\u00edduos que se destacam na defesa dos Direitos Humanos, especialmente nos campos de a\u00e7\u00e3o de Acampa,, [&hellip;]<\/p>\n","protected":false},"author":1,"featured_media":0,"parent":0,"menu_order":0,"comment_status":"closed","ping_status":"closed","template":"","meta":{"_et_pb_use_builder":"on","_et_pb_old_content":"","_et_gb_content_width":"","footnotes":""},"categories":[51],"tags":[],"class_list":["post-46958","page","type-page","status-publish","hentry","category-reconhecimento-br"],"yoast_head":"<!-- This site is optimized with the Yoast SEO plugin v26.4 - https:\/\/yoast.com\/wordpress\/plugins\/seo\/ -->\n<title>II Reco Bases Acampa 2022 - Acampa - Pola paz e o dereito a refuxio<\/title>\n<meta name=\"robots\" content=\"index, follow, max-snippet:-1, max-image-preview:large, max-video-preview:-1\" \/>\n<link rel=\"canonical\" href=\"https:\/\/redeacampa.org\/pt-br\/ii-reco-bases-acampa-2022\/\" \/>\n<meta property=\"og:locale\" content=\"pt_BR\" \/>\n<meta property=\"og:type\" content=\"article\" \/>\n<meta property=\"og:title\" content=\"II Reco Bases Acampa 2022 - Acampa - Pola paz e o dereito a refuxio\" \/>\n<meta property=\"og:description\" content=\"II Reconhecimento Internacional Acampa\u00e0 defesa dos direitos humanos &quot;Acampa pela paz e o direito a ref\u00fagio\u201d &nbsp;O processo para a elei\u00e7\u00e3o do Reconhecimento Internacional Acampa para a Defesa dos Direitos Humanos em sua segunda edi\u00e7\u00e3o, visando a entidades ou indiv\u00edduos que se destacam na defesa dos Direitos Humanos, especialmente nos campos de a\u00e7\u00e3o de Acampa,, [&hellip;]\" \/>\n<meta property=\"og:url\" content=\"https:\/\/redeacampa.org\/pt-br\/ii-reco-bases-acampa-2022\/\" \/>\n<meta property=\"og:site_name\" content=\"Acampa - Pola paz e o dereito a refuxio\" \/>\n<meta property=\"article:publisher\" content=\"https:\/\/www.facebook.com\/acampapolapazeodereitoarefuxio\" \/>\n<meta property=\"article:modified_time\" content=\"2025-05-01T17:15:07+00:00\" \/>\n<meta name=\"twitter:card\" content=\"summary_large_image\" \/>\n<meta name=\"twitter:site\" content=\"@Acampa_polapaz\" \/>\n<meta name=\"twitter:label1\" content=\"Est. tempo de leitura\" \/>\n\t<meta name=\"twitter:data1\" content=\"7 minutos\" \/>\n<script type=\"application\/ld+json\" class=\"yoast-schema-graph\">{\"@context\":\"https:\/\/schema.org\",\"@graph\":[{\"@type\":\"WebPage\",\"@id\":\"https:\/\/redeacampa.org\/pt-br\/ii-reco-bases-acampa-2022\/\",\"url\":\"https:\/\/redeacampa.org\/pt-br\/ii-reco-bases-acampa-2022\/\",\"name\":\"II Reco Bases Acampa 2022 - Acampa - Pola paz e o dereito a refuxio\",\"isPartOf\":{\"@id\":\"https:\/\/redeacampa.org\/pt-br\/#website\"},\"datePublished\":\"2021-10-10T10:12:17+00:00\",\"dateModified\":\"2025-05-01T17:15:07+00:00\",\"breadcrumb\":{\"@id\":\"https:\/\/redeacampa.org\/pt-br\/ii-reco-bases-acampa-2022\/#breadcrumb\"},\"inLanguage\":\"pt-BR\",\"potentialAction\":[{\"@type\":\"ReadAction\",\"target\":[\"https:\/\/redeacampa.org\/pt-br\/ii-reco-bases-acampa-2022\/\"]}]},{\"@type\":\"BreadcrumbList\",\"@id\":\"https:\/\/redeacampa.org\/pt-br\/ii-reco-bases-acampa-2022\/#breadcrumb\",\"itemListElement\":[{\"@type\":\"ListItem\",\"position\":1,\"name\":\"Portada\",\"item\":\"https:\/\/redeacampa.org\/pt-br\/\"},{\"@type\":\"ListItem\",\"position\":2,\"name\":\"II Reco Bases Acampa 2022\"}]},{\"@type\":\"WebSite\",\"@id\":\"https:\/\/redeacampa.org\/pt-br\/#website\",\"url\":\"https:\/\/redeacampa.org\/pt-br\/\",\"name\":\"Acampa - Pola paz e o dereito a refuxio\",\"description\":\"Unha iniciativa cidad\u00e1 sen fins de lucro integrada por colectivos sociais, culturais, educativos, veci\u00f1ais, pol\u00edticos, sindicais, art\u00edsticos, de persoas solidarias, de instituci\u00f3ns e empresas con responsabilidade social que te\u00f1en como obxectivo a defensa dos dereitos humanos, o Dereito Internacional Humanitario e o Dereito a Refuxio.\",\"publisher\":{\"@id\":\"https:\/\/redeacampa.org\/pt-br\/#organization\"},\"potentialAction\":[{\"@type\":\"SearchAction\",\"target\":{\"@type\":\"EntryPoint\",\"urlTemplate\":\"https:\/\/redeacampa.org\/pt-br\/?s={search_term_string}\"},\"query-input\":{\"@type\":\"PropertyValueSpecification\",\"valueRequired\":true,\"valueName\":\"search_term_string\"}}],\"inLanguage\":\"pt-BR\"},{\"@type\":\"Organization\",\"@id\":\"https:\/\/redeacampa.org\/pt-br\/#organization\",\"name\":\"Acampa\",\"url\":\"https:\/\/redeacampa.org\/pt-br\/\",\"logo\":{\"@type\":\"ImageObject\",\"inLanguage\":\"pt-BR\",\"@id\":\"https:\/\/redeacampa.org\/pt-br\/#\/schema\/logo\/image\/\",\"url\":\"https:\/\/redeacampa.org\/wp-content\/uploads\/2019\/01\/acampaConRojo_es.png\",\"contentUrl\":\"https:\/\/redeacampa.org\/wp-content\/uploads\/2019\/01\/acampaConRojo_es.png\",\"width\":612,\"height\":204,\"caption\":\"Acampa\"},\"image\":{\"@id\":\"https:\/\/redeacampa.org\/pt-br\/#\/schema\/logo\/image\/\"},\"sameAs\":[\"https:\/\/www.facebook.com\/acampapolapazeodereitoarefuxio\",\"https:\/\/x.com\/Acampa_polapaz\",\"https:\/\/www.instagram.com\/Acampa_polapaz\/\",\"https:\/\/www.youtube.com\/channel\/UChk1mSCHVEHmjq9e8PLb-mw\"]}]}<\/script>\n<!-- \/ Yoast SEO plugin. -->","yoast_head_json":{"title":"II Reco Bases Acampa 2022 - Acampa - Pola paz e o dereito a refuxio","robots":{"index":"index","follow":"follow","max-snippet":"max-snippet:-1","max-image-preview":"max-image-preview:large","max-video-preview":"max-video-preview:-1"},"canonical":"https:\/\/redeacampa.org\/pt-br\/ii-reco-bases-acampa-2022\/","og_locale":"pt_BR","og_type":"article","og_title":"II Reco Bases Acampa 2022 - Acampa - Pola paz e o dereito a refuxio","og_description":"II Reconhecimento Internacional Acampa\u00e0 defesa dos direitos humanos \"Acampa pela paz e o direito a ref\u00fagio\u201d &nbsp;O processo para a elei\u00e7\u00e3o do Reconhecimento Internacional Acampa para a Defesa dos Direitos Humanos em sua segunda edi\u00e7\u00e3o, visando a entidades ou indiv\u00edduos que se destacam na defesa dos Direitos Humanos, especialmente nos campos de a\u00e7\u00e3o de Acampa,, [&hellip;]","og_url":"https:\/\/redeacampa.org\/pt-br\/ii-reco-bases-acampa-2022\/","og_site_name":"Acampa - Pola paz e o dereito a refuxio","article_publisher":"https:\/\/www.facebook.com\/acampapolapazeodereitoarefuxio","article_modified_time":"2025-05-01T17:15:07+00:00","twitter_card":"summary_large_image","twitter_site":"@Acampa_polapaz","twitter_misc":{"Est. tempo de leitura":"7 minutos"},"schema":{"@context":"https:\/\/schema.org","@graph":[{"@type":"WebPage","@id":"https:\/\/redeacampa.org\/pt-br\/ii-reco-bases-acampa-2022\/","url":"https:\/\/redeacampa.org\/pt-br\/ii-reco-bases-acampa-2022\/","name":"II Reco Bases Acampa 2022 - Acampa - Pola paz e o dereito a refuxio","isPartOf":{"@id":"https:\/\/redeacampa.org\/pt-br\/#website"},"datePublished":"2021-10-10T10:12:17+00:00","dateModified":"2025-05-01T17:15:07+00:00","breadcrumb":{"@id":"https:\/\/redeacampa.org\/pt-br\/ii-reco-bases-acampa-2022\/#breadcrumb"},"inLanguage":"pt-BR","potentialAction":[{"@type":"ReadAction","target":["https:\/\/redeacampa.org\/pt-br\/ii-reco-bases-acampa-2022\/"]}]},{"@type":"BreadcrumbList","@id":"https:\/\/redeacampa.org\/pt-br\/ii-reco-bases-acampa-2022\/#breadcrumb","itemListElement":[{"@type":"ListItem","position":1,"name":"Portada","item":"https:\/\/redeacampa.org\/pt-br\/"},{"@type":"ListItem","position":2,"name":"II Reco Bases Acampa 2022"}]},{"@type":"WebSite","@id":"https:\/\/redeacampa.org\/pt-br\/#website","url":"https:\/\/redeacampa.org\/pt-br\/","name":"Acampa - Pola paz e o dereito a refuxio","description":"Unha iniciativa cidad\u00e1 sen fins de lucro integrada por colectivos sociais, culturais, educativos, veci\u00f1ais, pol\u00edticos, sindicais, art\u00edsticos, de persoas solidarias, de instituci\u00f3ns e empresas con responsabilidade social que te\u00f1en como obxectivo a defensa dos dereitos humanos, o Dereito Internacional Humanitario e o Dereito a Refuxio.","publisher":{"@id":"https:\/\/redeacampa.org\/pt-br\/#organization"},"potentialAction":[{"@type":"SearchAction","target":{"@type":"EntryPoint","urlTemplate":"https:\/\/redeacampa.org\/pt-br\/?s={search_term_string}"},"query-input":{"@type":"PropertyValueSpecification","valueRequired":true,"valueName":"search_term_string"}}],"inLanguage":"pt-BR"},{"@type":"Organization","@id":"https:\/\/redeacampa.org\/pt-br\/#organization","name":"Acampa","url":"https:\/\/redeacampa.org\/pt-br\/","logo":{"@type":"ImageObject","inLanguage":"pt-BR","@id":"https:\/\/redeacampa.org\/pt-br\/#\/schema\/logo\/image\/","url":"https:\/\/redeacampa.org\/wp-content\/uploads\/2019\/01\/acampaConRojo_es.png","contentUrl":"https:\/\/redeacampa.org\/wp-content\/uploads\/2019\/01\/acampaConRojo_es.png","width":612,"height":204,"caption":"Acampa"},"image":{"@id":"https:\/\/redeacampa.org\/pt-br\/#\/schema\/logo\/image\/"},"sameAs":["https:\/\/www.facebook.com\/acampapolapazeodereitoarefuxio","https:\/\/x.com\/Acampa_polapaz","https:\/\/www.instagram.com\/Acampa_polapaz\/","https:\/\/www.youtube.com\/channel\/UChk1mSCHVEHmjq9e8PLb-mw"]}]}},"_links":{"self":[{"href":"https:\/\/redeacampa.org\/pt-br\/wp-json\/wp\/v2\/pages\/46958","targetHints":{"allow":["GET"]}}],"collection":[{"href":"https:\/\/redeacampa.org\/pt-br\/wp-json\/wp\/v2\/pages"}],"about":[{"href":"https:\/\/redeacampa.org\/pt-br\/wp-json\/wp\/v2\/types\/page"}],"author":[{"embeddable":true,"href":"https:\/\/redeacampa.org\/pt-br\/wp-json\/wp\/v2\/users\/1"}],"replies":[{"embeddable":true,"href":"https:\/\/redeacampa.org\/pt-br\/wp-json\/wp\/v2\/comments?post=46958"}],"version-history":[{"count":7,"href":"https:\/\/redeacampa.org\/pt-br\/wp-json\/wp\/v2\/pages\/46958\/revisions"}],"predecessor-version":[{"id":46976,"href":"https:\/\/redeacampa.org\/pt-br\/wp-json\/wp\/v2\/pages\/46958\/revisions\/46976"}],"wp:attachment":[{"href":"https:\/\/redeacampa.org\/pt-br\/wp-json\/wp\/v2\/media?parent=46958"}],"wp:term":[{"taxonomy":"category","embeddable":true,"href":"https:\/\/redeacampa.org\/pt-br\/wp-json\/wp\/v2\/categories?post=46958"},{"taxonomy":"post_tag","embeddable":true,"href":"https:\/\/redeacampa.org\/pt-br\/wp-json\/wp\/v2\/tags?post=46958"}],"curies":[{"name":"wp","href":"https:\/\/api.w.org\/{rel}","templated":true}]}}