{"id":47700,"date":"2022-03-20T21:40:51","date_gmt":"2022-03-20T20:40:51","guid":{"rendered":"https:\/\/redeacampa.org\/?page_id=47700"},"modified":"2025-05-01T19:16:05","modified_gmt":"2025-05-01T17:16:05","slug":"ii-resultados-rec-acampa-2022","status":"publish","type":"page","link":"https:\/\/redeacampa.org\/pt-br\/ii-resultados-rec-acampa-2022\/","title":{"rendered":"II Resultados Rec, Acampa 2022"},"content":{"rendered":"<p>[et_pb_section fb_built=&#8221;1&#8243; fullwidth=&#8221;on&#8221; custom_padding_last_edited=&#8221;on|desktop&#8221; admin_label=&#8221;section&#8221; _builder_version=&#8221;4.16&#8243; background_color=&#8221;#cd1619&#8243; custom_padding_tablet=&#8221;50px|0|50px|0&#8243; custom_padding_phone=&#8221;&#8221; transparent_background=&#8221;off&#8221; padding_mobile=&#8221;off&#8221; locked=&#8221;off&#8221; collapsed=&#8221;on&#8221; global_colors_info=&#8221;{}&#8221;][et_pb_fullwidth_header title=&#8221;Resultados do II Reconhecimento Internacional Acampa 2021&#8243; subhead=&#8221;Acampa pela paz e o direito a ref\u00fagio&#8221; admin_label=&#8221;T\u00edtulo de anchura completa&#8221; _builder_version=&#8221;4.16&#8243; title_font=&#8221;|on|||&#8221; subhead_font=&#8221;||on||&#8221; background_color=&#8221;rgba(255, 255, 255, 0)&#8221; button_one_letter_spacing_hover=&#8221;0&#8243; button_two_letter_spacing_hover=&#8221;0&#8243; global_colors_info=&#8221;{}&#8221; button_one_text_size__hover_enabled=&#8221;off&#8221; button_two_text_size__hover_enabled=&#8221;off&#8221; button_one_text_color__hover_enabled=&#8221;off&#8221; button_two_text_color__hover_enabled=&#8221;off&#8221; button_one_border_width__hover_enabled=&#8221;off&#8221; button_two_border_width__hover_enabled=&#8221;off&#8221; button_one_border_color__hover_enabled=&#8221;off&#8221; button_two_border_color__hover_enabled=&#8221;off&#8221; button_one_border_radius__hover_enabled=&#8221;off&#8221; button_two_border_radius__hover_enabled=&#8221;off&#8221; button_one_letter_spacing__hover_enabled=&#8221;on&#8221; button_one_letter_spacing__hover=&#8221;0&#8243; button_two_letter_spacing__hover_enabled=&#8221;on&#8221; button_two_letter_spacing__hover=&#8221;0&#8243; button_one_bg_color__hover_enabled=&#8221;off&#8221; button_two_bg_color__hover_enabled=&#8221;off&#8221;][\/et_pb_fullwidth_header][\/et_pb_section][et_pb_section fb_built=&#8221;1&#8243; _builder_version=&#8221;4.17.4&#8243; _module_preset=&#8221;default&#8221; hover_enabled=&#8221;0&#8243; collapsed=&#8221;off&#8221; global_colors_info=&#8221;{}&#8221; sticky_enabled=&#8221;0&#8243;][et_pb_row _builder_version=&#8221;4.16&#8243; _module_preset=&#8221;default&#8221; collapsed=&#8221;off&#8221; global_colors_info=&#8221;{}&#8221;][et_pb_column type=&#8221;4_4&#8243; _builder_version=&#8221;4.16&#8243; _module_preset=&#8221;default&#8221; global_colors_info=&#8221;{}&#8221;][et_pb_image src=&#8221;https:\/\/redeacampa.org\/wp-content\/uploads\/Res-Rec-2022.jpg&#8221; title_text=&#8221;Res-Rec-2022&#8243; _builder_version=&#8221;4.16&#8243; _module_preset=&#8221;default&#8221; global_colors_info=&#8221;{}&#8221;][\/et_pb_image][et_pb_text _builder_version=&#8221;4.16&#8243; _module_preset=&#8221;default&#8221; global_colors_info=&#8221;{}&#8221;]As ONGs <strong>Caminando Fronteras<\/strong> e <strong>Ecodesarrollo Gaia<\/strong> foram as mais votadas no <strong>II Reconhecimento Internacional para a Defesa dos Direitos Humanos Acampa 2022.<\/strong><\/p>\n<p>As pessoas associadas ao movimento Acampa decidiram que a ONG <strong>Caminando Fronteras<\/strong>, com <strong>27,00%<\/strong> dos votos, e a ONG <strong>Ecodesarrollo Gaia<\/strong>, de La Coru\u00f1a, com <strong>36,10%<\/strong>, receberiam o II Reconhecimento Acampa, que toma a forma de uma escultura aleg\u00f3rica da artista pl\u00e1stica Pilar Sub\u00edas.<\/p>\n<p>Qualquer um dos candidatos apresentados merecia claramente nosso aplauso coletivo por seu trabalho e seu trabalho na tecelagem de uma sociedade mais justa e humana. Mas os votos das organiza\u00e7\u00f5es, indiv\u00edduos associados \u00e0 rede e cidad\u00e3os envolvidos com a Acampa escolheram <strong>Caminando Fronteras<\/strong> e <strong>Ecodesarrollo Gaia<\/strong>.[\/et_pb_text][\/et_pb_column][\/et_pb_row][\/et_pb_section][et_pb_section fb_built=&#8221;1&#8243; _builder_version=&#8221;4.16&#8243; _module_preset=&#8221;default&#8221; background_color=&#8221;#cac2af&#8221; collapsed=&#8221;on&#8221; global_colors_info=&#8221;{}&#8221;][et_pb_row _builder_version=&#8221;4.16&#8243; _module_preset=&#8221;default&#8221; collapsed=&#8221;off&#8221; global_colors_info=&#8221;{}&#8221;][et_pb_column type=&#8221;4_4&#8243; _builder_version=&#8221;4.16&#8243; _module_preset=&#8221;default&#8221; global_colors_info=&#8221;{}&#8221;][et_pb_text _builder_version=&#8221;4.16&#8243; _module_preset=&#8221;default&#8221; global_colors_info=&#8221;{}&#8221;]<\/p>\n<h3 style=\"text-align: center;\">II Reconhecimento Internacional<\/h3>\n<h3 style=\"text-align: center;\"> para a Defesa dos Direitos Humanos Acampa 2022<\/h3>\n<p>[\/et_pb_text][\/et_pb_column][\/et_pb_row][et_pb_row column_structure=&#8221;1_3,2_3&#8243; _builder_version=&#8221;4.16&#8243; _module_preset=&#8221;default&#8221; collapsed=&#8221;off&#8221; global_colors_info=&#8221;{}&#8221;][et_pb_column type=&#8221;1_3&#8243; _builder_version=&#8221;4.16&#8243; _module_preset=&#8221;default&#8221; global_colors_info=&#8221;{}&#8221;][et_pb_text _builder_version=&#8221;4.16&#8243; _module_preset=&#8221;default&#8221; global_colors_info=&#8221;{}&#8221;]<strong>Caminando Fronteras<\/strong> \u00e9 um coletivo que defende os direitos dos migrantes e das comunidades migrantes. Nascido em 2002, \u00e9 o resultado da sinergia e do encontro de diferentes defensores dos direitos humanos localizados em diferentes territ\u00f3rios da <strong>Fronteira Oeste Euro-Africana.<\/strong><\/p>\n<p>Esta ONG atua de uma perspectiva transnacional, transcultural, anti-racista e feminista atrav\u00e9s da qual denunciam as fronteiras como espa\u00e7os de impunidade. Eles lutam pela restaura\u00e7\u00e3o dos direitos nesses \u201cn\u00e3o-lugares\u201d, tecendo redes com pessoas e comunidades em movimento. Seu objetivo \u00e9 minar a necropol\u00edtica que destr\u00f3i os direitos das pessoas e comunidades migrantes. Eles fazem isso resistindo e resistindo coletivamente ao Estado, \u00e0 viol\u00eancia corporativa e criminosa que habita o espa\u00e7o de fronteira.<\/p>\n<p>Esperamos que sua mais alta representante, <strong>Helena Maleno Garz\u00f3n<\/strong>, seja a que receber\u00e1 o pr\u00eamio em A Coru\u00f1a durante o <strong>VI Encontro Internacional Acampa por la Paz y el Derecho a Refugio 2022<\/strong> a ser realizado nos dias <strong>9, 10 e 11 de junho.<\/strong>[\/et_pb_text][\/et_pb_column][et_pb_column type=&#8221;2_3&#8243; _builder_version=&#8221;4.16&#8243; _module_preset=&#8221;default&#8221; global_colors_info=&#8221;{}&#8221;][et_pb_image src=&#8221;https:\/\/redeacampa.org\/wp-content\/uploads\/Caminando.png&#8221; alt=&#8221;Caminando Fronteras&#8221; title_text=&#8221;Caminando Fronteras&#8221; show_in_lightbox=&#8221;on&#8221; _builder_version=&#8221;4.16&#8243; _module_preset=&#8221;default&#8221; global_colors_info=&#8221;{}&#8221;][\/et_pb_image][\/et_pb_column][\/et_pb_row][et_pb_row _builder_version=&#8221;4.16&#8243; _module_preset=&#8221;default&#8221; collapsed=&#8221;off&#8221; global_colors_info=&#8221;{}&#8221;][et_pb_column type=&#8221;4_4&#8243; _builder_version=&#8221;4.16&#8243; _module_preset=&#8221;default&#8221; global_colors_info=&#8221;{}&#8221;][et_pb_text _builder_version=&#8221;4.16&#8243; _module_preset=&#8221;default&#8221; global_colors_info=&#8221;{}&#8221;]<\/p>\n<h3 style=\"text-align: center;\">II Reconhecimento Local (Galiza)<\/h3>\n<h3 style=\"text-align: center;\"> para a Defesa dos Direitos Humanos Acampa 2022<\/h3>\n<p>[\/et_pb_text][\/et_pb_column][\/et_pb_row][et_pb_row column_structure=&#8221;2_3,1_3&#8243; _builder_version=&#8221;4.16&#8243; _module_preset=&#8221;default&#8221; collapsed=&#8221;off&#8221; global_colors_info=&#8221;{}&#8221;][et_pb_column type=&#8221;2_3&#8243; _builder_version=&#8221;4.16&#8243; _module_preset=&#8221;default&#8221; global_colors_info=&#8221;{}&#8221;][et_pb_image src=&#8221;https:\/\/redeacampa.org\/wp-content\/uploads\/ecodesarrollo-2022.png&#8221; alt=&#8221;Ecodesarrollo Gaia&#8221; title_text=&#8221;Ecodesarrollo Gaia&#8221; show_in_lightbox=&#8221;on&#8221; _builder_version=&#8221;4.16&#8243; _module_preset=&#8221;default&#8221; global_colors_info=&#8221;{}&#8221;][\/et_pb_image][\/et_pb_column][et_pb_column type=&#8221;1_3&#8243; _builder_version=&#8221;4.16&#8243; _module_preset=&#8221;default&#8221; global_colors_info=&#8221;{}&#8221;][et_pb_text _builder_version=&#8221;4.16&#8243; _module_preset=&#8221;default&#8221; global_colors_info=&#8221;{}&#8221;]<strong>Ecodesarrollo Gaia<\/strong> \u00e9 uma ONG fundada em 1992 e cujo nome deriva da palavra grega \u201cM\u00e3e Terra\u201c. Trabalha dentro da estrutura de Direitos Humanos, Paz e N\u00e3o-Viol\u00eancia, Igualdade de Oportunidades de G\u00eanero, Defesa Ambiental, Sustentabilidade, Equidade Norte-Sul e Equidade Intergeracional com a imigra\u00e7\u00e3o e em projetos de coopera\u00e7\u00e3o internacional de co-desenvolvimento.<\/p>\n<p>Colabora com outras ONGs ambientais, sociais, culturais e de direitos humanos em n\u00edvel espanhol e internacional e com a CITE \u2013 CCOO. Ela trabalha com o Movimento GreenBelt e seu l\u00edder, Dr. Wangari Maathai (Qu\u00eania), Pr\u00eamio Nobel da Paz 2004.<\/p>\n<p>Coru\u00f1a Cura \u00e9 uma iniciativa da <strong>Ecodesarrollo Gaia<\/strong> que nasceu em 2007. \u00c9 um programa de assist\u00eancia m\u00e9dico-sanit\u00e1ria destinado principalmente \u00e0s crian\u00e7as e mulheres de Yoff (Senegal), realizado por pessoal de sa\u00fade volunt\u00e1rio e com a contribui\u00e7\u00e3o de medicamentos e material da ONG. Al\u00e9m disso, na Escola Coru\u00f1a, localizada na mesma cidade, realizam diversas atividades de treinamento para crian\u00e7as, mulheres e jovens para que possam se tornar independentes.<\/p>\n<p>Seu representante m\u00e1ximo, <strong>Guillermo Fern\u00e1ndez-Obanza (Mito)<\/strong>, receber\u00e1 o pr\u00eamio em A Coru\u00f1a durante o <strong>VI Encontro Internacional Acampa por la Paz y el Derecho a Refugio 2022<\/strong> a ser realizado nos dias <strong>9, 10 e 11 de junho.<\/strong>[\/et_pb_text][\/et_pb_column][\/et_pb_row][\/et_pb_section][et_pb_section fb_built=&#8221;1&#8243; _builder_version=&#8221;4.16&#8243; _module_preset=&#8221;default&#8221; collapsed=&#8221;on&#8221; global_colors_info=&#8221;{}&#8221;][et_pb_row _builder_version=&#8221;4.16&#8243; _module_preset=&#8221;default&#8221; collapsed=&#8221;on&#8221; global_colors_info=&#8221;{}&#8221;][et_pb_column type=&#8221;4_4&#8243; _builder_version=&#8221;4.16&#8243; _module_preset=&#8221;default&#8221; global_colors_info=&#8221;{}&#8221;][et_pb_text _builder_version=&#8221;4.16&#8243; _module_preset=&#8221;default&#8221; global_colors_info=&#8221;{}&#8221;]Do movimento <strong>Acampa<\/strong>, estamos satisfeitos com o resultado. O objetivo do reconhecimento, de valorizar a necessidade de defender os Direitos Humanos, destacando o trabalho de organiza\u00e7\u00f5es ou pessoas que s\u00e3o refer\u00eancias neste campo e que s\u00e3o um exemplo para toda a sociedade, \u00e9 mais do que cumprido com os resultados da vota\u00e7\u00e3o.<\/p>\n<p>Deixamos aqui, em dois donuts, os resultados alcan\u00e7ados por cada uma das candidaturas que concorreram para nosso <strong>II Reconhecimento Internacional Acampa 2022 por la Paz y el Derecho a Refugio<\/strong>:[\/et_pb_text][\/et_pb_column][\/et_pb_row][et_pb_row column_structure=&#8221;1_2,1_2&#8243; _builder_version=&#8221;4.16&#8243; _module_preset=&#8221;default&#8221; collapsed=&#8221;on&#8221; global_colors_info=&#8221;{}&#8221;][et_pb_column type=&#8221;1_2&#8243; _builder_version=&#8221;4.16&#8243; _module_preset=&#8221;default&#8221; global_colors_info=&#8221;{}&#8221;][et_pb_image src=&#8221;https:\/\/redeacampa.org\/wp-content\/uploads\/RecoInter2022.jpg&#8221; title_text=&#8221;RecoInter2022&#8243; show_in_lightbox=&#8221;on&#8221; _builder_version=&#8221;4.16&#8243; _module_preset=&#8221;default&#8221; global_colors_info=&#8221;{}&#8221;][\/et_pb_image][\/et_pb_column][et_pb_column type=&#8221;1_2&#8243; _builder_version=&#8221;4.16&#8243; _module_preset=&#8221;default&#8221; global_colors_info=&#8221;{}&#8221;][et_pb_image src=&#8221;https:\/\/redeacampa.org\/wp-content\/uploads\/RecoLoc2022.jpg&#8221; title_text=&#8221;RecoLoc2022&#8243; show_in_lightbox=&#8221;on&#8221; _builder_version=&#8221;4.16&#8243; _module_preset=&#8221;default&#8221; global_colors_info=&#8221;{}&#8221;][\/et_pb_image][\/et_pb_column][\/et_pb_row][\/et_pb_section][et_pb_section fb_built=&#8221;1&#8243; _builder_version=&#8221;4.16&#8243; _module_preset=&#8221;default&#8221; background_color=&#8221;#74997b&#8221; custom_padding=&#8221;||0px|||&#8221; collapsed=&#8221;on&#8221; global_colors_info=&#8221;{}&#8221;][et_pb_row column_structure=&#8221;1_4,1_4,1_4,1_4&#8243; make_equal=&#8221;on&#8221; _builder_version=&#8221;4.16&#8243; _module_preset=&#8221;default&#8221; custom_padding=&#8221;6px||4px|||&#8221; collapsed=&#8221;off&#8221; global_colors_info=&#8221;{}&#8221;][et_pb_column type=&#8221;1_4&#8243; _builder_version=&#8221;4.16&#8243; _module_preset=&#8221;default&#8221; global_colors_info=&#8221;{}&#8221;][\/et_pb_column][et_pb_column type=&#8221;1_4&#8243; _builder_version=&#8221;4.16&#8243; _module_preset=&#8221;default&#8221; global_colors_info=&#8221;{}&#8221;][et_pb_image src=&#8221;https:\/\/redeacampa.org\/wp-content\/uploads\/estatuilla.png&#8221; title_text=&#8221;estatuilla&#8221; _builder_version=&#8221;4.16&#8243; _module_preset=&#8221;default&#8221; height=&#8221;80%&#8221; global_colors_info=&#8221;{}&#8221;][\/et_pb_image][\/et_pb_column][et_pb_column type=&#8221;1_4&#8243; _builder_version=&#8221;4.16&#8243; _module_preset=&#8221;default&#8221; global_colors_info=&#8221;{}&#8221;][et_pb_image src=&#8221;https:\/\/redeacampa.org\/wp-content\/uploads\/Reconocimiento_2021_5.jpg&#8221; show_in_lightbox=&#8221;on&#8221; _builder_version=&#8221;4.16&#8243; _module_preset=&#8221;default&#8221; custom_margin=&#8221;-1px|||||&#8221; global_colors_info=&#8221;{}&#8221;][\/et_pb_image][et_pb_text _builder_version=&#8221;4.16&#8243; _module_preset=&#8221;default&#8221; text_text_color=&#8221;#FFFFFF&#8221; global_colors_info=&#8221;{}&#8221;]A pe\u00e7a escult\u00f3rica que d\u00e1 forma ao Reconhecimento foi criada para esta iniciativa pela artista <strong>Pilar Sub\u00edas,<\/strong> a quem agradecemos publicamente a doa\u00e7\u00e3o e a cess\u00e3o dos direitos de uso dos mesmos.[\/et_pb_text][\/et_pb_column][et_pb_column type=&#8221;1_4&#8243; _builder_version=&#8221;4.16&#8243; _module_preset=&#8221;default&#8221; global_colors_info=&#8221;{}&#8221;][\/et_pb_column][\/et_pb_row][\/et_pb_section]<\/p>\n","protected":false},"excerpt":{"rendered":"<p>As ONGs Caminando Fronteras e Ecodesarrollo Gaia foram as mais votadas no II Reconhecimento Internacional para a Defesa dos Direitos Humanos Acampa 2022. As pessoas associadas ao movimento Acampa decidiram que a ONG Caminando Fronteras, com 27,00% dos votos, e a ONG Ecodesarrollo Gaia, de La Coru\u00f1a, com 36,10%, receberiam o II Reconhecimento Acampa, que [&hellip;]<\/p>\n","protected":false},"author":1,"featured_media":0,"parent":0,"menu_order":0,"comment_status":"closed","ping_status":"closed","template":"","meta":{"_et_pb_use_builder":"on","_et_pb_old_content":"","_et_gb_content_width":"","footnotes":""},"categories":[51],"tags":[],"class_list":["post-47700","page","type-page","status-publish","hentry","category-reconhecimento-br"],"yoast_head":"<!-- This site is optimized with the Yoast SEO plugin v26.4 - https:\/\/yoast.com\/wordpress\/plugins\/seo\/ -->\n<title>II Resultados Rec, Acampa 2022 - Acampa - Pola paz e o dereito a refuxio<\/title>\n<meta name=\"robots\" content=\"index, follow, max-snippet:-1, max-image-preview:large, max-video-preview:-1\" \/>\n<link rel=\"canonical\" href=\"https:\/\/redeacampa.org\/pt-br\/ii-resultados-rec-acampa-2022\/\" \/>\n<meta property=\"og:locale\" content=\"pt_BR\" \/>\n<meta property=\"og:type\" content=\"article\" \/>\n<meta property=\"og:title\" content=\"II Resultados Rec, Acampa 2022 - Acampa - Pola paz e o dereito a refuxio\" \/>\n<meta property=\"og:description\" content=\"As ONGs Caminando Fronteras e Ecodesarrollo Gaia foram as mais votadas no II Reconhecimento Internacional para a Defesa dos Direitos Humanos Acampa 2022. As pessoas associadas ao movimento Acampa decidiram que a ONG Caminando Fronteras, com 27,00% dos votos, e a ONG Ecodesarrollo Gaia, de La Coru\u00f1a, com 36,10%, receberiam o II Reconhecimento Acampa, que [&hellip;]\" \/>\n<meta property=\"og:url\" content=\"https:\/\/redeacampa.org\/pt-br\/ii-resultados-rec-acampa-2022\/\" \/>\n<meta property=\"og:site_name\" content=\"Acampa - Pola paz e o dereito a refuxio\" \/>\n<meta property=\"article:publisher\" content=\"https:\/\/www.facebook.com\/acampapolapazeodereitoarefuxio\" \/>\n<meta property=\"article:modified_time\" content=\"2025-05-01T17:16:05+00:00\" \/>\n<meta name=\"twitter:card\" content=\"summary_large_image\" \/>\n<meta name=\"twitter:site\" content=\"@Acampa_polapaz\" \/>\n<meta name=\"twitter:label1\" content=\"Est. tempo de leitura\" \/>\n\t<meta name=\"twitter:data1\" content=\"8 minutos\" \/>\n<script type=\"application\/ld+json\" class=\"yoast-schema-graph\">{\"@context\":\"https:\/\/schema.org\",\"@graph\":[{\"@type\":\"WebPage\",\"@id\":\"https:\/\/redeacampa.org\/pt-br\/ii-resultados-rec-acampa-2022\/\",\"url\":\"https:\/\/redeacampa.org\/pt-br\/ii-resultados-rec-acampa-2022\/\",\"name\":\"II Resultados Rec, Acampa 2022 - Acampa - Pola paz e o dereito a refuxio\",\"isPartOf\":{\"@id\":\"https:\/\/redeacampa.org\/pt-br\/#website\"},\"datePublished\":\"2022-03-20T20:40:51+00:00\",\"dateModified\":\"2025-05-01T17:16:05+00:00\",\"breadcrumb\":{\"@id\":\"https:\/\/redeacampa.org\/pt-br\/ii-resultados-rec-acampa-2022\/#breadcrumb\"},\"inLanguage\":\"pt-BR\",\"potentialAction\":[{\"@type\":\"ReadAction\",\"target\":[\"https:\/\/redeacampa.org\/pt-br\/ii-resultados-rec-acampa-2022\/\"]}]},{\"@type\":\"BreadcrumbList\",\"@id\":\"https:\/\/redeacampa.org\/pt-br\/ii-resultados-rec-acampa-2022\/#breadcrumb\",\"itemListElement\":[{\"@type\":\"ListItem\",\"position\":1,\"name\":\"Portada\",\"item\":\"https:\/\/redeacampa.org\/pt-br\/\"},{\"@type\":\"ListItem\",\"position\":2,\"name\":\"II Resultados Rec, Acampa 2022\"}]},{\"@type\":\"WebSite\",\"@id\":\"https:\/\/redeacampa.org\/pt-br\/#website\",\"url\":\"https:\/\/redeacampa.org\/pt-br\/\",\"name\":\"Acampa - Pola paz e o dereito a refuxio\",\"description\":\"Unha iniciativa cidad\u00e1 sen fins de lucro integrada por colectivos sociais, culturais, educativos, veci\u00f1ais, pol\u00edticos, sindicais, art\u00edsticos, de persoas solidarias, de instituci\u00f3ns e empresas con responsabilidade social que te\u00f1en como obxectivo a defensa dos dereitos humanos, o Dereito Internacional Humanitario e o Dereito a Refuxio.\",\"publisher\":{\"@id\":\"https:\/\/redeacampa.org\/pt-br\/#organization\"},\"potentialAction\":[{\"@type\":\"SearchAction\",\"target\":{\"@type\":\"EntryPoint\",\"urlTemplate\":\"https:\/\/redeacampa.org\/pt-br\/?s={search_term_string}\"},\"query-input\":{\"@type\":\"PropertyValueSpecification\",\"valueRequired\":true,\"valueName\":\"search_term_string\"}}],\"inLanguage\":\"pt-BR\"},{\"@type\":\"Organization\",\"@id\":\"https:\/\/redeacampa.org\/pt-br\/#organization\",\"name\":\"Acampa\",\"url\":\"https:\/\/redeacampa.org\/pt-br\/\",\"logo\":{\"@type\":\"ImageObject\",\"inLanguage\":\"pt-BR\",\"@id\":\"https:\/\/redeacampa.org\/pt-br\/#\/schema\/logo\/image\/\",\"url\":\"https:\/\/redeacampa.org\/wp-content\/uploads\/2019\/01\/acampaConRojo_es.png\",\"contentUrl\":\"https:\/\/redeacampa.org\/wp-content\/uploads\/2019\/01\/acampaConRojo_es.png\",\"width\":612,\"height\":204,\"caption\":\"Acampa\"},\"image\":{\"@id\":\"https:\/\/redeacampa.org\/pt-br\/#\/schema\/logo\/image\/\"},\"sameAs\":[\"https:\/\/www.facebook.com\/acampapolapazeodereitoarefuxio\",\"https:\/\/x.com\/Acampa_polapaz\",\"https:\/\/www.instagram.com\/Acampa_polapaz\/\",\"https:\/\/www.youtube.com\/channel\/UChk1mSCHVEHmjq9e8PLb-mw\"]}]}<\/script>\n<!-- \/ Yoast SEO plugin. -->","yoast_head_json":{"title":"II Resultados Rec, Acampa 2022 - Acampa - Pola paz e o dereito a refuxio","robots":{"index":"index","follow":"follow","max-snippet":"max-snippet:-1","max-image-preview":"max-image-preview:large","max-video-preview":"max-video-preview:-1"},"canonical":"https:\/\/redeacampa.org\/pt-br\/ii-resultados-rec-acampa-2022\/","og_locale":"pt_BR","og_type":"article","og_title":"II Resultados Rec, Acampa 2022 - Acampa - Pola paz e o dereito a refuxio","og_description":"As ONGs Caminando Fronteras e Ecodesarrollo Gaia foram as mais votadas no II Reconhecimento Internacional para a Defesa dos Direitos Humanos Acampa 2022. As pessoas associadas ao movimento Acampa decidiram que a ONG Caminando Fronteras, com 27,00% dos votos, e a ONG Ecodesarrollo Gaia, de La Coru\u00f1a, com 36,10%, receberiam o II Reconhecimento Acampa, que [&hellip;]","og_url":"https:\/\/redeacampa.org\/pt-br\/ii-resultados-rec-acampa-2022\/","og_site_name":"Acampa - Pola paz e o dereito a refuxio","article_publisher":"https:\/\/www.facebook.com\/acampapolapazeodereitoarefuxio","article_modified_time":"2025-05-01T17:16:05+00:00","twitter_card":"summary_large_image","twitter_site":"@Acampa_polapaz","twitter_misc":{"Est. tempo de leitura":"8 minutos"},"schema":{"@context":"https:\/\/schema.org","@graph":[{"@type":"WebPage","@id":"https:\/\/redeacampa.org\/pt-br\/ii-resultados-rec-acampa-2022\/","url":"https:\/\/redeacampa.org\/pt-br\/ii-resultados-rec-acampa-2022\/","name":"II Resultados Rec, Acampa 2022 - Acampa - Pola paz e o dereito a refuxio","isPartOf":{"@id":"https:\/\/redeacampa.org\/pt-br\/#website"},"datePublished":"2022-03-20T20:40:51+00:00","dateModified":"2025-05-01T17:16:05+00:00","breadcrumb":{"@id":"https:\/\/redeacampa.org\/pt-br\/ii-resultados-rec-acampa-2022\/#breadcrumb"},"inLanguage":"pt-BR","potentialAction":[{"@type":"ReadAction","target":["https:\/\/redeacampa.org\/pt-br\/ii-resultados-rec-acampa-2022\/"]}]},{"@type":"BreadcrumbList","@id":"https:\/\/redeacampa.org\/pt-br\/ii-resultados-rec-acampa-2022\/#breadcrumb","itemListElement":[{"@type":"ListItem","position":1,"name":"Portada","item":"https:\/\/redeacampa.org\/pt-br\/"},{"@type":"ListItem","position":2,"name":"II Resultados Rec, Acampa 2022"}]},{"@type":"WebSite","@id":"https:\/\/redeacampa.org\/pt-br\/#website","url":"https:\/\/redeacampa.org\/pt-br\/","name":"Acampa - Pola paz e o dereito a refuxio","description":"Unha iniciativa cidad\u00e1 sen fins de lucro integrada por colectivos sociais, culturais, educativos, veci\u00f1ais, pol\u00edticos, sindicais, art\u00edsticos, de persoas solidarias, de instituci\u00f3ns e empresas con responsabilidade social que te\u00f1en como obxectivo a defensa dos dereitos humanos, o Dereito Internacional Humanitario e o Dereito a Refuxio.","publisher":{"@id":"https:\/\/redeacampa.org\/pt-br\/#organization"},"potentialAction":[{"@type":"SearchAction","target":{"@type":"EntryPoint","urlTemplate":"https:\/\/redeacampa.org\/pt-br\/?s={search_term_string}"},"query-input":{"@type":"PropertyValueSpecification","valueRequired":true,"valueName":"search_term_string"}}],"inLanguage":"pt-BR"},{"@type":"Organization","@id":"https:\/\/redeacampa.org\/pt-br\/#organization","name":"Acampa","url":"https:\/\/redeacampa.org\/pt-br\/","logo":{"@type":"ImageObject","inLanguage":"pt-BR","@id":"https:\/\/redeacampa.org\/pt-br\/#\/schema\/logo\/image\/","url":"https:\/\/redeacampa.org\/wp-content\/uploads\/2019\/01\/acampaConRojo_es.png","contentUrl":"https:\/\/redeacampa.org\/wp-content\/uploads\/2019\/01\/acampaConRojo_es.png","width":612,"height":204,"caption":"Acampa"},"image":{"@id":"https:\/\/redeacampa.org\/pt-br\/#\/schema\/logo\/image\/"},"sameAs":["https:\/\/www.facebook.com\/acampapolapazeodereitoarefuxio","https:\/\/x.com\/Acampa_polapaz","https:\/\/www.instagram.com\/Acampa_polapaz\/","https:\/\/www.youtube.com\/channel\/UChk1mSCHVEHmjq9e8PLb-mw"]}]}},"_links":{"self":[{"href":"https:\/\/redeacampa.org\/pt-br\/wp-json\/wp\/v2\/pages\/47700","targetHints":{"allow":["GET"]}}],"collection":[{"href":"https:\/\/redeacampa.org\/pt-br\/wp-json\/wp\/v2\/pages"}],"about":[{"href":"https:\/\/redeacampa.org\/pt-br\/wp-json\/wp\/v2\/types\/page"}],"author":[{"embeddable":true,"href":"https:\/\/redeacampa.org\/pt-br\/wp-json\/wp\/v2\/users\/1"}],"replies":[{"embeddable":true,"href":"https:\/\/redeacampa.org\/pt-br\/wp-json\/wp\/v2\/comments?post=47700"}],"version-history":[{"count":9,"href":"https:\/\/redeacampa.org\/pt-br\/wp-json\/wp\/v2\/pages\/47700\/revisions"}],"predecessor-version":[{"id":47918,"href":"https:\/\/redeacampa.org\/pt-br\/wp-json\/wp\/v2\/pages\/47700\/revisions\/47918"}],"wp:attachment":[{"href":"https:\/\/redeacampa.org\/pt-br\/wp-json\/wp\/v2\/media?parent=47700"}],"wp:term":[{"taxonomy":"category","embeddable":true,"href":"https:\/\/redeacampa.org\/pt-br\/wp-json\/wp\/v2\/categories?post=47700"},{"taxonomy":"post_tag","embeddable":true,"href":"https:\/\/redeacampa.org\/pt-br\/wp-json\/wp\/v2\/tags?post=47700"}],"curies":[{"name":"wp","href":"https:\/\/api.w.org\/{rel}","templated":true}]}}