{"id":49668,"date":"2024-04-04T18:59:05","date_gmt":"2024-04-04T16:59:05","guid":{"rendered":"https:\/\/redeacampa.org\/?page_id=49668"},"modified":"2025-05-01T19:23:01","modified_gmt":"2025-05-01T17:23:01","slug":"iv-resultados-rec-acampa-2024","status":"publish","type":"page","link":"https:\/\/redeacampa.org\/pt-br\/iv-resultados-rec-acampa-2024\/","title":{"rendered":"IV Resultados Rec, Acampa 2024"},"content":{"rendered":"<p>[et_pb_section fb_built=&#8221;1&#8243; fullwidth=&#8221;on&#8221; custom_padding_last_edited=&#8221;on|desktop&#8221; admin_label=&#8221;section&#8221; _builder_version=&#8221;4.16&#8243; background_color=&#8221;#cd1619&#8243; custom_padding_tablet=&#8221;50px|0|50px|0&#8243; custom_padding_phone=&#8221;&#8221; transparent_background=&#8221;off&#8221; padding_mobile=&#8221;off&#8221; locked=&#8221;off&#8221; collapsed=&#8221;off&#8221; global_colors_info=&#8221;{}&#8221;][et_pb_fullwidth_header title=&#8221;Resultados do IV Reconhecimento Internacional Acampa 2024&#8243; subhead=&#8221;Acampa pela paz e o direito a ref\u00fagio&#8221; admin_label=&#8221;T\u00edtulo de anchura completa&#8221; _builder_version=&#8221;4.23.1&#8243; title_font=&#8221;|on|||&#8221; subhead_font=&#8221;||on||&#8221; background_color=&#8221;rgba(255, 255, 255, 0)&#8221; button_one_letter_spacing_hover=&#8221;0&#8243; button_two_letter_spacing_hover=&#8221;0&#8243; global_colors_info=&#8221;{}&#8221; button_one_text_size__hover_enabled=&#8221;off&#8221; button_two_text_size__hover_enabled=&#8221;off&#8221; button_one_text_color__hover_enabled=&#8221;off&#8221; button_two_text_color__hover_enabled=&#8221;off&#8221; button_one_border_width__hover_enabled=&#8221;off&#8221; button_two_border_width__hover_enabled=&#8221;off&#8221; button_one_border_color__hover_enabled=&#8221;off&#8221; button_two_border_color__hover_enabled=&#8221;off&#8221; button_one_border_radius__hover_enabled=&#8221;off&#8221; button_two_border_radius__hover_enabled=&#8221;off&#8221; button_one_letter_spacing__hover_enabled=&#8221;on&#8221; button_one_letter_spacing__hover=&#8221;0&#8243; button_two_letter_spacing__hover_enabled=&#8221;on&#8221; button_two_letter_spacing__hover=&#8221;0&#8243; button_one_bg_color__hover_enabled=&#8221;off&#8221; button_two_bg_color__hover_enabled=&#8221;off&#8221;][\/et_pb_fullwidth_header][\/et_pb_section][et_pb_section fb_built=&#8221;1&#8243; _builder_version=&#8221;4.17.4&#8243; _module_preset=&#8221;default&#8221; collapsed=&#8221;off&#8221; global_colors_info=&#8221;{}&#8221;][et_pb_row _builder_version=&#8221;4.16&#8243; _module_preset=&#8221;default&#8221; collapsed=&#8221;off&#8221; global_colors_info=&#8221;{}&#8221;][et_pb_column type=&#8221;4_4&#8243; _builder_version=&#8221;4.16&#8243; _module_preset=&#8221;default&#8221; global_colors_info=&#8221;{}&#8221;][et_pb_image src=&#8221;https:\/\/redeacampa.org\/wp-content\/uploads\/rESULTADOS-IV-RECONHECIMENTO-ACAMPA-2024-pt.jpg&#8221; alt=&#8221;rESULTADOS IV RECONHECIMENTO ACAMPA 2024 pt&#8221; title_text=&#8221;rESULTADOS IV RECONHECIMENTO ACAMPA 2024 pt&#8221; _builder_version=&#8221;4.23.1&#8243; _module_preset=&#8221;default&#8221; global_colors_info=&#8221;{}&#8221;][\/et_pb_image][et_pb_text _builder_version=&#8221;4.23.1&#8243; _module_preset=&#8221;default&#8221; global_colors_info=&#8221;{}&#8221;]<\/p>\n<p><span style=\"font-weight: 400;\">Os selecionados no ano de 2024 foram a ativista nicaraguense Hayd\u00e9e Castillo, na categoria internacional, e Manuel Mart\u00edn, porta-voz do SOS Sanidade P\u00fablica, na categoria Gal\u00edcia. Ambos os Reconhecimentos s\u00e3o entregues no contexto do VIII Encontro Internacional Acampa pela Paz <\/span><b>&#8220;Inf\u00e2ncia e Juventude Refugiada&#8221;<\/b><span style=\"font-weight: 400;\">.<\/span><\/p>\n<p><strong>\u00a0<\/strong><\/p>\n<p>[\/et_pb_text][\/et_pb_column][\/et_pb_row][\/et_pb_section][et_pb_section fb_built=&#8221;1&#8243; _builder_version=&#8221;4.16&#8243; _module_preset=&#8221;default&#8221; background_color=&#8221;#cac2af&#8221; collapsed=&#8221;off&#8221; global_colors_info=&#8221;{}&#8221;][et_pb_row _builder_version=&#8221;4.16&#8243; _module_preset=&#8221;default&#8221; collapsed=&#8221;off&#8221; global_colors_info=&#8221;{}&#8221;][et_pb_column type=&#8221;4_4&#8243; _builder_version=&#8221;4.16&#8243; _module_preset=&#8221;default&#8221; global_colors_info=&#8221;{}&#8221;][et_pb_text _builder_version=&#8221;4.23.1&#8243; _module_preset=&#8221;default&#8221; global_colors_info=&#8221;{}&#8221;]<\/p>\n<h3 style=\"text-align: center;\">IV Reconhecimento Internacional<\/h3>\n<h3 style=\"text-align: center;\">a Defesa dos Direitos Humanos Acampa 2024<\/h3>\n<p>[\/et_pb_text][\/et_pb_column][\/et_pb_row][et_pb_row column_structure=&#8221;3_5,2_5&#8243; _builder_version=&#8221;4.16&#8243; _module_preset=&#8221;default&#8221; collapsed=&#8221;off&#8221; global_colors_info=&#8221;{}&#8221;][et_pb_column type=&#8221;3_5&#8243; _builder_version=&#8221;4.16&#8243; _module_preset=&#8221;default&#8221; global_colors_info=&#8221;{}&#8221;][et_pb_text _builder_version=&#8221;4.23.1&#8243; _module_preset=&#8221;default&#8221; global_colors_info=&#8221;{}&#8221;]<\/p>\n<p><span style=\"font-weight: 400;\">Hayd\u00e9e Castillo \u00e9 uma ativista hist\u00f3rica com mais de trinta anos de experi\u00eancia internacional na defesa dos Direitos Humanos. Em seu pa\u00eds, Nicar\u00e1gua, ela foi consultora da Procuradoria de Direitos Humanos, al\u00e9m de consultora da sociedade civil das Na\u00e7\u00f5es<\/span> <span style=\"font-weight: 400;\">Unidas. Desde 2018, ela vive exilada politicamente nos Estados Unidos.<\/span><\/p>\n<p><span style=\"font-weight: 400;\">Castillo foi presidente do \u201cInstituto de Lideran\u00e7a das Segovias\u201d (ILS), uma entidade que trabalhou por anos com financiamento da coopera\u00e7\u00e3o da Gal\u00edcia atrav\u00e9s das ONGs \u201cSolidaridad Gallega\u201d, \u201cS\u00f3lida\u201d e \u201cSolidaridad Internacional de Galicia\u201d. Precisamente essas ONGs galegas foram as que propuseram sua candidatura.<\/span><\/p>\n<p><span style=\"font-weight: 400;\">Sua luta cont\u00ednua a partir da di\u00e1spora, onde ela continua a documentar a viola\u00e7\u00e3o dos Direitos Humanos e promover a justi\u00e7a transit\u00f3ria (mem\u00f3ria, verdade, justi\u00e7a, repara\u00e7\u00e3o e n\u00e3o repeti\u00e7\u00e3o).<\/span><\/p>\n<p>[\/et_pb_text][\/et_pb_column][et_pb_column type=&#8221;2_5&#8243; _builder_version=&#8221;4.16&#8243; _module_preset=&#8221;default&#8221; global_colors_info=&#8221;{}&#8221;][et_pb_image src=&#8221;https:\/\/redeacampa.org\/wp-content\/uploads\/HAYDEE-CASTILLO-candidatura-internacional-Acampa-pola-paz-e-o-refuxio-2024-min.jpg&#8221; alt=&#8221;HAYD\u00c9E CASTILLO candidatura internacional Acampa pola paz e o refuxio 2024-min&#8221; title_text=&#8221;HAYD\u00c9E CASTILLO candidatura internacional Acampa pola paz e o refuxio 2024-min&#8221; show_in_lightbox=&#8221;on&#8221; _builder_version=&#8221;4.23.1&#8243; _module_preset=&#8221;default&#8221; global_colors_info=&#8221;{}&#8221;][\/et_pb_image][\/et_pb_column][\/et_pb_row][et_pb_row _builder_version=&#8221;4.16&#8243; _module_preset=&#8221;default&#8221; collapsed=&#8221;off&#8221; global_colors_info=&#8221;{}&#8221;][et_pb_column type=&#8221;4_4&#8243; _builder_version=&#8221;4.16&#8243; _module_preset=&#8221;default&#8221; global_colors_info=&#8221;{}&#8221;][et_pb_text _builder_version=&#8221;4.23.1&#8243; _module_preset=&#8221;default&#8221; global_colors_info=&#8221;{}&#8221;]<\/p>\n<h3 style=\"text-align: center;\">IV Reconhecimento Galicia<\/h3>\n<h3 style=\"text-align: center;\">\u00c1 Defesa dos Direitos Humanos Acampa 2024<\/h3>\n<p>[\/et_pb_text][\/et_pb_column][\/et_pb_row][et_pb_row column_structure=&#8221;2_5,3_5&#8243; _builder_version=&#8221;4.16&#8243; _module_preset=&#8221;default&#8221; collapsed=&#8221;off&#8221; global_colors_info=&#8221;{}&#8221;][et_pb_column type=&#8221;2_5&#8243; _builder_version=&#8221;4.16&#8243; _module_preset=&#8221;default&#8221; global_colors_info=&#8221;{}&#8221;][et_pb_image src=&#8221;https:\/\/redeacampa.org\/wp-content\/uploads\/Manuel-Martin-Garcia-SOS-Sanidade-Publica-candidatura-Galicia-Acampa-pola-paz-e-o-refuxio-2024.jpg&#8221; alt=&#8221;Manuel Mart\u00edn Garc\u00eda SOS Sanidade P\u00fablica candidatura Galicia Acampa pola paz e o refuxio 2024&#8243; title_text=&#8221;Manuel Mart\u00edn Garc\u00eda SOS Sanidade P\u00fablica candidatura Galicia Acampa pola paz e o refuxio 2024&#8243; show_in_lightbox=&#8221;on&#8221; _builder_version=&#8221;4.23.1&#8243; _module_preset=&#8221;default&#8221; global_colors_info=&#8221;{}&#8221;][\/et_pb_image][\/et_pb_column][et_pb_column type=&#8221;3_5&#8243; _builder_version=&#8221;4.16&#8243; _module_preset=&#8221;default&#8221; global_colors_info=&#8221;{}&#8221;][et_pb_text _builder_version=&#8221;4.23.1&#8243; _module_preset=&#8221;default&#8221; global_colors_info=&#8221;{}&#8221;]<\/p>\n<p><span style=\"font-weight: 400;\">O m\u00e9dico Manuel Mart\u00edn Garc\u00eda, porta-voz da plataforma \u201cSOS SANIDADE\u201d P\u00fablica da Gal\u00edcia e presidente da Federa\u00e7\u00e3o de Associa\u00e7\u00f5es para a Defesa da Sa\u00fade P\u00fablica, \u00e9 um exemplo de comprometimento. Ele se dedica \u00e0 sa\u00fade p\u00fablica, especialmente focado na defesa da aten\u00e7\u00e3o prim\u00e1ria, como elo indispens\u00e1vel para o bom funcionamento do sistema de sa\u00fade.<\/span><\/p>\n<p><span style=\"font-weight: 400;\">Por anos, Manuel Mart\u00edn tem sido a voz inabal\u00e1vel que, atrav\u00e9s da \u201cSOS SANIDADE\u201d, denuncia o desmantelamento intencional e progressivo da assist\u00eancia \u00e0 sa\u00fade p\u00fablica na Gal\u00edcia, em benef\u00edcio da medicina privada. Isso afeta toda a popula\u00e7\u00e3o galega, mas ainda mais aqueles que s\u00e3o mais vulner\u00e1veis. Isso resulta em um aumento da mortalidade evit\u00e1vel e geral, n\u00e3o explicada pela epidemiologia, conforme certificado pelos \u00faltimos relat\u00f3rios do Minist\u00e9rio da Sa\u00fade.<\/span><\/p>\n<p><span style=\"font-weight: 400;\">Sua candidatura foi proposta pela Associa\u00e7\u00e3o \u201cFuco Bux\u00e1n\u201d.<\/span><\/p>\n<p>[\/et_pb_text][\/et_pb_column][\/et_pb_row][\/et_pb_section][et_pb_section fb_built=&#8221;1&#8243; _builder_version=&#8221;4.16&#8243; _module_preset=&#8221;default&#8221; collapsed=&#8221;off&#8221; global_colors_info=&#8221;{}&#8221;][et_pb_row _builder_version=&#8221;4.16&#8243; _module_preset=&#8221;default&#8221; collapsed=&#8221;off&#8221; global_colors_info=&#8221;{}&#8221;][et_pb_column type=&#8221;4_4&#8243; _builder_version=&#8221;4.16&#8243; _module_preset=&#8221;default&#8221; global_colors_info=&#8221;{}&#8221;][et_pb_text _builder_version=&#8221;4.23.1&#8243; _module_preset=&#8221;default&#8221; hover_enabled=&#8221;0&#8243; global_colors_info=&#8221;{}&#8221; sticky_enabled=&#8221;0&#8243;]<\/p>\n<p>Do movimento <strong>Acampa<\/strong> estamos satisfeitos com os resultados. O objetivo do reconhecimento, pelo valor da import\u00e2ncia da defesa dos Direitos Humanos, destacando o trabalho de organiza\u00e7\u00f5es ou pessoas de refer\u00eancia neste sentido e que deram exemplo para toda a sociedade, \u00e9 mais do que se cumpre pelos resultados da vota\u00e7\u00e3o. Deixamos aqui, em dois t\u00f3picos, os resultados finais de cada uma das candidaturas que concorreram ao nosso <strong>IV Reconhecimento Internacional Acampa 2024 pela Paz e pelo Direito a Ref\u00fagio<\/strong>:<\/p>\n<p>[\/et_pb_text][\/et_pb_column][\/et_pb_row][et_pb_row column_structure=&#8221;1_2,1_2&#8243; _builder_version=&#8221;4.16&#8243; _module_preset=&#8221;default&#8221; collapsed=&#8221;off&#8221; global_colors_info=&#8221;{}&#8221;][et_pb_column type=&#8221;1_2&#8243; _builder_version=&#8221;4.16&#8243; _module_preset=&#8221;default&#8221; global_colors_info=&#8221;{}&#8221;][et_pb_image src=&#8221;https:\/\/redeacampa.org\/wp-content\/uploads\/Resultados-IV-Reconecemento-Acampa-2024-internacional.jpg&#8221; alt=&#8221;Resultados IV Reco\u00f1ecemento Acampa 2024 internacional&#8221; title_text=&#8221;Resultados IV Reco\u00f1ecemento Acampa 2024 internacional&#8221; show_in_lightbox=&#8221;on&#8221; _builder_version=&#8221;4.23.1&#8243; _module_preset=&#8221;default&#8221; global_colors_info=&#8221;{}&#8221;][\/et_pb_image][\/et_pb_column][et_pb_column type=&#8221;1_2&#8243; _builder_version=&#8221;4.16&#8243; _module_preset=&#8221;default&#8221; global_colors_info=&#8221;{}&#8221;][et_pb_image src=&#8221;https:\/\/redeacampa.org\/wp-content\/uploads\/Resultados-IV-Reconecemento-Acampa-2024-Galicia.jpg&#8221; alt=&#8221;Resultados IV Reco\u00f1ecemento Acampa 2024 Galicia&#8221; title_text=&#8221;Resultados IV Reco\u00f1ecemento Acampa 2024 Galicia&#8221; show_in_lightbox=&#8221;on&#8221; _builder_version=&#8221;4.23.1&#8243; _module_preset=&#8221;default&#8221; global_colors_info=&#8221;{}&#8221;][\/et_pb_image][\/et_pb_column][\/et_pb_row][\/et_pb_section][et_pb_section fb_built=&#8221;1&#8243; _builder_version=&#8221;4.16&#8243; _module_preset=&#8221;default&#8221; background_color=&#8221;#74997b&#8221; custom_padding=&#8221;||0px|||&#8221; collapsed=&#8221;off&#8221; global_colors_info=&#8221;{}&#8221;][et_pb_row column_structure=&#8221;1_4,1_4,1_4,1_4&#8243; make_equal=&#8221;on&#8221; _builder_version=&#8221;4.16&#8243; _module_preset=&#8221;default&#8221; custom_padding=&#8221;6px||4px|||&#8221; collapsed=&#8221;off&#8221; global_colors_info=&#8221;{}&#8221;][et_pb_column type=&#8221;1_4&#8243; _builder_version=&#8221;4.16&#8243; _module_preset=&#8221;default&#8221; global_colors_info=&#8221;{}&#8221;][\/et_pb_column][et_pb_column type=&#8221;1_4&#8243; _builder_version=&#8221;4.16&#8243; _module_preset=&#8221;default&#8221; global_colors_info=&#8221;{}&#8221;][et_pb_image src=&#8221;https:\/\/redeacampa.org\/wp-content\/uploads\/estatuilla.png&#8221; title_text=&#8221;estatuilla&#8221; _builder_version=&#8221;4.20.4&#8243; _module_preset=&#8221;default&#8221; height=&#8221;80%&#8221; global_colors_info=&#8221;{}&#8221;][\/et_pb_image][\/et_pb_column][et_pb_column type=&#8221;1_4&#8243; _builder_version=&#8221;4.16&#8243; _module_preset=&#8221;default&#8221; global_colors_info=&#8221;{}&#8221;][et_pb_image src=&#8221;https:\/\/redeacampa.org\/wp-content\/uploads\/Reconocimiento_2021_5.jpg&#8221; show_in_lightbox=&#8221;on&#8221; _builder_version=&#8221;4.20.4&#8243; _module_preset=&#8221;default&#8221; custom_margin=&#8221;-1px|||||&#8221; global_colors_info=&#8221;{}&#8221;][\/et_pb_image][et_pb_text _builder_version=&#8221;4.23.1&#8243; _module_preset=&#8221;default&#8221; text_text_color=&#8221;#FFFFFF&#8221; global_colors_info=&#8221;{}&#8221;]<\/p>\n<p>A pe\u00e7a escult\u00f3rica que d\u00e1 forma ao Reconhecimento foi criada para essa iniciativa pela artista <strong>Pilar Sub\u00edas,<\/strong> a quem agradecemos publicamente a doa\u00e7\u00e3o e a cess\u00e3o dos direitos de uso dos mesmos.<\/p>\n<p>[\/et_pb_text][\/et_pb_column][et_pb_column type=&#8221;1_4&#8243; _builder_version=&#8221;4.16&#8243; _module_preset=&#8221;default&#8221; global_colors_info=&#8221;{}&#8221;][\/et_pb_column][\/et_pb_row][\/et_pb_section]<\/p>\n","protected":false},"excerpt":{"rendered":"<p>Os selecionados no ano de 2024 foram a ativista nicaraguense Hayd\u00e9e Castillo, na categoria internacional, e Manuel Mart\u00edn, porta-voz do SOS Sanidade P\u00fablica, na categoria Gal\u00edcia. Ambos os Reconhecimentos s\u00e3o entregues no contexto do VIII Encontro Internacional Acampa pela Paz &#8220;Inf\u00e2ncia e Juventude Refugiada&#8221;. \u00a0IV Reconhecimento Internacional a Defesa dos Direitos Humanos Acampa 2024Hayd\u00e9e Castillo [&hellip;]<\/p>\n","protected":false},"author":4,"featured_media":0,"parent":0,"menu_order":0,"comment_status":"closed","ping_status":"closed","template":"","meta":{"_et_pb_use_builder":"on","_et_pb_old_content":"","_et_gb_content_width":"","footnotes":""},"categories":[51],"tags":[],"class_list":["post-49668","page","type-page","status-publish","hentry","category-reconhecimento-br"],"yoast_head":"<!-- This site is optimized with the Yoast SEO plugin v26.4 - https:\/\/yoast.com\/wordpress\/plugins\/seo\/ -->\n<title>IV Resultados Rec, Acampa 2024 - Acampa - Pola paz e o dereito a refuxio<\/title>\n<meta name=\"description\" content=\"Resultados do IV Reconhecimento ACAMPA em Defesa dos Direitos Humanos 2024\" \/>\n<meta name=\"robots\" content=\"index, follow, max-snippet:-1, max-image-preview:large, max-video-preview:-1\" \/>\n<link rel=\"canonical\" href=\"https:\/\/redeacampa.org\/pt-br\/iv-resultados-rec-acampa-2024\/\" \/>\n<meta property=\"og:locale\" content=\"pt_BR\" \/>\n<meta property=\"og:type\" content=\"article\" \/>\n<meta property=\"og:title\" content=\"IV Resultados Rec, Acampa 2024 - Acampa - Pola paz e o dereito a refuxio\" \/>\n<meta property=\"og:description\" content=\"Resultados do IV Reconhecimento ACAMPA em Defesa dos Direitos Humanos 2024\" \/>\n<meta property=\"og:url\" content=\"https:\/\/redeacampa.org\/pt-br\/iv-resultados-rec-acampa-2024\/\" \/>\n<meta property=\"og:site_name\" content=\"Acampa - Pola paz e o dereito a refuxio\" \/>\n<meta property=\"article:publisher\" content=\"https:\/\/www.facebook.com\/acampapolapazeodereitoarefuxio\" \/>\n<meta property=\"article:modified_time\" content=\"2025-05-01T17:23:01+00:00\" \/>\n<meta name=\"twitter:card\" content=\"summary_large_image\" \/>\n<meta name=\"twitter:site\" content=\"@Acampa_polapaz\" \/>\n<meta name=\"twitter:label1\" content=\"Est. tempo de leitura\" \/>\n\t<meta name=\"twitter:data1\" content=\"4 minutos\" \/>\n<script type=\"application\/ld+json\" class=\"yoast-schema-graph\">{\"@context\":\"https:\/\/schema.org\",\"@graph\":[{\"@type\":\"WebPage\",\"@id\":\"https:\/\/redeacampa.org\/pt-br\/iv-resultados-rec-acampa-2024\/\",\"url\":\"https:\/\/redeacampa.org\/pt-br\/iv-resultados-rec-acampa-2024\/\",\"name\":\"IV Resultados Rec, Acampa 2024 - Acampa - Pola paz e o dereito a refuxio\",\"isPartOf\":{\"@id\":\"https:\/\/redeacampa.org\/pt-br\/#website\"},\"datePublished\":\"2024-04-04T16:59:05+00:00\",\"dateModified\":\"2025-05-01T17:23:01+00:00\",\"description\":\"Resultados do IV Reconhecimento ACAMPA em Defesa dos Direitos Humanos 2024\",\"breadcrumb\":{\"@id\":\"https:\/\/redeacampa.org\/pt-br\/iv-resultados-rec-acampa-2024\/#breadcrumb\"},\"inLanguage\":\"pt-BR\",\"potentialAction\":[{\"@type\":\"ReadAction\",\"target\":[\"https:\/\/redeacampa.org\/pt-br\/iv-resultados-rec-acampa-2024\/\"]}]},{\"@type\":\"BreadcrumbList\",\"@id\":\"https:\/\/redeacampa.org\/pt-br\/iv-resultados-rec-acampa-2024\/#breadcrumb\",\"itemListElement\":[{\"@type\":\"ListItem\",\"position\":1,\"name\":\"Portada\",\"item\":\"https:\/\/redeacampa.org\/pt-br\/\"},{\"@type\":\"ListItem\",\"position\":2,\"name\":\"IV Resultados Rec, Acampa 2024\"}]},{\"@type\":\"WebSite\",\"@id\":\"https:\/\/redeacampa.org\/pt-br\/#website\",\"url\":\"https:\/\/redeacampa.org\/pt-br\/\",\"name\":\"Acampa - Pola paz e o dereito a refuxio\",\"description\":\"Unha iniciativa cidad\u00e1 sen fins de lucro integrada por colectivos sociais, culturais, educativos, veci\u00f1ais, pol\u00edticos, sindicais, art\u00edsticos, de persoas solidarias, de instituci\u00f3ns e empresas con responsabilidade social que te\u00f1en como obxectivo a defensa dos dereitos humanos, o Dereito Internacional Humanitario e o Dereito a Refuxio.\",\"publisher\":{\"@id\":\"https:\/\/redeacampa.org\/pt-br\/#organization\"},\"potentialAction\":[{\"@type\":\"SearchAction\",\"target\":{\"@type\":\"EntryPoint\",\"urlTemplate\":\"https:\/\/redeacampa.org\/pt-br\/?s={search_term_string}\"},\"query-input\":{\"@type\":\"PropertyValueSpecification\",\"valueRequired\":true,\"valueName\":\"search_term_string\"}}],\"inLanguage\":\"pt-BR\"},{\"@type\":\"Organization\",\"@id\":\"https:\/\/redeacampa.org\/pt-br\/#organization\",\"name\":\"Acampa\",\"url\":\"https:\/\/redeacampa.org\/pt-br\/\",\"logo\":{\"@type\":\"ImageObject\",\"inLanguage\":\"pt-BR\",\"@id\":\"https:\/\/redeacampa.org\/pt-br\/#\/schema\/logo\/image\/\",\"url\":\"https:\/\/redeacampa.org\/wp-content\/uploads\/2019\/01\/acampaConRojo_es.png\",\"contentUrl\":\"https:\/\/redeacampa.org\/wp-content\/uploads\/2019\/01\/acampaConRojo_es.png\",\"width\":612,\"height\":204,\"caption\":\"Acampa\"},\"image\":{\"@id\":\"https:\/\/redeacampa.org\/pt-br\/#\/schema\/logo\/image\/\"},\"sameAs\":[\"https:\/\/www.facebook.com\/acampapolapazeodereitoarefuxio\",\"https:\/\/x.com\/Acampa_polapaz\",\"https:\/\/www.instagram.com\/Acampa_polapaz\/\",\"https:\/\/www.youtube.com\/channel\/UChk1mSCHVEHmjq9e8PLb-mw\"]}]}<\/script>\n<!-- \/ Yoast SEO plugin. -->","yoast_head_json":{"title":"IV Resultados Rec, Acampa 2024 - Acampa - Pola paz e o dereito a refuxio","description":"Resultados do IV Reconhecimento ACAMPA em Defesa dos Direitos Humanos 2024","robots":{"index":"index","follow":"follow","max-snippet":"max-snippet:-1","max-image-preview":"max-image-preview:large","max-video-preview":"max-video-preview:-1"},"canonical":"https:\/\/redeacampa.org\/pt-br\/iv-resultados-rec-acampa-2024\/","og_locale":"pt_BR","og_type":"article","og_title":"IV Resultados Rec, Acampa 2024 - Acampa - Pola paz e o dereito a refuxio","og_description":"Resultados do IV Reconhecimento ACAMPA em Defesa dos Direitos Humanos 2024","og_url":"https:\/\/redeacampa.org\/pt-br\/iv-resultados-rec-acampa-2024\/","og_site_name":"Acampa - Pola paz e o dereito a refuxio","article_publisher":"https:\/\/www.facebook.com\/acampapolapazeodereitoarefuxio","article_modified_time":"2025-05-01T17:23:01+00:00","twitter_card":"summary_large_image","twitter_site":"@Acampa_polapaz","twitter_misc":{"Est. tempo de leitura":"4 minutos"},"schema":{"@context":"https:\/\/schema.org","@graph":[{"@type":"WebPage","@id":"https:\/\/redeacampa.org\/pt-br\/iv-resultados-rec-acampa-2024\/","url":"https:\/\/redeacampa.org\/pt-br\/iv-resultados-rec-acampa-2024\/","name":"IV Resultados Rec, Acampa 2024 - Acampa - Pola paz e o dereito a refuxio","isPartOf":{"@id":"https:\/\/redeacampa.org\/pt-br\/#website"},"datePublished":"2024-04-04T16:59:05+00:00","dateModified":"2025-05-01T17:23:01+00:00","description":"Resultados do IV Reconhecimento ACAMPA em Defesa dos Direitos Humanos 2024","breadcrumb":{"@id":"https:\/\/redeacampa.org\/pt-br\/iv-resultados-rec-acampa-2024\/#breadcrumb"},"inLanguage":"pt-BR","potentialAction":[{"@type":"ReadAction","target":["https:\/\/redeacampa.org\/pt-br\/iv-resultados-rec-acampa-2024\/"]}]},{"@type":"BreadcrumbList","@id":"https:\/\/redeacampa.org\/pt-br\/iv-resultados-rec-acampa-2024\/#breadcrumb","itemListElement":[{"@type":"ListItem","position":1,"name":"Portada","item":"https:\/\/redeacampa.org\/pt-br\/"},{"@type":"ListItem","position":2,"name":"IV Resultados Rec, Acampa 2024"}]},{"@type":"WebSite","@id":"https:\/\/redeacampa.org\/pt-br\/#website","url":"https:\/\/redeacampa.org\/pt-br\/","name":"Acampa - Pola paz e o dereito a refuxio","description":"Unha iniciativa cidad\u00e1 sen fins de lucro integrada por colectivos sociais, culturais, educativos, veci\u00f1ais, pol\u00edticos, sindicais, art\u00edsticos, de persoas solidarias, de instituci\u00f3ns e empresas con responsabilidade social que te\u00f1en como obxectivo a defensa dos dereitos humanos, o Dereito Internacional Humanitario e o Dereito a Refuxio.","publisher":{"@id":"https:\/\/redeacampa.org\/pt-br\/#organization"},"potentialAction":[{"@type":"SearchAction","target":{"@type":"EntryPoint","urlTemplate":"https:\/\/redeacampa.org\/pt-br\/?s={search_term_string}"},"query-input":{"@type":"PropertyValueSpecification","valueRequired":true,"valueName":"search_term_string"}}],"inLanguage":"pt-BR"},{"@type":"Organization","@id":"https:\/\/redeacampa.org\/pt-br\/#organization","name":"Acampa","url":"https:\/\/redeacampa.org\/pt-br\/","logo":{"@type":"ImageObject","inLanguage":"pt-BR","@id":"https:\/\/redeacampa.org\/pt-br\/#\/schema\/logo\/image\/","url":"https:\/\/redeacampa.org\/wp-content\/uploads\/2019\/01\/acampaConRojo_es.png","contentUrl":"https:\/\/redeacampa.org\/wp-content\/uploads\/2019\/01\/acampaConRojo_es.png","width":612,"height":204,"caption":"Acampa"},"image":{"@id":"https:\/\/redeacampa.org\/pt-br\/#\/schema\/logo\/image\/"},"sameAs":["https:\/\/www.facebook.com\/acampapolapazeodereitoarefuxio","https:\/\/x.com\/Acampa_polapaz","https:\/\/www.instagram.com\/Acampa_polapaz\/","https:\/\/www.youtube.com\/channel\/UChk1mSCHVEHmjq9e8PLb-mw"]}]}},"_links":{"self":[{"href":"https:\/\/redeacampa.org\/pt-br\/wp-json\/wp\/v2\/pages\/49668","targetHints":{"allow":["GET"]}}],"collection":[{"href":"https:\/\/redeacampa.org\/pt-br\/wp-json\/wp\/v2\/pages"}],"about":[{"href":"https:\/\/redeacampa.org\/pt-br\/wp-json\/wp\/v2\/types\/page"}],"author":[{"embeddable":true,"href":"https:\/\/redeacampa.org\/pt-br\/wp-json\/wp\/v2\/users\/4"}],"replies":[{"embeddable":true,"href":"https:\/\/redeacampa.org\/pt-br\/wp-json\/wp\/v2\/comments?post=49668"}],"version-history":[{"count":5,"href":"https:\/\/redeacampa.org\/pt-br\/wp-json\/wp\/v2\/pages\/49668\/revisions"}],"predecessor-version":[{"id":52216,"href":"https:\/\/redeacampa.org\/pt-br\/wp-json\/wp\/v2\/pages\/49668\/revisions\/52216"}],"wp:attachment":[{"href":"https:\/\/redeacampa.org\/pt-br\/wp-json\/wp\/v2\/media?parent=49668"}],"wp:term":[{"taxonomy":"category","embeddable":true,"href":"https:\/\/redeacampa.org\/pt-br\/wp-json\/wp\/v2\/categories?post=49668"},{"taxonomy":"post_tag","embeddable":true,"href":"https:\/\/redeacampa.org\/pt-br\/wp-json\/wp\/v2\/tags?post=49668"}],"curies":[{"name":"wp","href":"https:\/\/api.w.org\/{rel}","templated":true}]}}