{"id":49715,"date":"2024-04-09T21:26:00","date_gmt":"2024-04-09T19:26:00","guid":{"rendered":"https:\/\/redeacampa.org\/prologo-2024\/"},"modified":"2025-05-01T20:35:37","modified_gmt":"2025-05-01T18:35:37","slug":"prologo-2024-br","status":"publish","type":"page","link":"https:\/\/redeacampa.org\/pt-br\/prologo-2024-br\/","title":{"rendered":"Pr\u00f3logo 2024"},"content":{"rendered":"<p>[et_pb_section fb_built=&#8221;1&#8243; fullwidth=&#8221;on&#8221; custom_padding_last_edited=&#8221;on|desktop&#8221; admin_label=&#8221;section&#8221; _builder_version=&#8221;4.16&#8243; background_color=&#8221;#cd1619&#8243; custom_padding_tablet=&#8221;50px|0|50px|0&#8243; custom_padding_phone=&#8221;&#8221; transparent_background=&#8221;off&#8221; padding_mobile=&#8221;off&#8221; locked=&#8221;off&#8221; collapsed=&#8221;off&#8221; global_colors_info=&#8221;{}&#8221;][et_pb_fullwidth_header title=&#8221;Pr\u00f3logo&#8221; admin_label=&#8221;T\u00edtulo de anchura completa&#8221; _builder_version=&#8221;4.23.1&#8243; title_font=&#8221;|on|||&#8221; subhead_font=&#8221;||on||&#8221; background_color=&#8221;rgba(255, 255, 255, 0)&#8221; button_one_letter_spacing_hover=&#8221;0&#8243; button_two_letter_spacing_hover=&#8221;0&#8243; global_colors_info=&#8221;{}&#8221; button_one_text_size__hover_enabled=&#8221;off&#8221; button_two_text_size__hover_enabled=&#8221;off&#8221; button_one_text_color__hover_enabled=&#8221;off&#8221; button_two_text_color__hover_enabled=&#8221;off&#8221; button_one_border_width__hover_enabled=&#8221;off&#8221; button_two_border_width__hover_enabled=&#8221;off&#8221; button_one_border_color__hover_enabled=&#8221;off&#8221; button_two_border_color__hover_enabled=&#8221;off&#8221; button_one_border_radius__hover_enabled=&#8221;off&#8221; button_two_border_radius__hover_enabled=&#8221;off&#8221; button_one_letter_spacing__hover_enabled=&#8221;on&#8221; button_one_letter_spacing__hover=&#8221;0&#8243; button_two_letter_spacing__hover_enabled=&#8221;on&#8221; button_two_letter_spacing__hover=&#8221;0&#8243; button_one_bg_color__hover_enabled=&#8221;off&#8221; button_two_bg_color__hover_enabled=&#8221;off&#8221;][\/et_pb_fullwidth_header][\/et_pb_section][et_pb_section fb_built=&#8221;1&#8243; admin_label=&#8221;Secci\u00f3n Rosa Cabecera&#8221; _builder_version=&#8221;4.23.1&#8243; _module_preset=&#8221;default&#8221; background_color=&#8221;#ffedea&#8221; custom_margin=&#8221;||||false|false&#8221; custom_padding=&#8221;||||false|false&#8221; locked=&#8221;off&#8221; collapsed=&#8221;off&#8221; global_colors_info=&#8221;{}&#8221;][et_pb_row column_structure=&#8221;1_2,1_2&#8243; use_custom_gutter=&#8221;on&#8221; make_equal=&#8221;on&#8221; admin_label=&#8221;Cabeceira&#8221; _builder_version=&#8221;4.23.1&#8243; _module_preset=&#8221;default&#8221; min_height=&#8221;462.2px&#8221; custom_margin=&#8221;5px|auto|-40px|auto||&#8221; custom_padding=&#8221;||0px|||&#8221; collapsed=&#8221;off&#8221; global_colors_info=&#8221;{}&#8221;][et_pb_column type=&#8221;1_2&#8243; _builder_version=&#8221;4.16&#8243; _module_preset=&#8221;default&#8221; global_colors_info=&#8221;{}&#8221;][et_pb_text _builder_version=&#8221;4.23.1&#8243; _module_preset=&#8221;default&#8221; global_colors_info=&#8221;{}&#8221;]<\/p>\n<p><span style=\"font-weight: 400;\">No <strong><span style=\"color: #cd1619;\">VIII Encontro Internacional <\/span><\/strong><\/span><strong><span style=\"color: #cd1619;\">Acampa pela Paz e pelo Direito a Ref\u00fagio<\/span><\/strong><span style=\"font-weight: 400;\">, queremos abordar a delicada situa\u00e7\u00e3o da inf\u00e2ncia e da juventude, especialmente aquela que, por diferentes motivos, se v\u00ea obrigada a deslocar-se e a solicitar ref\u00fagio.<\/span><\/p>\n<p><span style=\"font-weight: 400;\">Os dados alarmantes do ACNUR de 2023 fixam a cifra de pessoas deslocadas for\u00e7adas devido a viola\u00e7\u00f5es dos direitos humanos em mais de 114 milh\u00f5es. Metade da popula\u00e7\u00e3o refugiada no mundo, devido a guerras, crises clim\u00e1ticas, desastres naturais, fome e viol\u00eancias de toda sorte, s\u00e3o crian\u00e7as e jovens menores de dezoito anos. Isso significa uma inf\u00e2ncia vulner\u00e1vel constantemente em tr\u00e2nsito. Muitas vezes, chegam sem fam\u00edlia ou as perdem no processo migrat\u00f3rio, est\u00e3o doentes, em choque emocional, s\u00e3o criminalizadas, t\u00eam que abrir m\u00e3o por anos de seu direito \u00e0 escola, ao aprendizado, ao acesso \u00e0 sa\u00fade, \u00e0 cultura&#8230; em suma, a crescer como lhes corresponderia.<\/span><\/p>\n<p><span style=\"font-weight: 400;\">Os perigos se multiplicam exponencialmente. As organiza\u00e7\u00f5es humanit\u00e1rias que trabalham com a inf\u00e2ncia e a juventude alertam para os riscos crescentes nesses cen\u00e1rios sem controle: sequestros, explora\u00e7\u00e3o sexual, tr\u00e1fico de \u00f3rg\u00e3os, a deteriora\u00e7\u00e3o da sa\u00fade mental e f\u00edsica.<\/span><\/p>\n<p><span style=\"font-weight: 400;\">Milhares de crian\u00e7as s\u00e3o assassinadas diante dos olhos da comunidade internacional. Na Faixa de Gaza, h\u00e1 meses estamos testemunhando, at\u00f4nitos, o massacre que Israel est\u00e1 praticando contra o povo palestino, deixando crian\u00e7as mortas e \u00f3rf\u00e3s em todo o territ\u00f3rio. Mas n\u00e3o \u00e9 apenas Gaza. Cinquenta conflitos est\u00e3o ativos atualmente no mundo e neles a pr\u00f3pria exist\u00eancia ou os direitos essenciais da inf\u00e2ncia e da juventude est\u00e3o sendo permanentemente amea\u00e7ados: I\u00eamen, Sud\u00e3o do Sul, Mali, Rep\u00fablica Democr\u00e1tica do Congo, Ucr\u00e2nia&#8230;<\/span><\/p>\n<p><span style=\"font-weight: 400;\">A <\/span><strong><span style=\"color: #cd1619;\">Rede Acampa pela Paz e pelo Direito a Ref\u00fagio <\/span><\/strong><span style=\"font-weight: 400;\">quer ser a porta-voz para a reivindica\u00e7\u00e3o coletiva que exige a\u00e7\u00f5es urgentes e necess\u00e1rias a n\u00edvel internacional, que minimizem o dano e facilitem a incorpora\u00e7\u00e3o da inf\u00e2ncia e da juventude o mais r\u00e1pido poss\u00edvel, a uma vida digna, respeitosa e saud\u00e1vel, a que todos\/as t\u00eam direito, independentemente de sua origem&#8230; Cada dia vemos como crian\u00e7as menores n\u00e3o acompanhadas se tornam moeda de troca, uma pedra no caminho, um problema que dentro de cada pa\u00eds receptor ningu\u00e9m quer resolver seriamente por meio de pol\u00edticas p\u00fablicas necess\u00e1rias e urgentes.<\/span><\/p>\n<p><span style=\"font-weight: 400;\">Como sociedade, devemos exigir dos governos que garantam uma legisla\u00e7\u00e3o espec\u00edfica, que assegure a prote\u00e7\u00e3o dos direitos da inf\u00e2ncia e da adolesc\u00eancia, no \u00e2mbito legal e regulat\u00f3rio dos Direitos Humanos. N\u00e3o podemos permitir as devolu\u00e7\u00f5es ilegais (r\u00e1pidas, sem an\u00e1lise) de fronteiras pagando com nossos impostos a governos antidemocr\u00e1ticos e matadores que violam os Direitos Humanos diariamente.<\/span><\/p>\n<p><span style=\"font-weight: 400;\">A <\/span><span style=\"font-weight: 400;\">Rede<strong><span style=\"color: #cd1619;\"> Acampa <\/span><\/strong><\/span><span style=\"font-weight: 400;\"><strong><span style=\"color: #cd1619;\">na Gal\u00edcia e no Brasil<\/span><\/strong> considera fundamental levar esta discuss\u00e3o ao \u00e2mbito internacional, j\u00e1 que est\u00e1 popula\u00e7\u00e3o de crian\u00e7as menores refugiadas est\u00e1 come\u00e7ando suas vidas e precisam ser acolhidas e integradas, requerendo toda a justi\u00e7a social, jur\u00eddica e pol\u00edtica a seu favor.<\/span><\/p>\n<p><strong><span style=\"color: #cd1619;\">Acampa pela Paz <\/span><\/strong><span style=\"font-weight: 400;\">prioriza a reflex\u00e3o, o aprendizado e o conhecimento da popula\u00e7\u00e3o local, onde atua para que seja esta a que busque o caminho no marco do Estado de Direito e da Justi\u00e7a Social, independentemente da classe social, ra\u00e7a, g\u00eanero, credo ou cultura e idade dos que chegam, sem negar a diferen\u00e7a, abra\u00e7ando a pluralidade sem viol\u00eancia, xenofobia ou \u00f3dio na constru\u00e7\u00e3o permanente da paz.<\/span><\/p>\n<p>[\/et_pb_text][\/et_pb_column][et_pb_column type=&#8221;1_2&#8243; _builder_version=&#8221;4.16&#8243; _module_preset=&#8221;default&#8221; global_colors_info=&#8221;{}&#8221;][et_pb_text _builder_version=&#8221;4.23.1&#8243; _module_preset=&#8221;default&#8221; global_colors_info=&#8221;{}&#8221;]<\/p>\n<p>O objetivo deste <strong><span style=\"color: #cd1619;\">VIII Encontro Internacional<\/span><\/strong>, que celebramos em junho na Corunha, Galicia-Espanha e em outubro em Piracicaba, S\u00e3o Paulo-Brasil, \u00e9 abrir um amplo debate sobre as causas que provocam a situa\u00e7\u00e3o de vulnerabilidade da inf\u00e2ncia deslocada for\u00e7osamente, bem como sobre como abordar seu processo de acolhimento e integra\u00e7\u00e3o local, tendo a justi\u00e7a social, jur\u00eddica, pol\u00edtica, todas as pol\u00edticas p\u00fablicas e os direitos fundamentais como marco.<\/p>\n<p>O fato \u00e9 que estamos enfrentando um aumento crescente das desigualdades, resultado das transforma\u00e7\u00f5es sociais, econ\u00f4micas e pol\u00edticas do capitalismo contempor\u00e2neo, que t\u00eam agravado a &#8220;quest\u00e3o social&#8221; e suas manifesta\u00e7\u00f5es, excretando cada vez mais pessoas para uma situa\u00e7\u00e3o de ref\u00fagio necess\u00e1ria.\u00a0 Sem esquecer, al\u00e9m disso, que este desafio emerge em um momento complexo, como aborda Yanis Varoufakis (Economista, Ex Ministro de Finan\u00e7as Grego) ao afirmar que &#8220;o capitalismo morreu devorado pelo pr\u00f3prio capitalismo, abrindo um novo mundo tecnofeudal, do qual as grandes plataformas tecnol\u00f3gicas dominam a economia global porque controlam os dados, a informa\u00e7\u00e3o e, portanto, t\u00eam controle sobre os indiv\u00edduos. A concentra\u00e7\u00e3o de poder nas m\u00e3os de algumas poucas empresas, muito semelhante \u00e0 do feudalismo na Idade M\u00e9dia, faz com que os estados tenham muito pouco poder.&#8221; Um problema global que impactar\u00e1 especialmente a inf\u00e2ncia e a juventude vulner\u00e1veis.<\/p>\n<p>Nesse contexto, a partir do &#8220;<span style=\"color: #cd1619;\"><strong>Acampa pela Paz<\/strong><\/span>&#8220;, defendemos a uni\u00e3o como a \u00fanica f\u00f3rmula eficaz para enfrentar esses desafios, com a certeza de que tarde ou cedo as sociedades do mundo despertar\u00e3o, pela sua pr\u00f3pria sobreviv\u00eancia, com a for\u00e7a capaz de mudar o rumo de um planeta que hoje navega \u00e0 deriva.<\/p>\n<p>[\/et_pb_text][et_pb_image src=&#8221;https:\/\/redeacampa.org\/wp-content\/uploads\/CartelAcampa2024_def.jpeg&#8221; alt=&#8221;CartelAcampa2024_def&#8221; title_text=&#8221;CartelAcampa2024_def&#8221; _builder_version=&#8221;4.23.1&#8243; _module_preset=&#8221;default&#8221; global_colors_info=&#8221;{}&#8221;][\/et_pb_image][\/et_pb_column][\/et_pb_row][\/et_pb_section]<\/p>\n","protected":false},"excerpt":{"rendered":"<p>No VIII Encontro Internacional Acampa pela Paz e pelo Direito a Ref\u00fagio, queremos abordar a delicada situa\u00e7\u00e3o da inf\u00e2ncia e da juventude, especialmente aquela que, por diferentes motivos, se v\u00ea obrigada a deslocar-se e a solicitar ref\u00fagio. Os dados alarmantes do ACNUR de 2023 fixam a cifra de pessoas deslocadas for\u00e7adas devido a viola\u00e7\u00f5es dos [&hellip;]<\/p>\n","protected":false},"author":4,"featured_media":0,"parent":0,"menu_order":0,"comment_status":"closed","ping_status":"closed","template":"","meta":{"_et_pb_use_builder":"on","_et_pb_old_content":"","_et_gb_content_width":"","footnotes":""},"categories":[48],"tags":[],"class_list":["post-49715","page","type-page","status-publish","hentry","category-acampa-2024-br"],"yoast_head":"<!-- This site is optimized with the Yoast SEO plugin v26.4 - https:\/\/yoast.com\/wordpress\/plugins\/seo\/ -->\n<title>Pr\u00f3logo 2024 - Acampa - Pola paz e o dereito a refuxio<\/title>\n<meta name=\"description\" content=\"Pref\u00e1cio do VIII Encontro Internacional Acampa pela Paz e pelo Direito ao Ref\u00fagio (A Coru\u00f1a, 7,8 e 9 de junho 2024)\" \/>\n<meta name=\"robots\" content=\"index, follow, max-snippet:-1, max-image-preview:large, max-video-preview:-1\" \/>\n<link rel=\"canonical\" href=\"https:\/\/redeacampa.org\/pt-br\/prologo-2024-br\/\" \/>\n<meta property=\"og:locale\" content=\"pt_BR\" \/>\n<meta property=\"og:type\" content=\"article\" \/>\n<meta property=\"og:title\" content=\"Pr\u00f3logo 2024 - Acampa - Pola paz e o dereito a refuxio\" \/>\n<meta property=\"og:description\" content=\"Pref\u00e1cio do VIII Encontro Internacional Acampa pela Paz e pelo Direito ao Ref\u00fagio (A Coru\u00f1a, 7,8 e 9 de junho 2024)\" \/>\n<meta property=\"og:url\" content=\"https:\/\/redeacampa.org\/pt-br\/prologo-2024-br\/\" \/>\n<meta property=\"og:site_name\" content=\"Acampa - Pola paz e o dereito a refuxio\" \/>\n<meta property=\"article:publisher\" content=\"https:\/\/www.facebook.com\/acampapolapazeodereitoarefuxio\" \/>\n<meta property=\"article:modified_time\" content=\"2025-05-01T18:35:37+00:00\" \/>\n<meta name=\"twitter:card\" content=\"summary_large_image\" \/>\n<meta name=\"twitter:site\" content=\"@Acampa_polapaz\" \/>\n<meta name=\"twitter:label1\" content=\"Est. tempo de leitura\" \/>\n\t<meta name=\"twitter:data1\" content=\"4 minutos\" \/>\n<script type=\"application\/ld+json\" class=\"yoast-schema-graph\">{\"@context\":\"https:\/\/schema.org\",\"@graph\":[{\"@type\":\"WebPage\",\"@id\":\"https:\/\/redeacampa.org\/pt-br\/prologo-2024-br\/\",\"url\":\"https:\/\/redeacampa.org\/pt-br\/prologo-2024-br\/\",\"name\":\"Pr\u00f3logo 2024 - Acampa - Pola paz e o dereito a refuxio\",\"isPartOf\":{\"@id\":\"https:\/\/redeacampa.org\/pt-br\/#website\"},\"datePublished\":\"2024-04-09T19:26:00+00:00\",\"dateModified\":\"2025-05-01T18:35:37+00:00\",\"description\":\"Pref\u00e1cio do VIII Encontro Internacional Acampa pela Paz e pelo Direito ao Ref\u00fagio (A Coru\u00f1a, 7,8 e 9 de junho 2024)\",\"breadcrumb\":{\"@id\":\"https:\/\/redeacampa.org\/pt-br\/prologo-2024-br\/#breadcrumb\"},\"inLanguage\":\"pt-BR\",\"potentialAction\":[{\"@type\":\"ReadAction\",\"target\":[\"https:\/\/redeacampa.org\/pt-br\/prologo-2024-br\/\"]}]},{\"@type\":\"BreadcrumbList\",\"@id\":\"https:\/\/redeacampa.org\/pt-br\/prologo-2024-br\/#breadcrumb\",\"itemListElement\":[{\"@type\":\"ListItem\",\"position\":1,\"name\":\"Portada\",\"item\":\"https:\/\/redeacampa.org\/pt-br\/\"},{\"@type\":\"ListItem\",\"position\":2,\"name\":\"Pr\u00f3logo 2024\"}]},{\"@type\":\"WebSite\",\"@id\":\"https:\/\/redeacampa.org\/pt-br\/#website\",\"url\":\"https:\/\/redeacampa.org\/pt-br\/\",\"name\":\"Acampa - Pola paz e o dereito a refuxio\",\"description\":\"Unha iniciativa cidad\u00e1 sen fins de lucro integrada por colectivos sociais, culturais, educativos, veci\u00f1ais, pol\u00edticos, sindicais, art\u00edsticos, de persoas solidarias, de instituci\u00f3ns e empresas con responsabilidade social que te\u00f1en como obxectivo a defensa dos dereitos humanos, o Dereito Internacional Humanitario e o Dereito a Refuxio.\",\"publisher\":{\"@id\":\"https:\/\/redeacampa.org\/pt-br\/#organization\"},\"potentialAction\":[{\"@type\":\"SearchAction\",\"target\":{\"@type\":\"EntryPoint\",\"urlTemplate\":\"https:\/\/redeacampa.org\/pt-br\/?s={search_term_string}\"},\"query-input\":{\"@type\":\"PropertyValueSpecification\",\"valueRequired\":true,\"valueName\":\"search_term_string\"}}],\"inLanguage\":\"pt-BR\"},{\"@type\":\"Organization\",\"@id\":\"https:\/\/redeacampa.org\/pt-br\/#organization\",\"name\":\"Acampa\",\"url\":\"https:\/\/redeacampa.org\/pt-br\/\",\"logo\":{\"@type\":\"ImageObject\",\"inLanguage\":\"pt-BR\",\"@id\":\"https:\/\/redeacampa.org\/pt-br\/#\/schema\/logo\/image\/\",\"url\":\"https:\/\/redeacampa.org\/wp-content\/uploads\/2019\/01\/acampaConRojo_es.png\",\"contentUrl\":\"https:\/\/redeacampa.org\/wp-content\/uploads\/2019\/01\/acampaConRojo_es.png\",\"width\":612,\"height\":204,\"caption\":\"Acampa\"},\"image\":{\"@id\":\"https:\/\/redeacampa.org\/pt-br\/#\/schema\/logo\/image\/\"},\"sameAs\":[\"https:\/\/www.facebook.com\/acampapolapazeodereitoarefuxio\",\"https:\/\/x.com\/Acampa_polapaz\",\"https:\/\/www.instagram.com\/Acampa_polapaz\/\",\"https:\/\/www.youtube.com\/channel\/UChk1mSCHVEHmjq9e8PLb-mw\"]}]}<\/script>\n<!-- \/ Yoast SEO plugin. -->","yoast_head_json":{"title":"Pr\u00f3logo 2024 - Acampa - Pola paz e o dereito a refuxio","description":"Pref\u00e1cio do VIII Encontro Internacional Acampa pela Paz e pelo Direito ao Ref\u00fagio (A Coru\u00f1a, 7,8 e 9 de junho 2024)","robots":{"index":"index","follow":"follow","max-snippet":"max-snippet:-1","max-image-preview":"max-image-preview:large","max-video-preview":"max-video-preview:-1"},"canonical":"https:\/\/redeacampa.org\/pt-br\/prologo-2024-br\/","og_locale":"pt_BR","og_type":"article","og_title":"Pr\u00f3logo 2024 - Acampa - Pola paz e o dereito a refuxio","og_description":"Pref\u00e1cio do VIII Encontro Internacional Acampa pela Paz e pelo Direito ao Ref\u00fagio (A Coru\u00f1a, 7,8 e 9 de junho 2024)","og_url":"https:\/\/redeacampa.org\/pt-br\/prologo-2024-br\/","og_site_name":"Acampa - Pola paz e o dereito a refuxio","article_publisher":"https:\/\/www.facebook.com\/acampapolapazeodereitoarefuxio","article_modified_time":"2025-05-01T18:35:37+00:00","twitter_card":"summary_large_image","twitter_site":"@Acampa_polapaz","twitter_misc":{"Est. tempo de leitura":"4 minutos"},"schema":{"@context":"https:\/\/schema.org","@graph":[{"@type":"WebPage","@id":"https:\/\/redeacampa.org\/pt-br\/prologo-2024-br\/","url":"https:\/\/redeacampa.org\/pt-br\/prologo-2024-br\/","name":"Pr\u00f3logo 2024 - Acampa - Pola paz e o dereito a refuxio","isPartOf":{"@id":"https:\/\/redeacampa.org\/pt-br\/#website"},"datePublished":"2024-04-09T19:26:00+00:00","dateModified":"2025-05-01T18:35:37+00:00","description":"Pref\u00e1cio do VIII Encontro Internacional Acampa pela Paz e pelo Direito ao Ref\u00fagio (A Coru\u00f1a, 7,8 e 9 de junho 2024)","breadcrumb":{"@id":"https:\/\/redeacampa.org\/pt-br\/prologo-2024-br\/#breadcrumb"},"inLanguage":"pt-BR","potentialAction":[{"@type":"ReadAction","target":["https:\/\/redeacampa.org\/pt-br\/prologo-2024-br\/"]}]},{"@type":"BreadcrumbList","@id":"https:\/\/redeacampa.org\/pt-br\/prologo-2024-br\/#breadcrumb","itemListElement":[{"@type":"ListItem","position":1,"name":"Portada","item":"https:\/\/redeacampa.org\/pt-br\/"},{"@type":"ListItem","position":2,"name":"Pr\u00f3logo 2024"}]},{"@type":"WebSite","@id":"https:\/\/redeacampa.org\/pt-br\/#website","url":"https:\/\/redeacampa.org\/pt-br\/","name":"Acampa - Pola paz e o dereito a refuxio","description":"Unha iniciativa cidad\u00e1 sen fins de lucro integrada por colectivos sociais, culturais, educativos, veci\u00f1ais, pol\u00edticos, sindicais, art\u00edsticos, de persoas solidarias, de instituci\u00f3ns e empresas con responsabilidade social que te\u00f1en como obxectivo a defensa dos dereitos humanos, o Dereito Internacional Humanitario e o Dereito a Refuxio.","publisher":{"@id":"https:\/\/redeacampa.org\/pt-br\/#organization"},"potentialAction":[{"@type":"SearchAction","target":{"@type":"EntryPoint","urlTemplate":"https:\/\/redeacampa.org\/pt-br\/?s={search_term_string}"},"query-input":{"@type":"PropertyValueSpecification","valueRequired":true,"valueName":"search_term_string"}}],"inLanguage":"pt-BR"},{"@type":"Organization","@id":"https:\/\/redeacampa.org\/pt-br\/#organization","name":"Acampa","url":"https:\/\/redeacampa.org\/pt-br\/","logo":{"@type":"ImageObject","inLanguage":"pt-BR","@id":"https:\/\/redeacampa.org\/pt-br\/#\/schema\/logo\/image\/","url":"https:\/\/redeacampa.org\/wp-content\/uploads\/2019\/01\/acampaConRojo_es.png","contentUrl":"https:\/\/redeacampa.org\/wp-content\/uploads\/2019\/01\/acampaConRojo_es.png","width":612,"height":204,"caption":"Acampa"},"image":{"@id":"https:\/\/redeacampa.org\/pt-br\/#\/schema\/logo\/image\/"},"sameAs":["https:\/\/www.facebook.com\/acampapolapazeodereitoarefuxio","https:\/\/x.com\/Acampa_polapaz","https:\/\/www.instagram.com\/Acampa_polapaz\/","https:\/\/www.youtube.com\/channel\/UChk1mSCHVEHmjq9e8PLb-mw"]}]}},"_links":{"self":[{"href":"https:\/\/redeacampa.org\/pt-br\/wp-json\/wp\/v2\/pages\/49715","targetHints":{"allow":["GET"]}}],"collection":[{"href":"https:\/\/redeacampa.org\/pt-br\/wp-json\/wp\/v2\/pages"}],"about":[{"href":"https:\/\/redeacampa.org\/pt-br\/wp-json\/wp\/v2\/types\/page"}],"author":[{"embeddable":true,"href":"https:\/\/redeacampa.org\/pt-br\/wp-json\/wp\/v2\/users\/4"}],"replies":[{"embeddable":true,"href":"https:\/\/redeacampa.org\/pt-br\/wp-json\/wp\/v2\/comments?post=49715"}],"version-history":[{"count":13,"href":"https:\/\/redeacampa.org\/pt-br\/wp-json\/wp\/v2\/pages\/49715\/revisions"}],"predecessor-version":[{"id":52205,"href":"https:\/\/redeacampa.org\/pt-br\/wp-json\/wp\/v2\/pages\/49715\/revisions\/52205"}],"wp:attachment":[{"href":"https:\/\/redeacampa.org\/pt-br\/wp-json\/wp\/v2\/media?parent=49715"}],"wp:term":[{"taxonomy":"category","embeddable":true,"href":"https:\/\/redeacampa.org\/pt-br\/wp-json\/wp\/v2\/categories?post=49715"},{"taxonomy":"post_tag","embeddable":true,"href":"https:\/\/redeacampa.org\/pt-br\/wp-json\/wp\/v2\/tags?post=49715"}],"curies":[{"name":"wp","href":"https:\/\/api.w.org\/{rel}","templated":true}]}}