{"id":51760,"date":"2024-04-02T21:09:19","date_gmt":"2024-04-02T19:09:19","guid":{"rendered":"https:\/\/redeacampa.org\/la-asociacion\/"},"modified":"2025-05-01T19:11:41","modified_gmt":"2025-05-01T17:11:41","slug":"a-associacao","status":"publish","type":"page","link":"https:\/\/redeacampa.org\/pt-br\/a-associacao\/","title":{"rendered":"A Associa\u00e7\u00e3o"},"content":{"rendered":"<p>[et_pb_section fb_built=&#8221;1&#8243; fullwidth=&#8221;on&#8221; custom_padding_last_edited=&#8221;on|desktop&#8221; admin_label=&#8221;section&#8221; _builder_version=&#8221;4.16&#8243; background_color=&#8221;#cd1619&#8243; custom_padding_tablet=&#8221;50px|0|50px|0&#8243; custom_padding_phone=&#8221;&#8221; transparent_background=&#8221;off&#8221; padding_mobile=&#8221;off&#8221; locked=&#8221;off&#8221; collapsed=&#8221;off&#8221; global_colors_info=&#8221;{}&#8221;][et_pb_fullwidth_header title=&#8221;A Associa\u00e7\u00e3o&#8221; admin_label=&#8221;T\u00edtulo de anchura completa&#8221; _builder_version=&#8221;4.23.1&#8243; title_font=&#8221;|on|||&#8221; subhead_font=&#8221;||on||&#8221; background_color=&#8221;rgba(255, 255, 255, 0)&#8221; button_one_letter_spacing_hover=&#8221;0&#8243; button_two_letter_spacing_hover=&#8221;0&#8243; global_colors_info=&#8221;{}&#8221; button_one_text_size__hover_enabled=&#8221;off&#8221; button_two_text_size__hover_enabled=&#8221;off&#8221; button_one_text_color__hover_enabled=&#8221;off&#8221; button_two_text_color__hover_enabled=&#8221;off&#8221; button_one_border_width__hover_enabled=&#8221;off&#8221; button_two_border_width__hover_enabled=&#8221;off&#8221; button_one_border_color__hover_enabled=&#8221;off&#8221; button_two_border_color__hover_enabled=&#8221;off&#8221; button_one_border_radius__hover_enabled=&#8221;off&#8221; button_two_border_radius__hover_enabled=&#8221;off&#8221; button_one_letter_spacing__hover_enabled=&#8221;on&#8221; button_one_letter_spacing__hover=&#8221;0&#8243; button_two_letter_spacing__hover_enabled=&#8221;on&#8221; button_two_letter_spacing__hover=&#8221;0&#8243; button_one_bg_color__hover_enabled=&#8221;off&#8221; button_two_bg_color__hover_enabled=&#8221;off&#8221;][\/et_pb_fullwidth_header][\/et_pb_section][et_pb_section fb_built=&#8221;1&#8243; admin_label=&#8221;Secci\u00f3n Rosa Cabecera&#8221; _builder_version=&#8221;4.23.1&#8243; _module_preset=&#8221;default&#8221; background_color=&#8221;#ffedea&#8221; custom_margin=&#8221;||||false|false&#8221; custom_padding=&#8221;||||false|false&#8221; locked=&#8221;off&#8221; collapsed=&#8221;off&#8221; global_colors_info=&#8221;{}&#8221;][et_pb_row column_structure=&#8221;1_2,1_2&#8243; use_custom_gutter=&#8221;on&#8221; make_equal=&#8221;on&#8221; admin_label=&#8221;Cabeceira&#8221; _builder_version=&#8221;4.23.1&#8243; _module_preset=&#8221;default&#8221; min_height=&#8221;462.2px&#8221; custom_margin=&#8221;5px|auto|-40px|auto||&#8221; custom_padding=&#8221;||0px|||&#8221; collapsed=&#8221;off&#8221; global_colors_info=&#8221;{}&#8221;][et_pb_column type=&#8221;1_2&#8243; _builder_version=&#8221;4.16&#8243; _module_preset=&#8221;default&#8221; global_colors_info=&#8221;{}&#8221;][et_pb_text _builder_version=&#8221;4.23.1&#8243; _module_preset=&#8221;default&#8221; hover_enabled=&#8221;0&#8243; global_colors_info=&#8221;{}&#8221; sticky_enabled=&#8221;0&#8243;]<\/p>\n<p><span style=\"color: #cd1619;\">ACAMPA PELA PAZ E DIREITO AO REFUGIO<\/span> \u00e9 uma iniciativa municipal sem fins lucrativos composta por grupos sociais, culturais, educativos, de vizinhan\u00e7a, pol\u00edticos, sindicais, art\u00edsticos, pessoas solid\u00e1rias, institui\u00e7\u00f5es e empresas com responsabilidade social.<\/p>\n<p>Tem como <span style=\"color: #cd1619;\">objetivo<\/span>:<\/p>\n<ul>\n<li>Defender os Direitos Humanos, o Direito Internacional Humanit\u00e1rio e o Direito ao Ref\u00fagio.<\/li>\n<li>Abrir espa\u00e7os de reuni\u00e3o e reflex\u00e3o para buscar respostas coletivamente.<\/li>\n<li>Buscar aprofundamento nas causas dos acontecimentos para comparar as informa\u00e7\u00f5es.<\/li>\n<\/ul>\n<p><span style=\"color: #cd1619;\">REDE ACAMPA \u00e9:<\/span><\/p>\n<ul>\n<li>Uma organiza\u00e7ao de compromisso com a paz e o direito ao ref\u00fagio.<\/li>\n<li>Uma organiza\u00e7ao que promove a participa\u00e7\u00e3o e o envolvimento.<\/li>\n<li>\u00c9 um encontro de pessoas ativas no qual contamos com a participa\u00e7\u00e3o dos protagonistas, das v\u00edtimas, das ONG, dos ativistas, dos especialistas e dos jornalistas que trabalham no \u00e2mbito do jornalismo humanit\u00e1rio.<\/li>\n<li>A soma de proje\u00e7\u00f5es, de fotografias,\u00a0 de m\u00fasicas, de teatro, de eventos art\u00edsticos de todos os tipos.<\/li>\n<li>Uma organiza\u00e7ao que reproduz um campo de refugiados simb\u00f3lico com visitas guiadas para que as pessoas possam vivenciar como \u00e9 um campo de ref\u00fagio e chegar por momentos, da sa sensa\u00e7\u00e3o de como essas pessoas refugiadas vivem.<\/li>\n<\/ul>\n<p>[\/et_pb_text][\/et_pb_column][et_pb_column type=&#8221;1_2&#8243; _builder_version=&#8221;4.16&#8243; _module_preset=&#8221;default&#8221; global_colors_info=&#8221;{}&#8221;][et_pb_text _builder_version=&#8221;4.23.1&#8243; _module_preset=&#8221;default&#8221; hover_enabled=&#8221;0&#8243; global_colors_info=&#8221;{}&#8221; sticky_enabled=&#8221;0&#8243;]<\/p>\n<p>O <span style=\"color: #cd1619;\">objetivo final<\/span> da REDE ACAMPA \u00e9 entender melhor as verdadeiras causas das guerras, dos conflitos, e os efeitos que o saque dos recursos e a gan\u00e2ncia do capitalismo mais atroz t\u00eam sobre a vida de milh\u00f5es de pessoas.<\/p>\n<p>ACAMPA facilita a participa\u00e7\u00e3o cidad\u00e3, e em nossas propostas reflexivas cada pessoa traz sua energia, sua capacidade e sua opini\u00e3o ao mesmo tempo em que conhece o trabalho das ONGs, associa\u00e7\u00f5es, organiza\u00e7\u00f5es pol\u00edticas, sindicatos, institui\u00e7\u00f5es, grupos informais, empresas com responsabilidade social, coletivos profissionais e outros profissionais envolvidos na defesa dos Direitos Humanos<\/p>\n<p><span style=\"color: #cd1619;\">RED ACAMPA PELA PAZ E O DIREITO A REF\u00daGIO<\/span> nasceu na Corunha, Gal\u00edcia-ES, no ano de 2016 com o objetivo de se estender e se replicar em outras cidades e pa\u00edses. Atualmente, j\u00e1 funciona a REDE ACAMPA BRASIL e est\u00e1 formando sua trajet\u00f3ria a REDE ACAMPA PORTUGAL.<\/p>\n<p>[\/et_pb_text][\/et_pb_column][\/et_pb_row][\/et_pb_section]<\/p>\n","protected":false},"excerpt":{"rendered":"<p>ACAMPA PELA PAZ E DIREITO AO REFUGIO \u00e9 uma iniciativa municipal sem fins lucrativos composta por grupos sociais, culturais, educativos, de vizinhan\u00e7a, pol\u00edticos, sindicais, art\u00edsticos, pessoas solid\u00e1rias, institui\u00e7\u00f5es e empresas com responsabilidade social. Tem como objetivo: Defender os Direitos Humanos, o Direito Internacional Humanit\u00e1rio e o Direito ao Ref\u00fagio. Abrir espa\u00e7os de reuni\u00e3o e reflex\u00e3o [&hellip;]<\/p>\n","protected":false},"author":4,"featured_media":0,"parent":0,"menu_order":0,"comment_status":"closed","ping_status":"closed","template":"","meta":{"_et_pb_use_builder":"on","_et_pb_old_content":"","_et_gb_content_width":"","footnotes":""},"categories":[5],"tags":[],"class_list":["post-51760","page","type-page","status-publish","hentry","category-nao-categorizado-br"],"yoast_head":"<!-- This site is optimized with the Yoast SEO plugin v26.4 - https:\/\/yoast.com\/wordpress\/plugins\/seo\/ -->\n<title>A Associa\u00e7\u00e3o - Acampa - Pola paz e o dereito a refuxio<\/title>\n<meta name=\"description\" content=\"Conhe\u00e7a a associa\u00e7\u00e3o REDE ACAMPA PELA PAZ E DIREITO AO REF\u00daGIO, atualmente sediada na Corunha, Brasil e em breve em Portugal.\" \/>\n<meta name=\"robots\" content=\"index, follow, max-snippet:-1, max-image-preview:large, max-video-preview:-1\" \/>\n<link rel=\"canonical\" href=\"https:\/\/redeacampa.org\/pt-br\/a-associacao\/\" \/>\n<meta property=\"og:locale\" content=\"pt_BR\" \/>\n<meta property=\"og:type\" content=\"article\" \/>\n<meta property=\"og:title\" content=\"A Associa\u00e7\u00e3o - Acampa - Pola paz e o dereito a refuxio\" \/>\n<meta property=\"og:description\" content=\"Conhe\u00e7a a associa\u00e7\u00e3o REDE ACAMPA PELA PAZ E DIREITO AO REF\u00daGIO, atualmente sediada na Corunha, Brasil e em breve em Portugal.\" \/>\n<meta property=\"og:url\" content=\"https:\/\/redeacampa.org\/pt-br\/a-associacao\/\" \/>\n<meta property=\"og:site_name\" content=\"Acampa - Pola paz e o dereito a refuxio\" \/>\n<meta property=\"article:publisher\" content=\"https:\/\/www.facebook.com\/acampapolapazeodereitoarefuxio\" \/>\n<meta property=\"article:modified_time\" content=\"2025-05-01T17:11:41+00:00\" \/>\n<meta name=\"twitter:card\" content=\"summary_large_image\" \/>\n<meta name=\"twitter:site\" content=\"@Acampa_polapaz\" \/>\n<meta name=\"twitter:label1\" content=\"Est. tempo de leitura\" \/>\n\t<meta name=\"twitter:data1\" content=\"2 minutos\" \/>\n<script type=\"application\/ld+json\" class=\"yoast-schema-graph\">{\"@context\":\"https:\/\/schema.org\",\"@graph\":[{\"@type\":\"WebPage\",\"@id\":\"https:\/\/redeacampa.org\/pt-br\/a-associacao\/\",\"url\":\"https:\/\/redeacampa.org\/pt-br\/a-associacao\/\",\"name\":\"A Associa\u00e7\u00e3o - Acampa - Pola paz e o dereito a refuxio\",\"isPartOf\":{\"@id\":\"https:\/\/redeacampa.org\/pt-br\/#website\"},\"datePublished\":\"2024-04-02T19:09:19+00:00\",\"dateModified\":\"2025-05-01T17:11:41+00:00\",\"description\":\"Conhe\u00e7a a associa\u00e7\u00e3o REDE ACAMPA PELA PAZ E DIREITO AO REF\u00daGIO, atualmente sediada na Corunha, Brasil e em breve em Portugal.\",\"breadcrumb\":{\"@id\":\"https:\/\/redeacampa.org\/pt-br\/a-associacao\/#breadcrumb\"},\"inLanguage\":\"pt-BR\",\"potentialAction\":[{\"@type\":\"ReadAction\",\"target\":[\"https:\/\/redeacampa.org\/pt-br\/a-associacao\/\"]}]},{\"@type\":\"BreadcrumbList\",\"@id\":\"https:\/\/redeacampa.org\/pt-br\/a-associacao\/#breadcrumb\",\"itemListElement\":[{\"@type\":\"ListItem\",\"position\":1,\"name\":\"Portada\",\"item\":\"https:\/\/redeacampa.org\/pt-br\/\"},{\"@type\":\"ListItem\",\"position\":2,\"name\":\"A Associa\u00e7\u00e3o\"}]},{\"@type\":\"WebSite\",\"@id\":\"https:\/\/redeacampa.org\/pt-br\/#website\",\"url\":\"https:\/\/redeacampa.org\/pt-br\/\",\"name\":\"Acampa - Pola paz e o dereito a refuxio\",\"description\":\"Unha iniciativa cidad\u00e1 sen fins de lucro integrada por colectivos sociais, culturais, educativos, veci\u00f1ais, pol\u00edticos, sindicais, art\u00edsticos, de persoas solidarias, de instituci\u00f3ns e empresas con responsabilidade social que te\u00f1en como obxectivo a defensa dos dereitos humanos, o Dereito Internacional Humanitario e o Dereito a Refuxio.\",\"publisher\":{\"@id\":\"https:\/\/redeacampa.org\/pt-br\/#organization\"},\"potentialAction\":[{\"@type\":\"SearchAction\",\"target\":{\"@type\":\"EntryPoint\",\"urlTemplate\":\"https:\/\/redeacampa.org\/pt-br\/?s={search_term_string}\"},\"query-input\":{\"@type\":\"PropertyValueSpecification\",\"valueRequired\":true,\"valueName\":\"search_term_string\"}}],\"inLanguage\":\"pt-BR\"},{\"@type\":\"Organization\",\"@id\":\"https:\/\/redeacampa.org\/pt-br\/#organization\",\"name\":\"Acampa\",\"url\":\"https:\/\/redeacampa.org\/pt-br\/\",\"logo\":{\"@type\":\"ImageObject\",\"inLanguage\":\"pt-BR\",\"@id\":\"https:\/\/redeacampa.org\/pt-br\/#\/schema\/logo\/image\/\",\"url\":\"https:\/\/redeacampa.org\/wp-content\/uploads\/2019\/01\/acampaConRojo_es.png\",\"contentUrl\":\"https:\/\/redeacampa.org\/wp-content\/uploads\/2019\/01\/acampaConRojo_es.png\",\"width\":612,\"height\":204,\"caption\":\"Acampa\"},\"image\":{\"@id\":\"https:\/\/redeacampa.org\/pt-br\/#\/schema\/logo\/image\/\"},\"sameAs\":[\"https:\/\/www.facebook.com\/acampapolapazeodereitoarefuxio\",\"https:\/\/x.com\/Acampa_polapaz\",\"https:\/\/www.instagram.com\/Acampa_polapaz\/\",\"https:\/\/www.youtube.com\/channel\/UChk1mSCHVEHmjq9e8PLb-mw\"]}]}<\/script>\n<!-- \/ Yoast SEO plugin. -->","yoast_head_json":{"title":"A Associa\u00e7\u00e3o - Acampa - Pola paz e o dereito a refuxio","description":"Conhe\u00e7a a associa\u00e7\u00e3o REDE ACAMPA PELA PAZ E DIREITO AO REF\u00daGIO, atualmente sediada na Corunha, Brasil e em breve em Portugal.","robots":{"index":"index","follow":"follow","max-snippet":"max-snippet:-1","max-image-preview":"max-image-preview:large","max-video-preview":"max-video-preview:-1"},"canonical":"https:\/\/redeacampa.org\/pt-br\/a-associacao\/","og_locale":"pt_BR","og_type":"article","og_title":"A Associa\u00e7\u00e3o - Acampa - Pola paz e o dereito a refuxio","og_description":"Conhe\u00e7a a associa\u00e7\u00e3o REDE ACAMPA PELA PAZ E DIREITO AO REF\u00daGIO, atualmente sediada na Corunha, Brasil e em breve em Portugal.","og_url":"https:\/\/redeacampa.org\/pt-br\/a-associacao\/","og_site_name":"Acampa - Pola paz e o dereito a refuxio","article_publisher":"https:\/\/www.facebook.com\/acampapolapazeodereitoarefuxio","article_modified_time":"2025-05-01T17:11:41+00:00","twitter_card":"summary_large_image","twitter_site":"@Acampa_polapaz","twitter_misc":{"Est. tempo de leitura":"2 minutos"},"schema":{"@context":"https:\/\/schema.org","@graph":[{"@type":"WebPage","@id":"https:\/\/redeacampa.org\/pt-br\/a-associacao\/","url":"https:\/\/redeacampa.org\/pt-br\/a-associacao\/","name":"A Associa\u00e7\u00e3o - Acampa - Pola paz e o dereito a refuxio","isPartOf":{"@id":"https:\/\/redeacampa.org\/pt-br\/#website"},"datePublished":"2024-04-02T19:09:19+00:00","dateModified":"2025-05-01T17:11:41+00:00","description":"Conhe\u00e7a a associa\u00e7\u00e3o REDE ACAMPA PELA PAZ E DIREITO AO REF\u00daGIO, atualmente sediada na Corunha, Brasil e em breve em Portugal.","breadcrumb":{"@id":"https:\/\/redeacampa.org\/pt-br\/a-associacao\/#breadcrumb"},"inLanguage":"pt-BR","potentialAction":[{"@type":"ReadAction","target":["https:\/\/redeacampa.org\/pt-br\/a-associacao\/"]}]},{"@type":"BreadcrumbList","@id":"https:\/\/redeacampa.org\/pt-br\/a-associacao\/#breadcrumb","itemListElement":[{"@type":"ListItem","position":1,"name":"Portada","item":"https:\/\/redeacampa.org\/pt-br\/"},{"@type":"ListItem","position":2,"name":"A Associa\u00e7\u00e3o"}]},{"@type":"WebSite","@id":"https:\/\/redeacampa.org\/pt-br\/#website","url":"https:\/\/redeacampa.org\/pt-br\/","name":"Acampa - Pola paz e o dereito a refuxio","description":"Unha iniciativa cidad\u00e1 sen fins de lucro integrada por colectivos sociais, culturais, educativos, veci\u00f1ais, pol\u00edticos, sindicais, art\u00edsticos, de persoas solidarias, de instituci\u00f3ns e empresas con responsabilidade social que te\u00f1en como obxectivo a defensa dos dereitos humanos, o Dereito Internacional Humanitario e o Dereito a Refuxio.","publisher":{"@id":"https:\/\/redeacampa.org\/pt-br\/#organization"},"potentialAction":[{"@type":"SearchAction","target":{"@type":"EntryPoint","urlTemplate":"https:\/\/redeacampa.org\/pt-br\/?s={search_term_string}"},"query-input":{"@type":"PropertyValueSpecification","valueRequired":true,"valueName":"search_term_string"}}],"inLanguage":"pt-BR"},{"@type":"Organization","@id":"https:\/\/redeacampa.org\/pt-br\/#organization","name":"Acampa","url":"https:\/\/redeacampa.org\/pt-br\/","logo":{"@type":"ImageObject","inLanguage":"pt-BR","@id":"https:\/\/redeacampa.org\/pt-br\/#\/schema\/logo\/image\/","url":"https:\/\/redeacampa.org\/wp-content\/uploads\/2019\/01\/acampaConRojo_es.png","contentUrl":"https:\/\/redeacampa.org\/wp-content\/uploads\/2019\/01\/acampaConRojo_es.png","width":612,"height":204,"caption":"Acampa"},"image":{"@id":"https:\/\/redeacampa.org\/pt-br\/#\/schema\/logo\/image\/"},"sameAs":["https:\/\/www.facebook.com\/acampapolapazeodereitoarefuxio","https:\/\/x.com\/Acampa_polapaz","https:\/\/www.instagram.com\/Acampa_polapaz\/","https:\/\/www.youtube.com\/channel\/UChk1mSCHVEHmjq9e8PLb-mw"]}]}},"_links":{"self":[{"href":"https:\/\/redeacampa.org\/pt-br\/wp-json\/wp\/v2\/pages\/51760","targetHints":{"allow":["GET"]}}],"collection":[{"href":"https:\/\/redeacampa.org\/pt-br\/wp-json\/wp\/v2\/pages"}],"about":[{"href":"https:\/\/redeacampa.org\/pt-br\/wp-json\/wp\/v2\/types\/page"}],"author":[{"embeddable":true,"href":"https:\/\/redeacampa.org\/pt-br\/wp-json\/wp\/v2\/users\/4"}],"replies":[{"embeddable":true,"href":"https:\/\/redeacampa.org\/pt-br\/wp-json\/wp\/v2\/comments?post=51760"}],"version-history":[{"count":6,"href":"https:\/\/redeacampa.org\/pt-br\/wp-json\/wp\/v2\/pages\/51760\/revisions"}],"predecessor-version":[{"id":52199,"href":"https:\/\/redeacampa.org\/pt-br\/wp-json\/wp\/v2\/pages\/51760\/revisions\/52199"}],"wp:attachment":[{"href":"https:\/\/redeacampa.org\/pt-br\/wp-json\/wp\/v2\/media?parent=51760"}],"wp:term":[{"taxonomy":"category","embeddable":true,"href":"https:\/\/redeacampa.org\/pt-br\/wp-json\/wp\/v2\/categories?post=51760"},{"taxonomy":"post_tag","embeddable":true,"href":"https:\/\/redeacampa.org\/pt-br\/wp-json\/wp\/v2\/tags?post=51760"}],"curies":[{"name":"wp","href":"https:\/\/api.w.org\/{rel}","templated":true}]}}