{"id":53657,"date":"2025-01-24T18:02:09","date_gmt":"2025-01-24T17:02:09","guid":{"rendered":"https:\/\/redeacampa.org\/?page_id=53657"},"modified":"2025-05-01T19:27:28","modified_gmt":"2025-05-01T17:27:28","slug":"reco-bases-acampa-2025","status":"publish","type":"page","link":"https:\/\/redeacampa.org\/pt-br\/reco-bases-acampa-2025\/","title":{"rendered":"V Reco Bases Acampa 2025"},"content":{"rendered":"<p>[et_pb_section fb_built=&#8221;1&#8243; fullwidth=&#8221;on&#8221; custom_padding_last_edited=&#8221;on|desktop&#8221; admin_label=&#8221;section&#8221; _builder_version=&#8221;4.16&#8243; background_color=&#8221;#cd1619&#8243; custom_padding_tablet=&#8221;50px|0|50px|0&#8243; custom_padding_phone=&#8221;&#8221; transparent_background=&#8221;off&#8221; padding_mobile=&#8221;off&#8221; locked=&#8221;off&#8221; collapsed=&#8221;off&#8221; global_colors_info=&#8221;{}&#8221;][et_pb_fullwidth_header title=&#8221;V Reconhecimento Internacional Acampa 2025&#8243; subhead=&#8221;Pela Paz e o Direito a Ref\u00fagio&#8221; admin_label=&#8221;T\u00edtulo de anchura completa&#8221; _builder_version=&#8221;4.27.4&#8243; title_font=&#8221;|on|||&#8221; subhead_font=&#8221;||on||&#8221; background_color=&#8221;rgba(255, 255, 255, 0)&#8221; button_one_letter_spacing_hover=&#8221;0&#8243; button_two_letter_spacing_hover=&#8221;0&#8243; global_colors_info=&#8221;{}&#8221; button_one_text_size__hover_enabled=&#8221;off&#8221; button_two_text_size__hover_enabled=&#8221;off&#8221; button_one_text_color__hover_enabled=&#8221;off&#8221; button_two_text_color__hover_enabled=&#8221;off&#8221; button_one_border_width__hover_enabled=&#8221;off&#8221; button_two_border_width__hover_enabled=&#8221;off&#8221; button_one_border_color__hover_enabled=&#8221;off&#8221; button_two_border_color__hover_enabled=&#8221;off&#8221; button_one_border_radius__hover_enabled=&#8221;off&#8221; button_two_border_radius__hover_enabled=&#8221;off&#8221; button_one_letter_spacing__hover_enabled=&#8221;on&#8221; button_one_letter_spacing__hover=&#8221;0&#8243; button_two_letter_spacing__hover_enabled=&#8221;on&#8221; button_two_letter_spacing__hover=&#8221;0&#8243; button_one_bg_color__hover_enabled=&#8221;off&#8221; button_two_bg_color__hover_enabled=&#8221;off&#8221;][\/et_pb_fullwidth_header][\/et_pb_section][et_pb_section fb_built=&#8221;1&#8243; _builder_version=&#8221;4.16&#8243; _module_preset=&#8221;default&#8221; background_enable_color=&#8221;off&#8221; custom_padding=&#8221;||0px|||&#8221; collapsed=&#8221;off&#8221; global_colors_info=&#8221;{}&#8221;][et_pb_row _builder_version=&#8221;4.16&#8243; _module_preset=&#8221;default&#8221; global_colors_info=&#8221;{}&#8221;][et_pb_column type=&#8221;4_4&#8243; _builder_version=&#8221;4.16&#8243; _module_preset=&#8221;default&#8221; global_colors_info=&#8221;{}&#8221;][et_pb_text _builder_version=&#8221;4.27.4&#8243; _module_preset=&#8221;default&#8221; text_font=&#8221;|||||on|||&#8221; header_font=&#8221;|||||on|||&#8221; header_2_font=&#8221;|||||on|||&#8221; custom_margin=&#8221;||-3px|||&#8221; custom_padding=&#8221;||0px|||&#8221; global_colors_info=&#8221;{}&#8221;]<\/p>\n<h1 style=\"text-align: center;\">V Reconhecimento Internacional Acampa<br \/>pela defesa dos direitos humanos<\/h1>\n<h4 style=\"text-align: center;\"><strong>&#8220;Acampa pela paz e o direito a ref\u00fagio\u201d<\/strong><\/h4>\n<p>&nbsp;<\/p>\n<p>[\/et_pb_text][et_pb_text _builder_version=&#8221;4.27.4&#8243; _module_preset=&#8221;default&#8221; background_enable_color=&#8221;off&#8221; global_colors_info=&#8221;{}&#8221;]<\/p>\n<p data-start=\"0\" data-end=\"389\">Abre-se o processo para a escolha do <span style=\"color: #cd1619;\">Reconhecimento Internacional Acampa para a Defesa dos Direitos Humanos<\/span> em sua quinta edi\u00e7\u00e3o, destinado a a <span style=\"color: #cd1619;\">entidades ou pessoas que se destacam na defesa dos Direitos Humanos<\/span>, especialmente nas \u00e1reas de atua\u00e7\u00e3o da rede <span style=\"color: #cd1619;\">Acampa<\/span>, ou seja, a defesa dos Direitos Humanos, o Direito ao Ref\u00fagio e a defesa da Paz e do di\u00e1logo como forma para a resolu\u00e7\u00e3o de conflitos.<\/p>\n<p data-start=\"391\" data-end=\"701\" data-is-last-node=\"\" data-is-only-node=\"\">O Reconhecimento, em suas duas categorias, internacional e local, visa evidenciar a situa\u00e7\u00e3o de retrocesso dos <span style=\"color: #cd1619;\">Direitos Humanos<\/span> em todo o mundo e a import\u00e2ncia de recuper\u00e1-los e defend\u00ea-los com a for\u00e7a e resili\u00eancia das pessoas ou entidades que ser\u00e3o propostas e votadas por toda a <span style=\"color: #cd1619;\">Rede Acampa Internacional.<\/span><\/p>\n<p>[\/et_pb_text][et_pb_divider admin_label=&#8221;Separador&#8221; _builder_version=&#8221;4.19.4&#8243; _module_preset=&#8221;default&#8221; global_colors_info=&#8221;{}&#8221;][\/et_pb_divider][\/et_pb_column][\/et_pb_row][\/et_pb_section][et_pb_section fb_built=&#8221;1&#8243; _builder_version=&#8221;4.16&#8243; _module_preset=&#8221;default&#8221; custom_padding=&#8221;0px|||||&#8221; collapsed=&#8221;off&#8221; global_colors_info=&#8221;{}&#8221;][et_pb_row column_structure=&#8221;3_5,2_5&#8243; _builder_version=&#8221;4.16&#8243; _module_preset=&#8221;default&#8221; global_colors_info=&#8221;{}&#8221;][et_pb_column type=&#8221;3_5&#8243; _builder_version=&#8221;4.16&#8243; _module_preset=&#8221;default&#8221; global_colors_info=&#8221;{}&#8221;][et_pb_text _builder_version=&#8221;4.27.4&#8243; _module_preset=&#8221;default&#8221; text_font=&#8221;|||||on|||&#8221; custom_margin=&#8221;||-3px|||&#8221; custom_padding=&#8221;||0px|||&#8221; hover_enabled=&#8221;0&#8243; global_colors_info=&#8221;{}&#8221; sticky_enabled=&#8221;0&#8243;]<\/p>\n<h2 style=\"text-align: center;\">Regras<\/h2>\n<p>[\/et_pb_text][et_pb_text _builder_version=&#8221;4.27.4&#8243; _module_preset=&#8221;default&#8221; global_colors_info=&#8221;{}&#8221;]<\/p>\n<blockquote>\n<p><strong>1.- Em que consiste o Reconhecimento?<\/strong><\/p>\n<\/blockquote>\n<p>Trata-se de uma men\u00e7\u00e3o internacional que \u00e9 apresentada simultaneamente em todas as cidades da qual h\u00e1 uma <span style=\"color: #cd1619;\"><strong>Rede Acampa<\/strong><\/span> em funcionamento. As organiza\u00e7\u00f5es ou pessoas escolhidas \u00e9 entregue uma Carta de Reconhecimento destacando o trabalho que est\u00e1 sendo valorizado e uma pe\u00e7a representativa do <span style=\"color: #cd1619;\"><strong>Reconhecimento Acampa<\/strong><\/span>, obra da escultora <strong>Pilar Sub\u00edas<\/strong>.<\/p>\n<blockquote>\n<p><strong>2.- Quem pode apresentar propostas para o Reconhecimento?<\/strong><\/p>\n<\/blockquote>\n<ul>\n<li>A todas as organiza\u00e7\u00f5es que fazem parte do <span style=\"color: #cd1619;\"><strong>Rede Acampa Internacional<\/strong><\/span> com uma carta de ades\u00e3o.<\/li>\n<li>Todas as pessoas que <span style=\"font-weight: 400;\">comp\u00f5em a <\/span><span style=\"color: #cd1619;\"><strong>Rede Acampa <\/strong><\/span>e que estejam registadas como associadas.<\/li>\n<li>Todas as equipes de coordena\u00e7\u00e3o locais da <span style=\"color: #cd1619;\"><strong>Rede Acampa International.<\/strong><\/span><\/li>\n<\/ul>\n<blockquote>\n<p><strong>3.- Como apresentar uma candidatura? <\/strong><\/p>\n<\/blockquote>\n<p data-start=\"770\" data-end=\"843\">Ser\u00e1 poss\u00edvel apresentar at\u00e9 duas candidaturas por organiza\u00e7\u00e3o ou pessoa:<\/p>\n<ul data-start=\"845\" data-end=\"928\">\n<li data-start=\"845\" data-end=\"889\">Uma para o Reconhecimento Internacional.<\/li>\n<li data-start=\"890\" data-end=\"928\">Outra para o Reconhecimento Local.<\/li>\n<\/ul>\n<p>Para propor uma candidatura, \u00e9 necess\u00e1rio preencher este <a href=\"https:\/\/docs.google.com\/forms\/d\/e\/1FAIpQLSftUNyyqRGuydqIs7HvBWinCZ1y5wszHyOjDRJMZsQs_YfSiA\/viewform\">formul\u00e1rio online.<\/a><\/p>\n<p>[\/et_pb_text][et_pb_button button_url=&#8221;https:\/\/docs.google.com\/forms\/d\/e\/1FAIpQLSftUNyyqRGuydqIs7HvBWinCZ1y5wszHyOjDRJMZsQs_YfSiA\/viewform&#8221; button_text=&#8221;Apresente uma candidatura aqu\u00ed&#8221; button_alignment=&#8221;center&#8221; _builder_version=&#8221;4.27.4&#8243; _module_preset=&#8221;default&#8221; background_layout=&#8221;dark&#8221; hover_enabled=&#8221;0&#8243; locked=&#8221;off&#8221; global_colors_info=&#8221;{}&#8221; sticky_enabled=&#8221;0&#8243;][\/et_pb_button][et_pb_text _builder_version=&#8221;4.27.4&#8243; _module_preset=&#8221;default&#8221; global_colors_info=&#8221;{}&#8221;]<\/p>\n<blockquote>\n<p><strong>4.- Prazo para apresenta\u00e7\u00e3o de candidaturas.<\/strong><\/p>\n<\/blockquote>\n<div style=\"background: #eeeeee; border: 1px solid #cccccc; padding: 5px 10px;\">O prazo para apresentar candidaturas para o <span style=\"color: #cd1619;\">V Reconhecimento Acampa 2025<\/span><strong> termina na sexta-feira, 31 de janeiro de 2025.<\/strong><\/div>\n<blockquote>\n<p><strong>5.- Como \u00e9 selecionado o Reconhecimento anual?<\/strong><\/p>\n<\/blockquote>\n<p>Ap\u00f3s o encerramento do prazo de apresenta\u00e7\u00e3o de candidaturas, e depois de verificar se todas est\u00e3o de acordo com os princ\u00edpios e valores pelos quais este Reconhecimento \u00e9 concedido, ser\u00e1 aberto um per\u00edodo de vota\u00e7\u00e3o atrav\u00e9s do site da Rede Acampa. Nessa vota\u00e7\u00e3o, poder\u00e1 participar o p\u00fablico em geral, al\u00e9m das pessoas e organiza\u00e7\u00f5es associadas \u00e0 <span style=\"color: #cd1619;\">Rede Acampa<\/span>.<\/p>\n<div style=\"background: #eeeeee; border: 1px solid #cccccc; padding: 5px 10px;\">O <span style=\"font-weight: 400;\">prazo <\/span>de vota\u00e7\u00e3o para o <span style=\"color: #cd1619;\">V Pr\u00eamio Acampa 2025<\/span>\u00a0ser\u00e1 <strong>do dia 1 ate o dia 31 de mar\u00e7o de 2025<\/strong>.<\/div>\n<p>[\/et_pb_text][et_pb_button button_url=&#8221;https:\/\/redeacampa.org\/es\/votacion-votacao-2025\/&#8221; button_text=&#8221;PARTICIPE NA VOTA\u00c7\u00c3O!&#8221; button_alignment=&#8221;center&#8221; _builder_version=&#8221;4.27.4&#8243; _module_preset=&#8221;default&#8221; background_layout=&#8221;dark&#8221; locked=&#8221;off&#8221; global_colors_info=&#8221;{}&#8221;][\/et_pb_button][et_pb_button button_url=&#8221;https:\/\/redeacampa.org\/pt-br\/junte-se-a-rede\/&#8221; button_text=&#8221;Junte-se \u00e0 rede Acampa!&#8221; button_alignment=&#8221;center&#8221; _builder_version=&#8221;4.27.4&#8243; _module_preset=&#8221;default&#8221; background_layout=&#8221;dark&#8221; locked=&#8221;off&#8221; global_colors_info=&#8221;{}&#8221;][\/et_pb_button][\/et_pb_column][et_pb_column type=&#8221;2_5&#8243; _builder_version=&#8221;4.16&#8243; _module_preset=&#8221;default&#8221; global_colors_info=&#8221;{}&#8221;][et_pb_image src=&#8221;https:\/\/redeacampa.org\/wp-content\/uploads\/Escultura-Reconocimiento-Acampa.png&#8221; title_text=&#8221;Escultura-Reconhecimento Acampa&#8221; align=&#8221;center&#8221; _builder_version=&#8221;4.27.4&#8243; _module_preset=&#8221;default&#8221; background_enable_color=&#8221;off&#8221; module_alignment=&#8221;center&#8221; custom_margin=&#8221;||17px|||&#8221; custom_padding=&#8221;15.1%||||false|false&#8221; border_color_all=&#8221;#CD1619&#8243; box_shadow_style=&#8221;preset3&#8243; box_shadow_color=&#8221;#CD1619&#8243; global_colors_info=&#8221;{}&#8221;][\/et_pb_image][et_pb_text _builder_version=&#8221;4.27.4&#8243; _module_preset=&#8221;default&#8221; text_orientation=&#8221;center&#8221; min_height=&#8221;22.8px&#8221; custom_margin=&#8221;11px||15%||false|false&#8221; custom_padding=&#8221;0px||||false|false&#8221; link_option_url=&#8221;https:\/\/quintodeebro.com\/gallery2\/index.php\/Artesanos_y_Artistas\/Pilar_P_rez_Sub_as_Escultora&#8221; link_option_url_new_window=&#8221;on&#8221; global_colors_info=&#8221;{}&#8221;]<\/p>\n<p>Pe\u00e7a escult\u00f3rica de <strong>Pilar Sub\u00edas.<\/strong><\/p>\n<p>[\/et_pb_text][et_pb_button button_url=&#8221;https:\/\/redeacampa.org\/es\/sumate-a-la-red\/&#8221; button_text=&#8221;Para se registrar acesse este link&#8221; button_alignment=&#8221;center&#8221; disabled_on=&#8221;on|on|on&#8221; _builder_version=&#8221;4.27.4&#8243; _module_preset=&#8221;default&#8221; background_layout=&#8221;dark&#8221; disabled=&#8221;on&#8221; global_colors_info=&#8221;{}&#8221;][\/et_pb_button][et_pb_text _builder_version=&#8221;4.27.4&#8243; _module_preset=&#8221;default&#8221; custom_margin=&#8221;15%||||false|false&#8221; link_option_url=&#8221;https:\/\/quintodeebro.com\/gallery2\/index.php\/Artesanos_y_Artistas\/Pilar_P_rez_Sub_as_Escultora&#8221; link_option_url_new_window=&#8221;on&#8221; global_colors_info=&#8221;{}&#8221;]<\/p>\n<p><strong>Pilar Sub\u00edas<\/strong> cedeu desinteressadamente o trabalho e os direitos de uso para <span style=\"color: #cd1619;\"><strong>Acampa<\/strong> pela paz e o direito a ref\u00fagio<\/span>.<\/p>\n<p>[\/et_pb_text][\/et_pb_column][\/et_pb_row][\/et_pb_section]<\/p>\n","protected":false},"excerpt":{"rendered":"<p>V Reconhecimento Internacional Acampapela defesa dos direitos humanos &#8220;Acampa pela paz e o direito a ref\u00fagio\u201d &nbsp;Abre-se o processo para a escolha do Reconhecimento Internacional Acampa para a Defesa dos Direitos Humanos em sua quinta edi\u00e7\u00e3o, destinado a a entidades ou pessoas que se destacam na defesa dos Direitos Humanos, especialmente nas \u00e1reas de atua\u00e7\u00e3o [&hellip;]<\/p>\n","protected":false},"author":4,"featured_media":0,"parent":0,"menu_order":0,"comment_status":"closed","ping_status":"closed","template":"","meta":{"_et_pb_use_builder":"on","_et_pb_old_content":"","_et_gb_content_width":"","footnotes":""},"categories":[51],"tags":[],"class_list":["post-53657","page","type-page","status-publish","hentry","category-reconhecimento-br"],"yoast_head":"<!-- This site is optimized with the Yoast SEO plugin v26.4 - https:\/\/yoast.com\/wordpress\/plugins\/seo\/ -->\n<title>V Reco Bases Acampa 2025 - Acampa - Pola paz e o dereito a refuxio<\/title>\n<meta name=\"robots\" content=\"index, follow, max-snippet:-1, max-image-preview:large, max-video-preview:-1\" \/>\n<link rel=\"canonical\" href=\"https:\/\/redeacampa.org\/pt-br\/reco-bases-acampa-2025\/\" \/>\n<meta property=\"og:locale\" content=\"pt_BR\" \/>\n<meta property=\"og:type\" content=\"article\" \/>\n<meta property=\"og:title\" content=\"V Reco Bases Acampa 2025 - Acampa - Pola paz e o dereito a refuxio\" \/>\n<meta property=\"og:description\" content=\"V Reconhecimento Internacional Acampapela defesa dos direitos humanos &quot;Acampa pela paz e o direito a ref\u00fagio\u201d &nbsp;Abre-se o processo para a escolha do Reconhecimento Internacional Acampa para a Defesa dos Direitos Humanos em sua quinta edi\u00e7\u00e3o, destinado a a entidades ou pessoas que se destacam na defesa dos Direitos Humanos, especialmente nas \u00e1reas de atua\u00e7\u00e3o [&hellip;]\" \/>\n<meta property=\"og:url\" content=\"https:\/\/redeacampa.org\/pt-br\/reco-bases-acampa-2025\/\" \/>\n<meta property=\"og:site_name\" content=\"Acampa - Pola paz e o dereito a refuxio\" \/>\n<meta property=\"article:publisher\" content=\"https:\/\/www.facebook.com\/acampapolapazeodereitoarefuxio\" \/>\n<meta property=\"article:modified_time\" content=\"2025-05-01T17:27:28+00:00\" \/>\n<meta name=\"twitter:card\" content=\"summary_large_image\" \/>\n<meta name=\"twitter:site\" content=\"@Acampa_polapaz\" \/>\n<meta name=\"twitter:label1\" content=\"Est. tempo de leitura\" \/>\n\t<meta name=\"twitter:data1\" content=\"2 minutos\" \/>\n<script type=\"application\/ld+json\" class=\"yoast-schema-graph\">{\"@context\":\"https:\/\/schema.org\",\"@graph\":[{\"@type\":\"WebPage\",\"@id\":\"https:\/\/redeacampa.org\/pt-br\/reco-bases-acampa-2025\/\",\"url\":\"https:\/\/redeacampa.org\/pt-br\/reco-bases-acampa-2025\/\",\"name\":\"V Reco Bases Acampa 2025 - Acampa - Pola paz e o dereito a refuxio\",\"isPartOf\":{\"@id\":\"https:\/\/redeacampa.org\/pt-br\/#website\"},\"datePublished\":\"2025-01-24T17:02:09+00:00\",\"dateModified\":\"2025-05-01T17:27:28+00:00\",\"breadcrumb\":{\"@id\":\"https:\/\/redeacampa.org\/pt-br\/reco-bases-acampa-2025\/#breadcrumb\"},\"inLanguage\":\"pt-BR\",\"potentialAction\":[{\"@type\":\"ReadAction\",\"target\":[\"https:\/\/redeacampa.org\/pt-br\/reco-bases-acampa-2025\/\"]}]},{\"@type\":\"BreadcrumbList\",\"@id\":\"https:\/\/redeacampa.org\/pt-br\/reco-bases-acampa-2025\/#breadcrumb\",\"itemListElement\":[{\"@type\":\"ListItem\",\"position\":1,\"name\":\"Portada\",\"item\":\"https:\/\/redeacampa.org\/pt-br\/\"},{\"@type\":\"ListItem\",\"position\":2,\"name\":\"V Reco Bases Acampa 2025\"}]},{\"@type\":\"WebSite\",\"@id\":\"https:\/\/redeacampa.org\/pt-br\/#website\",\"url\":\"https:\/\/redeacampa.org\/pt-br\/\",\"name\":\"Acampa - Pola paz e o dereito a refuxio\",\"description\":\"Unha iniciativa cidad\u00e1 sen fins de lucro integrada por colectivos sociais, culturais, educativos, veci\u00f1ais, pol\u00edticos, sindicais, art\u00edsticos, de persoas solidarias, de instituci\u00f3ns e empresas con responsabilidade social que te\u00f1en como obxectivo a defensa dos dereitos humanos, o Dereito Internacional Humanitario e o Dereito a Refuxio.\",\"publisher\":{\"@id\":\"https:\/\/redeacampa.org\/pt-br\/#organization\"},\"potentialAction\":[{\"@type\":\"SearchAction\",\"target\":{\"@type\":\"EntryPoint\",\"urlTemplate\":\"https:\/\/redeacampa.org\/pt-br\/?s={search_term_string}\"},\"query-input\":{\"@type\":\"PropertyValueSpecification\",\"valueRequired\":true,\"valueName\":\"search_term_string\"}}],\"inLanguage\":\"pt-BR\"},{\"@type\":\"Organization\",\"@id\":\"https:\/\/redeacampa.org\/pt-br\/#organization\",\"name\":\"Acampa\",\"url\":\"https:\/\/redeacampa.org\/pt-br\/\",\"logo\":{\"@type\":\"ImageObject\",\"inLanguage\":\"pt-BR\",\"@id\":\"https:\/\/redeacampa.org\/pt-br\/#\/schema\/logo\/image\/\",\"url\":\"https:\/\/redeacampa.org\/wp-content\/uploads\/2019\/01\/acampaConRojo_es.png\",\"contentUrl\":\"https:\/\/redeacampa.org\/wp-content\/uploads\/2019\/01\/acampaConRojo_es.png\",\"width\":612,\"height\":204,\"caption\":\"Acampa\"},\"image\":{\"@id\":\"https:\/\/redeacampa.org\/pt-br\/#\/schema\/logo\/image\/\"},\"sameAs\":[\"https:\/\/www.facebook.com\/acampapolapazeodereitoarefuxio\",\"https:\/\/x.com\/Acampa_polapaz\",\"https:\/\/www.instagram.com\/Acampa_polapaz\/\",\"https:\/\/www.youtube.com\/channel\/UChk1mSCHVEHmjq9e8PLb-mw\"]}]}<\/script>\n<!-- \/ Yoast SEO plugin. -->","yoast_head_json":{"title":"V Reco Bases Acampa 2025 - Acampa - Pola paz e o dereito a refuxio","robots":{"index":"index","follow":"follow","max-snippet":"max-snippet:-1","max-image-preview":"max-image-preview:large","max-video-preview":"max-video-preview:-1"},"canonical":"https:\/\/redeacampa.org\/pt-br\/reco-bases-acampa-2025\/","og_locale":"pt_BR","og_type":"article","og_title":"V Reco Bases Acampa 2025 - Acampa - Pola paz e o dereito a refuxio","og_description":"V Reconhecimento Internacional Acampapela defesa dos direitos humanos \"Acampa pela paz e o direito a ref\u00fagio\u201d &nbsp;Abre-se o processo para a escolha do Reconhecimento Internacional Acampa para a Defesa dos Direitos Humanos em sua quinta edi\u00e7\u00e3o, destinado a a entidades ou pessoas que se destacam na defesa dos Direitos Humanos, especialmente nas \u00e1reas de atua\u00e7\u00e3o [&hellip;]","og_url":"https:\/\/redeacampa.org\/pt-br\/reco-bases-acampa-2025\/","og_site_name":"Acampa - Pola paz e o dereito a refuxio","article_publisher":"https:\/\/www.facebook.com\/acampapolapazeodereitoarefuxio","article_modified_time":"2025-05-01T17:27:28+00:00","twitter_card":"summary_large_image","twitter_site":"@Acampa_polapaz","twitter_misc":{"Est. tempo de leitura":"2 minutos"},"schema":{"@context":"https:\/\/schema.org","@graph":[{"@type":"WebPage","@id":"https:\/\/redeacampa.org\/pt-br\/reco-bases-acampa-2025\/","url":"https:\/\/redeacampa.org\/pt-br\/reco-bases-acampa-2025\/","name":"V Reco Bases Acampa 2025 - Acampa - Pola paz e o dereito a refuxio","isPartOf":{"@id":"https:\/\/redeacampa.org\/pt-br\/#website"},"datePublished":"2025-01-24T17:02:09+00:00","dateModified":"2025-05-01T17:27:28+00:00","breadcrumb":{"@id":"https:\/\/redeacampa.org\/pt-br\/reco-bases-acampa-2025\/#breadcrumb"},"inLanguage":"pt-BR","potentialAction":[{"@type":"ReadAction","target":["https:\/\/redeacampa.org\/pt-br\/reco-bases-acampa-2025\/"]}]},{"@type":"BreadcrumbList","@id":"https:\/\/redeacampa.org\/pt-br\/reco-bases-acampa-2025\/#breadcrumb","itemListElement":[{"@type":"ListItem","position":1,"name":"Portada","item":"https:\/\/redeacampa.org\/pt-br\/"},{"@type":"ListItem","position":2,"name":"V Reco Bases Acampa 2025"}]},{"@type":"WebSite","@id":"https:\/\/redeacampa.org\/pt-br\/#website","url":"https:\/\/redeacampa.org\/pt-br\/","name":"Acampa - Pola paz e o dereito a refuxio","description":"Unha iniciativa cidad\u00e1 sen fins de lucro integrada por colectivos sociais, culturais, educativos, veci\u00f1ais, pol\u00edticos, sindicais, art\u00edsticos, de persoas solidarias, de instituci\u00f3ns e empresas con responsabilidade social que te\u00f1en como obxectivo a defensa dos dereitos humanos, o Dereito Internacional Humanitario e o Dereito a Refuxio.","publisher":{"@id":"https:\/\/redeacampa.org\/pt-br\/#organization"},"potentialAction":[{"@type":"SearchAction","target":{"@type":"EntryPoint","urlTemplate":"https:\/\/redeacampa.org\/pt-br\/?s={search_term_string}"},"query-input":{"@type":"PropertyValueSpecification","valueRequired":true,"valueName":"search_term_string"}}],"inLanguage":"pt-BR"},{"@type":"Organization","@id":"https:\/\/redeacampa.org\/pt-br\/#organization","name":"Acampa","url":"https:\/\/redeacampa.org\/pt-br\/","logo":{"@type":"ImageObject","inLanguage":"pt-BR","@id":"https:\/\/redeacampa.org\/pt-br\/#\/schema\/logo\/image\/","url":"https:\/\/redeacampa.org\/wp-content\/uploads\/2019\/01\/acampaConRojo_es.png","contentUrl":"https:\/\/redeacampa.org\/wp-content\/uploads\/2019\/01\/acampaConRojo_es.png","width":612,"height":204,"caption":"Acampa"},"image":{"@id":"https:\/\/redeacampa.org\/pt-br\/#\/schema\/logo\/image\/"},"sameAs":["https:\/\/www.facebook.com\/acampapolapazeodereitoarefuxio","https:\/\/x.com\/Acampa_polapaz","https:\/\/www.instagram.com\/Acampa_polapaz\/","https:\/\/www.youtube.com\/channel\/UChk1mSCHVEHmjq9e8PLb-mw"]}]}},"_links":{"self":[{"href":"https:\/\/redeacampa.org\/pt-br\/wp-json\/wp\/v2\/pages\/53657","targetHints":{"allow":["GET"]}}],"collection":[{"href":"https:\/\/redeacampa.org\/pt-br\/wp-json\/wp\/v2\/pages"}],"about":[{"href":"https:\/\/redeacampa.org\/pt-br\/wp-json\/wp\/v2\/types\/page"}],"author":[{"embeddable":true,"href":"https:\/\/redeacampa.org\/pt-br\/wp-json\/wp\/v2\/users\/4"}],"replies":[{"embeddable":true,"href":"https:\/\/redeacampa.org\/pt-br\/wp-json\/wp\/v2\/comments?post=53657"}],"version-history":[{"count":5,"href":"https:\/\/redeacampa.org\/pt-br\/wp-json\/wp\/v2\/pages\/53657\/revisions"}],"predecessor-version":[{"id":54142,"href":"https:\/\/redeacampa.org\/pt-br\/wp-json\/wp\/v2\/pages\/53657\/revisions\/54142"}],"wp:attachment":[{"href":"https:\/\/redeacampa.org\/pt-br\/wp-json\/wp\/v2\/media?parent=53657"}],"wp:term":[{"taxonomy":"category","embeddable":true,"href":"https:\/\/redeacampa.org\/pt-br\/wp-json\/wp\/v2\/categories?post=53657"},{"taxonomy":"post_tag","embeddable":true,"href":"https:\/\/redeacampa.org\/pt-br\/wp-json\/wp\/v2\/tags?post=53657"}],"curies":[{"name":"wp","href":"https:\/\/api.w.org\/{rel}","templated":true}]}}